{"id":71,"date":"2020-10-12T19:11:52","date_gmt":"2020-10-12T17:11:52","guid":{"rendered":"https:\/\/www.leopardsql.com\/?page_id=71"},"modified":"2020-11-25T00:38:53","modified_gmt":"2020-11-24T22:38:53","slug":"unsere-vision-mission","status":"publish","type":"page","link":"https:\/\/www.leopard.ch\/index.php\/uber-uns\/unsere-vision-mission\/","title":{"rendered":"Unsere Vision &#038; Mission"},"content":{"rendered":"\n<div class=\"wp-block-buttons is-layout-flex wp-block-buttons-is-layout-flex\"><\/div>\n\n\n\n<div class=\"wp-block-columns is-layout-flex wp-container-core-columns-is-layout-9d6595d7 wp-block-columns-is-layout-flex\">\n<div class=\"wp-block-column is-layout-flow wp-block-column-is-layout-flow\" style=\"flex-basis:33.33%\">\n<div class=\"wp-block-columns is-layout-flex wp-container-core-columns-is-layout-9d6595d7 wp-block-columns-is-layout-flex\">\n<div class=\"wp-block-column is-layout-flow wp-block-column-is-layout-flow\">\n<figure class=\"wp-block-image size-large\"><img loading=\"lazy\" decoding=\"async\" width=\"512\" height=\"512\" src=\"https:\/\/www.leopard.ch\/wp-content\/uploads\/2020\/11\/auge.png\" alt=\"\" class=\"wp-image-1062\" srcset=\"https:\/\/www.leopard.ch\/wp-content\/uploads\/2020\/11\/auge.png 512w, https:\/\/www.leopard.ch\/wp-content\/uploads\/2020\/11\/auge-300x300.png 300w, https:\/\/www.leopard.ch\/wp-content\/uploads\/2020\/11\/auge-150x150.png 150w, https:\/\/www.leopard.ch\/wp-content\/uploads\/2020\/11\/auge-510x510.png 510w\" sizes=\"auto, (max-width: 512px) 100vw, 512px\" \/><\/figure>\n<\/div>\n\n\n\n<div class=\"wp-block-column is-vertically-aligned-center is-layout-flow wp-block-column-is-layout-flow\">\n<h5 class=\"wp-block-heading\">Vision<\/h5>\n<\/div>\n<\/div>\n<\/div>\n\n\n\n<div class=\"wp-block-column is-layout-flow wp-block-column-is-layout-flow\" style=\"flex-basis:66.66%\">\n<p>Die Kalahari ist ein Ort, an dem Raubkatzen und Menschen in einer nachhaltigen Art und Weise zusammen leben.<br>Grossraubkatzen als Schl\u00fcsselkomponenten eines gesunden, funktionierenden \u00d6kosystems existieren auch in Zukunft in der Kalahari.<\/p>\n<\/div>\n<\/div>\n\n\n\n<div class=\"wp-block-columns is-layout-flex wp-container-core-columns-is-layout-9d6595d7 wp-block-columns-is-layout-flex\">\n<div class=\"wp-block-column is-layout-flow wp-block-column-is-layout-flow\" style=\"flex-basis:33.33%\">\n<div class=\"wp-block-columns are-vertically-aligned-center is-layout-flex wp-container-core-columns-is-layout-9d6595d7 wp-block-columns-is-layout-flex\">\n<div class=\"wp-block-column is-vertically-aligned-center is-layout-flow wp-block-column-is-layout-flow\">\n<figure class=\"wp-block-image size-large\"><img loading=\"lazy\" decoding=\"async\" width=\"512\" height=\"512\" src=\"https:\/\/www.leopard.ch\/wp-content\/uploads\/2020\/11\/ziel.png\" alt=\"\" class=\"wp-image-1070\" srcset=\"https:\/\/www.leopard.ch\/wp-content\/uploads\/2020\/11\/ziel.png 512w, https:\/\/www.leopard.ch\/wp-content\/uploads\/2020\/11\/ziel-300x300.png 300w, https:\/\/www.leopard.ch\/wp-content\/uploads\/2020\/11\/ziel-150x150.png 150w, https:\/\/www.leopard.ch\/wp-content\/uploads\/2020\/11\/ziel-510x510.png 510w\" sizes=\"auto, (max-width: 512px) 100vw, 512px\" \/><\/figure>\n<\/div>\n\n\n\n<div class=\"wp-block-column is-vertically-aligned-center is-layout-flow wp-block-column-is-layout-flow\">\n<h5 class=\"wp-block-heading\">Mission<\/h5>\n<\/div>\n<\/div>\n<\/div>\n\n\n\n<div class=\"wp-block-column is-layout-flow wp-block-column-is-layout-flow\" style=\"flex-basis:66.66%\">\n<p>LEC f\u00f6rdert das Verst\u00e4ndnis des Status und der Lebensraumanspr\u00fcche von Leoparden und L\u00f6wen sowohl innerhalb als auch ausserhalb der Schutzgebiete sowie die Entwicklung wirksamer Strategien zur Bew\u00e4ltigung des zunehmenden Mensch-Raubtier-Konflikts.<\/p>\n<\/div>\n<\/div>\n\n\n\n<p><\/p>\n","protected":false},"excerpt":{"rendered":"<p>Vision Die Kalahari ist ein Ort, an dem Raubkatzen und Menschen in einer nachhaltigen Art und Weise zusammen leben.Grossraubkatzen als Schl\u00fcsselkomponenten eines gesunden, funktionierenden \u00d6kosystems existieren auch in Zukunft in der Kalahari. Mission LEC f\u00f6rdert das Verst\u00e4ndnis des Status und der Lebensraumanspr\u00fcche von Leoparden und L\u00f6wen sowohl innerhalb als auch ausserhalb der Schutzgebiete sowie die [&hellip;]<\/p>\n","protected":false},"author":2,"featured_media":953,"parent":67,"menu_order":1,"comment_status":"closed","ping_status":"closed","template":"","meta":{"footnotes":""},"class_list":["post-71","page","type-page","status-publish","has-post-thumbnail","czr-hentry"],"yoast_head":"<!-- This site is optimized with the Yoast SEO plugin v27.3 - https:\/\/yoast.com\/product\/yoast-seo-wordpress\/ -->\n<title>Unsere Vision &amp; Mission - Leopard Ecology &amp; Conservation<\/title>\n<meta name=\"robots\" content=\"index, follow, max-snippet:-1, max-image-preview:large, max-video-preview:-1\" \/>\n<link rel=\"canonical\" href=\"https:\/\/www.leopard.ch\/index.php\/uber-uns\/unsere-vision-mission\/\" \/>\n<meta property=\"og:locale\" content=\"en_US\" \/>\n<meta property=\"og:type\" content=\"article\" \/>\n<meta property=\"og:title\" content=\"Unsere Vision &amp; Mission - Leopard Ecology &amp; Conservation\" \/>\n<meta property=\"og:description\" content=\"Vision Die Kalahari ist ein Ort, an dem Raubkatzen und Menschen in einer nachhaltigen Art und Weise zusammen leben.Grossraubkatzen als Schl\u00fcsselkomponenten eines gesunden, funktionierenden \u00d6kosystems existieren auch in Zukunft in der Kalahari. Mission LEC f\u00f6rdert das Verst\u00e4ndnis des Status und der Lebensraumanspr\u00fcche von Leoparden und L\u00f6wen sowohl innerhalb als auch ausserhalb der Schutzgebiete sowie die [&hellip;]\" \/>\n<meta property=\"og:url\" content=\"https:\/\/www.leopard.ch\/index.php\/uber-uns\/unsere-vision-mission\/\" \/>\n<meta property=\"og:site_name\" content=\"Leopard Ecology &amp; Conservation\" \/>\n<meta property=\"article:modified_time\" content=\"2020-11-24T22:38:53+00:00\" \/>\n<meta property=\"og:image\" content=\"https:\/\/www.leopard.ch\/wp-content\/uploads\/2020\/11\/Lowen_Auge-1.jpg\" \/>\n\t<meta property=\"og:image:width\" content=\"923\" \/>\n\t<meta property=\"og:image:height\" content=\"341\" \/>\n\t<meta property=\"og:image:type\" content=\"image\/jpeg\" \/>\n<meta name=\"twitter:card\" content=\"summary_large_image\" \/>\n<script type=\"application\/ld+json\" class=\"yoast-schema-graph\">{\"@context\":\"https:\\\/\\\/schema.org\",\"@graph\":[{\"@type\":\"WebPage\",\"@id\":\"https:\\\/\\\/www.leopard.ch\\\/index.php\\\/uber-uns\\\/unsere-vision-mission\\\/\",\"url\":\"https:\\\/\\\/www.leopard.ch\\\/index.php\\\/uber-uns\\\/unsere-vision-mission\\\/\",\"name\":\"Unsere Vision & Mission - Leopard Ecology &amp; Conservation\",\"isPartOf\":{\"@id\":\"https:\\\/\\\/www.leopard.ch\\\/#website\"},\"primaryImageOfPage\":{\"@id\":\"https:\\\/\\\/www.leopard.ch\\\/index.php\\\/uber-uns\\\/unsere-vision-mission\\\/#primaryimage\"},\"image\":{\"@id\":\"https:\\\/\\\/www.leopard.ch\\\/index.php\\\/uber-uns\\\/unsere-vision-mission\\\/#primaryimage\"},\"thumbnailUrl\":\"https:\\\/\\\/www.leopard.ch\\\/wp-content\\\/uploads\\\/2020\\\/11\\\/Lowen_Auge-1.jpg\",\"datePublished\":\"2020-10-12T17:11:52+00:00\",\"dateModified\":\"2020-11-24T22:38:53+00:00\",\"breadcrumb\":{\"@id\":\"https:\\\/\\\/www.leopard.ch\\\/index.php\\\/uber-uns\\\/unsere-vision-mission\\\/#breadcrumb\"},\"inLanguage\":\"en-US\",\"potentialAction\":[{\"@type\":\"ReadAction\",\"target\":[\"https:\\\/\\\/www.leopard.ch\\\/index.php\\\/uber-uns\\\/unsere-vision-mission\\\/\"]}]},{\"@type\":\"ImageObject\",\"inLanguage\":\"en-US\",\"@id\":\"https:\\\/\\\/www.leopard.ch\\\/index.php\\\/uber-uns\\\/unsere-vision-mission\\\/#primaryimage\",\"url\":\"https:\\\/\\\/www.leopard.ch\\\/wp-content\\\/uploads\\\/2020\\\/11\\\/Lowen_Auge-1.jpg\",\"contentUrl\":\"https:\\\/\\\/www.leopard.ch\\\/wp-content\\\/uploads\\\/2020\\\/11\\\/Lowen_Auge-1.jpg\",\"width\":923,\"height\":341},{\"@type\":\"BreadcrumbList\",\"@id\":\"https:\\\/\\\/www.leopard.ch\\\/index.php\\\/uber-uns\\\/unsere-vision-mission\\\/#breadcrumb\",\"itemListElement\":[{\"@type\":\"ListItem\",\"position\":1,\"name\":\"Home\",\"item\":\"https:\\\/\\\/www.leopard.ch\\\/\"},{\"@type\":\"ListItem\",\"position\":2,\"name\":\"\u00dcber uns\",\"item\":\"https:\\\/\\\/www.leopard.ch\\\/index.php\\\/uber-uns\\\/\"},{\"@type\":\"ListItem\",\"position\":3,\"name\":\"Unsere Vision &#038; Mission\"}]},{\"@type\":\"WebSite\",\"@id\":\"https:\\\/\\\/www.leopard.ch\\\/#website\",\"url\":\"https:\\\/\\\/www.leopard.ch\\\/\",\"name\":\"Leopard Ecology &amp; Conservation\",\"description\":\"Leopard and Lion Research\",\"publisher\":{\"@id\":\"https:\\\/\\\/www.leopard.ch\\\/#organization\"},\"potentialAction\":[{\"@type\":\"SearchAction\",\"target\":{\"@type\":\"EntryPoint\",\"urlTemplate\":\"https:\\\/\\\/www.leopard.ch\\\/?s={search_term_string}\"},\"query-input\":{\"@type\":\"PropertyValueSpecification\",\"valueRequired\":true,\"valueName\":\"search_term_string\"}}],\"inLanguage\":\"en-US\"},{\"@type\":\"Organization\",\"@id\":\"https:\\\/\\\/www.leopard.ch\\\/#organization\",\"name\":\"Leopard Ecology &amp; Conservation\",\"url\":\"https:\\\/\\\/www.leopard.ch\\\/\",\"logo\":{\"@type\":\"ImageObject\",\"inLanguage\":\"en-US\",\"@id\":\"https:\\\/\\\/www.leopard.ch\\\/#\\\/schema\\\/logo\\\/image\\\/\",\"url\":\"https:\\\/\\\/www.leopard.ch\\\/wp-content\\\/uploads\\\/2020\\\/10\\\/LECLogo_5cm_300dpi_.png\",\"contentUrl\":\"https:\\\/\\\/www.leopard.ch\\\/wp-content\\\/uploads\\\/2020\\\/10\\\/LECLogo_5cm_300dpi_.png\",\"width\":250,\"height\":250,\"caption\":\"Leopard Ecology &amp; Conservation\"},\"image\":{\"@id\":\"https:\\\/\\\/www.leopard.ch\\\/#\\\/schema\\\/logo\\\/image\\\/\"}}]}<\/script>\n<!-- \/ Yoast SEO plugin. -->","yoast_head_json":{"title":"Unsere Vision & Mission - Leopard Ecology &amp; Conservation","robots":{"index":"index","follow":"follow","max-snippet":"max-snippet:-1","max-image-preview":"max-image-preview:large","max-video-preview":"max-video-preview:-1"},"canonical":"https:\/\/www.leopard.ch\/index.php\/uber-uns\/unsere-vision-mission\/","og_locale":"en_US","og_type":"article","og_title":"Unsere Vision & Mission - Leopard Ecology &amp; Conservation","og_description":"Vision Die Kalahari ist ein Ort, an dem Raubkatzen und Menschen in einer nachhaltigen Art und Weise zusammen leben.Grossraubkatzen als Schl\u00fcsselkomponenten eines gesunden, funktionierenden \u00d6kosystems existieren auch in Zukunft in der Kalahari. Mission LEC f\u00f6rdert das Verst\u00e4ndnis des Status und der Lebensraumanspr\u00fcche von Leoparden und L\u00f6wen sowohl innerhalb als auch ausserhalb der Schutzgebiete sowie die [&hellip;]","og_url":"https:\/\/www.leopard.ch\/index.php\/uber-uns\/unsere-vision-mission\/","og_site_name":"Leopard Ecology &amp; Conservation","article_modified_time":"2020-11-24T22:38:53+00:00","og_image":[{"width":923,"height":341,"url":"https:\/\/www.leopard.ch\/wp-content\/uploads\/2020\/11\/Lowen_Auge-1.jpg","type":"image\/jpeg"}],"twitter_card":"summary_large_image","schema":{"@context":"https:\/\/schema.org","@graph":[{"@type":"WebPage","@id":"https:\/\/www.leopard.ch\/index.php\/uber-uns\/unsere-vision-mission\/","url":"https:\/\/www.leopard.ch\/index.php\/uber-uns\/unsere-vision-mission\/","name":"Unsere Vision & Mission - Leopard Ecology &amp; Conservation","isPartOf":{"@id":"https:\/\/www.leopard.ch\/#website"},"primaryImageOfPage":{"@id":"https:\/\/www.leopard.ch\/index.php\/uber-uns\/unsere-vision-mission\/#primaryimage"},"image":{"@id":"https:\/\/www.leopard.ch\/index.php\/uber-uns\/unsere-vision-mission\/#primaryimage"},"thumbnailUrl":"https:\/\/www.leopard.ch\/wp-content\/uploads\/2020\/11\/Lowen_Auge-1.jpg","datePublished":"2020-10-12T17:11:52+00:00","dateModified":"2020-11-24T22:38:53+00:00","breadcrumb":{"@id":"https:\/\/www.leopard.ch\/index.php\/uber-uns\/unsere-vision-mission\/#breadcrumb"},"inLanguage":"en-US","potentialAction":[{"@type":"ReadAction","target":["https:\/\/www.leopard.ch\/index.php\/uber-uns\/unsere-vision-mission\/"]}]},{"@type":"ImageObject","inLanguage":"en-US","@id":"https:\/\/www.leopard.ch\/index.php\/uber-uns\/unsere-vision-mission\/#primaryimage","url":"https:\/\/www.leopard.ch\/wp-content\/uploads\/2020\/11\/Lowen_Auge-1.jpg","contentUrl":"https:\/\/www.leopard.ch\/wp-content\/uploads\/2020\/11\/Lowen_Auge-1.jpg","width":923,"height":341},{"@type":"BreadcrumbList","@id":"https:\/\/www.leopard.ch\/index.php\/uber-uns\/unsere-vision-mission\/#breadcrumb","itemListElement":[{"@type":"ListItem","position":1,"name":"Home","item":"https:\/\/www.leopard.ch\/"},{"@type":"ListItem","position":2,"name":"\u00dcber uns","item":"https:\/\/www.leopard.ch\/index.php\/uber-uns\/"},{"@type":"ListItem","position":3,"name":"Unsere Vision &#038; Mission"}]},{"@type":"WebSite","@id":"https:\/\/www.leopard.ch\/#website","url":"https:\/\/www.leopard.ch\/","name":"Leopard Ecology &amp; Conservation","description":"Leopard and Lion Research","publisher":{"@id":"https:\/\/www.leopard.ch\/#organization"},"potentialAction":[{"@type":"SearchAction","target":{"@type":"EntryPoint","urlTemplate":"https:\/\/www.leopard.ch\/?s={search_term_string}"},"query-input":{"@type":"PropertyValueSpecification","valueRequired":true,"valueName":"search_term_string"}}],"inLanguage":"en-US"},{"@type":"Organization","@id":"https:\/\/www.leopard.ch\/#organization","name":"Leopard Ecology &amp; Conservation","url":"https:\/\/www.leopard.ch\/","logo":{"@type":"ImageObject","inLanguage":"en-US","@id":"https:\/\/www.leopard.ch\/#\/schema\/logo\/image\/","url":"https:\/\/www.leopard.ch\/wp-content\/uploads\/2020\/10\/LECLogo_5cm_300dpi_.png","contentUrl":"https:\/\/www.leopard.ch\/wp-content\/uploads\/2020\/10\/LECLogo_5cm_300dpi_.png","width":250,"height":250,"caption":"Leopard Ecology &amp; Conservation"},"image":{"@id":"https:\/\/www.leopard.ch\/#\/schema\/logo\/image\/"}}]}},"_links":{"self":[{"href":"https:\/\/www.leopard.ch\/index.php\/wp-json\/wp\/v2\/pages\/71","targetHints":{"allow":["GET"]}}],"collection":[{"href":"https:\/\/www.leopard.ch\/index.php\/wp-json\/wp\/v2\/pages"}],"about":[{"href":"https:\/\/www.leopard.ch\/index.php\/wp-json\/wp\/v2\/types\/page"}],"author":[{"embeddable":true,"href":"https:\/\/www.leopard.ch\/index.php\/wp-json\/wp\/v2\/users\/2"}],"replies":[{"embeddable":true,"href":"https:\/\/www.leopard.ch\/index.php\/wp-json\/wp\/v2\/comments?post=71"}],"version-history":[{"count":7,"href":"https:\/\/www.leopard.ch\/index.php\/wp-json\/wp\/v2\/pages\/71\/revisions"}],"predecessor-version":[{"id":1092,"href":"https:\/\/www.leopard.ch\/index.php\/wp-json\/wp\/v2\/pages\/71\/revisions\/1092"}],"up":[{"embeddable":true,"href":"https:\/\/www.leopard.ch\/index.php\/wp-json\/wp\/v2\/pages\/67"}],"wp:featuredmedia":[{"embeddable":true,"href":"https:\/\/www.leopard.ch\/index.php\/wp-json\/wp\/v2\/media\/953"}],"wp:attachment":[{"href":"https:\/\/www.leopard.ch\/index.php\/wp-json\/wp\/v2\/media?parent=71"}],"curies":[{"name":"wp","href":"https:\/\/api.w.org\/{rel}","templated":true}]}}