{"id":261,"date":"2017-05-16T13:28:37","date_gmt":"2017-05-16T13:28:37","guid":{"rendered":"https:\/\/leopard.ch\/?page_id=261"},"modified":"2025-11-27T16:55:29","modified_gmt":"2025-11-27T14:55:29","slug":"bildung","status":"publish","type":"page","link":"https:\/\/www.leopard.ch\/index.php\/bildung\/","title":{"rendered":"Bildung &amp; Gesellschaftliches Engagement"},"content":{"rendered":"\n<p>Bei Leopard Ecology &amp; Conservation sind wir \u00fcberzeugt, dass langfristiger Naturschutz nur dann erfolgreich sein kann, wenn er in der Gemeinschaft selbst entsteht und von der lokalen Bev\u00f6lkerung nachhaltig getragen wird. Damit dies gelingt, muss Naturschutz als pers\u00f6nlicher Mehrwert verstanden werden \u2013 als etwas, das die Lebensgrundlagen von heute verbessert und Chancen f\u00fcr morgen schafft. Deshalb setzt sich LEC daf\u00fcr ein, Wissen, praktische F\u00e4higkeiten und gegenseitiges Vertrauen gemeinsam mit der lokalen Bev\u00f6lkerung aufzubauen.<\/p>\n\n\n\n<figure class=\"wp-block-pullquote\"><blockquote><p>Was wir heute tun, entscheidet dar\u00fcber, wie die Welt morgen aussieht.<\/p><\/blockquote><\/figure>\n\n\n\n<p>Das Community &amp; Education (C&amp;E) Programm wurde 2004 gegr\u00fcndet und wird von einem lokalen Team geleitet, das sich f\u00fcr gemeinschaftsorientierten Naturschutz einsetzt. In enger Zusammenarbeit mit der lokalen Bev\u00f6lkerung \u2013 am Rand des Khutse Game Reserve in Botswana \u2013 schafft das Team Verbindungen zwischen Menschen und Wildtieren. Durch das C&amp;E Programm unterst\u00fctzen wir die Gemeinschaft dabei, Systeme zu entwickeln, die ein nachhaltiges Leben sowie ein respektvolles Zusammenleben mit Wildtieren erm\u00f6glichen. Die Arbeit konzentriert sich dabei auf zwei Hauptbereiche:<\/p>\n\n\n\n<div class=\"wp-block-columns is-layout-flex wp-container-core-columns-is-layout-9d6595d7 wp-block-columns-is-layout-flex\">\n<div class=\"wp-block-column is-layout-flow wp-block-column-is-layout-flow\">\n<div class=\"wp-block-cover has-custom-content-position is-position-bottom-center\"><span aria-hidden=\"true\" class=\"wp-block-cover__background has-background-dim-10 has-background-dim\"><\/span><img loading=\"lazy\" decoding=\"async\" width=\"985\" height=\"657\" class=\"wp-block-cover__image-background wp-image-960\" alt=\"\" src=\"https:\/\/www.leopard.ch\/wp-content\/uploads\/2020\/11\/local-farmers_2.jpg\" data-object-fit=\"cover\" srcset=\"https:\/\/www.leopard.ch\/wp-content\/uploads\/2020\/11\/local-farmers_2.jpg 985w, https:\/\/www.leopard.ch\/wp-content\/uploads\/2020\/11\/local-farmers_2-300x200.jpg 300w, https:\/\/www.leopard.ch\/wp-content\/uploads\/2020\/11\/local-farmers_2-768x512.jpg 768w\" sizes=\"auto, (max-width: 985px) 100vw, 985px\" \/><div class=\"wp-block-cover__inner-container is-layout-flow wp-block-cover-is-layout-flow\">\n<p class=\"has-text-align-center has-white-color has-text-color has-link-color has-large-font-size wp-elements-a729bc0f1cfddc1591b7ae75b6a6be60\"><a href=\"https:\/\/www.leopard.ch\/index.php\/bildung\/ausbildungsprogramm\/\">Bildung<\/a><\/p>\n<\/div><\/div>\n\n\n\n<p>Unterst\u00fctzung von Landwirten und Nutztierhaltern, damit sie praktische F\u00e4higkeiten erwerben und das n\u00f6tige Wissen erhalten, um ihre Tiere zu versorgen, ihr Land nachhaltig zu bewirtschaften, und mit Wildtieren friedlich zusammenzuleben.<\/p>\n<\/div>\n\n\n\n<div class=\"wp-block-column is-layout-flow wp-block-column-is-layout-flow\">\n<div class=\"wp-block-cover has-custom-content-position is-position-bottom-center\" style=\"min-height:429px;aspect-ratio:unset;\"><span aria-hidden=\"true\" class=\"wp-block-cover__background has-background-dim-10 has-background-dim\"><\/span><img loading=\"lazy\" decoding=\"async\" width=\"1024\" height=\"768\" class=\"wp-block-cover__image-background wp-image-831\" alt=\"\" src=\"https:\/\/www.leopard.ch\/wp-content\/uploads\/2020\/11\/Schulgarten_Kinder.jpg\" data-object-fit=\"cover\" srcset=\"https:\/\/www.leopard.ch\/wp-content\/uploads\/2020\/11\/Schulgarten_Kinder.jpg 1024w, https:\/\/www.leopard.ch\/wp-content\/uploads\/2020\/11\/Schulgarten_Kinder-300x225.jpg 300w, https:\/\/www.leopard.ch\/wp-content\/uploads\/2020\/11\/Schulgarten_Kinder-768x576.jpg 768w\" sizes=\"auto, (max-width: 1024px) 100vw, 1024px\" \/><div class=\"wp-block-cover__inner-container is-layout-flow wp-block-cover-is-layout-flow\">\n<p class=\"has-text-align-center has-white-color has-text-color has-link-color has-large-font-size wp-elements-d1eb6463b937c26624f97840890176f0\"><a href=\"https:\/\/www.leopard.ch\/index.php\/bildung\/projekte-im-nachbardorf-kaudwane\/\">Engagement in Kaudwane<\/a><\/p>\n<\/div><\/div>\n\n\n\n<p>Zusammenbringen von Menschen durch Veranstaltungen, Clubs und praktische Aktivit\u00e4ten, damit Lebensr\u00e4ume wiederhergestellt werden, lokale Kultur gepflegt wird und Schulkinder die Natur ihrer Umgebung kennen und sch\u00e4tzen lernen.<\/p>\n<\/div>\n<\/div>\n","protected":false},"excerpt":{"rendered":"<p>Bei Leopard Ecology &amp; Conservation sind wir \u00fcberzeugt, dass langfristiger Naturschutz nur dann erfolgreich sein kann, wenn er in der Gemeinschaft selbst entsteht und von der lokalen Bev\u00f6lkerung nachhaltig getragen wird. Damit dies gelingt, muss Naturschutz als pers\u00f6nlicher Mehrwert verstanden werden \u2013 als etwas, das die Lebensgrundlagen von heute verbessert und Chancen f\u00fcr morgen schafft. [&hellip;]<\/p>\n","protected":false},"author":2,"featured_media":958,"parent":0,"menu_order":4,"comment_status":"closed","ping_status":"closed","template":"","meta":{"footnotes":""},"class_list":["post-261","page","type-page","status-publish","has-post-thumbnail","czr-hentry"],"yoast_head":"<!-- This site is optimized with the Yoast SEO plugin v27.4 - https:\/\/yoast.com\/product\/yoast-seo-wordpress\/ -->\n<title>Bildung &amp; Gesellschaftliches Engagement - Leopard Ecology &amp; Conservation<\/title>\n<meta name=\"robots\" content=\"index, follow, max-snippet:-1, max-image-preview:large, max-video-preview:-1\" \/>\n<link rel=\"canonical\" href=\"https:\/\/www.leopard.ch\/index.php\/bildung\/\" \/>\n<meta property=\"og:locale\" content=\"en_US\" \/>\n<meta property=\"og:type\" content=\"article\" \/>\n<meta property=\"og:title\" content=\"Bildung &amp; Gesellschaftliches Engagement - Leopard Ecology &amp; Conservation\" \/>\n<meta property=\"og:description\" content=\"Bei Leopard Ecology &amp; Conservation sind wir \u00fcberzeugt, dass langfristiger Naturschutz nur dann erfolgreich sein kann, wenn er in der Gemeinschaft selbst entsteht und von der lokalen Bev\u00f6lkerung nachhaltig getragen wird. Damit dies gelingt, muss Naturschutz als pers\u00f6nlicher Mehrwert verstanden werden \u2013 als etwas, das die Lebensgrundlagen von heute verbessert und Chancen f\u00fcr morgen schafft. [&hellip;]\" \/>\n<meta property=\"og:url\" content=\"https:\/\/www.leopard.ch\/index.php\/bildung\/\" \/>\n<meta property=\"og:site_name\" content=\"Leopard Ecology &amp; Conservation\" \/>\n<meta property=\"article:modified_time\" content=\"2025-11-27T14:55:29+00:00\" \/>\n<meta property=\"og:image\" content=\"https:\/\/www.leopard.ch\/wp-content\/uploads\/2020\/11\/KInder-in-Gabs_3.jpg\" \/>\n\t<meta property=\"og:image:width\" content=\"1282\" \/>\n\t<meta property=\"og:image:height\" content=\"473\" \/>\n\t<meta property=\"og:image:type\" content=\"image\/jpeg\" \/>\n<meta name=\"twitter:card\" content=\"summary_large_image\" \/>\n<meta name=\"twitter:label1\" content=\"Est. reading time\" \/>\n\t<meta name=\"twitter:data1\" content=\"2 minutes\" \/>\n<script type=\"application\/ld+json\" class=\"yoast-schema-graph\">{\"@context\":\"https:\\\/\\\/schema.org\",\"@graph\":[{\"@type\":\"WebPage\",\"@id\":\"https:\\\/\\\/www.leopard.ch\\\/index.php\\\/bildung\\\/\",\"url\":\"https:\\\/\\\/www.leopard.ch\\\/index.php\\\/bildung\\\/\",\"name\":\"Bildung &amp; Gesellschaftliches Engagement - Leopard Ecology &amp; Conservation\",\"isPartOf\":{\"@id\":\"https:\\\/\\\/www.leopard.ch\\\/#website\"},\"primaryImageOfPage\":{\"@id\":\"https:\\\/\\\/www.leopard.ch\\\/index.php\\\/bildung\\\/#primaryimage\"},\"image\":{\"@id\":\"https:\\\/\\\/www.leopard.ch\\\/index.php\\\/bildung\\\/#primaryimage\"},\"thumbnailUrl\":\"https:\\\/\\\/www.leopard.ch\\\/wp-content\\\/uploads\\\/2020\\\/11\\\/KInder-in-Gabs_3.jpg\",\"datePublished\":\"2017-05-16T13:28:37+00:00\",\"dateModified\":\"2025-11-27T14:55:29+00:00\",\"breadcrumb\":{\"@id\":\"https:\\\/\\\/www.leopard.ch\\\/index.php\\\/bildung\\\/#breadcrumb\"},\"inLanguage\":\"en-US\",\"potentialAction\":[{\"@type\":\"ReadAction\",\"target\":[\"https:\\\/\\\/www.leopard.ch\\\/index.php\\\/bildung\\\/\"]}]},{\"@type\":\"ImageObject\",\"inLanguage\":\"en-US\",\"@id\":\"https:\\\/\\\/www.leopard.ch\\\/index.php\\\/bildung\\\/#primaryimage\",\"url\":\"https:\\\/\\\/www.leopard.ch\\\/wp-content\\\/uploads\\\/2020\\\/11\\\/KInder-in-Gabs_3.jpg\",\"contentUrl\":\"https:\\\/\\\/www.leopard.ch\\\/wp-content\\\/uploads\\\/2020\\\/11\\\/KInder-in-Gabs_3.jpg\",\"width\":1282,\"height\":473},{\"@type\":\"BreadcrumbList\",\"@id\":\"https:\\\/\\\/www.leopard.ch\\\/index.php\\\/bildung\\\/#breadcrumb\",\"itemListElement\":[{\"@type\":\"ListItem\",\"position\":1,\"name\":\"Home\",\"item\":\"https:\\\/\\\/www.leopard.ch\\\/\"},{\"@type\":\"ListItem\",\"position\":2,\"name\":\"Bildung &amp; Gesellschaftliches Engagement\"}]},{\"@type\":\"WebSite\",\"@id\":\"https:\\\/\\\/www.leopard.ch\\\/#website\",\"url\":\"https:\\\/\\\/www.leopard.ch\\\/\",\"name\":\"Leopard Ecology &amp; Conservation\",\"description\":\"Leopard and Lion Research\",\"publisher\":{\"@id\":\"https:\\\/\\\/www.leopard.ch\\\/#organization\"},\"potentialAction\":[{\"@type\":\"SearchAction\",\"target\":{\"@type\":\"EntryPoint\",\"urlTemplate\":\"https:\\\/\\\/www.leopard.ch\\\/?s={search_term_string}\"},\"query-input\":{\"@type\":\"PropertyValueSpecification\",\"valueRequired\":true,\"valueName\":\"search_term_string\"}}],\"inLanguage\":\"en-US\"},{\"@type\":\"Organization\",\"@id\":\"https:\\\/\\\/www.leopard.ch\\\/#organization\",\"name\":\"Leopard Ecology &amp; Conservation\",\"url\":\"https:\\\/\\\/www.leopard.ch\\\/\",\"logo\":{\"@type\":\"ImageObject\",\"inLanguage\":\"en-US\",\"@id\":\"https:\\\/\\\/www.leopard.ch\\\/#\\\/schema\\\/logo\\\/image\\\/\",\"url\":\"https:\\\/\\\/www.leopard.ch\\\/wp-content\\\/uploads\\\/2020\\\/10\\\/LECLogo_5cm_300dpi_.png\",\"contentUrl\":\"https:\\\/\\\/www.leopard.ch\\\/wp-content\\\/uploads\\\/2020\\\/10\\\/LECLogo_5cm_300dpi_.png\",\"width\":250,\"height\":250,\"caption\":\"Leopard Ecology &amp; Conservation\"},\"image\":{\"@id\":\"https:\\\/\\\/www.leopard.ch\\\/#\\\/schema\\\/logo\\\/image\\\/\"}}]}<\/script>\n<!-- \/ Yoast SEO plugin. -->","yoast_head_json":{"title":"Bildung &amp; Gesellschaftliches Engagement - Leopard Ecology &amp; Conservation","robots":{"index":"index","follow":"follow","max-snippet":"max-snippet:-1","max-image-preview":"max-image-preview:large","max-video-preview":"max-video-preview:-1"},"canonical":"https:\/\/www.leopard.ch\/index.php\/bildung\/","og_locale":"en_US","og_type":"article","og_title":"Bildung &amp; Gesellschaftliches Engagement - Leopard Ecology &amp; Conservation","og_description":"Bei Leopard Ecology &amp; Conservation sind wir \u00fcberzeugt, dass langfristiger Naturschutz nur dann erfolgreich sein kann, wenn er in der Gemeinschaft selbst entsteht und von der lokalen Bev\u00f6lkerung nachhaltig getragen wird. Damit dies gelingt, muss Naturschutz als pers\u00f6nlicher Mehrwert verstanden werden \u2013 als etwas, das die Lebensgrundlagen von heute verbessert und Chancen f\u00fcr morgen schafft. [&hellip;]","og_url":"https:\/\/www.leopard.ch\/index.php\/bildung\/","og_site_name":"Leopard Ecology &amp; Conservation","article_modified_time":"2025-11-27T14:55:29+00:00","og_image":[{"width":1282,"height":473,"url":"https:\/\/www.leopard.ch\/wp-content\/uploads\/2020\/11\/KInder-in-Gabs_3.jpg","type":"image\/jpeg"}],"twitter_card":"summary_large_image","twitter_misc":{"Est. reading time":"2 minutes"},"schema":{"@context":"https:\/\/schema.org","@graph":[{"@type":"WebPage","@id":"https:\/\/www.leopard.ch\/index.php\/bildung\/","url":"https:\/\/www.leopard.ch\/index.php\/bildung\/","name":"Bildung &amp; Gesellschaftliches Engagement - Leopard Ecology &amp; Conservation","isPartOf":{"@id":"https:\/\/www.leopard.ch\/#website"},"primaryImageOfPage":{"@id":"https:\/\/www.leopard.ch\/index.php\/bildung\/#primaryimage"},"image":{"@id":"https:\/\/www.leopard.ch\/index.php\/bildung\/#primaryimage"},"thumbnailUrl":"https:\/\/www.leopard.ch\/wp-content\/uploads\/2020\/11\/KInder-in-Gabs_3.jpg","datePublished":"2017-05-16T13:28:37+00:00","dateModified":"2025-11-27T14:55:29+00:00","breadcrumb":{"@id":"https:\/\/www.leopard.ch\/index.php\/bildung\/#breadcrumb"},"inLanguage":"en-US","potentialAction":[{"@type":"ReadAction","target":["https:\/\/www.leopard.ch\/index.php\/bildung\/"]}]},{"@type":"ImageObject","inLanguage":"en-US","@id":"https:\/\/www.leopard.ch\/index.php\/bildung\/#primaryimage","url":"https:\/\/www.leopard.ch\/wp-content\/uploads\/2020\/11\/KInder-in-Gabs_3.jpg","contentUrl":"https:\/\/www.leopard.ch\/wp-content\/uploads\/2020\/11\/KInder-in-Gabs_3.jpg","width":1282,"height":473},{"@type":"BreadcrumbList","@id":"https:\/\/www.leopard.ch\/index.php\/bildung\/#breadcrumb","itemListElement":[{"@type":"ListItem","position":1,"name":"Home","item":"https:\/\/www.leopard.ch\/"},{"@type":"ListItem","position":2,"name":"Bildung &amp; Gesellschaftliches Engagement"}]},{"@type":"WebSite","@id":"https:\/\/www.leopard.ch\/#website","url":"https:\/\/www.leopard.ch\/","name":"Leopard Ecology &amp; Conservation","description":"Leopard and Lion Research","publisher":{"@id":"https:\/\/www.leopard.ch\/#organization"},"potentialAction":[{"@type":"SearchAction","target":{"@type":"EntryPoint","urlTemplate":"https:\/\/www.leopard.ch\/?s={search_term_string}"},"query-input":{"@type":"PropertyValueSpecification","valueRequired":true,"valueName":"search_term_string"}}],"inLanguage":"en-US"},{"@type":"Organization","@id":"https:\/\/www.leopard.ch\/#organization","name":"Leopard Ecology &amp; Conservation","url":"https:\/\/www.leopard.ch\/","logo":{"@type":"ImageObject","inLanguage":"en-US","@id":"https:\/\/www.leopard.ch\/#\/schema\/logo\/image\/","url":"https:\/\/www.leopard.ch\/wp-content\/uploads\/2020\/10\/LECLogo_5cm_300dpi_.png","contentUrl":"https:\/\/www.leopard.ch\/wp-content\/uploads\/2020\/10\/LECLogo_5cm_300dpi_.png","width":250,"height":250,"caption":"Leopard Ecology &amp; Conservation"},"image":{"@id":"https:\/\/www.leopard.ch\/#\/schema\/logo\/image\/"}}]}},"_links":{"self":[{"href":"https:\/\/www.leopard.ch\/index.php\/wp-json\/wp\/v2\/pages\/261","targetHints":{"allow":["GET"]}}],"collection":[{"href":"https:\/\/www.leopard.ch\/index.php\/wp-json\/wp\/v2\/pages"}],"about":[{"href":"https:\/\/www.leopard.ch\/index.php\/wp-json\/wp\/v2\/types\/page"}],"author":[{"embeddable":true,"href":"https:\/\/www.leopard.ch\/index.php\/wp-json\/wp\/v2\/users\/2"}],"replies":[{"embeddable":true,"href":"https:\/\/www.leopard.ch\/index.php\/wp-json\/wp\/v2\/comments?post=261"}],"version-history":[{"count":12,"href":"https:\/\/www.leopard.ch\/index.php\/wp-json\/wp\/v2\/pages\/261\/revisions"}],"predecessor-version":[{"id":2603,"href":"https:\/\/www.leopard.ch\/index.php\/wp-json\/wp\/v2\/pages\/261\/revisions\/2603"}],"wp:featuredmedia":[{"embeddable":true,"href":"https:\/\/www.leopard.ch\/index.php\/wp-json\/wp\/v2\/media\/958"}],"wp:attachment":[{"href":"https:\/\/www.leopard.ch\/index.php\/wp-json\/wp\/v2\/media?parent=261"}],"curies":[{"name":"wp","href":"https:\/\/api.w.org\/{rel}","templated":true}]}}