{"id":259,"date":"2017-05-16T13:27:22","date_gmt":"2017-05-16T13:27:22","guid":{"rendered":"https:\/\/leopard.ch\/?page_id=259"},"modified":"2025-08-08T15:05:35","modified_gmt":"2025-08-08T13:05:35","slug":"forschung","status":"publish","type":"page","link":"https:\/\/www.leopard.ch\/index.php\/forschung\/","title":{"rendered":"Forschung"},"content":{"rendered":"\n<p>Durch das enorme Wissen, das LEC mittlerweile gesammelt hat, kann das Verhalten der Leoparden und der L\u00f6wen sowie deren Interaktionen mit der lokalen Bev\u00f6lkerung gut beurteilt werden. Kombiniert mit unseren Bildungsprojekten ergibt sich eine ganzheitliche Herangehensweise an Problematiken.<\/p>\n\n\n\n<figure class=\"wp-block-pullquote\"><blockquote><p><strong>Langzeitstudien wie unsere k\u00f6nnen komplexe Zusammenh\u00e4nge, die in einem \u00d6kosystem herrschen, durch die Langzeitdatenerhebung von verschiedenen Seiten her beleuchten.<\/strong><\/p><\/blockquote><\/figure>\n\n\n\n<div class=\"wp-block-columns is-layout-flex wp-container-core-columns-is-layout-9d6595d7 wp-block-columns-is-layout-flex\">\n<div class=\"wp-block-column is-layout-flow wp-block-column-is-layout-flow\">\n<div class=\"wp-block-cover has-custom-content-position is-position-bottom-center\"><span aria-hidden=\"true\" class=\"wp-block-cover__background has-background-dim-10 has-background-dim\"><\/span><img loading=\"lazy\" decoding=\"async\" width=\"577\" height=\"1024\" class=\"wp-block-cover__image-background wp-image-2301\" alt=\"\" src=\"https:\/\/www.leopard.ch\/wp-content\/uploads\/2025\/08\/13_last-page-2-577x1024.jpg\" data-object-fit=\"cover\" srcset=\"https:\/\/www.leopard.ch\/wp-content\/uploads\/2025\/08\/13_last-page-2-577x1024.jpg 577w, https:\/\/www.leopard.ch\/wp-content\/uploads\/2025\/08\/13_last-page-2-169x300.jpg 169w, https:\/\/www.leopard.ch\/wp-content\/uploads\/2025\/08\/13_last-page-2-768x1364.jpg 768w, https:\/\/www.leopard.ch\/wp-content\/uploads\/2025\/08\/13_last-page-2-865x1536.jpg 865w, https:\/\/www.leopard.ch\/wp-content\/uploads\/2025\/08\/13_last-page-2.jpg 1050w\" sizes=\"auto, (max-width: 577px) 100vw, 577px\" \/><div class=\"wp-block-cover__inner-container is-layout-flow wp-block-cover-is-layout-flow\">\n<p class=\"has-text-align-center has-white-color has-text-color has-link-color has-large-font-size wp-elements-a1ece72ca4d936b7cd4027783a97ffd8\"><a href=\"https:\/\/www.leopard.ch\/index.php\/tierarten-im-fokus\/\">Tierarten im Fokus<\/a><\/p>\n<\/div><\/div>\n<\/div>\n\n\n\n<div class=\"wp-block-column is-layout-flow wp-block-column-is-layout-flow\">\n<div class=\"wp-block-cover is-light has-custom-content-position is-position-bottom-center has-white-color has-text-color has-link-color wp-elements-b3d41734f04731f958e0fe2ae927ff13\"><span aria-hidden=\"true\" class=\"wp-block-cover__background has-background-dim-10 has-background-dim\"><\/span><img loading=\"lazy\" decoding=\"async\" width=\"1024\" height=\"607\" class=\"wp-block-cover__image-background wp-image-2302\" alt=\"\" src=\"https:\/\/www.leopard.ch\/wp-content\/uploads\/2025\/08\/WhatsApp-Image-2023-08-18-at-22.38.15-copy.jpg\" data-object-fit=\"cover\" srcset=\"https:\/\/www.leopard.ch\/wp-content\/uploads\/2025\/08\/WhatsApp-Image-2023-08-18-at-22.38.15-copy.jpg 1024w, https:\/\/www.leopard.ch\/wp-content\/uploads\/2025\/08\/WhatsApp-Image-2023-08-18-at-22.38.15-copy-300x178.jpg 300w, https:\/\/www.leopard.ch\/wp-content\/uploads\/2025\/08\/WhatsApp-Image-2023-08-18-at-22.38.15-copy-768x455.jpg 768w\" sizes=\"auto, (max-width: 1024px) 100vw, 1024px\" \/><div class=\"wp-block-cover__inner-container is-layout-flow wp-block-cover-is-layout-flow\">\n<p class=\"has-text-align-center has-large-font-size\"><a href=\"https:\/\/www.leopard.ch\/index.php\/forschungsprojekte\/\">Forschungs-projekte<\/a><\/p>\n<\/div><\/div>\n<\/div>\n\n\n\n<div class=\"wp-block-column is-layout-flow wp-block-column-is-layout-flow\">\n<div class=\"wp-block-cover is-light has-custom-content-position is-position-bottom-center has-white-color has-text-color has-link-color wp-elements-7e095d453dac26c1fe296136ced5b73b\"><span aria-hidden=\"true\" class=\"wp-block-cover__background has-background-dim-10 has-background-dim\"><\/span><img loading=\"lazy\" decoding=\"async\" width=\"1024\" height=\"641\" class=\"wp-block-cover__image-background wp-image-817\" alt=\"\" src=\"https:\/\/www.leopard.ch\/wp-content\/uploads\/2020\/11\/Landschaft_Khutse-1024x641.jpg\" data-object-fit=\"cover\" srcset=\"https:\/\/www.leopard.ch\/wp-content\/uploads\/2020\/11\/Landschaft_Khutse-1024x641.jpg 1024w, https:\/\/www.leopard.ch\/wp-content\/uploads\/2020\/11\/Landschaft_Khutse-300x188.jpg 300w, https:\/\/www.leopard.ch\/wp-content\/uploads\/2020\/11\/Landschaft_Khutse-768x480.jpg 768w, https:\/\/www.leopard.ch\/wp-content\/uploads\/2020\/11\/Landschaft_Khutse.jpg 1103w\" sizes=\"auto, (max-width: 1024px) 100vw, 1024px\" \/><div class=\"wp-block-cover__inner-container is-layout-flow wp-block-cover-is-layout-flow\">\n<p class=\"has-text-align-center has-large-font-size\"><a href=\"https:\/\/www.leopard.ch\/index.php\/forschung\/okosystem-projekte\/\">Kalahari \u00d6kosystem<\/a><\/p>\n<\/div><\/div>\n<\/div>\n<\/div>\n\n\n\n<div class=\"wp-block-cover is-light has-white-color has-text-color has-link-color wp-elements-58ef99dcbf0b07e4eed8e8f578c5a75a\"><span aria-hidden=\"true\" class=\"wp-block-cover__background has-background-dim-30 has-background-dim\"><\/span><img loading=\"lazy\" decoding=\"async\" width=\"1024\" height=\"386\" class=\"wp-block-cover__image-background wp-image-2303\" alt=\"\" src=\"https:\/\/www.leopard.ch\/wp-content\/uploads\/2025\/08\/Publications_Header_2-1024x386.jpg\" data-object-fit=\"cover\" srcset=\"https:\/\/www.leopard.ch\/wp-content\/uploads\/2025\/08\/Publications_Header_2-1024x386.jpg 1024w, https:\/\/www.leopard.ch\/wp-content\/uploads\/2025\/08\/Publications_Header_2-300x113.jpg 300w, https:\/\/www.leopard.ch\/wp-content\/uploads\/2025\/08\/Publications_Header_2-768x290.jpg 768w, https:\/\/www.leopard.ch\/wp-content\/uploads\/2025\/08\/Publications_Header_2.jpg 1440w\" sizes=\"auto, (max-width: 1024px) 100vw, 1024px\" \/><div class=\"wp-block-cover__inner-container is-layout-flow wp-block-cover-is-layout-flow\">\n<p class=\"has-text-align-center has-large-font-size\"><a href=\"https:\/\/www.leopard.ch\/index.php\/forschung\/publikationen\/\">Publikationen &amp; Reports<\/a><\/p>\n<\/div><\/div>\n","protected":false},"excerpt":{"rendered":"<p>Durch das enorme Wissen, das LEC mittlerweile gesammelt hat, kann das Verhalten der Leoparden und der L\u00f6wen sowie deren Interaktionen mit der lokalen Bev\u00f6lkerung gut beurteilt werden. Kombiniert mit unseren Bildungsprojekten ergibt sich eine ganzheitliche Herangehensweise an Problematiken. Langzeitstudien wie unsere k\u00f6nnen komplexe Zusammenh\u00e4nge, die in einem \u00d6kosystem herrschen, durch die Langzeitdatenerhebung von verschiedenen Seiten [&hellip;]<\/p>\n","protected":false},"author":2,"featured_media":1221,"parent":0,"menu_order":3,"comment_status":"closed","ping_status":"closed","template":"","meta":{"footnotes":""},"class_list":["post-259","page","type-page","status-publish","has-post-thumbnail","czr-hentry"],"yoast_head":"<!-- This site is optimized with the Yoast SEO plugin v27.4 - https:\/\/yoast.com\/product\/yoast-seo-wordpress\/ -->\n<title>Forschung - Leopard Ecology &amp; Conservation<\/title>\n<meta name=\"robots\" content=\"index, follow, max-snippet:-1, max-image-preview:large, max-video-preview:-1\" \/>\n<link rel=\"canonical\" href=\"https:\/\/www.leopard.ch\/index.php\/forschung\/\" \/>\n<meta property=\"og:locale\" content=\"en_US\" \/>\n<meta property=\"og:type\" content=\"article\" \/>\n<meta property=\"og:title\" content=\"Forschung - Leopard Ecology &amp; Conservation\" \/>\n<meta property=\"og:description\" content=\"Durch das enorme Wissen, das LEC mittlerweile gesammelt hat, kann das Verhalten der Leoparden und der L\u00f6wen sowie deren Interaktionen mit der lokalen Bev\u00f6lkerung gut beurteilt werden. Kombiniert mit unseren Bildungsprojekten ergibt sich eine ganzheitliche Herangehensweise an Problematiken. Langzeitstudien wie unsere k\u00f6nnen komplexe Zusammenh\u00e4nge, die in einem \u00d6kosystem herrschen, durch die Langzeitdatenerhebung von verschiedenen Seiten [&hellip;]\" \/>\n<meta property=\"og:url\" content=\"https:\/\/www.leopard.ch\/index.php\/forschung\/\" \/>\n<meta property=\"og:site_name\" content=\"Leopard Ecology &amp; Conservation\" \/>\n<meta property=\"article:modified_time\" content=\"2025-08-08T13:05:35+00:00\" \/>\n<meta property=\"og:image\" content=\"https:\/\/www.leopard.ch\/wp-content\/uploads\/2020\/11\/research_leopard.jpg\" \/>\n\t<meta property=\"og:image:width\" content=\"1368\" \/>\n\t<meta property=\"og:image:height\" content=\"507\" \/>\n\t<meta property=\"og:image:type\" content=\"image\/jpeg\" \/>\n<meta name=\"twitter:card\" content=\"summary_large_image\" \/>\n<meta name=\"twitter:label1\" content=\"Est. reading time\" \/>\n\t<meta name=\"twitter:data1\" content=\"2 minutes\" \/>\n<script type=\"application\/ld+json\" class=\"yoast-schema-graph\">{\"@context\":\"https:\\\/\\\/schema.org\",\"@graph\":[{\"@type\":\"WebPage\",\"@id\":\"https:\\\/\\\/www.leopard.ch\\\/index.php\\\/forschung\\\/\",\"url\":\"https:\\\/\\\/www.leopard.ch\\\/index.php\\\/forschung\\\/\",\"name\":\"Forschung - Leopard Ecology &amp; Conservation\",\"isPartOf\":{\"@id\":\"https:\\\/\\\/www.leopard.ch\\\/#website\"},\"primaryImageOfPage\":{\"@id\":\"https:\\\/\\\/www.leopard.ch\\\/index.php\\\/forschung\\\/#primaryimage\"},\"image\":{\"@id\":\"https:\\\/\\\/www.leopard.ch\\\/index.php\\\/forschung\\\/#primaryimage\"},\"thumbnailUrl\":\"https:\\\/\\\/www.leopard.ch\\\/wp-content\\\/uploads\\\/2020\\\/11\\\/research_leopard.jpg\",\"datePublished\":\"2017-05-16T13:27:22+00:00\",\"dateModified\":\"2025-08-08T13:05:35+00:00\",\"breadcrumb\":{\"@id\":\"https:\\\/\\\/www.leopard.ch\\\/index.php\\\/forschung\\\/#breadcrumb\"},\"inLanguage\":\"en-US\",\"potentialAction\":[{\"@type\":\"ReadAction\",\"target\":[\"https:\\\/\\\/www.leopard.ch\\\/index.php\\\/forschung\\\/\"]}]},{\"@type\":\"ImageObject\",\"inLanguage\":\"en-US\",\"@id\":\"https:\\\/\\\/www.leopard.ch\\\/index.php\\\/forschung\\\/#primaryimage\",\"url\":\"https:\\\/\\\/www.leopard.ch\\\/wp-content\\\/uploads\\\/2020\\\/11\\\/research_leopard.jpg\",\"contentUrl\":\"https:\\\/\\\/www.leopard.ch\\\/wp-content\\\/uploads\\\/2020\\\/11\\\/research_leopard.jpg\",\"width\":1368,\"height\":507},{\"@type\":\"BreadcrumbList\",\"@id\":\"https:\\\/\\\/www.leopard.ch\\\/index.php\\\/forschung\\\/#breadcrumb\",\"itemListElement\":[{\"@type\":\"ListItem\",\"position\":1,\"name\":\"Home\",\"item\":\"https:\\\/\\\/www.leopard.ch\\\/\"},{\"@type\":\"ListItem\",\"position\":2,\"name\":\"Forschung\"}]},{\"@type\":\"WebSite\",\"@id\":\"https:\\\/\\\/www.leopard.ch\\\/#website\",\"url\":\"https:\\\/\\\/www.leopard.ch\\\/\",\"name\":\"Leopard Ecology &amp; Conservation\",\"description\":\"Leopard and Lion Research\",\"publisher\":{\"@id\":\"https:\\\/\\\/www.leopard.ch\\\/#organization\"},\"potentialAction\":[{\"@type\":\"SearchAction\",\"target\":{\"@type\":\"EntryPoint\",\"urlTemplate\":\"https:\\\/\\\/www.leopard.ch\\\/?s={search_term_string}\"},\"query-input\":{\"@type\":\"PropertyValueSpecification\",\"valueRequired\":true,\"valueName\":\"search_term_string\"}}],\"inLanguage\":\"en-US\"},{\"@type\":\"Organization\",\"@id\":\"https:\\\/\\\/www.leopard.ch\\\/#organization\",\"name\":\"Leopard Ecology &amp; Conservation\",\"url\":\"https:\\\/\\\/www.leopard.ch\\\/\",\"logo\":{\"@type\":\"ImageObject\",\"inLanguage\":\"en-US\",\"@id\":\"https:\\\/\\\/www.leopard.ch\\\/#\\\/schema\\\/logo\\\/image\\\/\",\"url\":\"https:\\\/\\\/www.leopard.ch\\\/wp-content\\\/uploads\\\/2020\\\/10\\\/LECLogo_5cm_300dpi_.png\",\"contentUrl\":\"https:\\\/\\\/www.leopard.ch\\\/wp-content\\\/uploads\\\/2020\\\/10\\\/LECLogo_5cm_300dpi_.png\",\"width\":250,\"height\":250,\"caption\":\"Leopard Ecology &amp; Conservation\"},\"image\":{\"@id\":\"https:\\\/\\\/www.leopard.ch\\\/#\\\/schema\\\/logo\\\/image\\\/\"}}]}<\/script>\n<!-- \/ Yoast SEO plugin. -->","yoast_head_json":{"title":"Forschung - Leopard Ecology &amp; Conservation","robots":{"index":"index","follow":"follow","max-snippet":"max-snippet:-1","max-image-preview":"max-image-preview:large","max-video-preview":"max-video-preview:-1"},"canonical":"https:\/\/www.leopard.ch\/index.php\/forschung\/","og_locale":"en_US","og_type":"article","og_title":"Forschung - Leopard Ecology &amp; Conservation","og_description":"Durch das enorme Wissen, das LEC mittlerweile gesammelt hat, kann das Verhalten der Leoparden und der L\u00f6wen sowie deren Interaktionen mit der lokalen Bev\u00f6lkerung gut beurteilt werden. Kombiniert mit unseren Bildungsprojekten ergibt sich eine ganzheitliche Herangehensweise an Problematiken. Langzeitstudien wie unsere k\u00f6nnen komplexe Zusammenh\u00e4nge, die in einem \u00d6kosystem herrschen, durch die Langzeitdatenerhebung von verschiedenen Seiten [&hellip;]","og_url":"https:\/\/www.leopard.ch\/index.php\/forschung\/","og_site_name":"Leopard Ecology &amp; Conservation","article_modified_time":"2025-08-08T13:05:35+00:00","og_image":[{"width":1368,"height":507,"url":"https:\/\/www.leopard.ch\/wp-content\/uploads\/2020\/11\/research_leopard.jpg","type":"image\/jpeg"}],"twitter_card":"summary_large_image","twitter_misc":{"Est. reading time":"2 minutes"},"schema":{"@context":"https:\/\/schema.org","@graph":[{"@type":"WebPage","@id":"https:\/\/www.leopard.ch\/index.php\/forschung\/","url":"https:\/\/www.leopard.ch\/index.php\/forschung\/","name":"Forschung - Leopard Ecology &amp; Conservation","isPartOf":{"@id":"https:\/\/www.leopard.ch\/#website"},"primaryImageOfPage":{"@id":"https:\/\/www.leopard.ch\/index.php\/forschung\/#primaryimage"},"image":{"@id":"https:\/\/www.leopard.ch\/index.php\/forschung\/#primaryimage"},"thumbnailUrl":"https:\/\/www.leopard.ch\/wp-content\/uploads\/2020\/11\/research_leopard.jpg","datePublished":"2017-05-16T13:27:22+00:00","dateModified":"2025-08-08T13:05:35+00:00","breadcrumb":{"@id":"https:\/\/www.leopard.ch\/index.php\/forschung\/#breadcrumb"},"inLanguage":"en-US","potentialAction":[{"@type":"ReadAction","target":["https:\/\/www.leopard.ch\/index.php\/forschung\/"]}]},{"@type":"ImageObject","inLanguage":"en-US","@id":"https:\/\/www.leopard.ch\/index.php\/forschung\/#primaryimage","url":"https:\/\/www.leopard.ch\/wp-content\/uploads\/2020\/11\/research_leopard.jpg","contentUrl":"https:\/\/www.leopard.ch\/wp-content\/uploads\/2020\/11\/research_leopard.jpg","width":1368,"height":507},{"@type":"BreadcrumbList","@id":"https:\/\/www.leopard.ch\/index.php\/forschung\/#breadcrumb","itemListElement":[{"@type":"ListItem","position":1,"name":"Home","item":"https:\/\/www.leopard.ch\/"},{"@type":"ListItem","position":2,"name":"Forschung"}]},{"@type":"WebSite","@id":"https:\/\/www.leopard.ch\/#website","url":"https:\/\/www.leopard.ch\/","name":"Leopard Ecology &amp; Conservation","description":"Leopard and Lion Research","publisher":{"@id":"https:\/\/www.leopard.ch\/#organization"},"potentialAction":[{"@type":"SearchAction","target":{"@type":"EntryPoint","urlTemplate":"https:\/\/www.leopard.ch\/?s={search_term_string}"},"query-input":{"@type":"PropertyValueSpecification","valueRequired":true,"valueName":"search_term_string"}}],"inLanguage":"en-US"},{"@type":"Organization","@id":"https:\/\/www.leopard.ch\/#organization","name":"Leopard Ecology &amp; Conservation","url":"https:\/\/www.leopard.ch\/","logo":{"@type":"ImageObject","inLanguage":"en-US","@id":"https:\/\/www.leopard.ch\/#\/schema\/logo\/image\/","url":"https:\/\/www.leopard.ch\/wp-content\/uploads\/2020\/10\/LECLogo_5cm_300dpi_.png","contentUrl":"https:\/\/www.leopard.ch\/wp-content\/uploads\/2020\/10\/LECLogo_5cm_300dpi_.png","width":250,"height":250,"caption":"Leopard Ecology &amp; Conservation"},"image":{"@id":"https:\/\/www.leopard.ch\/#\/schema\/logo\/image\/"}}]}},"_links":{"self":[{"href":"https:\/\/www.leopard.ch\/index.php\/wp-json\/wp\/v2\/pages\/259","targetHints":{"allow":["GET"]}}],"collection":[{"href":"https:\/\/www.leopard.ch\/index.php\/wp-json\/wp\/v2\/pages"}],"about":[{"href":"https:\/\/www.leopard.ch\/index.php\/wp-json\/wp\/v2\/types\/page"}],"author":[{"embeddable":true,"href":"https:\/\/www.leopard.ch\/index.php\/wp-json\/wp\/v2\/users\/2"}],"replies":[{"embeddable":true,"href":"https:\/\/www.leopard.ch\/index.php\/wp-json\/wp\/v2\/comments?post=259"}],"version-history":[{"count":9,"href":"https:\/\/www.leopard.ch\/index.php\/wp-json\/wp\/v2\/pages\/259\/revisions"}],"predecessor-version":[{"id":2317,"href":"https:\/\/www.leopard.ch\/index.php\/wp-json\/wp\/v2\/pages\/259\/revisions\/2317"}],"wp:featuredmedia":[{"embeddable":true,"href":"https:\/\/www.leopard.ch\/index.php\/wp-json\/wp\/v2\/media\/1221"}],"wp:attachment":[{"href":"https:\/\/www.leopard.ch\/index.php\/wp-json\/wp\/v2\/media?parent=259"}],"curies":[{"name":"wp","href":"https:\/\/api.w.org\/{rel}","templated":true}]}}