{"id":2363,"date":"2025-08-19T13:39:16","date_gmt":"2025-08-19T11:39:16","guid":{"rendered":"https:\/\/www.leopard.ch\/?page_id=2363"},"modified":"2025-09-28T21:10:10","modified_gmt":"2025-09-28T19:10:10","slug":"farmers-workshop","status":"publish","type":"page","link":"https:\/\/www.leopard.ch\/index.php\/bildung\/ausbildungsprogramm\/farmers-workshop\/","title":{"rendered":"Bauern Workshop"},"content":{"rendered":"\n<p>Der j\u00e4hrliche Bauern Workshop ist eine der wichtigsten Gemeinschaftsaktivit\u00e4ten von LEC und hat sich zu einer zentralen Plattform f\u00fcr Dialog, Lernen und Zusammenarbeit entwickelt. Er bietet eine wertvolle Gelegenheit, Landwirte, Nutztierhalter, Natursch\u00fctzer und Vertreter der Regierung zusammenzubringen, um sich \u00fcber die grossen Herausforderungen des Zusammenlebens mit Wildtieren auszutauschen. In den Gebieten rund um das Khutse Game Reserve beeintr\u00e4chtigen Nutztierverluste durch Raubtiere oder Krankheiten nach wie vor die Lebensgrundlagen der l\u00e4ndlichen Bev\u00f6lkerung. Durch diese strukturierte Plattform k\u00f6nnen Gemeinschaften offen \u00fcber aktuelle Trends bei Mensch-Wildtier-Konflikten sprechen, Erfahrungen mit Raubtierbegegnungen teilen und erprobte L\u00f6sungsans\u00e4tze diskutieren \u2013 von verbesserten Kraals \u00fcber angepasste Weidemanagement-Praktiken bis hin zum Einsatz von Abschreckungsmassnahmen.<\/p>\n\n\n\n<p>Jedes Jahr kommen Landwirte, Nutztierhalter und weitere wichtige Akteure an einem zentralen &#8220;Cattle post&#8221; zusammen, um gemeinsam auf die Herausforderungen des letzten Jahres zur\u00fcckzublicken und praktische L\u00f6sungen zu finden, die die Bed\u00fcrfnisse von Menschen, Nutztieren und Wildtieren in Einklang bringen. Indem lokale Stimmen und Fachwissen gleichermassen geh\u00f6rt werden, entsteht ein Raum des gegenseitigen Verst\u00e4ndnisses, der langfristiges Zusammenleben f\u00f6rdert.<\/p>\n\n\n\n<div class=\"wp-block-media-text is-stacked-on-mobile\" style=\"grid-template-columns:47% auto\"><figure class=\"wp-block-media-text__media\"><img loading=\"lazy\" decoding=\"async\" width=\"1024\" height=\"576\" src=\"https:\/\/www.leopard.ch\/wp-content\/uploads\/2025\/09\/Farmers_workshop1-Large-1024x576.jpeg\" alt=\"\" class=\"wp-image-2533 size-full\" srcset=\"https:\/\/www.leopard.ch\/wp-content\/uploads\/2025\/09\/Farmers_workshop1-Large-1024x576.jpeg 1024w, https:\/\/www.leopard.ch\/wp-content\/uploads\/2025\/09\/Farmers_workshop1-Large-300x169.jpeg 300w, https:\/\/www.leopard.ch\/wp-content\/uploads\/2025\/09\/Farmers_workshop1-Large-768x432.jpeg 768w, https:\/\/www.leopard.ch\/wp-content\/uploads\/2025\/09\/Farmers_workshop1-Large-1110x624.jpeg 1110w, https:\/\/www.leopard.ch\/wp-content\/uploads\/2025\/09\/Farmers_workshop1-Large-528x297.jpeg 528w, https:\/\/www.leopard.ch\/wp-content\/uploads\/2025\/09\/Farmers_workshop1-Large.jpeg 1280w\" sizes=\"auto, (max-width: 1024px) 100vw, 1024px\" \/><\/figure><div class=\"wp-block-media-text__content\">\n<p>Im Mittelpunkt stehen die Erfahrungen der Landwirte selbst. Sie berichten, welche Methoden in der Praxis funktionieren oder gescheitert sind, und tauschen ihr Wissen untereinander aus. Erg\u00e4nzt werden diese Gespr\u00e4che durch Beitr\u00e4ge von Fachleuten: Vertreter des Department of Wildlife and National Parks (DWNP) informieren \u00fcber Entsch\u00e4digungs- und Konfliktmanagementsysteme, die Veterin\u00e4rdienste geben Hinweise zu Krankheitspr\u00e4vention, Impfpl\u00e4nen und neuen Tiergesundheitsrisiken, und das Department of Animal Production stellt Programme vor, die Viehhaltern helfen, von verbesserten Zuchtmethoden \u00fcber subventioniertes Futter bis hin zu fachlicher Beratung zu profitieren.<\/p>\n<\/div><\/div>\n\n\n\n<p>Viele Landwirte in entlegenen Regionen haben nur begrenzten Zugang zu solchen Informationen oder sind weit von Servicezentren entfernt. Hier \u00fcbernimmt LEC eine wichtige Rolle: Wir sorgen daf\u00fcr, dass Informationen rechtzeitig und verst\u00e4ndlich bei den Landwirten ankommen \u2013 und dass ihre Anliegen, R\u00fcckmeldungen und Fragen an die zust\u00e4ndigen Beh\u00f6rden weitergeleitet werden. Dieser beidseitige Austausch schafft eine wirksame Kommunikationsbr\u00fccke und st\u00e4rkt das Vertrauen zwischen Landwirten und staatlichen Institutionen.<\/p>\n\n\n\n<p>Der Bauern Workshop ist somit weit mehr als ein Treffen. Er ist eine Plattform f\u00fcr Wissensaustausch und Beziehungsaufbau, hilft Konflikte zu entsch\u00e4rfen und f\u00f6rdert langfristig das Zusammenleben von Mensch und Wildtier.<\/p>\n","protected":false},"excerpt":{"rendered":"<p>Der j\u00e4hrliche Bauern Workshop ist eine der wichtigsten Gemeinschaftsaktivit\u00e4ten von LEC und hat sich zu einer zentralen Plattform f\u00fcr Dialog, Lernen und Zusammenarbeit entwickelt. Er bietet eine wertvolle Gelegenheit, Landwirte, Nutztierhalter, Natursch\u00fctzer und Vertreter der Regierung zusammenzubringen, um sich \u00fcber die grossen Herausforderungen des Zusammenlebens mit Wildtieren auszutauschen. In den Gebieten rund um das Khutse [&hellip;]<\/p>\n","protected":false},"author":3,"featured_media":0,"parent":114,"menu_order":0,"comment_status":"closed","ping_status":"closed","template":"","meta":{"footnotes":""},"class_list":["post-2363","page","type-page","status-publish","czr-hentry"],"yoast_head":"<!-- This site is optimized with the Yoast SEO plugin v27.3 - https:\/\/yoast.com\/product\/yoast-seo-wordpress\/ -->\n<title>Bauern Workshop - Leopard Ecology &amp; Conservation<\/title>\n<meta name=\"robots\" content=\"index, follow, max-snippet:-1, max-image-preview:large, max-video-preview:-1\" \/>\n<link rel=\"canonical\" href=\"https:\/\/www.leopard.ch\/index.php\/bildung\/ausbildungsprogramm\/farmers-workshop\/\" \/>\n<meta property=\"og:locale\" content=\"en_US\" \/>\n<meta property=\"og:type\" content=\"article\" \/>\n<meta property=\"og:title\" content=\"Bauern Workshop - Leopard Ecology &amp; Conservation\" \/>\n<meta property=\"og:description\" content=\"Der j\u00e4hrliche Bauern Workshop ist eine der wichtigsten Gemeinschaftsaktivit\u00e4ten von LEC und hat sich zu einer zentralen Plattform f\u00fcr Dialog, Lernen und Zusammenarbeit entwickelt. Er bietet eine wertvolle Gelegenheit, Landwirte, Nutztierhalter, Natursch\u00fctzer und Vertreter der Regierung zusammenzubringen, um sich \u00fcber die grossen Herausforderungen des Zusammenlebens mit Wildtieren auszutauschen. In den Gebieten rund um das Khutse [&hellip;]\" \/>\n<meta property=\"og:url\" content=\"https:\/\/www.leopard.ch\/index.php\/bildung\/ausbildungsprogramm\/farmers-workshop\/\" \/>\n<meta property=\"og:site_name\" content=\"Leopard Ecology &amp; Conservation\" \/>\n<meta property=\"article:modified_time\" content=\"2025-09-28T19:10:10+00:00\" \/>\n<meta property=\"og:image\" content=\"https:\/\/www.leopard.ch\/wp-content\/uploads\/2025\/09\/Farmers_workshop1-Large.jpeg\" \/>\n\t<meta property=\"og:image:width\" content=\"1280\" \/>\n\t<meta property=\"og:image:height\" content=\"720\" \/>\n\t<meta property=\"og:image:type\" content=\"image\/jpeg\" \/>\n<meta name=\"twitter:card\" content=\"summary_large_image\" \/>\n<meta name=\"twitter:label1\" content=\"Est. reading time\" \/>\n\t<meta name=\"twitter:data1\" content=\"2 minutes\" \/>\n<script type=\"application\/ld+json\" class=\"yoast-schema-graph\">{\"@context\":\"https:\\\/\\\/schema.org\",\"@graph\":[{\"@type\":\"WebPage\",\"@id\":\"https:\\\/\\\/www.leopard.ch\\\/index.php\\\/bildung\\\/ausbildungsprogramm\\\/farmers-workshop\\\/\",\"url\":\"https:\\\/\\\/www.leopard.ch\\\/index.php\\\/bildung\\\/ausbildungsprogramm\\\/farmers-workshop\\\/\",\"name\":\"Bauern Workshop - Leopard Ecology &amp; Conservation\",\"isPartOf\":{\"@id\":\"https:\\\/\\\/www.leopard.ch\\\/#website\"},\"primaryImageOfPage\":{\"@id\":\"https:\\\/\\\/www.leopard.ch\\\/index.php\\\/bildung\\\/ausbildungsprogramm\\\/farmers-workshop\\\/#primaryimage\"},\"image\":{\"@id\":\"https:\\\/\\\/www.leopard.ch\\\/index.php\\\/bildung\\\/ausbildungsprogramm\\\/farmers-workshop\\\/#primaryimage\"},\"thumbnailUrl\":\"https:\\\/\\\/www.leopard.ch\\\/wp-content\\\/uploads\\\/2025\\\/09\\\/Farmers_workshop1-Large-1024x576.jpeg\",\"datePublished\":\"2025-08-19T11:39:16+00:00\",\"dateModified\":\"2025-09-28T19:10:10+00:00\",\"breadcrumb\":{\"@id\":\"https:\\\/\\\/www.leopard.ch\\\/index.php\\\/bildung\\\/ausbildungsprogramm\\\/farmers-workshop\\\/#breadcrumb\"},\"inLanguage\":\"en-US\",\"potentialAction\":[{\"@type\":\"ReadAction\",\"target\":[\"https:\\\/\\\/www.leopard.ch\\\/index.php\\\/bildung\\\/ausbildungsprogramm\\\/farmers-workshop\\\/\"]}]},{\"@type\":\"ImageObject\",\"inLanguage\":\"en-US\",\"@id\":\"https:\\\/\\\/www.leopard.ch\\\/index.php\\\/bildung\\\/ausbildungsprogramm\\\/farmers-workshop\\\/#primaryimage\",\"url\":\"https:\\\/\\\/www.leopard.ch\\\/wp-content\\\/uploads\\\/2025\\\/09\\\/Farmers_workshop1-Large.jpeg\",\"contentUrl\":\"https:\\\/\\\/www.leopard.ch\\\/wp-content\\\/uploads\\\/2025\\\/09\\\/Farmers_workshop1-Large.jpeg\",\"width\":1280,\"height\":720},{\"@type\":\"BreadcrumbList\",\"@id\":\"https:\\\/\\\/www.leopard.ch\\\/index.php\\\/bildung\\\/ausbildungsprogramm\\\/farmers-workshop\\\/#breadcrumb\",\"itemListElement\":[{\"@type\":\"ListItem\",\"position\":1,\"name\":\"Home\",\"item\":\"https:\\\/\\\/www.leopard.ch\\\/\"},{\"@type\":\"ListItem\",\"position\":2,\"name\":\"Bildung &amp; Gesellschaftliches Engagement\",\"item\":\"https:\\\/\\\/www.leopard.ch\\\/index.php\\\/bildung\\\/\"},{\"@type\":\"ListItem\",\"position\":3,\"name\":\"Ausbildungsprogramme &#8211; Act Now for Tomorrow\",\"item\":\"https:\\\/\\\/www.leopard.ch\\\/index.php\\\/bildung\\\/ausbildungsprogramm\\\/\"},{\"@type\":\"ListItem\",\"position\":4,\"name\":\"Bauern Workshop\"}]},{\"@type\":\"WebSite\",\"@id\":\"https:\\\/\\\/www.leopard.ch\\\/#website\",\"url\":\"https:\\\/\\\/www.leopard.ch\\\/\",\"name\":\"Leopard Ecology &amp; Conservation\",\"description\":\"Leopard and Lion Research\",\"publisher\":{\"@id\":\"https:\\\/\\\/www.leopard.ch\\\/#organization\"},\"potentialAction\":[{\"@type\":\"SearchAction\",\"target\":{\"@type\":\"EntryPoint\",\"urlTemplate\":\"https:\\\/\\\/www.leopard.ch\\\/?s={search_term_string}\"},\"query-input\":{\"@type\":\"PropertyValueSpecification\",\"valueRequired\":true,\"valueName\":\"search_term_string\"}}],\"inLanguage\":\"en-US\"},{\"@type\":\"Organization\",\"@id\":\"https:\\\/\\\/www.leopard.ch\\\/#organization\",\"name\":\"Leopard Ecology &amp; Conservation\",\"url\":\"https:\\\/\\\/www.leopard.ch\\\/\",\"logo\":{\"@type\":\"ImageObject\",\"inLanguage\":\"en-US\",\"@id\":\"https:\\\/\\\/www.leopard.ch\\\/#\\\/schema\\\/logo\\\/image\\\/\",\"url\":\"https:\\\/\\\/www.leopard.ch\\\/wp-content\\\/uploads\\\/2020\\\/10\\\/LECLogo_5cm_300dpi_.png\",\"contentUrl\":\"https:\\\/\\\/www.leopard.ch\\\/wp-content\\\/uploads\\\/2020\\\/10\\\/LECLogo_5cm_300dpi_.png\",\"width\":250,\"height\":250,\"caption\":\"Leopard Ecology &amp; Conservation\"},\"image\":{\"@id\":\"https:\\\/\\\/www.leopard.ch\\\/#\\\/schema\\\/logo\\\/image\\\/\"}}]}<\/script>\n<!-- \/ Yoast SEO plugin. -->","yoast_head_json":{"title":"Bauern Workshop - Leopard Ecology &amp; Conservation","robots":{"index":"index","follow":"follow","max-snippet":"max-snippet:-1","max-image-preview":"max-image-preview:large","max-video-preview":"max-video-preview:-1"},"canonical":"https:\/\/www.leopard.ch\/index.php\/bildung\/ausbildungsprogramm\/farmers-workshop\/","og_locale":"en_US","og_type":"article","og_title":"Bauern Workshop - Leopard Ecology &amp; Conservation","og_description":"Der j\u00e4hrliche Bauern Workshop ist eine der wichtigsten Gemeinschaftsaktivit\u00e4ten von LEC und hat sich zu einer zentralen Plattform f\u00fcr Dialog, Lernen und Zusammenarbeit entwickelt. Er bietet eine wertvolle Gelegenheit, Landwirte, Nutztierhalter, Natursch\u00fctzer und Vertreter der Regierung zusammenzubringen, um sich \u00fcber die grossen Herausforderungen des Zusammenlebens mit Wildtieren auszutauschen. In den Gebieten rund um das Khutse [&hellip;]","og_url":"https:\/\/www.leopard.ch\/index.php\/bildung\/ausbildungsprogramm\/farmers-workshop\/","og_site_name":"Leopard Ecology &amp; Conservation","article_modified_time":"2025-09-28T19:10:10+00:00","og_image":[{"width":1280,"height":720,"url":"https:\/\/www.leopard.ch\/wp-content\/uploads\/2025\/09\/Farmers_workshop1-Large.jpeg","type":"image\/jpeg"}],"twitter_card":"summary_large_image","twitter_misc":{"Est. reading time":"2 minutes"},"schema":{"@context":"https:\/\/schema.org","@graph":[{"@type":"WebPage","@id":"https:\/\/www.leopard.ch\/index.php\/bildung\/ausbildungsprogramm\/farmers-workshop\/","url":"https:\/\/www.leopard.ch\/index.php\/bildung\/ausbildungsprogramm\/farmers-workshop\/","name":"Bauern Workshop - Leopard Ecology &amp; Conservation","isPartOf":{"@id":"https:\/\/www.leopard.ch\/#website"},"primaryImageOfPage":{"@id":"https:\/\/www.leopard.ch\/index.php\/bildung\/ausbildungsprogramm\/farmers-workshop\/#primaryimage"},"image":{"@id":"https:\/\/www.leopard.ch\/index.php\/bildung\/ausbildungsprogramm\/farmers-workshop\/#primaryimage"},"thumbnailUrl":"https:\/\/www.leopard.ch\/wp-content\/uploads\/2025\/09\/Farmers_workshop1-Large-1024x576.jpeg","datePublished":"2025-08-19T11:39:16+00:00","dateModified":"2025-09-28T19:10:10+00:00","breadcrumb":{"@id":"https:\/\/www.leopard.ch\/index.php\/bildung\/ausbildungsprogramm\/farmers-workshop\/#breadcrumb"},"inLanguage":"en-US","potentialAction":[{"@type":"ReadAction","target":["https:\/\/www.leopard.ch\/index.php\/bildung\/ausbildungsprogramm\/farmers-workshop\/"]}]},{"@type":"ImageObject","inLanguage":"en-US","@id":"https:\/\/www.leopard.ch\/index.php\/bildung\/ausbildungsprogramm\/farmers-workshop\/#primaryimage","url":"https:\/\/www.leopard.ch\/wp-content\/uploads\/2025\/09\/Farmers_workshop1-Large.jpeg","contentUrl":"https:\/\/www.leopard.ch\/wp-content\/uploads\/2025\/09\/Farmers_workshop1-Large.jpeg","width":1280,"height":720},{"@type":"BreadcrumbList","@id":"https:\/\/www.leopard.ch\/index.php\/bildung\/ausbildungsprogramm\/farmers-workshop\/#breadcrumb","itemListElement":[{"@type":"ListItem","position":1,"name":"Home","item":"https:\/\/www.leopard.ch\/"},{"@type":"ListItem","position":2,"name":"Bildung &amp; Gesellschaftliches Engagement","item":"https:\/\/www.leopard.ch\/index.php\/bildung\/"},{"@type":"ListItem","position":3,"name":"Ausbildungsprogramme &#8211; Act Now for Tomorrow","item":"https:\/\/www.leopard.ch\/index.php\/bildung\/ausbildungsprogramm\/"},{"@type":"ListItem","position":4,"name":"Bauern Workshop"}]},{"@type":"WebSite","@id":"https:\/\/www.leopard.ch\/#website","url":"https:\/\/www.leopard.ch\/","name":"Leopard Ecology &amp; Conservation","description":"Leopard and Lion Research","publisher":{"@id":"https:\/\/www.leopard.ch\/#organization"},"potentialAction":[{"@type":"SearchAction","target":{"@type":"EntryPoint","urlTemplate":"https:\/\/www.leopard.ch\/?s={search_term_string}"},"query-input":{"@type":"PropertyValueSpecification","valueRequired":true,"valueName":"search_term_string"}}],"inLanguage":"en-US"},{"@type":"Organization","@id":"https:\/\/www.leopard.ch\/#organization","name":"Leopard Ecology &amp; Conservation","url":"https:\/\/www.leopard.ch\/","logo":{"@type":"ImageObject","inLanguage":"en-US","@id":"https:\/\/www.leopard.ch\/#\/schema\/logo\/image\/","url":"https:\/\/www.leopard.ch\/wp-content\/uploads\/2020\/10\/LECLogo_5cm_300dpi_.png","contentUrl":"https:\/\/www.leopard.ch\/wp-content\/uploads\/2020\/10\/LECLogo_5cm_300dpi_.png","width":250,"height":250,"caption":"Leopard Ecology &amp; Conservation"},"image":{"@id":"https:\/\/www.leopard.ch\/#\/schema\/logo\/image\/"}}]}},"_links":{"self":[{"href":"https:\/\/www.leopard.ch\/index.php\/wp-json\/wp\/v2\/pages\/2363","targetHints":{"allow":["GET"]}}],"collection":[{"href":"https:\/\/www.leopard.ch\/index.php\/wp-json\/wp\/v2\/pages"}],"about":[{"href":"https:\/\/www.leopard.ch\/index.php\/wp-json\/wp\/v2\/types\/page"}],"author":[{"embeddable":true,"href":"https:\/\/www.leopard.ch\/index.php\/wp-json\/wp\/v2\/users\/3"}],"replies":[{"embeddable":true,"href":"https:\/\/www.leopard.ch\/index.php\/wp-json\/wp\/v2\/comments?post=2363"}],"version-history":[{"count":2,"href":"https:\/\/www.leopard.ch\/index.php\/wp-json\/wp\/v2\/pages\/2363\/revisions"}],"predecessor-version":[{"id":2567,"href":"https:\/\/www.leopard.ch\/index.php\/wp-json\/wp\/v2\/pages\/2363\/revisions\/2567"}],"up":[{"embeddable":true,"href":"https:\/\/www.leopard.ch\/index.php\/wp-json\/wp\/v2\/pages\/114"}],"wp:attachment":[{"href":"https:\/\/www.leopard.ch\/index.php\/wp-json\/wp\/v2\/media?parent=2363"}],"curies":[{"name":"wp","href":"https:\/\/api.w.org\/{rel}","templated":true}]}}