{"id":2361,"date":"2025-08-19T13:37:53","date_gmt":"2025-08-19T11:37:53","guid":{"rendered":"https:\/\/www.leopard.ch\/?page_id=2361"},"modified":"2025-09-28T21:16:52","modified_gmt":"2025-09-28T19:16:52","slug":"impf-und-kastrationskampagne","status":"publish","type":"page","link":"https:\/\/www.leopard.ch\/index.php\/bildung\/ausbildungsprogramm\/impf-und-kastrationskampagne\/","title":{"rendered":"Impf- und Kastrationskampagne f\u00fcr Hunde und Katzen"},"content":{"rendered":"\n<div class=\"wp-block-media-text is-stacked-on-mobile is-vertically-aligned-center\" style=\"grid-template-columns:41% auto\"><figure class=\"wp-block-media-text__media\"><img loading=\"lazy\" decoding=\"async\" width=\"1024\" height=\"682\" src=\"https:\/\/www.leopard.ch\/wp-content\/uploads\/2025\/09\/Dog_sterilisation_vaccination1-Large-1024x682.jpeg\" alt=\"\" class=\"wp-image-2528 size-full\" srcset=\"https:\/\/www.leopard.ch\/wp-content\/uploads\/2025\/09\/Dog_sterilisation_vaccination1-Large-1024x682.jpeg 1024w, https:\/\/www.leopard.ch\/wp-content\/uploads\/2025\/09\/Dog_sterilisation_vaccination1-Large-300x200.jpeg 300w, https:\/\/www.leopard.ch\/wp-content\/uploads\/2025\/09\/Dog_sterilisation_vaccination1-Large-768x512.jpeg 768w, https:\/\/www.leopard.ch\/wp-content\/uploads\/2025\/09\/Dog_sterilisation_vaccination1-Large.jpeg 1280w\" sizes=\"auto, (max-width: 1024px) 100vw, 1024px\" \/><\/figure><div class=\"wp-block-media-text__content\">\n<p>LEC erkennt, wie wichtig die Gesundheit von Haustieren f\u00fcr das friedliche Zusammenleben von Gemeinschaften, ihren Nutztieren und der umliegenden Wildtierwelt ist. In Zusammenarbeit mit dem botswanischen Tierschutzverein (Botswana Society for the Prevention of Cruelty to Animals) und dem Amt f\u00fcr Veterin\u00e4r (Department of Veterinary Services) f\u00fchrt LEC regelm\u00e4ssig Sterilisations- und Impfkampagnen f\u00fcr Hunde und Katzen in Kaudwane, in den Nachbarsiedlungen sowie in den Gemeinden innerhalb des Central Kalahari Game Reserve (CKGR) durch. Diese Kampagnen dienen nicht nur dazu, das Wohlergehen der Haustiere zu verbessern, sondern auch, um \u00fcbergeordnete Herausforderungen im Bereich der \u00f6ffentlichen Gesundheit und des Naturschutzes anzugehen.<\/p>\n<\/div><\/div>\n\n\n\n<p>Die Kampagnen verfolgen drei Hauptziele:<\/p>\n\n\n\n<ul class=\"wp-block-list\">\n<li>Das Leiden der Tiere durch vermeidbare Krankheiten und gesundheitliche Probleme infolge unkontrollierter Fortpflanzung zu reduzieren.<\/li>\n\n\n\n<li>Streunende Populationen von Hunden und Katzen einzud\u00e4mmen und damit unkontrollierte Vermehrung sowie die Ausbreitung von Zoonosen zu verhindern.<\/li>\n\n\n\n<li>Gemeinschaften sowie die Wildtiere zu sch\u00fctzen, indem Krankheiten wie Tollwut, die eine ernsthafte Gefahr f\u00fcr Menschen, Haustiere und Wildtiere darstellen, einged\u00e4mmt werden.<\/li>\n<\/ul>\n\n\n\n<div class=\"wp-block-columns is-layout-flex wp-container-core-columns-is-layout-9d6595d7 wp-block-columns-is-layout-flex\">\n<div class=\"wp-block-column is-vertically-aligned-center is-layout-flow wp-block-column-is-layout-flow\">\n<p>Impfungen spielen dabei eine zentrale Rolle. Hunde und Katzen werden gegen Tollwut geimpft \u2013 eine t\u00f6dliche, aber vollst\u00e4ndig vermeidbare Krankheit \u2013 sowie gegen andere lebensbedrohliche Infektionen wie Staupe, Parvovirose und Atemwegserkrankungen bei Katzen. Eine gesunde, geimpfte Haustierpopulation senkt das Risiko der Krankheits\u00fcbertragung zwischen Haustieren, Menschen und Wildtieren erheblich. Dies ist besonders wichtig in Gebieten wie dem CKGR, wo Hunde oft frei herumlaufen und mit Wildtieren wie Schakalen, Hy\u00e4nen oder sogar L\u00f6wen in Kontakt kommen, was Krankheits\u00fcbertragungen beg\u00fcnstigen kann.<\/p>\n<\/div>\n\n\n\n<div class=\"wp-block-column is-vertically-aligned-center is-layout-flow wp-block-column-is-layout-flow\"><div class=\"wp-block-image\">\n<figure class=\"alignleft size-large is-resized\"><img loading=\"lazy\" decoding=\"async\" width=\"1024\" height=\"768\" src=\"https:\/\/www.leopard.ch\/wp-content\/uploads\/2025\/09\/Dog_sterilisation_vaccination4-Large-1024x768.jpeg\" alt=\"\" class=\"wp-image-2529\" style=\"width:405px;height:auto\" srcset=\"https:\/\/www.leopard.ch\/wp-content\/uploads\/2025\/09\/Dog_sterilisation_vaccination4-Large-1024x768.jpeg 1024w, https:\/\/www.leopard.ch\/wp-content\/uploads\/2025\/09\/Dog_sterilisation_vaccination4-Large-300x225.jpeg 300w, https:\/\/www.leopard.ch\/wp-content\/uploads\/2025\/09\/Dog_sterilisation_vaccination4-Large-768x576.jpeg 768w, https:\/\/www.leopard.ch\/wp-content\/uploads\/2025\/09\/Dog_sterilisation_vaccination4-Large.jpeg 1280w\" sizes=\"auto, (max-width: 1024px) 100vw, 1024px\" \/><\/figure>\n<\/div><\/div>\n<\/div>\n\n\n\n<div class=\"wp-block-media-text is-stacked-on-mobile\" style=\"grid-template-columns:41% auto\"><figure class=\"wp-block-media-text__media\"><img loading=\"lazy\" decoding=\"async\" width=\"1024\" height=\"682\" src=\"https:\/\/www.leopard.ch\/wp-content\/uploads\/2025\/09\/Dog_sterilisation_vaccination2-Large-1024x682.jpeg\" alt=\"\" class=\"wp-image-2530 size-full\" srcset=\"https:\/\/www.leopard.ch\/wp-content\/uploads\/2025\/09\/Dog_sterilisation_vaccination2-Large-1024x682.jpeg 1024w, https:\/\/www.leopard.ch\/wp-content\/uploads\/2025\/09\/Dog_sterilisation_vaccination2-Large-300x200.jpeg 300w, https:\/\/www.leopard.ch\/wp-content\/uploads\/2025\/09\/Dog_sterilisation_vaccination2-Large-768x512.jpeg 768w, https:\/\/www.leopard.ch\/wp-content\/uploads\/2025\/09\/Dog_sterilisation_vaccination2-Large.jpeg 1280w\" sizes=\"auto, (max-width: 1024px) 100vw, 1024px\" \/><\/figure><div class=\"wp-block-media-text__content\">\n<p>Ebenso wichtig ist die Sterilisation. Unkontrollierte Fortpflanzung f\u00fchrt h\u00e4ufig zu einer grossen Zahl ungewollter Welpen und K\u00e4tzchen, von denen viele vernachl\u00e4ssigt werden, unterern\u00e4hrt sind oder ausgesetzt werden. Sterilisierte Tiere leben nicht nur ges\u00fcnder, sondern verringern auch die Belastung f\u00fcr Haushalte und die Gemeinschaft. Gleichzeitig wird die Verbreitung von CTVT (Canine Transmissible Venereal Tumour) einged\u00e4mmt \u2013 einer hochansteckenden Krebsart, die bei unsterilisierten Hunden h\u00e4ufig vorkommt und grosses Leid verursacht.<\/p>\n<\/div><\/div>\n\n\n\n<p>Das Programm geht jedoch \u00fcber die tier\u00e4rztlichen Eingriffe hinaus. Vor den Impf- und Sterilisationstagen spricht das LEC-Team mit den Gemeindemitgliedern und kl\u00e4rt sie \u00fcber die Vorteile dieser Massnahmen auf. Diese Gespr\u00e4che stellen sicher, dass die Menschen nicht nur verstehen, wie wichtig Sterilisation und Impfung sind, sondern auch, welche Verantwortung sie langfristig mit der Haltung von Tieren \u00fcbernehmen.<\/p>\n","protected":false},"excerpt":{"rendered":"<p>LEC erkennt, wie wichtig die Gesundheit von Haustieren f\u00fcr das friedliche Zusammenleben von Gemeinschaften, ihren Nutztieren und der umliegenden Wildtierwelt ist. In Zusammenarbeit mit dem botswanischen Tierschutzverein (Botswana Society for the Prevention of Cruelty to Animals) und dem Amt f\u00fcr Veterin\u00e4r (Department of Veterinary Services) f\u00fchrt LEC regelm\u00e4ssig Sterilisations- und Impfkampagnen f\u00fcr Hunde und Katzen [&hellip;]<\/p>\n","protected":false},"author":3,"featured_media":0,"parent":114,"menu_order":0,"comment_status":"closed","ping_status":"closed","template":"","meta":{"footnotes":""},"class_list":["post-2361","page","type-page","status-publish","czr-hentry"],"yoast_head":"<!-- This site is optimized with the Yoast SEO plugin v27.3 - https:\/\/yoast.com\/product\/yoast-seo-wordpress\/ -->\n<title>Impf- und Kastrationskampagne f\u00fcr Hunde und Katzen - Leopard Ecology &amp; Conservation<\/title>\n<meta name=\"robots\" content=\"index, follow, max-snippet:-1, max-image-preview:large, max-video-preview:-1\" \/>\n<link rel=\"canonical\" href=\"https:\/\/www.leopard.ch\/index.php\/bildung\/ausbildungsprogramm\/impf-und-kastrationskampagne\/\" \/>\n<meta property=\"og:locale\" content=\"en_US\" \/>\n<meta property=\"og:type\" content=\"article\" \/>\n<meta property=\"og:title\" content=\"Impf- und Kastrationskampagne f\u00fcr Hunde und Katzen - Leopard Ecology &amp; Conservation\" \/>\n<meta property=\"og:description\" content=\"LEC erkennt, wie wichtig die Gesundheit von Haustieren f\u00fcr das friedliche Zusammenleben von Gemeinschaften, ihren Nutztieren und der umliegenden Wildtierwelt ist. In Zusammenarbeit mit dem botswanischen Tierschutzverein (Botswana Society for the Prevention of Cruelty to Animals) und dem Amt f\u00fcr Veterin\u00e4r (Department of Veterinary Services) f\u00fchrt LEC regelm\u00e4ssig Sterilisations- und Impfkampagnen f\u00fcr Hunde und Katzen [&hellip;]\" \/>\n<meta property=\"og:url\" content=\"https:\/\/www.leopard.ch\/index.php\/bildung\/ausbildungsprogramm\/impf-und-kastrationskampagne\/\" \/>\n<meta property=\"og:site_name\" content=\"Leopard Ecology &amp; Conservation\" \/>\n<meta property=\"article:modified_time\" content=\"2025-09-28T19:16:52+00:00\" \/>\n<meta property=\"og:image\" content=\"https:\/\/www.leopard.ch\/wp-content\/uploads\/2025\/09\/Dog_sterilisation_vaccination1-Large.jpeg\" \/>\n\t<meta property=\"og:image:width\" content=\"1280\" \/>\n\t<meta property=\"og:image:height\" content=\"853\" \/>\n\t<meta property=\"og:image:type\" content=\"image\/jpeg\" \/>\n<meta name=\"twitter:card\" content=\"summary_large_image\" \/>\n<meta name=\"twitter:label1\" content=\"Est. reading time\" \/>\n\t<meta name=\"twitter:data1\" content=\"3 minutes\" \/>\n<script type=\"application\/ld+json\" class=\"yoast-schema-graph\">{\"@context\":\"https:\\\/\\\/schema.org\",\"@graph\":[{\"@type\":\"WebPage\",\"@id\":\"https:\\\/\\\/www.leopard.ch\\\/index.php\\\/bildung\\\/ausbildungsprogramm\\\/impf-und-kastrationskampagne\\\/\",\"url\":\"https:\\\/\\\/www.leopard.ch\\\/index.php\\\/bildung\\\/ausbildungsprogramm\\\/impf-und-kastrationskampagne\\\/\",\"name\":\"Impf- und Kastrationskampagne f\u00fcr Hunde und Katzen - Leopard Ecology &amp; Conservation\",\"isPartOf\":{\"@id\":\"https:\\\/\\\/www.leopard.ch\\\/#website\"},\"primaryImageOfPage\":{\"@id\":\"https:\\\/\\\/www.leopard.ch\\\/index.php\\\/bildung\\\/ausbildungsprogramm\\\/impf-und-kastrationskampagne\\\/#primaryimage\"},\"image\":{\"@id\":\"https:\\\/\\\/www.leopard.ch\\\/index.php\\\/bildung\\\/ausbildungsprogramm\\\/impf-und-kastrationskampagne\\\/#primaryimage\"},\"thumbnailUrl\":\"https:\\\/\\\/www.leopard.ch\\\/wp-content\\\/uploads\\\/2025\\\/09\\\/Dog_sterilisation_vaccination1-Large-1024x682.jpeg\",\"datePublished\":\"2025-08-19T11:37:53+00:00\",\"dateModified\":\"2025-09-28T19:16:52+00:00\",\"breadcrumb\":{\"@id\":\"https:\\\/\\\/www.leopard.ch\\\/index.php\\\/bildung\\\/ausbildungsprogramm\\\/impf-und-kastrationskampagne\\\/#breadcrumb\"},\"inLanguage\":\"en-US\",\"potentialAction\":[{\"@type\":\"ReadAction\",\"target\":[\"https:\\\/\\\/www.leopard.ch\\\/index.php\\\/bildung\\\/ausbildungsprogramm\\\/impf-und-kastrationskampagne\\\/\"]}]},{\"@type\":\"ImageObject\",\"inLanguage\":\"en-US\",\"@id\":\"https:\\\/\\\/www.leopard.ch\\\/index.php\\\/bildung\\\/ausbildungsprogramm\\\/impf-und-kastrationskampagne\\\/#primaryimage\",\"url\":\"https:\\\/\\\/www.leopard.ch\\\/wp-content\\\/uploads\\\/2025\\\/09\\\/Dog_sterilisation_vaccination1-Large.jpeg\",\"contentUrl\":\"https:\\\/\\\/www.leopard.ch\\\/wp-content\\\/uploads\\\/2025\\\/09\\\/Dog_sterilisation_vaccination1-Large.jpeg\",\"width\":1280,\"height\":853},{\"@type\":\"BreadcrumbList\",\"@id\":\"https:\\\/\\\/www.leopard.ch\\\/index.php\\\/bildung\\\/ausbildungsprogramm\\\/impf-und-kastrationskampagne\\\/#breadcrumb\",\"itemListElement\":[{\"@type\":\"ListItem\",\"position\":1,\"name\":\"Home\",\"item\":\"https:\\\/\\\/www.leopard.ch\\\/\"},{\"@type\":\"ListItem\",\"position\":2,\"name\":\"Bildung &amp; Gesellschaftliches Engagement\",\"item\":\"https:\\\/\\\/www.leopard.ch\\\/index.php\\\/bildung\\\/\"},{\"@type\":\"ListItem\",\"position\":3,\"name\":\"Ausbildungsprogramme &#8211; Act Now for Tomorrow\",\"item\":\"https:\\\/\\\/www.leopard.ch\\\/index.php\\\/bildung\\\/ausbildungsprogramm\\\/\"},{\"@type\":\"ListItem\",\"position\":4,\"name\":\"Impf- und Kastrationskampagne f\u00fcr Hunde und Katzen\"}]},{\"@type\":\"WebSite\",\"@id\":\"https:\\\/\\\/www.leopard.ch\\\/#website\",\"url\":\"https:\\\/\\\/www.leopard.ch\\\/\",\"name\":\"Leopard Ecology &amp; Conservation\",\"description\":\"Leopard and Lion Research\",\"publisher\":{\"@id\":\"https:\\\/\\\/www.leopard.ch\\\/#organization\"},\"potentialAction\":[{\"@type\":\"SearchAction\",\"target\":{\"@type\":\"EntryPoint\",\"urlTemplate\":\"https:\\\/\\\/www.leopard.ch\\\/?s={search_term_string}\"},\"query-input\":{\"@type\":\"PropertyValueSpecification\",\"valueRequired\":true,\"valueName\":\"search_term_string\"}}],\"inLanguage\":\"en-US\"},{\"@type\":\"Organization\",\"@id\":\"https:\\\/\\\/www.leopard.ch\\\/#organization\",\"name\":\"Leopard Ecology &amp; Conservation\",\"url\":\"https:\\\/\\\/www.leopard.ch\\\/\",\"logo\":{\"@type\":\"ImageObject\",\"inLanguage\":\"en-US\",\"@id\":\"https:\\\/\\\/www.leopard.ch\\\/#\\\/schema\\\/logo\\\/image\\\/\",\"url\":\"https:\\\/\\\/www.leopard.ch\\\/wp-content\\\/uploads\\\/2020\\\/10\\\/LECLogo_5cm_300dpi_.png\",\"contentUrl\":\"https:\\\/\\\/www.leopard.ch\\\/wp-content\\\/uploads\\\/2020\\\/10\\\/LECLogo_5cm_300dpi_.png\",\"width\":250,\"height\":250,\"caption\":\"Leopard Ecology &amp; Conservation\"},\"image\":{\"@id\":\"https:\\\/\\\/www.leopard.ch\\\/#\\\/schema\\\/logo\\\/image\\\/\"}}]}<\/script>\n<!-- \/ Yoast SEO plugin. -->","yoast_head_json":{"title":"Impf- und Kastrationskampagne f\u00fcr Hunde und Katzen - Leopard Ecology &amp; Conservation","robots":{"index":"index","follow":"follow","max-snippet":"max-snippet:-1","max-image-preview":"max-image-preview:large","max-video-preview":"max-video-preview:-1"},"canonical":"https:\/\/www.leopard.ch\/index.php\/bildung\/ausbildungsprogramm\/impf-und-kastrationskampagne\/","og_locale":"en_US","og_type":"article","og_title":"Impf- und Kastrationskampagne f\u00fcr Hunde und Katzen - Leopard Ecology &amp; Conservation","og_description":"LEC erkennt, wie wichtig die Gesundheit von Haustieren f\u00fcr das friedliche Zusammenleben von Gemeinschaften, ihren Nutztieren und der umliegenden Wildtierwelt ist. In Zusammenarbeit mit dem botswanischen Tierschutzverein (Botswana Society for the Prevention of Cruelty to Animals) und dem Amt f\u00fcr Veterin\u00e4r (Department of Veterinary Services) f\u00fchrt LEC regelm\u00e4ssig Sterilisations- und Impfkampagnen f\u00fcr Hunde und Katzen [&hellip;]","og_url":"https:\/\/www.leopard.ch\/index.php\/bildung\/ausbildungsprogramm\/impf-und-kastrationskampagne\/","og_site_name":"Leopard Ecology &amp; Conservation","article_modified_time":"2025-09-28T19:16:52+00:00","og_image":[{"width":1280,"height":853,"url":"https:\/\/www.leopard.ch\/wp-content\/uploads\/2025\/09\/Dog_sterilisation_vaccination1-Large.jpeg","type":"image\/jpeg"}],"twitter_card":"summary_large_image","twitter_misc":{"Est. reading time":"3 minutes"},"schema":{"@context":"https:\/\/schema.org","@graph":[{"@type":"WebPage","@id":"https:\/\/www.leopard.ch\/index.php\/bildung\/ausbildungsprogramm\/impf-und-kastrationskampagne\/","url":"https:\/\/www.leopard.ch\/index.php\/bildung\/ausbildungsprogramm\/impf-und-kastrationskampagne\/","name":"Impf- und Kastrationskampagne f\u00fcr Hunde und Katzen - Leopard Ecology &amp; Conservation","isPartOf":{"@id":"https:\/\/www.leopard.ch\/#website"},"primaryImageOfPage":{"@id":"https:\/\/www.leopard.ch\/index.php\/bildung\/ausbildungsprogramm\/impf-und-kastrationskampagne\/#primaryimage"},"image":{"@id":"https:\/\/www.leopard.ch\/index.php\/bildung\/ausbildungsprogramm\/impf-und-kastrationskampagne\/#primaryimage"},"thumbnailUrl":"https:\/\/www.leopard.ch\/wp-content\/uploads\/2025\/09\/Dog_sterilisation_vaccination1-Large-1024x682.jpeg","datePublished":"2025-08-19T11:37:53+00:00","dateModified":"2025-09-28T19:16:52+00:00","breadcrumb":{"@id":"https:\/\/www.leopard.ch\/index.php\/bildung\/ausbildungsprogramm\/impf-und-kastrationskampagne\/#breadcrumb"},"inLanguage":"en-US","potentialAction":[{"@type":"ReadAction","target":["https:\/\/www.leopard.ch\/index.php\/bildung\/ausbildungsprogramm\/impf-und-kastrationskampagne\/"]}]},{"@type":"ImageObject","inLanguage":"en-US","@id":"https:\/\/www.leopard.ch\/index.php\/bildung\/ausbildungsprogramm\/impf-und-kastrationskampagne\/#primaryimage","url":"https:\/\/www.leopard.ch\/wp-content\/uploads\/2025\/09\/Dog_sterilisation_vaccination1-Large.jpeg","contentUrl":"https:\/\/www.leopard.ch\/wp-content\/uploads\/2025\/09\/Dog_sterilisation_vaccination1-Large.jpeg","width":1280,"height":853},{"@type":"BreadcrumbList","@id":"https:\/\/www.leopard.ch\/index.php\/bildung\/ausbildungsprogramm\/impf-und-kastrationskampagne\/#breadcrumb","itemListElement":[{"@type":"ListItem","position":1,"name":"Home","item":"https:\/\/www.leopard.ch\/"},{"@type":"ListItem","position":2,"name":"Bildung &amp; Gesellschaftliches Engagement","item":"https:\/\/www.leopard.ch\/index.php\/bildung\/"},{"@type":"ListItem","position":3,"name":"Ausbildungsprogramme &#8211; Act Now for Tomorrow","item":"https:\/\/www.leopard.ch\/index.php\/bildung\/ausbildungsprogramm\/"},{"@type":"ListItem","position":4,"name":"Impf- und Kastrationskampagne f\u00fcr Hunde und Katzen"}]},{"@type":"WebSite","@id":"https:\/\/www.leopard.ch\/#website","url":"https:\/\/www.leopard.ch\/","name":"Leopard Ecology &amp; Conservation","description":"Leopard and Lion Research","publisher":{"@id":"https:\/\/www.leopard.ch\/#organization"},"potentialAction":[{"@type":"SearchAction","target":{"@type":"EntryPoint","urlTemplate":"https:\/\/www.leopard.ch\/?s={search_term_string}"},"query-input":{"@type":"PropertyValueSpecification","valueRequired":true,"valueName":"search_term_string"}}],"inLanguage":"en-US"},{"@type":"Organization","@id":"https:\/\/www.leopard.ch\/#organization","name":"Leopard Ecology &amp; Conservation","url":"https:\/\/www.leopard.ch\/","logo":{"@type":"ImageObject","inLanguage":"en-US","@id":"https:\/\/www.leopard.ch\/#\/schema\/logo\/image\/","url":"https:\/\/www.leopard.ch\/wp-content\/uploads\/2020\/10\/LECLogo_5cm_300dpi_.png","contentUrl":"https:\/\/www.leopard.ch\/wp-content\/uploads\/2020\/10\/LECLogo_5cm_300dpi_.png","width":250,"height":250,"caption":"Leopard Ecology &amp; Conservation"},"image":{"@id":"https:\/\/www.leopard.ch\/#\/schema\/logo\/image\/"}}]}},"_links":{"self":[{"href":"https:\/\/www.leopard.ch\/index.php\/wp-json\/wp\/v2\/pages\/2361","targetHints":{"allow":["GET"]}}],"collection":[{"href":"https:\/\/www.leopard.ch\/index.php\/wp-json\/wp\/v2\/pages"}],"about":[{"href":"https:\/\/www.leopard.ch\/index.php\/wp-json\/wp\/v2\/types\/page"}],"author":[{"embeddable":true,"href":"https:\/\/www.leopard.ch\/index.php\/wp-json\/wp\/v2\/users\/3"}],"replies":[{"embeddable":true,"href":"https:\/\/www.leopard.ch\/index.php\/wp-json\/wp\/v2\/comments?post=2361"}],"version-history":[{"count":4,"href":"https:\/\/www.leopard.ch\/index.php\/wp-json\/wp\/v2\/pages\/2361\/revisions"}],"predecessor-version":[{"id":2570,"href":"https:\/\/www.leopard.ch\/index.php\/wp-json\/wp\/v2\/pages\/2361\/revisions\/2570"}],"up":[{"embeddable":true,"href":"https:\/\/www.leopard.ch\/index.php\/wp-json\/wp\/v2\/pages\/114"}],"wp:attachment":[{"href":"https:\/\/www.leopard.ch\/index.php\/wp-json\/wp\/v2\/media?parent=2361"}],"curies":[{"name":"wp","href":"https:\/\/api.w.org\/{rel}","templated":true}]}}