{"id":2359,"date":"2025-08-19T13:32:24","date_gmt":"2025-08-19T11:32:24","guid":{"rendered":"https:\/\/www.leopard.ch\/?page_id=2359"},"modified":"2025-09-28T21:31:25","modified_gmt":"2025-09-28T19:31:25","slug":"hufpflege","status":"publish","type":"page","link":"https:\/\/www.leopard.ch\/index.php\/bildung\/ausbildungsprogramm\/hufpflege\/","title":{"rendered":"Hufpflege von Nutztieren"},"content":{"rendered":"\n<p>Seit 2004 arbeitet LEC eng mit Nutztierhaltern in Kaudwane und acht umliegenden &#8220;Cattle posts&#8221; zusammen, um die Probleme von \u00fcberwachsenen und vernachl\u00e4ssigten Hufen bei Rindern, Kleinnutztieren, Pferden und Eseln anzugehen. Die Hufgesundheit wird im l\u00e4ndlichen Nutztiermanagement oft untersch\u00e4tzt, dabei spielt sie eine entscheidende Rolle f\u00fcr das Wohlbefinden und die Produktivit\u00e4t der Tiere. \u00dcberwachsene Hufe schr\u00e4nken die Beweglichkeit ein und erschweren es den Tieren, Weidefl\u00e4chen und Wasserstellen zu erreichen. Dadurch steigt ihr Risiko, Raubtieren wie L\u00f6wen, Wildhunden, Schakalen oder Leoparden zum Opfer zu fallen. Ausserdem f\u00fchren schlechte Hufzust\u00e4nde zu Schmerzen, Lahmheit und einer h\u00f6heren Anf\u00e4lligkeit f\u00fcr Infektionen \u2013 was wiederum die Produktivit\u00e4t und den Marktwert der Tiere senkt.<\/p>\n\n\n\n<div class=\"wp-block-media-text is-stacked-on-mobile\" style=\"grid-template-columns:39% auto\"><figure class=\"wp-block-media-text__media\"><img loading=\"lazy\" decoding=\"async\" width=\"1024\" height=\"576\" src=\"https:\/\/www.leopard.ch\/wp-content\/uploads\/2025\/09\/Hooftrimming2-Large-1024x576.jpeg\" alt=\"\" class=\"wp-image-2536 size-full\" srcset=\"https:\/\/www.leopard.ch\/wp-content\/uploads\/2025\/09\/Hooftrimming2-Large-1024x576.jpeg 1024w, https:\/\/www.leopard.ch\/wp-content\/uploads\/2025\/09\/Hooftrimming2-Large-300x169.jpeg 300w, https:\/\/www.leopard.ch\/wp-content\/uploads\/2025\/09\/Hooftrimming2-Large-768x432.jpeg 768w, https:\/\/www.leopard.ch\/wp-content\/uploads\/2025\/09\/Hooftrimming2-Large-1110x624.jpeg 1110w, https:\/\/www.leopard.ch\/wp-content\/uploads\/2025\/09\/Hooftrimming2-Large-528x297.jpeg 528w, https:\/\/www.leopard.ch\/wp-content\/uploads\/2025\/09\/Hooftrimming2-Large.jpeg 1280w\" sizes=\"auto, (max-width: 1024px) 100vw, 1024px\" \/><\/figure><div class=\"wp-block-media-text__content\">\n<p>Um diesen Herausforderungen zu begegnen, hat LEC das Hufpflege-Projekt ins Leben gerufen \u2013 mit dem doppelten Ziel, die Tiergesundheit zu verbessern und Konflikte zwischen Mensch und Wildtier zu verringern. Jeder &#8220;Cattle post&#8221; im Untersuchungsgebiet von LEC wurde mit einem Set von Hufpflegewerkzeugen ausgestattet \u2013 darunter Hufschneider, Raspeln, Hufmesser, Hufhaken und Feilen. Diese Werkzeuge werden von einer verantwortlichen Kontaktperson vor Ort verwaltet, die sicherstellt, dass sie den Bauern jederzeit zug\u00e4nglich sind. Im Dorf Kaudwane liegt die Verantwortung beim Dorfentwicklungsausschuss (Village Development Committee) welche die Nutzung \u00fcberwacht und f\u00fcr eine sichere Aufbewahrung sorgt.<\/p>\n<\/div><\/div>\n\n\n\n<p>Ein zentrales Element des Projekts ist der Aufbau von Wissen durch praxisnahe Schulungen. Bauern werden eingeladen, an praktischen Trainings teilzunehmen, bei denen sie das korrekte Schneiden der Hufe sowie den sicheren Umgang mit den Tieren erlernen. Zudem lernen sie, fr\u00fche Anzeichen von Hufkrankheiten wie Moderhinke oder Risse zu erkennen und rechtzeitig zu behandeln, bevor sie schwerwiegender werden. Indem LEC die Bauern mit Wissen und praktischen Fertigkeiten ausstattet, wird sichergestellt, dass das Projekt nachhaltig und von der Gemeinschaft selbst getragen bleibt.<\/p>\n\n\n\n<p>Um die Wirkung langfristig zu sichern, f\u00fchrt LEC viertelj\u00e4hrliche Nachbesuche durch. Dabei pr\u00fcft das Team den Zustand und die Funktionsf\u00e4higkeit der Werkzeuge und sammelt Daten \u00fcber die Anzahl der behandelten Tiere. Dieses Monitoring-System sorgt nicht nur f\u00fcr Transparenz, sondern erm\u00f6glicht es auch, den Erfolg des Projekts messbar zu machen. Die gesammelten Daten geben Aufschluss dar\u00fcber, wie h\u00e4ufig die Werkzeuge genutzt werden, wie sich die Beweglichkeit der Tiere verbessert, und wie sich dadurch ihr Ern\u00e4hrungszustand und letztlich auch ihr Marktwert bei Nutztierverk\u00e4ufen steigern.<\/p>\n\n\n\n<div style=\"height:23px\" aria-hidden=\"true\" class=\"wp-block-spacer\"><\/div>\n\n\n\n<div class=\"wp-block-columns is-layout-flex wp-container-core-columns-is-layout-9d6595d7 wp-block-columns-is-layout-flex\">\n<div class=\"wp-block-column is-layout-flow wp-block-column-is-layout-flow\">\n<figure class=\"wp-block-image size-large\"><img loading=\"lazy\" decoding=\"async\" width=\"960\" height=\"720\" src=\"https:\/\/www.leopard.ch\/wp-content\/uploads\/2025\/09\/IMG_3651-Large-edited.jpeg\" alt=\"\" class=\"wp-image-2543\" style=\"aspect-ratio:4\/3;object-fit:cover\" srcset=\"https:\/\/www.leopard.ch\/wp-content\/uploads\/2025\/09\/IMG_3651-Large-edited.jpeg 960w, https:\/\/www.leopard.ch\/wp-content\/uploads\/2025\/09\/IMG_3651-Large-edited-300x225.jpeg 300w, https:\/\/www.leopard.ch\/wp-content\/uploads\/2025\/09\/IMG_3651-Large-edited-768x576.jpeg 768w\" sizes=\"auto, (max-width: 960px) 100vw, 960px\" \/><\/figure>\n<\/div>\n\n\n\n<div class=\"wp-block-column is-layout-flow wp-block-column-is-layout-flow\">\n<figure class=\"wp-block-image size-large is-resized\"><img loading=\"lazy\" decoding=\"async\" width=\"873\" height=\"655\" src=\"https:\/\/www.leopard.ch\/wp-content\/uploads\/2025\/09\/Hooftrimming3-Large-edited.jpeg\" alt=\"\" class=\"wp-image-2542\" style=\"width:365px;height:auto\" srcset=\"https:\/\/www.leopard.ch\/wp-content\/uploads\/2025\/09\/Hooftrimming3-Large-edited.jpeg 873w, https:\/\/www.leopard.ch\/wp-content\/uploads\/2025\/09\/Hooftrimming3-Large-edited-300x225.jpeg 300w, https:\/\/www.leopard.ch\/wp-content\/uploads\/2025\/09\/Hooftrimming3-Large-edited-768x576.jpeg 768w\" sizes=\"auto, (max-width: 873px) 100vw, 873px\" \/><\/figure>\n<\/div>\n\n\n\n<div class=\"wp-block-column is-layout-flow wp-block-column-is-layout-flow\">\n<figure class=\"wp-block-image size-large is-resized\"><img loading=\"lazy\" decoding=\"async\" width=\"960\" height=\"720\" src=\"https:\/\/www.leopard.ch\/wp-content\/uploads\/2025\/09\/Hooftrimming1-Large-edited.jpeg\" alt=\"\" class=\"wp-image-2544\" style=\"object-fit:cover;width:380px;height:auto\" srcset=\"https:\/\/www.leopard.ch\/wp-content\/uploads\/2025\/09\/Hooftrimming1-Large-edited.jpeg 960w, https:\/\/www.leopard.ch\/wp-content\/uploads\/2025\/09\/Hooftrimming1-Large-edited-300x225.jpeg 300w, https:\/\/www.leopard.ch\/wp-content\/uploads\/2025\/09\/Hooftrimming1-Large-edited-768x576.jpeg 768w\" sizes=\"auto, (max-width: 960px) 100vw, 960px\" \/><\/figure>\n<\/div>\n<\/div>\n","protected":false},"excerpt":{"rendered":"<p>Seit 2004 arbeitet LEC eng mit Nutztierhaltern in Kaudwane und acht umliegenden &#8220;Cattle posts&#8221; zusammen, um die Probleme von \u00fcberwachsenen und vernachl\u00e4ssigten Hufen bei Rindern, Kleinnutztieren, Pferden und Eseln anzugehen. Die Hufgesundheit wird im l\u00e4ndlichen Nutztiermanagement oft untersch\u00e4tzt, dabei spielt sie eine entscheidende Rolle f\u00fcr das Wohlbefinden und die Produktivit\u00e4t der Tiere. \u00dcberwachsene Hufe schr\u00e4nken [&hellip;]<\/p>\n","protected":false},"author":3,"featured_media":0,"parent":114,"menu_order":0,"comment_status":"closed","ping_status":"closed","template":"","meta":{"footnotes":""},"class_list":["post-2359","page","type-page","status-publish","czr-hentry"],"yoast_head":"<!-- This site is optimized with the Yoast SEO plugin v27.3 - https:\/\/yoast.com\/product\/yoast-seo-wordpress\/ -->\n<title>Hufpflege von Nutztieren - Leopard Ecology &amp; Conservation<\/title>\n<meta name=\"robots\" content=\"index, follow, max-snippet:-1, max-image-preview:large, max-video-preview:-1\" \/>\n<link rel=\"canonical\" href=\"https:\/\/www.leopard.ch\/index.php\/bildung\/ausbildungsprogramm\/hufpflege\/\" \/>\n<meta property=\"og:locale\" content=\"en_US\" \/>\n<meta property=\"og:type\" content=\"article\" \/>\n<meta property=\"og:title\" content=\"Hufpflege von Nutztieren - Leopard Ecology &amp; Conservation\" \/>\n<meta property=\"og:description\" content=\"Seit 2004 arbeitet LEC eng mit Nutztierhaltern in Kaudwane und acht umliegenden &#8220;Cattle posts&#8221; zusammen, um die Probleme von \u00fcberwachsenen und vernachl\u00e4ssigten Hufen bei Rindern, Kleinnutztieren, Pferden und Eseln anzugehen. Die Hufgesundheit wird im l\u00e4ndlichen Nutztiermanagement oft untersch\u00e4tzt, dabei spielt sie eine entscheidende Rolle f\u00fcr das Wohlbefinden und die Produktivit\u00e4t der Tiere. \u00dcberwachsene Hufe schr\u00e4nken [&hellip;]\" \/>\n<meta property=\"og:url\" content=\"https:\/\/www.leopard.ch\/index.php\/bildung\/ausbildungsprogramm\/hufpflege\/\" \/>\n<meta property=\"og:site_name\" content=\"Leopard Ecology &amp; Conservation\" \/>\n<meta property=\"article:modified_time\" content=\"2025-09-28T19:31:25+00:00\" \/>\n<meta property=\"og:image\" content=\"https:\/\/www.leopard.ch\/wp-content\/uploads\/2025\/09\/Hooftrimming2-Large.jpeg\" \/>\n\t<meta property=\"og:image:width\" content=\"1280\" \/>\n\t<meta property=\"og:image:height\" content=\"720\" \/>\n\t<meta property=\"og:image:type\" content=\"image\/jpeg\" \/>\n<meta name=\"twitter:card\" content=\"summary_large_image\" \/>\n<meta name=\"twitter:label1\" content=\"Est. reading time\" \/>\n\t<meta name=\"twitter:data1\" content=\"3 minutes\" \/>\n<script type=\"application\/ld+json\" class=\"yoast-schema-graph\">{\"@context\":\"https:\\\/\\\/schema.org\",\"@graph\":[{\"@type\":\"WebPage\",\"@id\":\"https:\\\/\\\/www.leopard.ch\\\/index.php\\\/bildung\\\/ausbildungsprogramm\\\/hufpflege\\\/\",\"url\":\"https:\\\/\\\/www.leopard.ch\\\/index.php\\\/bildung\\\/ausbildungsprogramm\\\/hufpflege\\\/\",\"name\":\"Hufpflege von Nutztieren - Leopard Ecology &amp; Conservation\",\"isPartOf\":{\"@id\":\"https:\\\/\\\/www.leopard.ch\\\/#website\"},\"primaryImageOfPage\":{\"@id\":\"https:\\\/\\\/www.leopard.ch\\\/index.php\\\/bildung\\\/ausbildungsprogramm\\\/hufpflege\\\/#primaryimage\"},\"image\":{\"@id\":\"https:\\\/\\\/www.leopard.ch\\\/index.php\\\/bildung\\\/ausbildungsprogramm\\\/hufpflege\\\/#primaryimage\"},\"thumbnailUrl\":\"https:\\\/\\\/www.leopard.ch\\\/wp-content\\\/uploads\\\/2025\\\/09\\\/Hooftrimming2-Large-1024x576.jpeg\",\"datePublished\":\"2025-08-19T11:32:24+00:00\",\"dateModified\":\"2025-09-28T19:31:25+00:00\",\"breadcrumb\":{\"@id\":\"https:\\\/\\\/www.leopard.ch\\\/index.php\\\/bildung\\\/ausbildungsprogramm\\\/hufpflege\\\/#breadcrumb\"},\"inLanguage\":\"en-US\",\"potentialAction\":[{\"@type\":\"ReadAction\",\"target\":[\"https:\\\/\\\/www.leopard.ch\\\/index.php\\\/bildung\\\/ausbildungsprogramm\\\/hufpflege\\\/\"]}]},{\"@type\":\"ImageObject\",\"inLanguage\":\"en-US\",\"@id\":\"https:\\\/\\\/www.leopard.ch\\\/index.php\\\/bildung\\\/ausbildungsprogramm\\\/hufpflege\\\/#primaryimage\",\"url\":\"https:\\\/\\\/www.leopard.ch\\\/wp-content\\\/uploads\\\/2025\\\/09\\\/Hooftrimming2-Large.jpeg\",\"contentUrl\":\"https:\\\/\\\/www.leopard.ch\\\/wp-content\\\/uploads\\\/2025\\\/09\\\/Hooftrimming2-Large.jpeg\",\"width\":1280,\"height\":720,\"caption\":\"OLYMPUS DIGITAL CAMERA\"},{\"@type\":\"BreadcrumbList\",\"@id\":\"https:\\\/\\\/www.leopard.ch\\\/index.php\\\/bildung\\\/ausbildungsprogramm\\\/hufpflege\\\/#breadcrumb\",\"itemListElement\":[{\"@type\":\"ListItem\",\"position\":1,\"name\":\"Home\",\"item\":\"https:\\\/\\\/www.leopard.ch\\\/\"},{\"@type\":\"ListItem\",\"position\":2,\"name\":\"Bildung &amp; Gesellschaftliches Engagement\",\"item\":\"https:\\\/\\\/www.leopard.ch\\\/index.php\\\/bildung\\\/\"},{\"@type\":\"ListItem\",\"position\":3,\"name\":\"Ausbildungsprogramme &#8211; Act Now for Tomorrow\",\"item\":\"https:\\\/\\\/www.leopard.ch\\\/index.php\\\/bildung\\\/ausbildungsprogramm\\\/\"},{\"@type\":\"ListItem\",\"position\":4,\"name\":\"Hufpflege von Nutztieren\"}]},{\"@type\":\"WebSite\",\"@id\":\"https:\\\/\\\/www.leopard.ch\\\/#website\",\"url\":\"https:\\\/\\\/www.leopard.ch\\\/\",\"name\":\"Leopard Ecology &amp; Conservation\",\"description\":\"Leopard and Lion Research\",\"publisher\":{\"@id\":\"https:\\\/\\\/www.leopard.ch\\\/#organization\"},\"potentialAction\":[{\"@type\":\"SearchAction\",\"target\":{\"@type\":\"EntryPoint\",\"urlTemplate\":\"https:\\\/\\\/www.leopard.ch\\\/?s={search_term_string}\"},\"query-input\":{\"@type\":\"PropertyValueSpecification\",\"valueRequired\":true,\"valueName\":\"search_term_string\"}}],\"inLanguage\":\"en-US\"},{\"@type\":\"Organization\",\"@id\":\"https:\\\/\\\/www.leopard.ch\\\/#organization\",\"name\":\"Leopard Ecology &amp; Conservation\",\"url\":\"https:\\\/\\\/www.leopard.ch\\\/\",\"logo\":{\"@type\":\"ImageObject\",\"inLanguage\":\"en-US\",\"@id\":\"https:\\\/\\\/www.leopard.ch\\\/#\\\/schema\\\/logo\\\/image\\\/\",\"url\":\"https:\\\/\\\/www.leopard.ch\\\/wp-content\\\/uploads\\\/2020\\\/10\\\/LECLogo_5cm_300dpi_.png\",\"contentUrl\":\"https:\\\/\\\/www.leopard.ch\\\/wp-content\\\/uploads\\\/2020\\\/10\\\/LECLogo_5cm_300dpi_.png\",\"width\":250,\"height\":250,\"caption\":\"Leopard Ecology &amp; Conservation\"},\"image\":{\"@id\":\"https:\\\/\\\/www.leopard.ch\\\/#\\\/schema\\\/logo\\\/image\\\/\"}}]}<\/script>\n<!-- \/ Yoast SEO plugin. -->","yoast_head_json":{"title":"Hufpflege von Nutztieren - Leopard Ecology &amp; Conservation","robots":{"index":"index","follow":"follow","max-snippet":"max-snippet:-1","max-image-preview":"max-image-preview:large","max-video-preview":"max-video-preview:-1"},"canonical":"https:\/\/www.leopard.ch\/index.php\/bildung\/ausbildungsprogramm\/hufpflege\/","og_locale":"en_US","og_type":"article","og_title":"Hufpflege von Nutztieren - Leopard Ecology &amp; Conservation","og_description":"Seit 2004 arbeitet LEC eng mit Nutztierhaltern in Kaudwane und acht umliegenden &#8220;Cattle posts&#8221; zusammen, um die Probleme von \u00fcberwachsenen und vernachl\u00e4ssigten Hufen bei Rindern, Kleinnutztieren, Pferden und Eseln anzugehen. Die Hufgesundheit wird im l\u00e4ndlichen Nutztiermanagement oft untersch\u00e4tzt, dabei spielt sie eine entscheidende Rolle f\u00fcr das Wohlbefinden und die Produktivit\u00e4t der Tiere. \u00dcberwachsene Hufe schr\u00e4nken [&hellip;]","og_url":"https:\/\/www.leopard.ch\/index.php\/bildung\/ausbildungsprogramm\/hufpflege\/","og_site_name":"Leopard Ecology &amp; Conservation","article_modified_time":"2025-09-28T19:31:25+00:00","og_image":[{"width":1280,"height":720,"url":"https:\/\/www.leopard.ch\/wp-content\/uploads\/2025\/09\/Hooftrimming2-Large.jpeg","type":"image\/jpeg"}],"twitter_card":"summary_large_image","twitter_misc":{"Est. reading time":"3 minutes"},"schema":{"@context":"https:\/\/schema.org","@graph":[{"@type":"WebPage","@id":"https:\/\/www.leopard.ch\/index.php\/bildung\/ausbildungsprogramm\/hufpflege\/","url":"https:\/\/www.leopard.ch\/index.php\/bildung\/ausbildungsprogramm\/hufpflege\/","name":"Hufpflege von Nutztieren - Leopard Ecology &amp; Conservation","isPartOf":{"@id":"https:\/\/www.leopard.ch\/#website"},"primaryImageOfPage":{"@id":"https:\/\/www.leopard.ch\/index.php\/bildung\/ausbildungsprogramm\/hufpflege\/#primaryimage"},"image":{"@id":"https:\/\/www.leopard.ch\/index.php\/bildung\/ausbildungsprogramm\/hufpflege\/#primaryimage"},"thumbnailUrl":"https:\/\/www.leopard.ch\/wp-content\/uploads\/2025\/09\/Hooftrimming2-Large-1024x576.jpeg","datePublished":"2025-08-19T11:32:24+00:00","dateModified":"2025-09-28T19:31:25+00:00","breadcrumb":{"@id":"https:\/\/www.leopard.ch\/index.php\/bildung\/ausbildungsprogramm\/hufpflege\/#breadcrumb"},"inLanguage":"en-US","potentialAction":[{"@type":"ReadAction","target":["https:\/\/www.leopard.ch\/index.php\/bildung\/ausbildungsprogramm\/hufpflege\/"]}]},{"@type":"ImageObject","inLanguage":"en-US","@id":"https:\/\/www.leopard.ch\/index.php\/bildung\/ausbildungsprogramm\/hufpflege\/#primaryimage","url":"https:\/\/www.leopard.ch\/wp-content\/uploads\/2025\/09\/Hooftrimming2-Large.jpeg","contentUrl":"https:\/\/www.leopard.ch\/wp-content\/uploads\/2025\/09\/Hooftrimming2-Large.jpeg","width":1280,"height":720,"caption":"OLYMPUS DIGITAL CAMERA"},{"@type":"BreadcrumbList","@id":"https:\/\/www.leopard.ch\/index.php\/bildung\/ausbildungsprogramm\/hufpflege\/#breadcrumb","itemListElement":[{"@type":"ListItem","position":1,"name":"Home","item":"https:\/\/www.leopard.ch\/"},{"@type":"ListItem","position":2,"name":"Bildung &amp; Gesellschaftliches Engagement","item":"https:\/\/www.leopard.ch\/index.php\/bildung\/"},{"@type":"ListItem","position":3,"name":"Ausbildungsprogramme &#8211; Act Now for Tomorrow","item":"https:\/\/www.leopard.ch\/index.php\/bildung\/ausbildungsprogramm\/"},{"@type":"ListItem","position":4,"name":"Hufpflege von Nutztieren"}]},{"@type":"WebSite","@id":"https:\/\/www.leopard.ch\/#website","url":"https:\/\/www.leopard.ch\/","name":"Leopard Ecology &amp; Conservation","description":"Leopard and Lion Research","publisher":{"@id":"https:\/\/www.leopard.ch\/#organization"},"potentialAction":[{"@type":"SearchAction","target":{"@type":"EntryPoint","urlTemplate":"https:\/\/www.leopard.ch\/?s={search_term_string}"},"query-input":{"@type":"PropertyValueSpecification","valueRequired":true,"valueName":"search_term_string"}}],"inLanguage":"en-US"},{"@type":"Organization","@id":"https:\/\/www.leopard.ch\/#organization","name":"Leopard Ecology &amp; Conservation","url":"https:\/\/www.leopard.ch\/","logo":{"@type":"ImageObject","inLanguage":"en-US","@id":"https:\/\/www.leopard.ch\/#\/schema\/logo\/image\/","url":"https:\/\/www.leopard.ch\/wp-content\/uploads\/2020\/10\/LECLogo_5cm_300dpi_.png","contentUrl":"https:\/\/www.leopard.ch\/wp-content\/uploads\/2020\/10\/LECLogo_5cm_300dpi_.png","width":250,"height":250,"caption":"Leopard Ecology &amp; Conservation"},"image":{"@id":"https:\/\/www.leopard.ch\/#\/schema\/logo\/image\/"}}]}},"_links":{"self":[{"href":"https:\/\/www.leopard.ch\/index.php\/wp-json\/wp\/v2\/pages\/2359","targetHints":{"allow":["GET"]}}],"collection":[{"href":"https:\/\/www.leopard.ch\/index.php\/wp-json\/wp\/v2\/pages"}],"about":[{"href":"https:\/\/www.leopard.ch\/index.php\/wp-json\/wp\/v2\/types\/page"}],"author":[{"embeddable":true,"href":"https:\/\/www.leopard.ch\/index.php\/wp-json\/wp\/v2\/users\/3"}],"replies":[{"embeddable":true,"href":"https:\/\/www.leopard.ch\/index.php\/wp-json\/wp\/v2\/comments?post=2359"}],"version-history":[{"count":3,"href":"https:\/\/www.leopard.ch\/index.php\/wp-json\/wp\/v2\/pages\/2359\/revisions"}],"predecessor-version":[{"id":2574,"href":"https:\/\/www.leopard.ch\/index.php\/wp-json\/wp\/v2\/pages\/2359\/revisions\/2574"}],"up":[{"embeddable":true,"href":"https:\/\/www.leopard.ch\/index.php\/wp-json\/wp\/v2\/pages\/114"}],"wp:attachment":[{"href":"https:\/\/www.leopard.ch\/index.php\/wp-json\/wp\/v2\/media?parent=2359"}],"curies":[{"name":"wp","href":"https:\/\/api.w.org\/{rel}","templated":true}]}}