{"id":2355,"date":"2025-08-19T13:26:02","date_gmt":"2025-08-19T11:26:02","guid":{"rendered":"https:\/\/www.leopard.ch\/?page_id=2355"},"modified":"2025-09-28T21:36:24","modified_gmt":"2025-09-28T19:36:24","slug":"community-conservation-club","status":"publish","type":"page","link":"https:\/\/www.leopard.ch\/index.php\/bildung\/projekte-im-nachbardorf-kaudwane\/community-conservation-club\/","title":{"rendered":"Community Conservation Club"},"content":{"rendered":"\n<div class=\"wp-block-group is-vertical is-layout-flex wp-container-core-group-is-layout-8cf370e7 wp-block-group-is-layout-flex\">\n<div class=\"wp-block-columns is-layout-flex wp-container-core-columns-is-layout-9d6595d7 wp-block-columns-is-layout-flex\">\n<div class=\"wp-block-column is-vertically-aligned-center is-layout-flow wp-block-column-is-layout-flow\">\n<p>Der Community Conservation Club (CCC) wurde 2018 gegr\u00fcndet und ist eine freiwillige Initiative mit sechs Mitgliedern, die jeweils einen anderen Teil des Dorfes Kaudwane vertreten. Dieser inklusive Ansatz stellt sicher, dass alle Teile der Dorfgemeinschaft in die Naturschutzarbeit einbezogen werden und Zugang zu wichtigen Informationen haben. Der Club ist so etwas wie der verl\u00e4ngerte Arm von LEC in der Gemeinschaft: Er koordiniert Naturschutzprojekte, Wiederherstellung von Lebensr\u00e4umen, Aufr\u00e4umaktionen und nachhaltige Einkommensprojekte wie Hausg\u00e4rten. Diese Aktivit\u00e4ten verbessern nicht nur die Umwelt, sondern bringen den Haushalten auch direkten Nutzen, indem sie Familien helfen, umweltfreundliche Praktiken umzusetzen, die sowohl den Menschen als auch der Natur zugutekommen.<\/p>\n<\/div>\n\n\n\n<div class=\"wp-block-column is-vertically-aligned-center is-layout-flow wp-block-column-is-layout-flow\">\n<figure class=\"wp-block-image size-large is-resized\"><img loading=\"lazy\" decoding=\"async\" width=\"1024\" height=\"682\" src=\"https:\/\/www.leopard.ch\/wp-content\/uploads\/2025\/09\/CCC_members-Large-1024x682.jpeg\" alt=\"\" class=\"wp-image-2558\" style=\"width:440px;height:auto\" srcset=\"https:\/\/www.leopard.ch\/wp-content\/uploads\/2025\/09\/CCC_members-Large-1024x682.jpeg 1024w, https:\/\/www.leopard.ch\/wp-content\/uploads\/2025\/09\/CCC_members-Large-300x200.jpeg 300w, https:\/\/www.leopard.ch\/wp-content\/uploads\/2025\/09\/CCC_members-Large-768x512.jpeg 768w, https:\/\/www.leopard.ch\/wp-content\/uploads\/2025\/09\/CCC_members-Large.jpeg 1280w\" sizes=\"auto, (max-width: 1024px) 100vw, 1024px\" \/><\/figure>\n<\/div>\n<\/div>\n\n\n\n<p>Durch die B\u00fcndelung der lokalen Naturschutzmassnahmen hilft der CCC, Doppelspurigkeiten zu vermeiden und sicherzustellen, dass Ressourcen \u2013 ob Zeit, Geld oder Arbeitskraft \u2013 effizient eingesetzt werden. Gleichzeitig dient der Club als Kommunikationsbr\u00fccke zwischen LEC und der Dorfgemeinschaft: Er gibt Informationen weiter, sammelt R\u00fcckmeldungen und achtet darauf, dass die Naturschutzprojekte den Bed\u00fcrfnissen und W\u00fcnschen der Menschen vor Ort entsprechen. Die Mitglieder treffen sich regelm\u00e4ssig, um Veranstaltungen zu planen, den Fortschritt zu \u00fcberwachen und neue Herausforderungen anzupacken. Sie sind Vorbilder f\u00fcr andere und ermutigen sowohl Jugendliche als auch Erwachsene, sich ebenfalls einzubringen.<\/p>\n<\/div>\n\n\n\n<div style=\"height:40px\" aria-hidden=\"true\" class=\"wp-block-spacer\"><\/div>\n\n\n\n<div class=\"wp-block-media-text is-stacked-on-mobile\" style=\"grid-template-columns:34% auto\"><figure class=\"wp-block-media-text__media\"><img loading=\"lazy\" decoding=\"async\" width=\"1024\" height=\"640\" src=\"https:\/\/www.leopard.ch\/wp-content\/uploads\/2025\/09\/CCC_Verical_plot-Large-1024x640.jpeg\" alt=\"\" class=\"wp-image-2554 size-full\" srcset=\"https:\/\/www.leopard.ch\/wp-content\/uploads\/2025\/09\/CCC_Verical_plot-Large-1024x640.jpeg 1024w, https:\/\/www.leopard.ch\/wp-content\/uploads\/2025\/09\/CCC_Verical_plot-Large-300x188.jpeg 300w, https:\/\/www.leopard.ch\/wp-content\/uploads\/2025\/09\/CCC_Verical_plot-Large-768x480.jpeg 768w, https:\/\/www.leopard.ch\/wp-content\/uploads\/2025\/09\/CCC_Verical_plot-Large.jpeg 1280w\" sizes=\"auto, (max-width: 1024px) 100vw, 1024px\" \/><\/figure><div class=\"wp-block-media-text__content\">\n<p>Da der Club auf Freiwilligenbasis arbeitet, unterst\u00fctzt LEC die Mitglieder mit Motivation und praktischen Anreizen, indem kleine, nachhaltige Projekte gef\u00f6rdert werden, die den Mitgliedern direkt zugutekommen und gleichzeitig den Naturschutzgedanken st\u00e4rken. Ein solches Projekt war die Einrichtung von Hausg\u00e4rten f\u00fcr alle CCC-Mitglieder. LEC stellte die Startressourcen wie Samen, Werkzeuge und Schattennetze zur Verf\u00fcgung, damit die Mitglieder ihre G\u00e4rten anlegen und mit dem Anbau von frischem Gem\u00fcse beginnen konnten.<\/p>\n<\/div><\/div>\n\n\n\n<div style=\"height:20px\" aria-hidden=\"true\" class=\"wp-block-spacer\"><\/div>\n\n\n\n<p>Um den langfristigen Erfolg zu sichern, organisierte LEC zudem Schulungen in Gartenbau. Die Mitglieder lernten, wie man den Boden vorbereitet, Wasser effizient nutzt, Kompost herstellt und Pflanzen pflegt. Dieses Wissen macht sie unabh\u00e4ngiger, reduziert die Abh\u00e4ngigkeit von externen Ressourcen und f\u00f6rdert ges\u00fcndere Ern\u00e4hrungsgewohnheiten und Ern\u00e4hrungssicherheit in den Haushalten. Die G\u00e4rten sind dabei weit mehr als nur eine Nahrungsquelle: Sie dienen als Anschauungsbeispiel daf\u00fcr, wie Selbstversorgung und verbesserte Lebensgrundlagen Hand in Hand gehen k\u00f6nnen. Indem sie diese nachhaltigen Praktiken vorleben, inspirieren die CCC-Mitglieder andere Dorfbewohner \u2013 insbesondere Jugendliche und Frauen \u2013, \u00e4hnliche Initiativen in ihren eigenen Haushalten umzusetzen.<\/p>\n\n\n\n<p>Durch den Aufbau dieser F\u00e4higkeiten auf Gemeinschaftsebene st\u00e4rkt der Club die Widerstandsf\u00e4higkeit der Menschen gegen\u00fcber \u00f6kologischen und sozialen Herausforderungen. So wird Naturschutz nicht als einmaliges Projekt verstanden, sondern als eine fortlaufende, gemeinsame Verpflichtung.<\/p>\n","protected":false},"excerpt":{"rendered":"<p>Der Community Conservation Club (CCC) wurde 2018 gegr\u00fcndet und ist eine freiwillige Initiative mit sechs Mitgliedern, die jeweils einen anderen Teil des Dorfes Kaudwane vertreten. Dieser inklusive Ansatz stellt sicher, dass alle Teile der Dorfgemeinschaft in die Naturschutzarbeit einbezogen werden und Zugang zu wichtigen Informationen haben. Der Club ist so etwas wie der verl\u00e4ngerte Arm [&hellip;]<\/p>\n","protected":false},"author":3,"featured_media":0,"parent":117,"menu_order":0,"comment_status":"closed","ping_status":"closed","template":"","meta":{"footnotes":""},"class_list":["post-2355","page","type-page","status-publish","czr-hentry"],"yoast_head":"<!-- This site is optimized with the Yoast SEO plugin v27.4 - https:\/\/yoast.com\/product\/yoast-seo-wordpress\/ -->\n<title>Community Conservation Club - Leopard Ecology &amp; Conservation<\/title>\n<meta name=\"robots\" content=\"index, follow, max-snippet:-1, max-image-preview:large, max-video-preview:-1\" \/>\n<link rel=\"canonical\" href=\"https:\/\/www.leopard.ch\/index.php\/bildung\/projekte-im-nachbardorf-kaudwane\/community-conservation-club\/\" \/>\n<meta property=\"og:locale\" content=\"en_US\" \/>\n<meta property=\"og:type\" content=\"article\" \/>\n<meta property=\"og:title\" content=\"Community Conservation Club - Leopard Ecology &amp; Conservation\" \/>\n<meta property=\"og:description\" content=\"Der Community Conservation Club (CCC) wurde 2018 gegr\u00fcndet und ist eine freiwillige Initiative mit sechs Mitgliedern, die jeweils einen anderen Teil des Dorfes Kaudwane vertreten. Dieser inklusive Ansatz stellt sicher, dass alle Teile der Dorfgemeinschaft in die Naturschutzarbeit einbezogen werden und Zugang zu wichtigen Informationen haben. Der Club ist so etwas wie der verl\u00e4ngerte Arm [&hellip;]\" \/>\n<meta property=\"og:url\" content=\"https:\/\/www.leopard.ch\/index.php\/bildung\/projekte-im-nachbardorf-kaudwane\/community-conservation-club\/\" \/>\n<meta property=\"og:site_name\" content=\"Leopard Ecology &amp; Conservation\" \/>\n<meta property=\"article:modified_time\" content=\"2025-09-28T19:36:24+00:00\" \/>\n<meta property=\"og:image\" content=\"https:\/\/www.leopard.ch\/wp-content\/uploads\/2025\/09\/CCC_members-Large.jpeg\" \/>\n\t<meta property=\"og:image:width\" content=\"1280\" \/>\n\t<meta property=\"og:image:height\" content=\"853\" \/>\n\t<meta property=\"og:image:type\" content=\"image\/jpeg\" \/>\n<meta name=\"twitter:card\" content=\"summary_large_image\" \/>\n<meta name=\"twitter:label1\" content=\"Est. reading time\" \/>\n\t<meta name=\"twitter:data1\" content=\"3 minutes\" \/>\n<script type=\"application\/ld+json\" class=\"yoast-schema-graph\">{\"@context\":\"https:\\\/\\\/schema.org\",\"@graph\":[{\"@type\":\"WebPage\",\"@id\":\"https:\\\/\\\/www.leopard.ch\\\/index.php\\\/bildung\\\/projekte-im-nachbardorf-kaudwane\\\/community-conservation-club\\\/\",\"url\":\"https:\\\/\\\/www.leopard.ch\\\/index.php\\\/bildung\\\/projekte-im-nachbardorf-kaudwane\\\/community-conservation-club\\\/\",\"name\":\"Community Conservation Club - Leopard Ecology &amp; Conservation\",\"isPartOf\":{\"@id\":\"https:\\\/\\\/www.leopard.ch\\\/#website\"},\"primaryImageOfPage\":{\"@id\":\"https:\\\/\\\/www.leopard.ch\\\/index.php\\\/bildung\\\/projekte-im-nachbardorf-kaudwane\\\/community-conservation-club\\\/#primaryimage\"},\"image\":{\"@id\":\"https:\\\/\\\/www.leopard.ch\\\/index.php\\\/bildung\\\/projekte-im-nachbardorf-kaudwane\\\/community-conservation-club\\\/#primaryimage\"},\"thumbnailUrl\":\"https:\\\/\\\/www.leopard.ch\\\/wp-content\\\/uploads\\\/2025\\\/09\\\/CCC_members-Large-1024x682.jpeg\",\"datePublished\":\"2025-08-19T11:26:02+00:00\",\"dateModified\":\"2025-09-28T19:36:24+00:00\",\"breadcrumb\":{\"@id\":\"https:\\\/\\\/www.leopard.ch\\\/index.php\\\/bildung\\\/projekte-im-nachbardorf-kaudwane\\\/community-conservation-club\\\/#breadcrumb\"},\"inLanguage\":\"en-US\",\"potentialAction\":[{\"@type\":\"ReadAction\",\"target\":[\"https:\\\/\\\/www.leopard.ch\\\/index.php\\\/bildung\\\/projekte-im-nachbardorf-kaudwane\\\/community-conservation-club\\\/\"]}]},{\"@type\":\"ImageObject\",\"inLanguage\":\"en-US\",\"@id\":\"https:\\\/\\\/www.leopard.ch\\\/index.php\\\/bildung\\\/projekte-im-nachbardorf-kaudwane\\\/community-conservation-club\\\/#primaryimage\",\"url\":\"https:\\\/\\\/www.leopard.ch\\\/wp-content\\\/uploads\\\/2025\\\/09\\\/CCC_members-Large.jpeg\",\"contentUrl\":\"https:\\\/\\\/www.leopard.ch\\\/wp-content\\\/uploads\\\/2025\\\/09\\\/CCC_members-Large.jpeg\",\"width\":1280,\"height\":853},{\"@type\":\"BreadcrumbList\",\"@id\":\"https:\\\/\\\/www.leopard.ch\\\/index.php\\\/bildung\\\/projekte-im-nachbardorf-kaudwane\\\/community-conservation-club\\\/#breadcrumb\",\"itemListElement\":[{\"@type\":\"ListItem\",\"position\":1,\"name\":\"Home\",\"item\":\"https:\\\/\\\/www.leopard.ch\\\/\"},{\"@type\":\"ListItem\",\"position\":2,\"name\":\"Bildung &amp; Gesellschaftliches Engagement\",\"item\":\"https:\\\/\\\/www.leopard.ch\\\/index.php\\\/bildung\\\/\"},{\"@type\":\"ListItem\",\"position\":3,\"name\":\"Gesellschaftliches Engagement in Kaudwane und Umgebung\",\"item\":\"https:\\\/\\\/www.leopard.ch\\\/index.php\\\/bildung\\\/projekte-im-nachbardorf-kaudwane\\\/\"},{\"@type\":\"ListItem\",\"position\":4,\"name\":\"Community Conservation Club\"}]},{\"@type\":\"WebSite\",\"@id\":\"https:\\\/\\\/www.leopard.ch\\\/#website\",\"url\":\"https:\\\/\\\/www.leopard.ch\\\/\",\"name\":\"Leopard Ecology &amp; Conservation\",\"description\":\"Leopard and Lion Research\",\"publisher\":{\"@id\":\"https:\\\/\\\/www.leopard.ch\\\/#organization\"},\"potentialAction\":[{\"@type\":\"SearchAction\",\"target\":{\"@type\":\"EntryPoint\",\"urlTemplate\":\"https:\\\/\\\/www.leopard.ch\\\/?s={search_term_string}\"},\"query-input\":{\"@type\":\"PropertyValueSpecification\",\"valueRequired\":true,\"valueName\":\"search_term_string\"}}],\"inLanguage\":\"en-US\"},{\"@type\":\"Organization\",\"@id\":\"https:\\\/\\\/www.leopard.ch\\\/#organization\",\"name\":\"Leopard Ecology &amp; Conservation\",\"url\":\"https:\\\/\\\/www.leopard.ch\\\/\",\"logo\":{\"@type\":\"ImageObject\",\"inLanguage\":\"en-US\",\"@id\":\"https:\\\/\\\/www.leopard.ch\\\/#\\\/schema\\\/logo\\\/image\\\/\",\"url\":\"https:\\\/\\\/www.leopard.ch\\\/wp-content\\\/uploads\\\/2020\\\/10\\\/LECLogo_5cm_300dpi_.png\",\"contentUrl\":\"https:\\\/\\\/www.leopard.ch\\\/wp-content\\\/uploads\\\/2020\\\/10\\\/LECLogo_5cm_300dpi_.png\",\"width\":250,\"height\":250,\"caption\":\"Leopard Ecology &amp; Conservation\"},\"image\":{\"@id\":\"https:\\\/\\\/www.leopard.ch\\\/#\\\/schema\\\/logo\\\/image\\\/\"}}]}<\/script>\n<!-- \/ Yoast SEO plugin. -->","yoast_head_json":{"title":"Community Conservation Club - Leopard Ecology &amp; Conservation","robots":{"index":"index","follow":"follow","max-snippet":"max-snippet:-1","max-image-preview":"max-image-preview:large","max-video-preview":"max-video-preview:-1"},"canonical":"https:\/\/www.leopard.ch\/index.php\/bildung\/projekte-im-nachbardorf-kaudwane\/community-conservation-club\/","og_locale":"en_US","og_type":"article","og_title":"Community Conservation Club - Leopard Ecology &amp; Conservation","og_description":"Der Community Conservation Club (CCC) wurde 2018 gegr\u00fcndet und ist eine freiwillige Initiative mit sechs Mitgliedern, die jeweils einen anderen Teil des Dorfes Kaudwane vertreten. Dieser inklusive Ansatz stellt sicher, dass alle Teile der Dorfgemeinschaft in die Naturschutzarbeit einbezogen werden und Zugang zu wichtigen Informationen haben. Der Club ist so etwas wie der verl\u00e4ngerte Arm [&hellip;]","og_url":"https:\/\/www.leopard.ch\/index.php\/bildung\/projekte-im-nachbardorf-kaudwane\/community-conservation-club\/","og_site_name":"Leopard Ecology &amp; Conservation","article_modified_time":"2025-09-28T19:36:24+00:00","og_image":[{"width":1280,"height":853,"url":"https:\/\/www.leopard.ch\/wp-content\/uploads\/2025\/09\/CCC_members-Large.jpeg","type":"image\/jpeg"}],"twitter_card":"summary_large_image","twitter_misc":{"Est. reading time":"3 minutes"},"schema":{"@context":"https:\/\/schema.org","@graph":[{"@type":"WebPage","@id":"https:\/\/www.leopard.ch\/index.php\/bildung\/projekte-im-nachbardorf-kaudwane\/community-conservation-club\/","url":"https:\/\/www.leopard.ch\/index.php\/bildung\/projekte-im-nachbardorf-kaudwane\/community-conservation-club\/","name":"Community Conservation Club - Leopard Ecology &amp; Conservation","isPartOf":{"@id":"https:\/\/www.leopard.ch\/#website"},"primaryImageOfPage":{"@id":"https:\/\/www.leopard.ch\/index.php\/bildung\/projekte-im-nachbardorf-kaudwane\/community-conservation-club\/#primaryimage"},"image":{"@id":"https:\/\/www.leopard.ch\/index.php\/bildung\/projekte-im-nachbardorf-kaudwane\/community-conservation-club\/#primaryimage"},"thumbnailUrl":"https:\/\/www.leopard.ch\/wp-content\/uploads\/2025\/09\/CCC_members-Large-1024x682.jpeg","datePublished":"2025-08-19T11:26:02+00:00","dateModified":"2025-09-28T19:36:24+00:00","breadcrumb":{"@id":"https:\/\/www.leopard.ch\/index.php\/bildung\/projekte-im-nachbardorf-kaudwane\/community-conservation-club\/#breadcrumb"},"inLanguage":"en-US","potentialAction":[{"@type":"ReadAction","target":["https:\/\/www.leopard.ch\/index.php\/bildung\/projekte-im-nachbardorf-kaudwane\/community-conservation-club\/"]}]},{"@type":"ImageObject","inLanguage":"en-US","@id":"https:\/\/www.leopard.ch\/index.php\/bildung\/projekte-im-nachbardorf-kaudwane\/community-conservation-club\/#primaryimage","url":"https:\/\/www.leopard.ch\/wp-content\/uploads\/2025\/09\/CCC_members-Large.jpeg","contentUrl":"https:\/\/www.leopard.ch\/wp-content\/uploads\/2025\/09\/CCC_members-Large.jpeg","width":1280,"height":853},{"@type":"BreadcrumbList","@id":"https:\/\/www.leopard.ch\/index.php\/bildung\/projekte-im-nachbardorf-kaudwane\/community-conservation-club\/#breadcrumb","itemListElement":[{"@type":"ListItem","position":1,"name":"Home","item":"https:\/\/www.leopard.ch\/"},{"@type":"ListItem","position":2,"name":"Bildung &amp; Gesellschaftliches Engagement","item":"https:\/\/www.leopard.ch\/index.php\/bildung\/"},{"@type":"ListItem","position":3,"name":"Gesellschaftliches Engagement in Kaudwane und Umgebung","item":"https:\/\/www.leopard.ch\/index.php\/bildung\/projekte-im-nachbardorf-kaudwane\/"},{"@type":"ListItem","position":4,"name":"Community Conservation Club"}]},{"@type":"WebSite","@id":"https:\/\/www.leopard.ch\/#website","url":"https:\/\/www.leopard.ch\/","name":"Leopard Ecology &amp; Conservation","description":"Leopard and Lion Research","publisher":{"@id":"https:\/\/www.leopard.ch\/#organization"},"potentialAction":[{"@type":"SearchAction","target":{"@type":"EntryPoint","urlTemplate":"https:\/\/www.leopard.ch\/?s={search_term_string}"},"query-input":{"@type":"PropertyValueSpecification","valueRequired":true,"valueName":"search_term_string"}}],"inLanguage":"en-US"},{"@type":"Organization","@id":"https:\/\/www.leopard.ch\/#organization","name":"Leopard Ecology &amp; Conservation","url":"https:\/\/www.leopard.ch\/","logo":{"@type":"ImageObject","inLanguage":"en-US","@id":"https:\/\/www.leopard.ch\/#\/schema\/logo\/image\/","url":"https:\/\/www.leopard.ch\/wp-content\/uploads\/2020\/10\/LECLogo_5cm_300dpi_.png","contentUrl":"https:\/\/www.leopard.ch\/wp-content\/uploads\/2020\/10\/LECLogo_5cm_300dpi_.png","width":250,"height":250,"caption":"Leopard Ecology &amp; Conservation"},"image":{"@id":"https:\/\/www.leopard.ch\/#\/schema\/logo\/image\/"}}]}},"_links":{"self":[{"href":"https:\/\/www.leopard.ch\/index.php\/wp-json\/wp\/v2\/pages\/2355","targetHints":{"allow":["GET"]}}],"collection":[{"href":"https:\/\/www.leopard.ch\/index.php\/wp-json\/wp\/v2\/pages"}],"about":[{"href":"https:\/\/www.leopard.ch\/index.php\/wp-json\/wp\/v2\/types\/page"}],"author":[{"embeddable":true,"href":"https:\/\/www.leopard.ch\/index.php\/wp-json\/wp\/v2\/users\/3"}],"replies":[{"embeddable":true,"href":"https:\/\/www.leopard.ch\/index.php\/wp-json\/wp\/v2\/comments?post=2355"}],"version-history":[{"count":2,"href":"https:\/\/www.leopard.ch\/index.php\/wp-json\/wp\/v2\/pages\/2355\/revisions"}],"predecessor-version":[{"id":2576,"href":"https:\/\/www.leopard.ch\/index.php\/wp-json\/wp\/v2\/pages\/2355\/revisions\/2576"}],"up":[{"embeddable":true,"href":"https:\/\/www.leopard.ch\/index.php\/wp-json\/wp\/v2\/pages\/117"}],"wp:attachment":[{"href":"https:\/\/www.leopard.ch\/index.php\/wp-json\/wp\/v2\/media?parent=2355"}],"curies":[{"name":"wp","href":"https:\/\/api.w.org\/{rel}","templated":true}]}}