{"id":2312,"date":"2025-08-08T15:03:01","date_gmt":"2025-08-08T13:03:01","guid":{"rendered":"https:\/\/www.leopard.ch\/?page_id=2312"},"modified":"2025-09-25T12:42:33","modified_gmt":"2025-09-25T10:42:33","slug":"forschungsprojekte","status":"publish","type":"page","link":"https:\/\/www.leopard.ch\/index.php\/forschung\/forschungsprojekte\/","title":{"rendered":"Forschungsprojekte"},"content":{"rendered":"\n<p><strong>Welche Daten werden erhoben, um Lebensweise der Leoparden und L\u00f6wen besser zu verstehen?<\/strong><\/p>\n\n\n\n<ul class=\"wp-block-list\">\n<li>Satelliten-Telemetriedaten f\u00fcr die Analyse von <a href=\"https:\/\/www.leopard.ch\/index.php\/forschung\/forschungsprojekte\/bewegungsmuster-und-lebensraum\/\">Bewegungsmustern und dem Lebensraum der Leoparden und L\u00f6wen<\/a><\/li>\n\n\n\n<li><a href=\"https:\/\/www.leopard.ch\/index.php\/satelliten-telemetrie-und-spurenlesen-mit-einheimischen-san\/\">F\u00e4hrtenlesen und die Interpretation der Spuren<\/a> durch die San, um Bewegungsmuster und Verhalten zu dokumentieren<\/li>\n\n\n\n<li>Direktes Beobachten der Verhaltensweisen der Raubkatzen<\/li>\n\n\n\n<li><a href=\"https:\/\/www.leopard.ch\/index.php\/forschung\/forschungsprojekte\/beuteverfugbarkeit\/\">Verf\u00fcgbarkeit der Beutetieren<\/a> und <a href=\"https:\/\/www.leopard.ch\/index.php\/forschung\/forschungsprojekte\/beutespektrum\/\">Analyse des Beutespektrums<\/a> mittels Spuren- und Kotanalysen sowie anhand von Beutetier\u00fcberresten<\/li>\n\n\n\n<li>Identifikationsdatenbanken basierend auf Bildern von Individuen (T\u00fcpfelmuster bei Leoparden, Schnurrhaaranordnung bei L\u00f6wen)<\/li>\n\n\n\n<li>Einsatz von Kamerafallen zur Ermittlung der <a href=\"https:\/\/www.leopard.ch\/index.php\/forschung\/forschungsprojekte\/populationsdichte\/\">Leoparden-Populationsdichte<\/a><\/li>\n\n\n\n<li>Integration von Kamerafallen, GPS-Telemetrie und traditionellem F\u00e4hrtenlesen der San zur Analyse von <a href=\"https:\/\/www.leopard.ch\/index.php\/forschung\/forschungsprojekte\/populationsdynamik\/\">Populationsdynamik<\/a>, Demografie und Sozialverhalten<\/li>\n\n\n\n<li>Analysen von Gewebeproben f\u00fcr genetische Informationen \u00fcber die Studientiere<\/li>\n\n\n\n<li>Kontrolle des Gesundheitzustandes mittels Beobachtungen im Feld und Gewebeanalysen im Labor<\/li>\n\n\n\n<li>\u00dcberwachen von angeordneten Umsiedlungen und Evaluation der daraus resultierenden Auswirkungen auf das System<\/li>\n\n\n\n<li><a href=\"https:\/\/www.leopard.ch\/index.php\/forschung\/forschungsprojekte\/bienen\/\">Bienen f\u00fcr Mensch und Umwelt<\/a><\/li>\n\n\n\n<li>Umfragen bei Interessensgemeinschaften<\/li>\n<\/ul>\n\n\n\n<p>LEC kooperiert fachlich mit Universit\u00e4ten und lokalen Institutionen sowie Regierungsbeh\u00f6rden.<\/p>\n","protected":false},"excerpt":{"rendered":"<p>Welche Daten werden erhoben, um Lebensweise der Leoparden und L\u00f6wen besser zu verstehen? LEC kooperiert fachlich mit Universit\u00e4ten und lokalen Institutionen sowie Regierungsbeh\u00f6rden.<\/p>\n","protected":false},"author":3,"featured_media":0,"parent":259,"menu_order":0,"comment_status":"closed","ping_status":"closed","template":"","meta":{"footnotes":""},"class_list":["post-2312","page","type-page","status-publish","czr-hentry"],"yoast_head":"<!-- This site is optimized with the Yoast SEO plugin v27.3 - https:\/\/yoast.com\/product\/yoast-seo-wordpress\/ -->\n<title>Forschungsprojekte - Leopard Ecology &amp; Conservation<\/title>\n<meta name=\"robots\" content=\"index, follow, max-snippet:-1, max-image-preview:large, max-video-preview:-1\" \/>\n<link rel=\"canonical\" href=\"https:\/\/www.leopard.ch\/index.php\/forschung\/forschungsprojekte\/\" \/>\n<meta property=\"og:locale\" content=\"en_US\" \/>\n<meta property=\"og:type\" content=\"article\" \/>\n<meta property=\"og:title\" content=\"Forschungsprojekte - Leopard Ecology &amp; Conservation\" \/>\n<meta property=\"og:description\" content=\"Welche Daten werden erhoben, um Lebensweise der Leoparden und L\u00f6wen besser zu verstehen? LEC kooperiert fachlich mit Universit\u00e4ten und lokalen Institutionen sowie Regierungsbeh\u00f6rden.\" \/>\n<meta property=\"og:url\" content=\"https:\/\/www.leopard.ch\/index.php\/forschung\/forschungsprojekte\/\" \/>\n<meta property=\"og:site_name\" content=\"Leopard Ecology &amp; Conservation\" \/>\n<meta property=\"article:modified_time\" content=\"2025-09-25T10:42:33+00:00\" \/>\n<meta name=\"twitter:card\" content=\"summary_large_image\" \/>\n<meta name=\"twitter:label1\" content=\"Est. reading time\" \/>\n\t<meta name=\"twitter:data1\" content=\"1 minute\" \/>\n<script type=\"application\/ld+json\" class=\"yoast-schema-graph\">{\"@context\":\"https:\\\/\\\/schema.org\",\"@graph\":[{\"@type\":\"WebPage\",\"@id\":\"https:\\\/\\\/www.leopard.ch\\\/index.php\\\/forschung\\\/forschungsprojekte\\\/\",\"url\":\"https:\\\/\\\/www.leopard.ch\\\/index.php\\\/forschung\\\/forschungsprojekte\\\/\",\"name\":\"Forschungsprojekte - Leopard Ecology &amp; Conservation\",\"isPartOf\":{\"@id\":\"https:\\\/\\\/www.leopard.ch\\\/#website\"},\"datePublished\":\"2025-08-08T13:03:01+00:00\",\"dateModified\":\"2025-09-25T10:42:33+00:00\",\"breadcrumb\":{\"@id\":\"https:\\\/\\\/www.leopard.ch\\\/index.php\\\/forschung\\\/forschungsprojekte\\\/#breadcrumb\"},\"inLanguage\":\"en-US\",\"potentialAction\":[{\"@type\":\"ReadAction\",\"target\":[\"https:\\\/\\\/www.leopard.ch\\\/index.php\\\/forschung\\\/forschungsprojekte\\\/\"]}]},{\"@type\":\"BreadcrumbList\",\"@id\":\"https:\\\/\\\/www.leopard.ch\\\/index.php\\\/forschung\\\/forschungsprojekte\\\/#breadcrumb\",\"itemListElement\":[{\"@type\":\"ListItem\",\"position\":1,\"name\":\"Home\",\"item\":\"https:\\\/\\\/www.leopard.ch\\\/\"},{\"@type\":\"ListItem\",\"position\":2,\"name\":\"Forschung\",\"item\":\"https:\\\/\\\/www.leopard.ch\\\/index.php\\\/forschung\\\/\"},{\"@type\":\"ListItem\",\"position\":3,\"name\":\"Forschungsprojekte\"}]},{\"@type\":\"WebSite\",\"@id\":\"https:\\\/\\\/www.leopard.ch\\\/#website\",\"url\":\"https:\\\/\\\/www.leopard.ch\\\/\",\"name\":\"Leopard Ecology &amp; Conservation\",\"description\":\"Leopard and Lion Research\",\"publisher\":{\"@id\":\"https:\\\/\\\/www.leopard.ch\\\/#organization\"},\"potentialAction\":[{\"@type\":\"SearchAction\",\"target\":{\"@type\":\"EntryPoint\",\"urlTemplate\":\"https:\\\/\\\/www.leopard.ch\\\/?s={search_term_string}\"},\"query-input\":{\"@type\":\"PropertyValueSpecification\",\"valueRequired\":true,\"valueName\":\"search_term_string\"}}],\"inLanguage\":\"en-US\"},{\"@type\":\"Organization\",\"@id\":\"https:\\\/\\\/www.leopard.ch\\\/#organization\",\"name\":\"Leopard Ecology &amp; Conservation\",\"url\":\"https:\\\/\\\/www.leopard.ch\\\/\",\"logo\":{\"@type\":\"ImageObject\",\"inLanguage\":\"en-US\",\"@id\":\"https:\\\/\\\/www.leopard.ch\\\/#\\\/schema\\\/logo\\\/image\\\/\",\"url\":\"https:\\\/\\\/www.leopard.ch\\\/wp-content\\\/uploads\\\/2020\\\/10\\\/LECLogo_5cm_300dpi_.png\",\"contentUrl\":\"https:\\\/\\\/www.leopard.ch\\\/wp-content\\\/uploads\\\/2020\\\/10\\\/LECLogo_5cm_300dpi_.png\",\"width\":250,\"height\":250,\"caption\":\"Leopard Ecology &amp; Conservation\"},\"image\":{\"@id\":\"https:\\\/\\\/www.leopard.ch\\\/#\\\/schema\\\/logo\\\/image\\\/\"}}]}<\/script>\n<!-- \/ Yoast SEO plugin. -->","yoast_head_json":{"title":"Forschungsprojekte - Leopard Ecology &amp; Conservation","robots":{"index":"index","follow":"follow","max-snippet":"max-snippet:-1","max-image-preview":"max-image-preview:large","max-video-preview":"max-video-preview:-1"},"canonical":"https:\/\/www.leopard.ch\/index.php\/forschung\/forschungsprojekte\/","og_locale":"en_US","og_type":"article","og_title":"Forschungsprojekte - Leopard Ecology &amp; Conservation","og_description":"Welche Daten werden erhoben, um Lebensweise der Leoparden und L\u00f6wen besser zu verstehen? LEC kooperiert fachlich mit Universit\u00e4ten und lokalen Institutionen sowie Regierungsbeh\u00f6rden.","og_url":"https:\/\/www.leopard.ch\/index.php\/forschung\/forschungsprojekte\/","og_site_name":"Leopard Ecology &amp; Conservation","article_modified_time":"2025-09-25T10:42:33+00:00","twitter_card":"summary_large_image","twitter_misc":{"Est. reading time":"1 minute"},"schema":{"@context":"https:\/\/schema.org","@graph":[{"@type":"WebPage","@id":"https:\/\/www.leopard.ch\/index.php\/forschung\/forschungsprojekte\/","url":"https:\/\/www.leopard.ch\/index.php\/forschung\/forschungsprojekte\/","name":"Forschungsprojekte - Leopard Ecology &amp; Conservation","isPartOf":{"@id":"https:\/\/www.leopard.ch\/#website"},"datePublished":"2025-08-08T13:03:01+00:00","dateModified":"2025-09-25T10:42:33+00:00","breadcrumb":{"@id":"https:\/\/www.leopard.ch\/index.php\/forschung\/forschungsprojekte\/#breadcrumb"},"inLanguage":"en-US","potentialAction":[{"@type":"ReadAction","target":["https:\/\/www.leopard.ch\/index.php\/forschung\/forschungsprojekte\/"]}]},{"@type":"BreadcrumbList","@id":"https:\/\/www.leopard.ch\/index.php\/forschung\/forschungsprojekte\/#breadcrumb","itemListElement":[{"@type":"ListItem","position":1,"name":"Home","item":"https:\/\/www.leopard.ch\/"},{"@type":"ListItem","position":2,"name":"Forschung","item":"https:\/\/www.leopard.ch\/index.php\/forschung\/"},{"@type":"ListItem","position":3,"name":"Forschungsprojekte"}]},{"@type":"WebSite","@id":"https:\/\/www.leopard.ch\/#website","url":"https:\/\/www.leopard.ch\/","name":"Leopard Ecology &amp; Conservation","description":"Leopard and Lion Research","publisher":{"@id":"https:\/\/www.leopard.ch\/#organization"},"potentialAction":[{"@type":"SearchAction","target":{"@type":"EntryPoint","urlTemplate":"https:\/\/www.leopard.ch\/?s={search_term_string}"},"query-input":{"@type":"PropertyValueSpecification","valueRequired":true,"valueName":"search_term_string"}}],"inLanguage":"en-US"},{"@type":"Organization","@id":"https:\/\/www.leopard.ch\/#organization","name":"Leopard Ecology &amp; Conservation","url":"https:\/\/www.leopard.ch\/","logo":{"@type":"ImageObject","inLanguage":"en-US","@id":"https:\/\/www.leopard.ch\/#\/schema\/logo\/image\/","url":"https:\/\/www.leopard.ch\/wp-content\/uploads\/2020\/10\/LECLogo_5cm_300dpi_.png","contentUrl":"https:\/\/www.leopard.ch\/wp-content\/uploads\/2020\/10\/LECLogo_5cm_300dpi_.png","width":250,"height":250,"caption":"Leopard Ecology &amp; Conservation"},"image":{"@id":"https:\/\/www.leopard.ch\/#\/schema\/logo\/image\/"}}]}},"_links":{"self":[{"href":"https:\/\/www.leopard.ch\/index.php\/wp-json\/wp\/v2\/pages\/2312","targetHints":{"allow":["GET"]}}],"collection":[{"href":"https:\/\/www.leopard.ch\/index.php\/wp-json\/wp\/v2\/pages"}],"about":[{"href":"https:\/\/www.leopard.ch\/index.php\/wp-json\/wp\/v2\/types\/page"}],"author":[{"embeddable":true,"href":"https:\/\/www.leopard.ch\/index.php\/wp-json\/wp\/v2\/users\/3"}],"replies":[{"embeddable":true,"href":"https:\/\/www.leopard.ch\/index.php\/wp-json\/wp\/v2\/comments?post=2312"}],"version-history":[{"count":3,"href":"https:\/\/www.leopard.ch\/index.php\/wp-json\/wp\/v2\/pages\/2312\/revisions"}],"predecessor-version":[{"id":2521,"href":"https:\/\/www.leopard.ch\/index.php\/wp-json\/wp\/v2\/pages\/2312\/revisions\/2521"}],"up":[{"embeddable":true,"href":"https:\/\/www.leopard.ch\/index.php\/wp-json\/wp\/v2\/pages\/259"}],"wp:attachment":[{"href":"https:\/\/www.leopard.ch\/index.php\/wp-json\/wp\/v2\/media?parent=2312"}],"curies":[{"name":"wp","href":"https:\/\/api.w.org\/{rel}","templated":true}]}}