{"id":1996,"date":"2021-06-03T17:12:27","date_gmt":"2021-06-03T15:12:27","guid":{"rendered":"https:\/\/www.leopard.ch\/?page_id=1996"},"modified":"2024-07-29T15:34:52","modified_gmt":"2024-07-29T13:34:52","slug":"ehrenamtliche-stellen","status":"publish","type":"page","link":"https:\/\/www.leopard.ch\/index.php\/unterstutze-uns\/spenden_und_helfen\/werde-teil-des-lec-teams\/ehrenamtliche-stellen\/","title":{"rendered":"Ehrenamtliche Stellen"},"content":{"rendered":"\n<p>Bitte beachten Sie, dass wir keine internationalen Volont\u00e4re in Botswana aufnehmen k\u00f6nnen. Es gibt jedoch gelegentlich M\u00f6glichkeiten f\u00fcr Praktikanten und Freiwillige, die nicht vor Ort arbeiten oder Projekte und Aktivit\u00e4ten aus der Ferne unterst\u00fctzen.<\/p>\n\n\n\n<p>Alle offenen Arbeitsm\u00f6glichkeiten (bezahlt und unbezahlt) werden <a href=\"https:\/\/www.leopard.ch\/index.php\/unterstutze-uns\/so-konnen-sie-helfen\/werde-teil-des-lec-teams\/offene-stellen\/\">hier<\/a> ausgeschrieben. Bevor Sie sich auf eine der angebotenen Stellen bewerben, pr\u00fcfen Sie bitte, ob die Stelle f\u00fcr internationale oder nur f\u00fcr in Botswana ans\u00e4ssige Bewerber offen ist. Wir danken Ihnen.<\/p>\n","protected":false},"excerpt":{"rendered":"<p>Bitte beachten Sie, dass wir keine internationalen Volont\u00e4re in Botswana aufnehmen k\u00f6nnen. Es gibt jedoch gelegentlich M\u00f6glichkeiten f\u00fcr Praktikanten und Freiwillige, die nicht vor Ort arbeiten oder Projekte und Aktivit\u00e4ten aus der Ferne unterst\u00fctzen. Alle offenen Arbeitsm\u00f6glichkeiten (bezahlt und unbezahlt) werden hier ausgeschrieben. Bevor Sie sich auf eine der angebotenen Stellen bewerben, pr\u00fcfen Sie bitte, [&hellip;]<\/p>\n","protected":false},"author":3,"featured_media":1606,"parent":1983,"menu_order":5,"comment_status":"closed","ping_status":"closed","template":"","meta":{"footnotes":""},"class_list":["post-1996","page","type-page","status-publish","has-post-thumbnail","czr-hentry"],"yoast_head":"<!-- This site is optimized with the Yoast SEO plugin v27.3 - https:\/\/yoast.com\/product\/yoast-seo-wordpress\/ -->\n<title>Ehrenamtliche Stellen - Leopard Ecology &amp; Conservation<\/title>\n<meta name=\"robots\" content=\"index, follow, max-snippet:-1, max-image-preview:large, max-video-preview:-1\" \/>\n<link rel=\"canonical\" href=\"https:\/\/www.leopard.ch\/index.php\/unterstutze-uns\/spenden_und_helfen\/werde-teil-des-lec-teams\/ehrenamtliche-stellen\/\" \/>\n<meta property=\"og:locale\" content=\"en_US\" \/>\n<meta property=\"og:type\" content=\"article\" \/>\n<meta property=\"og:title\" content=\"Ehrenamtliche Stellen - Leopard Ecology &amp; Conservation\" \/>\n<meta property=\"og:description\" content=\"Bitte beachten Sie, dass wir keine internationalen Volont\u00e4re in Botswana aufnehmen k\u00f6nnen. Es gibt jedoch gelegentlich M\u00f6glichkeiten f\u00fcr Praktikanten und Freiwillige, die nicht vor Ort arbeiten oder Projekte und Aktivit\u00e4ten aus der Ferne unterst\u00fctzen. Alle offenen Arbeitsm\u00f6glichkeiten (bezahlt und unbezahlt) werden hier ausgeschrieben. Bevor Sie sich auf eine der angebotenen Stellen bewerben, pr\u00fcfen Sie bitte, [&hellip;]\" \/>\n<meta property=\"og:url\" content=\"https:\/\/www.leopard.ch\/index.php\/unterstutze-uns\/spenden_und_helfen\/werde-teil-des-lec-teams\/ehrenamtliche-stellen\/\" \/>\n<meta property=\"og:site_name\" content=\"Leopard Ecology &amp; Conservation\" \/>\n<meta property=\"article:modified_time\" content=\"2024-07-29T13:34:52+00:00\" \/>\n<meta property=\"og:image\" content=\"https:\/\/www.leopard.ch\/wp-content\/uploads\/2023\/09\/Website_advert_head_picture_2-scaled.jpg\" \/>\n\t<meta property=\"og:image:width\" content=\"2560\" \/>\n\t<meta property=\"og:image:height\" content=\"1002\" \/>\n\t<meta property=\"og:image:type\" content=\"image\/jpeg\" \/>\n<meta name=\"twitter:card\" content=\"summary_large_image\" \/>\n<meta name=\"twitter:label1\" content=\"Est. reading time\" \/>\n\t<meta name=\"twitter:data1\" content=\"1 minute\" \/>\n<script type=\"application\/ld+json\" class=\"yoast-schema-graph\">{\"@context\":\"https:\\\/\\\/schema.org\",\"@graph\":[{\"@type\":\"WebPage\",\"@id\":\"https:\\\/\\\/www.leopard.ch\\\/index.php\\\/unterstutze-uns\\\/spenden_und_helfen\\\/werde-teil-des-lec-teams\\\/ehrenamtliche-stellen\\\/\",\"url\":\"https:\\\/\\\/www.leopard.ch\\\/index.php\\\/unterstutze-uns\\\/spenden_und_helfen\\\/werde-teil-des-lec-teams\\\/ehrenamtliche-stellen\\\/\",\"name\":\"Ehrenamtliche Stellen - Leopard Ecology &amp; Conservation\",\"isPartOf\":{\"@id\":\"https:\\\/\\\/www.leopard.ch\\\/#website\"},\"primaryImageOfPage\":{\"@id\":\"https:\\\/\\\/www.leopard.ch\\\/index.php\\\/unterstutze-uns\\\/spenden_und_helfen\\\/werde-teil-des-lec-teams\\\/ehrenamtliche-stellen\\\/#primaryimage\"},\"image\":{\"@id\":\"https:\\\/\\\/www.leopard.ch\\\/index.php\\\/unterstutze-uns\\\/spenden_und_helfen\\\/werde-teil-des-lec-teams\\\/ehrenamtliche-stellen\\\/#primaryimage\"},\"thumbnailUrl\":\"https:\\\/\\\/www.leopard.ch\\\/wp-content\\\/uploads\\\/2023\\\/09\\\/Website_advert_head_picture_2-scaled.jpg\",\"datePublished\":\"2021-06-03T15:12:27+00:00\",\"dateModified\":\"2024-07-29T13:34:52+00:00\",\"breadcrumb\":{\"@id\":\"https:\\\/\\\/www.leopard.ch\\\/index.php\\\/unterstutze-uns\\\/spenden_und_helfen\\\/werde-teil-des-lec-teams\\\/ehrenamtliche-stellen\\\/#breadcrumb\"},\"inLanguage\":\"en-US\",\"potentialAction\":[{\"@type\":\"ReadAction\",\"target\":[\"https:\\\/\\\/www.leopard.ch\\\/index.php\\\/unterstutze-uns\\\/spenden_und_helfen\\\/werde-teil-des-lec-teams\\\/ehrenamtliche-stellen\\\/\"]}]},{\"@type\":\"ImageObject\",\"inLanguage\":\"en-US\",\"@id\":\"https:\\\/\\\/www.leopard.ch\\\/index.php\\\/unterstutze-uns\\\/spenden_und_helfen\\\/werde-teil-des-lec-teams\\\/ehrenamtliche-stellen\\\/#primaryimage\",\"url\":\"https:\\\/\\\/www.leopard.ch\\\/wp-content\\\/uploads\\\/2023\\\/09\\\/Website_advert_head_picture_2-scaled.jpg\",\"contentUrl\":\"https:\\\/\\\/www.leopard.ch\\\/wp-content\\\/uploads\\\/2023\\\/09\\\/Website_advert_head_picture_2-scaled.jpg\",\"width\":2560,\"height\":1002},{\"@type\":\"BreadcrumbList\",\"@id\":\"https:\\\/\\\/www.leopard.ch\\\/index.php\\\/unterstutze-uns\\\/spenden_und_helfen\\\/werde-teil-des-lec-teams\\\/ehrenamtliche-stellen\\\/#breadcrumb\",\"itemListElement\":[{\"@type\":\"ListItem\",\"position\":1,\"name\":\"Home\",\"item\":\"https:\\\/\\\/www.leopard.ch\\\/\"},{\"@type\":\"ListItem\",\"position\":2,\"name\":\"Unterst\u00fctze uns!\",\"item\":\"https:\\\/\\\/www.leopard.ch\\\/index.php\\\/unterstutze-uns\\\/\"},{\"@type\":\"ListItem\",\"position\":3,\"name\":\"Spenden &#038; Helfen\",\"item\":\"https:\\\/\\\/www.leopard.ch\\\/index.php\\\/unterstutze-uns\\\/spenden_und_helfen\\\/\"},{\"@type\":\"ListItem\",\"position\":4,\"name\":\"Werde Teil des LEC Teams\",\"item\":\"https:\\\/\\\/www.leopard.ch\\\/index.php\\\/unterstutze-uns\\\/spenden_und_helfen\\\/werde-teil-des-lec-teams\\\/\"},{\"@type\":\"ListItem\",\"position\":5,\"name\":\"Ehrenamtliche Stellen\"}]},{\"@type\":\"WebSite\",\"@id\":\"https:\\\/\\\/www.leopard.ch\\\/#website\",\"url\":\"https:\\\/\\\/www.leopard.ch\\\/\",\"name\":\"Leopard Ecology &amp; Conservation\",\"description\":\"Leopard and Lion Research\",\"publisher\":{\"@id\":\"https:\\\/\\\/www.leopard.ch\\\/#organization\"},\"potentialAction\":[{\"@type\":\"SearchAction\",\"target\":{\"@type\":\"EntryPoint\",\"urlTemplate\":\"https:\\\/\\\/www.leopard.ch\\\/?s={search_term_string}\"},\"query-input\":{\"@type\":\"PropertyValueSpecification\",\"valueRequired\":true,\"valueName\":\"search_term_string\"}}],\"inLanguage\":\"en-US\"},{\"@type\":\"Organization\",\"@id\":\"https:\\\/\\\/www.leopard.ch\\\/#organization\",\"name\":\"Leopard Ecology &amp; Conservation\",\"url\":\"https:\\\/\\\/www.leopard.ch\\\/\",\"logo\":{\"@type\":\"ImageObject\",\"inLanguage\":\"en-US\",\"@id\":\"https:\\\/\\\/www.leopard.ch\\\/#\\\/schema\\\/logo\\\/image\\\/\",\"url\":\"https:\\\/\\\/www.leopard.ch\\\/wp-content\\\/uploads\\\/2020\\\/10\\\/LECLogo_5cm_300dpi_.png\",\"contentUrl\":\"https:\\\/\\\/www.leopard.ch\\\/wp-content\\\/uploads\\\/2020\\\/10\\\/LECLogo_5cm_300dpi_.png\",\"width\":250,\"height\":250,\"caption\":\"Leopard Ecology &amp; Conservation\"},\"image\":{\"@id\":\"https:\\\/\\\/www.leopard.ch\\\/#\\\/schema\\\/logo\\\/image\\\/\"}}]}<\/script>\n<!-- \/ Yoast SEO plugin. -->","yoast_head_json":{"title":"Ehrenamtliche Stellen - Leopard Ecology &amp; Conservation","robots":{"index":"index","follow":"follow","max-snippet":"max-snippet:-1","max-image-preview":"max-image-preview:large","max-video-preview":"max-video-preview:-1"},"canonical":"https:\/\/www.leopard.ch\/index.php\/unterstutze-uns\/spenden_und_helfen\/werde-teil-des-lec-teams\/ehrenamtliche-stellen\/","og_locale":"en_US","og_type":"article","og_title":"Ehrenamtliche Stellen - Leopard Ecology &amp; Conservation","og_description":"Bitte beachten Sie, dass wir keine internationalen Volont\u00e4re in Botswana aufnehmen k\u00f6nnen. Es gibt jedoch gelegentlich M\u00f6glichkeiten f\u00fcr Praktikanten und Freiwillige, die nicht vor Ort arbeiten oder Projekte und Aktivit\u00e4ten aus der Ferne unterst\u00fctzen. Alle offenen Arbeitsm\u00f6glichkeiten (bezahlt und unbezahlt) werden hier ausgeschrieben. Bevor Sie sich auf eine der angebotenen Stellen bewerben, pr\u00fcfen Sie bitte, [&hellip;]","og_url":"https:\/\/www.leopard.ch\/index.php\/unterstutze-uns\/spenden_und_helfen\/werde-teil-des-lec-teams\/ehrenamtliche-stellen\/","og_site_name":"Leopard Ecology &amp; Conservation","article_modified_time":"2024-07-29T13:34:52+00:00","og_image":[{"width":2560,"height":1002,"url":"https:\/\/www.leopard.ch\/wp-content\/uploads\/2023\/09\/Website_advert_head_picture_2-scaled.jpg","type":"image\/jpeg"}],"twitter_card":"summary_large_image","twitter_misc":{"Est. reading time":"1 minute"},"schema":{"@context":"https:\/\/schema.org","@graph":[{"@type":"WebPage","@id":"https:\/\/www.leopard.ch\/index.php\/unterstutze-uns\/spenden_und_helfen\/werde-teil-des-lec-teams\/ehrenamtliche-stellen\/","url":"https:\/\/www.leopard.ch\/index.php\/unterstutze-uns\/spenden_und_helfen\/werde-teil-des-lec-teams\/ehrenamtliche-stellen\/","name":"Ehrenamtliche Stellen - Leopard Ecology &amp; Conservation","isPartOf":{"@id":"https:\/\/www.leopard.ch\/#website"},"primaryImageOfPage":{"@id":"https:\/\/www.leopard.ch\/index.php\/unterstutze-uns\/spenden_und_helfen\/werde-teil-des-lec-teams\/ehrenamtliche-stellen\/#primaryimage"},"image":{"@id":"https:\/\/www.leopard.ch\/index.php\/unterstutze-uns\/spenden_und_helfen\/werde-teil-des-lec-teams\/ehrenamtliche-stellen\/#primaryimage"},"thumbnailUrl":"https:\/\/www.leopard.ch\/wp-content\/uploads\/2023\/09\/Website_advert_head_picture_2-scaled.jpg","datePublished":"2021-06-03T15:12:27+00:00","dateModified":"2024-07-29T13:34:52+00:00","breadcrumb":{"@id":"https:\/\/www.leopard.ch\/index.php\/unterstutze-uns\/spenden_und_helfen\/werde-teil-des-lec-teams\/ehrenamtliche-stellen\/#breadcrumb"},"inLanguage":"en-US","potentialAction":[{"@type":"ReadAction","target":["https:\/\/www.leopard.ch\/index.php\/unterstutze-uns\/spenden_und_helfen\/werde-teil-des-lec-teams\/ehrenamtliche-stellen\/"]}]},{"@type":"ImageObject","inLanguage":"en-US","@id":"https:\/\/www.leopard.ch\/index.php\/unterstutze-uns\/spenden_und_helfen\/werde-teil-des-lec-teams\/ehrenamtliche-stellen\/#primaryimage","url":"https:\/\/www.leopard.ch\/wp-content\/uploads\/2023\/09\/Website_advert_head_picture_2-scaled.jpg","contentUrl":"https:\/\/www.leopard.ch\/wp-content\/uploads\/2023\/09\/Website_advert_head_picture_2-scaled.jpg","width":2560,"height":1002},{"@type":"BreadcrumbList","@id":"https:\/\/www.leopard.ch\/index.php\/unterstutze-uns\/spenden_und_helfen\/werde-teil-des-lec-teams\/ehrenamtliche-stellen\/#breadcrumb","itemListElement":[{"@type":"ListItem","position":1,"name":"Home","item":"https:\/\/www.leopard.ch\/"},{"@type":"ListItem","position":2,"name":"Unterst\u00fctze uns!","item":"https:\/\/www.leopard.ch\/index.php\/unterstutze-uns\/"},{"@type":"ListItem","position":3,"name":"Spenden &#038; Helfen","item":"https:\/\/www.leopard.ch\/index.php\/unterstutze-uns\/spenden_und_helfen\/"},{"@type":"ListItem","position":4,"name":"Werde Teil des LEC Teams","item":"https:\/\/www.leopard.ch\/index.php\/unterstutze-uns\/spenden_und_helfen\/werde-teil-des-lec-teams\/"},{"@type":"ListItem","position":5,"name":"Ehrenamtliche Stellen"}]},{"@type":"WebSite","@id":"https:\/\/www.leopard.ch\/#website","url":"https:\/\/www.leopard.ch\/","name":"Leopard Ecology &amp; Conservation","description":"Leopard and Lion Research","publisher":{"@id":"https:\/\/www.leopard.ch\/#organization"},"potentialAction":[{"@type":"SearchAction","target":{"@type":"EntryPoint","urlTemplate":"https:\/\/www.leopard.ch\/?s={search_term_string}"},"query-input":{"@type":"PropertyValueSpecification","valueRequired":true,"valueName":"search_term_string"}}],"inLanguage":"en-US"},{"@type":"Organization","@id":"https:\/\/www.leopard.ch\/#organization","name":"Leopard Ecology &amp; Conservation","url":"https:\/\/www.leopard.ch\/","logo":{"@type":"ImageObject","inLanguage":"en-US","@id":"https:\/\/www.leopard.ch\/#\/schema\/logo\/image\/","url":"https:\/\/www.leopard.ch\/wp-content\/uploads\/2020\/10\/LECLogo_5cm_300dpi_.png","contentUrl":"https:\/\/www.leopard.ch\/wp-content\/uploads\/2020\/10\/LECLogo_5cm_300dpi_.png","width":250,"height":250,"caption":"Leopard Ecology &amp; Conservation"},"image":{"@id":"https:\/\/www.leopard.ch\/#\/schema\/logo\/image\/"}}]}},"_links":{"self":[{"href":"https:\/\/www.leopard.ch\/index.php\/wp-json\/wp\/v2\/pages\/1996","targetHints":{"allow":["GET"]}}],"collection":[{"href":"https:\/\/www.leopard.ch\/index.php\/wp-json\/wp\/v2\/pages"}],"about":[{"href":"https:\/\/www.leopard.ch\/index.php\/wp-json\/wp\/v2\/types\/page"}],"author":[{"embeddable":true,"href":"https:\/\/www.leopard.ch\/index.php\/wp-json\/wp\/v2\/users\/3"}],"replies":[{"embeddable":true,"href":"https:\/\/www.leopard.ch\/index.php\/wp-json\/wp\/v2\/comments?post=1996"}],"version-history":[{"count":2,"href":"https:\/\/www.leopard.ch\/index.php\/wp-json\/wp\/v2\/pages\/1996\/revisions"}],"predecessor-version":[{"id":2011,"href":"https:\/\/www.leopard.ch\/index.php\/wp-json\/wp\/v2\/pages\/1996\/revisions\/2011"}],"up":[{"embeddable":true,"href":"https:\/\/www.leopard.ch\/index.php\/wp-json\/wp\/v2\/pages\/1983"}],"wp:featuredmedia":[{"embeddable":true,"href":"https:\/\/www.leopard.ch\/index.php\/wp-json\/wp\/v2\/media\/1606"}],"wp:attachment":[{"href":"https:\/\/www.leopard.ch\/index.php\/wp-json\/wp\/v2\/media?parent=1996"}],"curies":[{"name":"wp","href":"https:\/\/api.w.org\/{rel}","templated":true}]}}