{"id":1994,"date":"2024-06-26T15:18:02","date_gmt":"2024-06-26T13:18:02","guid":{"rendered":"https:\/\/www.leopard.ch\/?page_id=1994"},"modified":"2025-02-18T20:23:32","modified_gmt":"2025-02-18T18:23:32","slug":"offene-stellen","status":"publish","type":"page","link":"https:\/\/www.leopard.ch\/index.php\/unterstutze-uns\/spenden_und_helfen\/werde-teil-des-lec-teams\/offene-stellen\/","title":{"rendered":"Offene Stellen"},"content":{"rendered":"\n<p>LEC unterst\u00fctzt die Vielfalt bei der Besetzung freier Stellen. Vielfalt ist ein Motor f\u00fcr Kreativit\u00e4t, Mut und Innovation. Wir begr\u00fc\u00dfen Bewerbungen von Menschen aller Altersgruppen, Geschlechter, Religionen, Ethnien und Nationalit\u00e4ten, unabh\u00e4ngig von ihren physischen und psychischen F\u00e4higkeiten oder ihrer sexuellen Orientierung.<\/p>\n\n\n\n<p>Bevor Sie sich auf eine der offenen Stellen bewerben, pr\u00fcfen Sie bitte, ob die Stelle f\u00fcr internationale Bewerber oder nur f\u00fcr in Botswana ans\u00e4ssige Kandidaten offen ist.<\/p>\n\n\n\n<p>Momentan haben wir keine offenen Stellen.<\/p>\n","protected":false},"excerpt":{"rendered":"<p>LEC unterst\u00fctzt die Vielfalt bei der Besetzung freier Stellen. Vielfalt ist ein Motor f\u00fcr Kreativit\u00e4t, Mut und Innovation. Wir begr\u00fc\u00dfen Bewerbungen von Menschen aller Altersgruppen, Geschlechter, Religionen, Ethnien und Nationalit\u00e4ten, unabh\u00e4ngig von ihren physischen und psychischen F\u00e4higkeiten oder ihrer sexuellen Orientierung. Bevor Sie sich auf eine der offenen Stellen bewerben, pr\u00fcfen Sie bitte, ob die [&hellip;]<\/p>\n","protected":false},"author":3,"featured_media":2049,"parent":1983,"menu_order":4,"comment_status":"closed","ping_status":"closed","template":"","meta":{"footnotes":""},"class_list":["post-1994","page","type-page","status-publish","has-post-thumbnail","czr-hentry"],"yoast_head":"<!-- This site is optimized with the Yoast SEO plugin v27.3 - https:\/\/yoast.com\/product\/yoast-seo-wordpress\/ -->\n<title>Offene Stellen - Leopard Ecology &amp; Conservation<\/title>\n<meta name=\"robots\" content=\"index, follow, max-snippet:-1, max-image-preview:large, max-video-preview:-1\" \/>\n<link rel=\"canonical\" href=\"https:\/\/www.leopard.ch\/index.php\/unterstutze-uns\/spenden_und_helfen\/werde-teil-des-lec-teams\/offene-stellen\/\" \/>\n<meta property=\"og:locale\" content=\"en_US\" \/>\n<meta property=\"og:type\" content=\"article\" \/>\n<meta property=\"og:title\" content=\"Offene Stellen - Leopard Ecology &amp; Conservation\" \/>\n<meta property=\"og:description\" content=\"LEC unterst\u00fctzt die Vielfalt bei der Besetzung freier Stellen. Vielfalt ist ein Motor f\u00fcr Kreativit\u00e4t, Mut und Innovation. Wir begr\u00fc\u00dfen Bewerbungen von Menschen aller Altersgruppen, Geschlechter, Religionen, Ethnien und Nationalit\u00e4ten, unabh\u00e4ngig von ihren physischen und psychischen F\u00e4higkeiten oder ihrer sexuellen Orientierung. Bevor Sie sich auf eine der offenen Stellen bewerben, pr\u00fcfen Sie bitte, ob die [&hellip;]\" \/>\n<meta property=\"og:url\" content=\"https:\/\/www.leopard.ch\/index.php\/unterstutze-uns\/spenden_und_helfen\/werde-teil-des-lec-teams\/offene-stellen\/\" \/>\n<meta property=\"og:site_name\" content=\"Leopard Ecology &amp; Conservation\" \/>\n<meta property=\"article:modified_time\" content=\"2025-02-18T18:23:32+00:00\" \/>\n<meta property=\"og:image\" content=\"https:\/\/www.leopard.ch\/wp-content\/uploads\/2024\/10\/DSC07226_cut-scaled.jpg\" \/>\n\t<meta property=\"og:image:width\" content=\"2560\" \/>\n\t<meta property=\"og:image:height\" content=\"644\" \/>\n\t<meta property=\"og:image:type\" content=\"image\/jpeg\" \/>\n<meta name=\"twitter:card\" content=\"summary_large_image\" \/>\n<meta name=\"twitter:label1\" content=\"Est. reading time\" \/>\n\t<meta name=\"twitter:data1\" content=\"1 minute\" \/>\n<script type=\"application\/ld+json\" class=\"yoast-schema-graph\">{\"@context\":\"https:\\\/\\\/schema.org\",\"@graph\":[{\"@type\":\"WebPage\",\"@id\":\"https:\\\/\\\/www.leopard.ch\\\/index.php\\\/unterstutze-uns\\\/spenden_und_helfen\\\/werde-teil-des-lec-teams\\\/offene-stellen\\\/\",\"url\":\"https:\\\/\\\/www.leopard.ch\\\/index.php\\\/unterstutze-uns\\\/spenden_und_helfen\\\/werde-teil-des-lec-teams\\\/offene-stellen\\\/\",\"name\":\"Offene Stellen - Leopard Ecology &amp; Conservation\",\"isPartOf\":{\"@id\":\"https:\\\/\\\/www.leopard.ch\\\/#website\"},\"primaryImageOfPage\":{\"@id\":\"https:\\\/\\\/www.leopard.ch\\\/index.php\\\/unterstutze-uns\\\/spenden_und_helfen\\\/werde-teil-des-lec-teams\\\/offene-stellen\\\/#primaryimage\"},\"image\":{\"@id\":\"https:\\\/\\\/www.leopard.ch\\\/index.php\\\/unterstutze-uns\\\/spenden_und_helfen\\\/werde-teil-des-lec-teams\\\/offene-stellen\\\/#primaryimage\"},\"thumbnailUrl\":\"https:\\\/\\\/www.leopard.ch\\\/wp-content\\\/uploads\\\/2024\\\/10\\\/DSC07226_cut-scaled.jpg\",\"datePublished\":\"2024-06-26T13:18:02+00:00\",\"dateModified\":\"2025-02-18T18:23:32+00:00\",\"breadcrumb\":{\"@id\":\"https:\\\/\\\/www.leopard.ch\\\/index.php\\\/unterstutze-uns\\\/spenden_und_helfen\\\/werde-teil-des-lec-teams\\\/offene-stellen\\\/#breadcrumb\"},\"inLanguage\":\"en-US\",\"potentialAction\":[{\"@type\":\"ReadAction\",\"target\":[\"https:\\\/\\\/www.leopard.ch\\\/index.php\\\/unterstutze-uns\\\/spenden_und_helfen\\\/werde-teil-des-lec-teams\\\/offene-stellen\\\/\"]}]},{\"@type\":\"ImageObject\",\"inLanguage\":\"en-US\",\"@id\":\"https:\\\/\\\/www.leopard.ch\\\/index.php\\\/unterstutze-uns\\\/spenden_und_helfen\\\/werde-teil-des-lec-teams\\\/offene-stellen\\\/#primaryimage\",\"url\":\"https:\\\/\\\/www.leopard.ch\\\/wp-content\\\/uploads\\\/2024\\\/10\\\/DSC07226_cut-scaled.jpg\",\"contentUrl\":\"https:\\\/\\\/www.leopard.ch\\\/wp-content\\\/uploads\\\/2024\\\/10\\\/DSC07226_cut-scaled.jpg\",\"width\":2560,\"height\":644},{\"@type\":\"BreadcrumbList\",\"@id\":\"https:\\\/\\\/www.leopard.ch\\\/index.php\\\/unterstutze-uns\\\/spenden_und_helfen\\\/werde-teil-des-lec-teams\\\/offene-stellen\\\/#breadcrumb\",\"itemListElement\":[{\"@type\":\"ListItem\",\"position\":1,\"name\":\"Home\",\"item\":\"https:\\\/\\\/www.leopard.ch\\\/\"},{\"@type\":\"ListItem\",\"position\":2,\"name\":\"Unterst\u00fctze uns!\",\"item\":\"https:\\\/\\\/www.leopard.ch\\\/index.php\\\/unterstutze-uns\\\/\"},{\"@type\":\"ListItem\",\"position\":3,\"name\":\"Spenden &#038; Helfen\",\"item\":\"https:\\\/\\\/www.leopard.ch\\\/index.php\\\/unterstutze-uns\\\/spenden_und_helfen\\\/\"},{\"@type\":\"ListItem\",\"position\":4,\"name\":\"Werde Teil des LEC Teams\",\"item\":\"https:\\\/\\\/www.leopard.ch\\\/index.php\\\/unterstutze-uns\\\/spenden_und_helfen\\\/werde-teil-des-lec-teams\\\/\"},{\"@type\":\"ListItem\",\"position\":5,\"name\":\"Offene Stellen\"}]},{\"@type\":\"WebSite\",\"@id\":\"https:\\\/\\\/www.leopard.ch\\\/#website\",\"url\":\"https:\\\/\\\/www.leopard.ch\\\/\",\"name\":\"Leopard Ecology &amp; Conservation\",\"description\":\"Leopard and Lion Research\",\"publisher\":{\"@id\":\"https:\\\/\\\/www.leopard.ch\\\/#organization\"},\"potentialAction\":[{\"@type\":\"SearchAction\",\"target\":{\"@type\":\"EntryPoint\",\"urlTemplate\":\"https:\\\/\\\/www.leopard.ch\\\/?s={search_term_string}\"},\"query-input\":{\"@type\":\"PropertyValueSpecification\",\"valueRequired\":true,\"valueName\":\"search_term_string\"}}],\"inLanguage\":\"en-US\"},{\"@type\":\"Organization\",\"@id\":\"https:\\\/\\\/www.leopard.ch\\\/#organization\",\"name\":\"Leopard Ecology &amp; Conservation\",\"url\":\"https:\\\/\\\/www.leopard.ch\\\/\",\"logo\":{\"@type\":\"ImageObject\",\"inLanguage\":\"en-US\",\"@id\":\"https:\\\/\\\/www.leopard.ch\\\/#\\\/schema\\\/logo\\\/image\\\/\",\"url\":\"https:\\\/\\\/www.leopard.ch\\\/wp-content\\\/uploads\\\/2020\\\/10\\\/LECLogo_5cm_300dpi_.png\",\"contentUrl\":\"https:\\\/\\\/www.leopard.ch\\\/wp-content\\\/uploads\\\/2020\\\/10\\\/LECLogo_5cm_300dpi_.png\",\"width\":250,\"height\":250,\"caption\":\"Leopard Ecology &amp; Conservation\"},\"image\":{\"@id\":\"https:\\\/\\\/www.leopard.ch\\\/#\\\/schema\\\/logo\\\/image\\\/\"}}]}<\/script>\n<!-- \/ Yoast SEO plugin. -->","yoast_head_json":{"title":"Offene Stellen - Leopard Ecology &amp; Conservation","robots":{"index":"index","follow":"follow","max-snippet":"max-snippet:-1","max-image-preview":"max-image-preview:large","max-video-preview":"max-video-preview:-1"},"canonical":"https:\/\/www.leopard.ch\/index.php\/unterstutze-uns\/spenden_und_helfen\/werde-teil-des-lec-teams\/offene-stellen\/","og_locale":"en_US","og_type":"article","og_title":"Offene Stellen - Leopard Ecology &amp; Conservation","og_description":"LEC unterst\u00fctzt die Vielfalt bei der Besetzung freier Stellen. Vielfalt ist ein Motor f\u00fcr Kreativit\u00e4t, Mut und Innovation. Wir begr\u00fc\u00dfen Bewerbungen von Menschen aller Altersgruppen, Geschlechter, Religionen, Ethnien und Nationalit\u00e4ten, unabh\u00e4ngig von ihren physischen und psychischen F\u00e4higkeiten oder ihrer sexuellen Orientierung. Bevor Sie sich auf eine der offenen Stellen bewerben, pr\u00fcfen Sie bitte, ob die [&hellip;]","og_url":"https:\/\/www.leopard.ch\/index.php\/unterstutze-uns\/spenden_und_helfen\/werde-teil-des-lec-teams\/offene-stellen\/","og_site_name":"Leopard Ecology &amp; Conservation","article_modified_time":"2025-02-18T18:23:32+00:00","og_image":[{"width":2560,"height":644,"url":"https:\/\/www.leopard.ch\/wp-content\/uploads\/2024\/10\/DSC07226_cut-scaled.jpg","type":"image\/jpeg"}],"twitter_card":"summary_large_image","twitter_misc":{"Est. reading time":"1 minute"},"schema":{"@context":"https:\/\/schema.org","@graph":[{"@type":"WebPage","@id":"https:\/\/www.leopard.ch\/index.php\/unterstutze-uns\/spenden_und_helfen\/werde-teil-des-lec-teams\/offene-stellen\/","url":"https:\/\/www.leopard.ch\/index.php\/unterstutze-uns\/spenden_und_helfen\/werde-teil-des-lec-teams\/offene-stellen\/","name":"Offene Stellen - Leopard Ecology &amp; Conservation","isPartOf":{"@id":"https:\/\/www.leopard.ch\/#website"},"primaryImageOfPage":{"@id":"https:\/\/www.leopard.ch\/index.php\/unterstutze-uns\/spenden_und_helfen\/werde-teil-des-lec-teams\/offene-stellen\/#primaryimage"},"image":{"@id":"https:\/\/www.leopard.ch\/index.php\/unterstutze-uns\/spenden_und_helfen\/werde-teil-des-lec-teams\/offene-stellen\/#primaryimage"},"thumbnailUrl":"https:\/\/www.leopard.ch\/wp-content\/uploads\/2024\/10\/DSC07226_cut-scaled.jpg","datePublished":"2024-06-26T13:18:02+00:00","dateModified":"2025-02-18T18:23:32+00:00","breadcrumb":{"@id":"https:\/\/www.leopard.ch\/index.php\/unterstutze-uns\/spenden_und_helfen\/werde-teil-des-lec-teams\/offene-stellen\/#breadcrumb"},"inLanguage":"en-US","potentialAction":[{"@type":"ReadAction","target":["https:\/\/www.leopard.ch\/index.php\/unterstutze-uns\/spenden_und_helfen\/werde-teil-des-lec-teams\/offene-stellen\/"]}]},{"@type":"ImageObject","inLanguage":"en-US","@id":"https:\/\/www.leopard.ch\/index.php\/unterstutze-uns\/spenden_und_helfen\/werde-teil-des-lec-teams\/offene-stellen\/#primaryimage","url":"https:\/\/www.leopard.ch\/wp-content\/uploads\/2024\/10\/DSC07226_cut-scaled.jpg","contentUrl":"https:\/\/www.leopard.ch\/wp-content\/uploads\/2024\/10\/DSC07226_cut-scaled.jpg","width":2560,"height":644},{"@type":"BreadcrumbList","@id":"https:\/\/www.leopard.ch\/index.php\/unterstutze-uns\/spenden_und_helfen\/werde-teil-des-lec-teams\/offene-stellen\/#breadcrumb","itemListElement":[{"@type":"ListItem","position":1,"name":"Home","item":"https:\/\/www.leopard.ch\/"},{"@type":"ListItem","position":2,"name":"Unterst\u00fctze uns!","item":"https:\/\/www.leopard.ch\/index.php\/unterstutze-uns\/"},{"@type":"ListItem","position":3,"name":"Spenden &#038; Helfen","item":"https:\/\/www.leopard.ch\/index.php\/unterstutze-uns\/spenden_und_helfen\/"},{"@type":"ListItem","position":4,"name":"Werde Teil des LEC Teams","item":"https:\/\/www.leopard.ch\/index.php\/unterstutze-uns\/spenden_und_helfen\/werde-teil-des-lec-teams\/"},{"@type":"ListItem","position":5,"name":"Offene Stellen"}]},{"@type":"WebSite","@id":"https:\/\/www.leopard.ch\/#website","url":"https:\/\/www.leopard.ch\/","name":"Leopard Ecology &amp; Conservation","description":"Leopard and Lion Research","publisher":{"@id":"https:\/\/www.leopard.ch\/#organization"},"potentialAction":[{"@type":"SearchAction","target":{"@type":"EntryPoint","urlTemplate":"https:\/\/www.leopard.ch\/?s={search_term_string}"},"query-input":{"@type":"PropertyValueSpecification","valueRequired":true,"valueName":"search_term_string"}}],"inLanguage":"en-US"},{"@type":"Organization","@id":"https:\/\/www.leopard.ch\/#organization","name":"Leopard Ecology &amp; Conservation","url":"https:\/\/www.leopard.ch\/","logo":{"@type":"ImageObject","inLanguage":"en-US","@id":"https:\/\/www.leopard.ch\/#\/schema\/logo\/image\/","url":"https:\/\/www.leopard.ch\/wp-content\/uploads\/2020\/10\/LECLogo_5cm_300dpi_.png","contentUrl":"https:\/\/www.leopard.ch\/wp-content\/uploads\/2020\/10\/LECLogo_5cm_300dpi_.png","width":250,"height":250,"caption":"Leopard Ecology &amp; Conservation"},"image":{"@id":"https:\/\/www.leopard.ch\/#\/schema\/logo\/image\/"}}]}},"_links":{"self":[{"href":"https:\/\/www.leopard.ch\/index.php\/wp-json\/wp\/v2\/pages\/1994","targetHints":{"allow":["GET"]}}],"collection":[{"href":"https:\/\/www.leopard.ch\/index.php\/wp-json\/wp\/v2\/pages"}],"about":[{"href":"https:\/\/www.leopard.ch\/index.php\/wp-json\/wp\/v2\/types\/page"}],"author":[{"embeddable":true,"href":"https:\/\/www.leopard.ch\/index.php\/wp-json\/wp\/v2\/users\/3"}],"replies":[{"embeddable":true,"href":"https:\/\/www.leopard.ch\/index.php\/wp-json\/wp\/v2\/comments?post=1994"}],"version-history":[{"count":5,"href":"https:\/\/www.leopard.ch\/index.php\/wp-json\/wp\/v2\/pages\/1994\/revisions"}],"predecessor-version":[{"id":2089,"href":"https:\/\/www.leopard.ch\/index.php\/wp-json\/wp\/v2\/pages\/1994\/revisions\/2089"}],"up":[{"embeddable":true,"href":"https:\/\/www.leopard.ch\/index.php\/wp-json\/wp\/v2\/pages\/1983"}],"wp:featuredmedia":[{"embeddable":true,"href":"https:\/\/www.leopard.ch\/index.php\/wp-json\/wp\/v2\/media\/2049"}],"wp:attachment":[{"href":"https:\/\/www.leopard.ch\/index.php\/wp-json\/wp\/v2\/media?parent=1994"}],"curies":[{"name":"wp","href":"https:\/\/api.w.org\/{rel}","templated":true}]}}