{"id":1992,"date":"2024-07-16T10:41:19","date_gmt":"2024-07-16T08:41:19","guid":{"rendered":"https:\/\/www.leopard.ch\/?page_id=1992"},"modified":"2024-07-29T15:37:52","modified_gmt":"2024-07-29T13:37:52","slug":"praktikum-bei-lec","status":"publish","type":"page","link":"https:\/\/www.leopard.ch\/index.php\/unterstutze-uns\/spenden_und_helfen\/werde-teil-des-lec-teams\/praktikum-bei-lec\/","title":{"rendered":"Praktikum bei LEC"},"content":{"rendered":"\n<p>Je nach Zeitrahmen und Art der Aufgaben, an denen Sie interessiert sind, kann entweder die Abteilung Research oder die Abteilung Community &amp; Education Sie f\u00fcr ein Praktikum aufnehmen.<\/p>\n\n\n\n<p><strong>Dies ist eine gute M\u00f6glichkeit f\u00fcr Sie, wenn Sie:<\/strong><\/p>\n\n\n\n<ul class=\"wp-block-list\">\n<li><strong>an einer botswanischen Universit\u00e4t immatrikuliert<\/strong> sind oder k\u00fcrzlich dort Ihren Abschluss gemacht haben.<\/li>\n\n\n\n<li>\u00fcber gute Englischkenntnisse verf\u00fcgen, da dies unsere Hauptarbeitssprache ist.<\/li>\n\n\n\n<li>einen Praktikumsplatz suchen, der Ihren Interessen und Werten entspricht.<\/li>\n\n\n\n<li>LEC&#8217;s Werte Toleranz, Respekt, Fairness, Teamwork, Wachstum, L\u00f6sungsorientiertheit und Leidenschaft teilen.<\/li>\n<\/ul>\n\n\n\n<p>Wenn wir Ihr Interesse geweckt haben, wenden Sie sich bitte an <a href=\"mailto: s.pule@leopardecology.com\">Seitshiro Pule<\/a> und geben Sie an, welche Universit\u00e4t und welchen Studiengang Sie besuchen oder k\u00fcrzlich abgeschlossen haben. Falls Ihre Institution bereits aktiv mit LEC zusammenarbeitet, wird unser Team Sie an unsere Kontaktperson an Ihrer Universit\u00e4t weiterleiten. Bitte geben Sie in der Betreffzeile der E-Mail \u201eInternship with LEC\u201c an.<\/p>\n\n\n\n<p>Bitte beachten Sie: Wir nehmen derzeit <strong>keine internationalen Studenten<\/strong> als Praktikanten an, mit Ausnahme von Studenten, die Veterin\u00e4rmedizin an einer Universit\u00e4t studieren (ab dem 3. Jahr).<\/p>\n","protected":false},"excerpt":{"rendered":"<p>Je nach Zeitrahmen und Art der Aufgaben, an denen Sie interessiert sind, kann entweder die Abteilung Research oder die Abteilung Community &amp; Education Sie f\u00fcr ein Praktikum aufnehmen. Dies ist eine gute M\u00f6glichkeit f\u00fcr Sie, wenn Sie: Wenn wir Ihr Interesse geweckt haben, wenden Sie sich bitte an Seitshiro Pule und geben Sie an, welche [&hellip;]<\/p>\n","protected":false},"author":3,"featured_media":1852,"parent":1983,"menu_order":3,"comment_status":"closed","ping_status":"closed","template":"","meta":{"footnotes":""},"class_list":["post-1992","page","type-page","status-publish","has-post-thumbnail","czr-hentry"],"yoast_head":"<!-- This site is optimized with the Yoast SEO plugin v27.4 - https:\/\/yoast.com\/product\/yoast-seo-wordpress\/ -->\n<title>Praktikum bei LEC - Leopard Ecology &amp; Conservation<\/title>\n<meta name=\"robots\" content=\"index, follow, max-snippet:-1, max-image-preview:large, max-video-preview:-1\" \/>\n<link rel=\"canonical\" href=\"https:\/\/www.leopard.ch\/index.php\/unterstutze-uns\/spenden_und_helfen\/werde-teil-des-lec-teams\/praktikum-bei-lec\/\" \/>\n<meta property=\"og:locale\" content=\"en_US\" \/>\n<meta property=\"og:type\" content=\"article\" \/>\n<meta property=\"og:title\" content=\"Praktikum bei LEC - Leopard Ecology &amp; Conservation\" \/>\n<meta property=\"og:description\" content=\"Je nach Zeitrahmen und Art der Aufgaben, an denen Sie interessiert sind, kann entweder die Abteilung Research oder die Abteilung Community &amp; Education Sie f\u00fcr ein Praktikum aufnehmen. Dies ist eine gute M\u00f6glichkeit f\u00fcr Sie, wenn Sie: Wenn wir Ihr Interesse geweckt haben, wenden Sie sich bitte an Seitshiro Pule und geben Sie an, welche [&hellip;]\" \/>\n<meta property=\"og:url\" content=\"https:\/\/www.leopard.ch\/index.php\/unterstutze-uns\/spenden_und_helfen\/werde-teil-des-lec-teams\/praktikum-bei-lec\/\" \/>\n<meta property=\"og:site_name\" content=\"Leopard Ecology &amp; Conservation\" \/>\n<meta property=\"article:modified_time\" content=\"2024-07-29T13:37:52+00:00\" \/>\n<meta property=\"og:image\" content=\"https:\/\/www.leopard.ch\/wp-content\/uploads\/2024\/06\/13_last-page-2.jpg\" \/>\n\t<meta property=\"og:image:width\" content=\"1050\" \/>\n\t<meta property=\"og:image:height\" content=\"1865\" \/>\n\t<meta property=\"og:image:type\" content=\"image\/jpeg\" \/>\n<meta name=\"twitter:card\" content=\"summary_large_image\" \/>\n<meta name=\"twitter:label1\" content=\"Est. reading time\" \/>\n\t<meta name=\"twitter:data1\" content=\"1 minute\" \/>\n<script type=\"application\/ld+json\" class=\"yoast-schema-graph\">{\"@context\":\"https:\\\/\\\/schema.org\",\"@graph\":[{\"@type\":\"WebPage\",\"@id\":\"https:\\\/\\\/www.leopard.ch\\\/index.php\\\/unterstutze-uns\\\/spenden_und_helfen\\\/werde-teil-des-lec-teams\\\/praktikum-bei-lec\\\/\",\"url\":\"https:\\\/\\\/www.leopard.ch\\\/index.php\\\/unterstutze-uns\\\/spenden_und_helfen\\\/werde-teil-des-lec-teams\\\/praktikum-bei-lec\\\/\",\"name\":\"Praktikum bei LEC - Leopard Ecology &amp; Conservation\",\"isPartOf\":{\"@id\":\"https:\\\/\\\/www.leopard.ch\\\/#website\"},\"primaryImageOfPage\":{\"@id\":\"https:\\\/\\\/www.leopard.ch\\\/index.php\\\/unterstutze-uns\\\/spenden_und_helfen\\\/werde-teil-des-lec-teams\\\/praktikum-bei-lec\\\/#primaryimage\"},\"image\":{\"@id\":\"https:\\\/\\\/www.leopard.ch\\\/index.php\\\/unterstutze-uns\\\/spenden_und_helfen\\\/werde-teil-des-lec-teams\\\/praktikum-bei-lec\\\/#primaryimage\"},\"thumbnailUrl\":\"https:\\\/\\\/www.leopard.ch\\\/wp-content\\\/uploads\\\/2024\\\/06\\\/13_last-page-2.jpg\",\"datePublished\":\"2024-07-16T08:41:19+00:00\",\"dateModified\":\"2024-07-29T13:37:52+00:00\",\"breadcrumb\":{\"@id\":\"https:\\\/\\\/www.leopard.ch\\\/index.php\\\/unterstutze-uns\\\/spenden_und_helfen\\\/werde-teil-des-lec-teams\\\/praktikum-bei-lec\\\/#breadcrumb\"},\"inLanguage\":\"en-US\",\"potentialAction\":[{\"@type\":\"ReadAction\",\"target\":[\"https:\\\/\\\/www.leopard.ch\\\/index.php\\\/unterstutze-uns\\\/spenden_und_helfen\\\/werde-teil-des-lec-teams\\\/praktikum-bei-lec\\\/\"]}]},{\"@type\":\"ImageObject\",\"inLanguage\":\"en-US\",\"@id\":\"https:\\\/\\\/www.leopard.ch\\\/index.php\\\/unterstutze-uns\\\/spenden_und_helfen\\\/werde-teil-des-lec-teams\\\/praktikum-bei-lec\\\/#primaryimage\",\"url\":\"https:\\\/\\\/www.leopard.ch\\\/wp-content\\\/uploads\\\/2024\\\/06\\\/13_last-page-2.jpg\",\"contentUrl\":\"https:\\\/\\\/www.leopard.ch\\\/wp-content\\\/uploads\\\/2024\\\/06\\\/13_last-page-2.jpg\",\"width\":1050,\"height\":1865},{\"@type\":\"BreadcrumbList\",\"@id\":\"https:\\\/\\\/www.leopard.ch\\\/index.php\\\/unterstutze-uns\\\/spenden_und_helfen\\\/werde-teil-des-lec-teams\\\/praktikum-bei-lec\\\/#breadcrumb\",\"itemListElement\":[{\"@type\":\"ListItem\",\"position\":1,\"name\":\"Home\",\"item\":\"https:\\\/\\\/www.leopard.ch\\\/\"},{\"@type\":\"ListItem\",\"position\":2,\"name\":\"Unterst\u00fctze uns!\",\"item\":\"https:\\\/\\\/www.leopard.ch\\\/index.php\\\/unterstutze-uns\\\/\"},{\"@type\":\"ListItem\",\"position\":3,\"name\":\"Spenden &#038; Helfen\",\"item\":\"https:\\\/\\\/www.leopard.ch\\\/index.php\\\/unterstutze-uns\\\/spenden_und_helfen\\\/\"},{\"@type\":\"ListItem\",\"position\":4,\"name\":\"Werde Teil des LEC Teams\",\"item\":\"https:\\\/\\\/www.leopard.ch\\\/index.php\\\/unterstutze-uns\\\/spenden_und_helfen\\\/werde-teil-des-lec-teams\\\/\"},{\"@type\":\"ListItem\",\"position\":5,\"name\":\"Praktikum bei LEC\"}]},{\"@type\":\"WebSite\",\"@id\":\"https:\\\/\\\/www.leopard.ch\\\/#website\",\"url\":\"https:\\\/\\\/www.leopard.ch\\\/\",\"name\":\"Leopard Ecology &amp; Conservation\",\"description\":\"Leopard and Lion Research\",\"publisher\":{\"@id\":\"https:\\\/\\\/www.leopard.ch\\\/#organization\"},\"potentialAction\":[{\"@type\":\"SearchAction\",\"target\":{\"@type\":\"EntryPoint\",\"urlTemplate\":\"https:\\\/\\\/www.leopard.ch\\\/?s={search_term_string}\"},\"query-input\":{\"@type\":\"PropertyValueSpecification\",\"valueRequired\":true,\"valueName\":\"search_term_string\"}}],\"inLanguage\":\"en-US\"},{\"@type\":\"Organization\",\"@id\":\"https:\\\/\\\/www.leopard.ch\\\/#organization\",\"name\":\"Leopard Ecology &amp; Conservation\",\"url\":\"https:\\\/\\\/www.leopard.ch\\\/\",\"logo\":{\"@type\":\"ImageObject\",\"inLanguage\":\"en-US\",\"@id\":\"https:\\\/\\\/www.leopard.ch\\\/#\\\/schema\\\/logo\\\/image\\\/\",\"url\":\"https:\\\/\\\/www.leopard.ch\\\/wp-content\\\/uploads\\\/2020\\\/10\\\/LECLogo_5cm_300dpi_.png\",\"contentUrl\":\"https:\\\/\\\/www.leopard.ch\\\/wp-content\\\/uploads\\\/2020\\\/10\\\/LECLogo_5cm_300dpi_.png\",\"width\":250,\"height\":250,\"caption\":\"Leopard Ecology &amp; Conservation\"},\"image\":{\"@id\":\"https:\\\/\\\/www.leopard.ch\\\/#\\\/schema\\\/logo\\\/image\\\/\"}}]}<\/script>\n<!-- \/ Yoast SEO plugin. -->","yoast_head_json":{"title":"Praktikum bei LEC - Leopard Ecology &amp; Conservation","robots":{"index":"index","follow":"follow","max-snippet":"max-snippet:-1","max-image-preview":"max-image-preview:large","max-video-preview":"max-video-preview:-1"},"canonical":"https:\/\/www.leopard.ch\/index.php\/unterstutze-uns\/spenden_und_helfen\/werde-teil-des-lec-teams\/praktikum-bei-lec\/","og_locale":"en_US","og_type":"article","og_title":"Praktikum bei LEC - Leopard Ecology &amp; Conservation","og_description":"Je nach Zeitrahmen und Art der Aufgaben, an denen Sie interessiert sind, kann entweder die Abteilung Research oder die Abteilung Community &amp; Education Sie f\u00fcr ein Praktikum aufnehmen. Dies ist eine gute M\u00f6glichkeit f\u00fcr Sie, wenn Sie: Wenn wir Ihr Interesse geweckt haben, wenden Sie sich bitte an Seitshiro Pule und geben Sie an, welche [&hellip;]","og_url":"https:\/\/www.leopard.ch\/index.php\/unterstutze-uns\/spenden_und_helfen\/werde-teil-des-lec-teams\/praktikum-bei-lec\/","og_site_name":"Leopard Ecology &amp; Conservation","article_modified_time":"2024-07-29T13:37:52+00:00","og_image":[{"width":1050,"height":1865,"url":"https:\/\/www.leopard.ch\/wp-content\/uploads\/2024\/06\/13_last-page-2.jpg","type":"image\/jpeg"}],"twitter_card":"summary_large_image","twitter_misc":{"Est. reading time":"1 minute"},"schema":{"@context":"https:\/\/schema.org","@graph":[{"@type":"WebPage","@id":"https:\/\/www.leopard.ch\/index.php\/unterstutze-uns\/spenden_und_helfen\/werde-teil-des-lec-teams\/praktikum-bei-lec\/","url":"https:\/\/www.leopard.ch\/index.php\/unterstutze-uns\/spenden_und_helfen\/werde-teil-des-lec-teams\/praktikum-bei-lec\/","name":"Praktikum bei LEC - Leopard Ecology &amp; Conservation","isPartOf":{"@id":"https:\/\/www.leopard.ch\/#website"},"primaryImageOfPage":{"@id":"https:\/\/www.leopard.ch\/index.php\/unterstutze-uns\/spenden_und_helfen\/werde-teil-des-lec-teams\/praktikum-bei-lec\/#primaryimage"},"image":{"@id":"https:\/\/www.leopard.ch\/index.php\/unterstutze-uns\/spenden_und_helfen\/werde-teil-des-lec-teams\/praktikum-bei-lec\/#primaryimage"},"thumbnailUrl":"https:\/\/www.leopard.ch\/wp-content\/uploads\/2024\/06\/13_last-page-2.jpg","datePublished":"2024-07-16T08:41:19+00:00","dateModified":"2024-07-29T13:37:52+00:00","breadcrumb":{"@id":"https:\/\/www.leopard.ch\/index.php\/unterstutze-uns\/spenden_und_helfen\/werde-teil-des-lec-teams\/praktikum-bei-lec\/#breadcrumb"},"inLanguage":"en-US","potentialAction":[{"@type":"ReadAction","target":["https:\/\/www.leopard.ch\/index.php\/unterstutze-uns\/spenden_und_helfen\/werde-teil-des-lec-teams\/praktikum-bei-lec\/"]}]},{"@type":"ImageObject","inLanguage":"en-US","@id":"https:\/\/www.leopard.ch\/index.php\/unterstutze-uns\/spenden_und_helfen\/werde-teil-des-lec-teams\/praktikum-bei-lec\/#primaryimage","url":"https:\/\/www.leopard.ch\/wp-content\/uploads\/2024\/06\/13_last-page-2.jpg","contentUrl":"https:\/\/www.leopard.ch\/wp-content\/uploads\/2024\/06\/13_last-page-2.jpg","width":1050,"height":1865},{"@type":"BreadcrumbList","@id":"https:\/\/www.leopard.ch\/index.php\/unterstutze-uns\/spenden_und_helfen\/werde-teil-des-lec-teams\/praktikum-bei-lec\/#breadcrumb","itemListElement":[{"@type":"ListItem","position":1,"name":"Home","item":"https:\/\/www.leopard.ch\/"},{"@type":"ListItem","position":2,"name":"Unterst\u00fctze uns!","item":"https:\/\/www.leopard.ch\/index.php\/unterstutze-uns\/"},{"@type":"ListItem","position":3,"name":"Spenden &#038; Helfen","item":"https:\/\/www.leopard.ch\/index.php\/unterstutze-uns\/spenden_und_helfen\/"},{"@type":"ListItem","position":4,"name":"Werde Teil des LEC Teams","item":"https:\/\/www.leopard.ch\/index.php\/unterstutze-uns\/spenden_und_helfen\/werde-teil-des-lec-teams\/"},{"@type":"ListItem","position":5,"name":"Praktikum bei LEC"}]},{"@type":"WebSite","@id":"https:\/\/www.leopard.ch\/#website","url":"https:\/\/www.leopard.ch\/","name":"Leopard Ecology &amp; Conservation","description":"Leopard and Lion Research","publisher":{"@id":"https:\/\/www.leopard.ch\/#organization"},"potentialAction":[{"@type":"SearchAction","target":{"@type":"EntryPoint","urlTemplate":"https:\/\/www.leopard.ch\/?s={search_term_string}"},"query-input":{"@type":"PropertyValueSpecification","valueRequired":true,"valueName":"search_term_string"}}],"inLanguage":"en-US"},{"@type":"Organization","@id":"https:\/\/www.leopard.ch\/#organization","name":"Leopard Ecology &amp; Conservation","url":"https:\/\/www.leopard.ch\/","logo":{"@type":"ImageObject","inLanguage":"en-US","@id":"https:\/\/www.leopard.ch\/#\/schema\/logo\/image\/","url":"https:\/\/www.leopard.ch\/wp-content\/uploads\/2020\/10\/LECLogo_5cm_300dpi_.png","contentUrl":"https:\/\/www.leopard.ch\/wp-content\/uploads\/2020\/10\/LECLogo_5cm_300dpi_.png","width":250,"height":250,"caption":"Leopard Ecology &amp; Conservation"},"image":{"@id":"https:\/\/www.leopard.ch\/#\/schema\/logo\/image\/"}}]}},"_links":{"self":[{"href":"https:\/\/www.leopard.ch\/index.php\/wp-json\/wp\/v2\/pages\/1992","targetHints":{"allow":["GET"]}}],"collection":[{"href":"https:\/\/www.leopard.ch\/index.php\/wp-json\/wp\/v2\/pages"}],"about":[{"href":"https:\/\/www.leopard.ch\/index.php\/wp-json\/wp\/v2\/types\/page"}],"author":[{"embeddable":true,"href":"https:\/\/www.leopard.ch\/index.php\/wp-json\/wp\/v2\/users\/3"}],"replies":[{"embeddable":true,"href":"https:\/\/www.leopard.ch\/index.php\/wp-json\/wp\/v2\/comments?post=1992"}],"version-history":[{"count":2,"href":"https:\/\/www.leopard.ch\/index.php\/wp-json\/wp\/v2\/pages\/1992\/revisions"}],"predecessor-version":[{"id":2015,"href":"https:\/\/www.leopard.ch\/index.php\/wp-json\/wp\/v2\/pages\/1992\/revisions\/2015"}],"up":[{"embeddable":true,"href":"https:\/\/www.leopard.ch\/index.php\/wp-json\/wp\/v2\/pages\/1983"}],"wp:featuredmedia":[{"embeddable":true,"href":"https:\/\/www.leopard.ch\/index.php\/wp-json\/wp\/v2\/media\/1852"}],"wp:attachment":[{"href":"https:\/\/www.leopard.ch\/index.php\/wp-json\/wp\/v2\/media?parent=1992"}],"curies":[{"name":"wp","href":"https:\/\/api.w.org\/{rel}","templated":true}]}}