{"id":1987,"date":"2021-06-03T17:09:00","date_gmt":"2021-06-03T15:09:00","guid":{"rendered":"https:\/\/www.leopard.ch\/?page_id=1987"},"modified":"2024-07-29T15:37:57","modified_gmt":"2024-07-29T13:37:57","slug":"forsche-mit-uns","status":"publish","type":"page","link":"https:\/\/www.leopard.ch\/index.php\/unterstutze-uns\/spenden_und_helfen\/werde-teil-des-lec-teams\/forsche-mit-uns\/","title":{"rendered":"Forsche mit uns"},"content":{"rendered":"\n<p>Im Laufe der Jahre haben viele Studierende einen wertvollen Beitrag an die Arbeit von Leopard Ecology &amp; Conservation geleistet, indem sie an Kurzzeitprojekten gearbeitet haben, die unsere l\u00e4ngerfristigen Forschungs- und Naturschutzziele unterst\u00fctzen und erg\u00e4nzen.<\/p>\n\n\n\n<p>Wenn Sie an einem gemeinsamen Projekt interessiert sind, lesen Sie bitte die folgenden Richtlinien.<\/p>\n\n\n\n<h3 class=\"wp-block-heading\">Was wir bieten<\/h3>\n\n\n\n<p>LEC ist selbst keine akademische Einrichtung und kann daher keine unabh\u00e4ngigen Studierenden vollst\u00e4ndig betreuen. Wir k\u00f6nnen jedoch bei Projekten von Studierenden und Postgraduierten, die bereits an einer Institution eingeschrieben sind und einen Hauptbetreuer gefunden haben, als Kooperationspartner auftreten. Unter bestimmten Umst\u00e4nden k\u00f6nnen wir auch die akademische Co-Betreuung von Bachelor- und Masterarbeiten \u00fcbernehmen.<\/p>\n\n\n\n<p>Die Zusammenarbeit mit einem Studierenden kann in Form von Datenbereitstellung erfolgen, wenn bereits relevante Daten vorhanden sind, oder in Form von Unterst\u00fctzung bei der Erhebung von Felddaten durch unser Feldlager in Khutse. Wenn eine zus\u00e4tzliche Datenerhebung erforderlich ist, h\u00e4ngt das Ausma\u00df der logistischen Unterst\u00fctzung durch LEC davon ab, inwieweit sich die Datenanforderungen des Studierenden mit den bestehenden Aktivit\u00e4ten und Priorit\u00e4ten von LEC \u00fcberschneiden.<\/p>\n\n\n\n<h3 class=\"wp-block-heading\">Bewerbung und Auswahlverfahren<\/h3>\n\n\n\n<p>Leopard Ecology &amp; Conservation ist eine kleine Organisation und hat nur eine begrenzte Kapazit\u00e4t f\u00fcr Studierende, daher k\u00f6nnen wir jeweils nur wenige Bewerbungen annehmen. Bevorzugt werden die Forschungsvorschl\u00e4ge, die am st\u00e4rksten zu den Priorit\u00e4ten und Zielen von Leopard Ecology &amp; Conservation beitragen.<\/p>\n\n\n\n<p>Das langfristige Ziel von LEC ist es, einen bedeutenden Beitrag zur Erhaltung gro\u00dfer Raubkatzen als Schl\u00fcsselkomponenten eines gesunden, funktionierenden \u00d6kosystems zu leisten. Dies erfordert ein Verst\u00e4ndnis des Status und der Lebensraumbed\u00fcrfnisse von Leoparden und L\u00f6wen sowohl innerhalb als auch ausserhalb formeller Schutzgebiete sowie die Entwicklung effektiver Strategien zur Bew\u00e4ltigung von Bedrohungen wie Konflikten zwischen Mensch und Raubtier.<\/p>\n\n\n\n<p>Aktuelle vorrangige Forschungsfragen f\u00fcr den Zeitraum 2020-2025:<\/p>\n\n\n\n<ol class=\"wp-block-list\">\n<li>Was treibt die Populationsdynamik von Leoparden und L\u00f6wen in unserem Untersuchungsgebiet an?<\/li>\n\n\n\n<li>Welches sind die wichtigsten Ressourcen in Form von Beutetieren f\u00fcr die Leoparden- und L\u00f6wenpopulationen in unserem Untersuchungsgebiet?<\/li>\n\n\n\n<li>Wie bewegen sich Leoparden und L\u00f6wen durch die Landschaften des Untersuchungsgebiets und wie interagieren sie mit ihnen?<\/li>\n\n\n\n<li>Wie interagieren Leoparden und L\u00f6wen untereinander und mit anderen Arten, die im \u00d6kosystem der Kalahari vorkommen?<\/li>\n\n\n\n<li>Welchen Einfluss haben menschliche Aktivit\u00e4ten auf die \u00d6kologie der Raubtiere?<\/li>\n\n\n\n<li>Was veranlasst die Viehhalter dazu, ein Raubtier als problematisch zu empfinden?<\/li>\n\n\n\n<li>Welche Ma\u00dfnahmen sind am wirksamsten, um die Raubtieraktivit\u00e4ten zu reduzieren?<\/li>\n\n\n\n<li>Wie passt das Verhalten und die \u00d6kologie von Khutse-Leoparden und -L\u00f6wen in die breitere Raubtierlandschaft in Botswana?<\/li>\n<\/ol>\n\n\n\n<p>Wenn Sie sich f\u00fcr ein Projekt bei uns bewerben m\u00f6chten, f\u00fcllen Sie bitte <a href=\"https:\/\/www.leopard.ch\/wp-content\/uploads\/2021\/06\/student_application_form_LEC.docx\">dieses Formular<\/a> aus und senden Sie es zusammen mit Ihrem aktuellen Lebenslauf (englisch) an <a href=\"mailto: g.finerty@leopardecology.com\">Dr. Genevieve Finerty<\/a>, Betreff der E-Mail: \u201eDo research with LEC\u201c.<\/p>\n\n\n\n<h3 class=\"wp-block-heading\">Kosten<\/h3>\n\n\n\n<p>Die Studierenden sind f\u00fcr die Finanzierung ihres Forschungsprojekts selbst verantwortlich. Leopard Ecology &amp; Conservation kann ein Unterst\u00fctzungsschreiben f\u00fcr Studierende ausstellen, die Zusch\u00fcsse und Stipendien zur Durchf\u00fchrung ihres Forschungsprojekts beantragen.<\/p>\n","protected":false},"excerpt":{"rendered":"<p>Im Laufe der Jahre haben viele Studierende einen wertvollen Beitrag an die Arbeit von Leopard Ecology &amp; Conservation geleistet, indem sie an Kurzzeitprojekten gearbeitet haben, die unsere l\u00e4ngerfristigen Forschungs- und Naturschutzziele unterst\u00fctzen und erg\u00e4nzen. Wenn Sie an einem gemeinsamen Projekt interessiert sind, lesen Sie bitte die folgenden Richtlinien. Was wir bieten LEC ist selbst keine [&hellip;]<\/p>\n","protected":false},"author":3,"featured_media":1946,"parent":1983,"menu_order":1,"comment_status":"closed","ping_status":"closed","template":"","meta":{"footnotes":""},"class_list":["post-1987","page","type-page","status-publish","has-post-thumbnail","czr-hentry"],"yoast_head":"<!-- This site is optimized with the Yoast SEO plugin v27.3 - https:\/\/yoast.com\/product\/yoast-seo-wordpress\/ -->\n<title>Forsche mit uns - Leopard Ecology &amp; Conservation<\/title>\n<meta name=\"robots\" content=\"index, follow, max-snippet:-1, max-image-preview:large, max-video-preview:-1\" \/>\n<link rel=\"canonical\" href=\"https:\/\/www.leopard.ch\/index.php\/unterstutze-uns\/spenden_und_helfen\/werde-teil-des-lec-teams\/forsche-mit-uns\/\" \/>\n<meta property=\"og:locale\" content=\"en_US\" \/>\n<meta property=\"og:type\" content=\"article\" \/>\n<meta property=\"og:title\" content=\"Forsche mit uns - Leopard Ecology &amp; Conservation\" \/>\n<meta property=\"og:description\" content=\"Im Laufe der Jahre haben viele Studierende einen wertvollen Beitrag an die Arbeit von Leopard Ecology &amp; Conservation geleistet, indem sie an Kurzzeitprojekten gearbeitet haben, die unsere l\u00e4ngerfristigen Forschungs- und Naturschutzziele unterst\u00fctzen und erg\u00e4nzen. Wenn Sie an einem gemeinsamen Projekt interessiert sind, lesen Sie bitte die folgenden Richtlinien. Was wir bieten LEC ist selbst keine [&hellip;]\" \/>\n<meta property=\"og:url\" content=\"https:\/\/www.leopard.ch\/index.php\/unterstutze-uns\/spenden_und_helfen\/werde-teil-des-lec-teams\/forsche-mit-uns\/\" \/>\n<meta property=\"og:site_name\" content=\"Leopard Ecology &amp; Conservation\" \/>\n<meta property=\"article:modified_time\" content=\"2024-07-29T13:37:57+00:00\" \/>\n<meta property=\"og:image\" content=\"https:\/\/www.leopard.ch\/wp-content\/uploads\/2024\/07\/IMG_1226_long_narrow_2mb-scaled.jpg\" \/>\n\t<meta property=\"og:image:width\" content=\"2560\" \/>\n\t<meta property=\"og:image:height\" content=\"552\" \/>\n\t<meta property=\"og:image:type\" content=\"image\/jpeg\" \/>\n<meta name=\"twitter:card\" content=\"summary_large_image\" \/>\n<meta name=\"twitter:label1\" content=\"Est. reading time\" \/>\n\t<meta name=\"twitter:data1\" content=\"3 minutes\" \/>\n<script type=\"application\/ld+json\" class=\"yoast-schema-graph\">{\"@context\":\"https:\\\/\\\/schema.org\",\"@graph\":[{\"@type\":\"WebPage\",\"@id\":\"https:\\\/\\\/www.leopard.ch\\\/index.php\\\/unterstutze-uns\\\/spenden_und_helfen\\\/werde-teil-des-lec-teams\\\/forsche-mit-uns\\\/\",\"url\":\"https:\\\/\\\/www.leopard.ch\\\/index.php\\\/unterstutze-uns\\\/spenden_und_helfen\\\/werde-teil-des-lec-teams\\\/forsche-mit-uns\\\/\",\"name\":\"Forsche mit uns - Leopard Ecology &amp; Conservation\",\"isPartOf\":{\"@id\":\"https:\\\/\\\/www.leopard.ch\\\/#website\"},\"primaryImageOfPage\":{\"@id\":\"https:\\\/\\\/www.leopard.ch\\\/index.php\\\/unterstutze-uns\\\/spenden_und_helfen\\\/werde-teil-des-lec-teams\\\/forsche-mit-uns\\\/#primaryimage\"},\"image\":{\"@id\":\"https:\\\/\\\/www.leopard.ch\\\/index.php\\\/unterstutze-uns\\\/spenden_und_helfen\\\/werde-teil-des-lec-teams\\\/forsche-mit-uns\\\/#primaryimage\"},\"thumbnailUrl\":\"https:\\\/\\\/www.leopard.ch\\\/wp-content\\\/uploads\\\/2024\\\/07\\\/IMG_1226_long_narrow_2mb-scaled.jpg\",\"datePublished\":\"2021-06-03T15:09:00+00:00\",\"dateModified\":\"2024-07-29T13:37:57+00:00\",\"breadcrumb\":{\"@id\":\"https:\\\/\\\/www.leopard.ch\\\/index.php\\\/unterstutze-uns\\\/spenden_und_helfen\\\/werde-teil-des-lec-teams\\\/forsche-mit-uns\\\/#breadcrumb\"},\"inLanguage\":\"en-US\",\"potentialAction\":[{\"@type\":\"ReadAction\",\"target\":[\"https:\\\/\\\/www.leopard.ch\\\/index.php\\\/unterstutze-uns\\\/spenden_und_helfen\\\/werde-teil-des-lec-teams\\\/forsche-mit-uns\\\/\"]}]},{\"@type\":\"ImageObject\",\"inLanguage\":\"en-US\",\"@id\":\"https:\\\/\\\/www.leopard.ch\\\/index.php\\\/unterstutze-uns\\\/spenden_und_helfen\\\/werde-teil-des-lec-teams\\\/forsche-mit-uns\\\/#primaryimage\",\"url\":\"https:\\\/\\\/www.leopard.ch\\\/wp-content\\\/uploads\\\/2024\\\/07\\\/IMG_1226_long_narrow_2mb-scaled.jpg\",\"contentUrl\":\"https:\\\/\\\/www.leopard.ch\\\/wp-content\\\/uploads\\\/2024\\\/07\\\/IMG_1226_long_narrow_2mb-scaled.jpg\",\"width\":2560,\"height\":552},{\"@type\":\"BreadcrumbList\",\"@id\":\"https:\\\/\\\/www.leopard.ch\\\/index.php\\\/unterstutze-uns\\\/spenden_und_helfen\\\/werde-teil-des-lec-teams\\\/forsche-mit-uns\\\/#breadcrumb\",\"itemListElement\":[{\"@type\":\"ListItem\",\"position\":1,\"name\":\"Home\",\"item\":\"https:\\\/\\\/www.leopard.ch\\\/\"},{\"@type\":\"ListItem\",\"position\":2,\"name\":\"Unterst\u00fctze uns!\",\"item\":\"https:\\\/\\\/www.leopard.ch\\\/index.php\\\/unterstutze-uns\\\/\"},{\"@type\":\"ListItem\",\"position\":3,\"name\":\"Spenden &#038; Helfen\",\"item\":\"https:\\\/\\\/www.leopard.ch\\\/index.php\\\/unterstutze-uns\\\/spenden_und_helfen\\\/\"},{\"@type\":\"ListItem\",\"position\":4,\"name\":\"Werde Teil des LEC Teams\",\"item\":\"https:\\\/\\\/www.leopard.ch\\\/index.php\\\/unterstutze-uns\\\/spenden_und_helfen\\\/werde-teil-des-lec-teams\\\/\"},{\"@type\":\"ListItem\",\"position\":5,\"name\":\"Forsche mit uns\"}]},{\"@type\":\"WebSite\",\"@id\":\"https:\\\/\\\/www.leopard.ch\\\/#website\",\"url\":\"https:\\\/\\\/www.leopard.ch\\\/\",\"name\":\"Leopard Ecology &amp; Conservation\",\"description\":\"Leopard and Lion Research\",\"publisher\":{\"@id\":\"https:\\\/\\\/www.leopard.ch\\\/#organization\"},\"potentialAction\":[{\"@type\":\"SearchAction\",\"target\":{\"@type\":\"EntryPoint\",\"urlTemplate\":\"https:\\\/\\\/www.leopard.ch\\\/?s={search_term_string}\"},\"query-input\":{\"@type\":\"PropertyValueSpecification\",\"valueRequired\":true,\"valueName\":\"search_term_string\"}}],\"inLanguage\":\"en-US\"},{\"@type\":\"Organization\",\"@id\":\"https:\\\/\\\/www.leopard.ch\\\/#organization\",\"name\":\"Leopard Ecology &amp; Conservation\",\"url\":\"https:\\\/\\\/www.leopard.ch\\\/\",\"logo\":{\"@type\":\"ImageObject\",\"inLanguage\":\"en-US\",\"@id\":\"https:\\\/\\\/www.leopard.ch\\\/#\\\/schema\\\/logo\\\/image\\\/\",\"url\":\"https:\\\/\\\/www.leopard.ch\\\/wp-content\\\/uploads\\\/2020\\\/10\\\/LECLogo_5cm_300dpi_.png\",\"contentUrl\":\"https:\\\/\\\/www.leopard.ch\\\/wp-content\\\/uploads\\\/2020\\\/10\\\/LECLogo_5cm_300dpi_.png\",\"width\":250,\"height\":250,\"caption\":\"Leopard Ecology &amp; Conservation\"},\"image\":{\"@id\":\"https:\\\/\\\/www.leopard.ch\\\/#\\\/schema\\\/logo\\\/image\\\/\"}}]}<\/script>\n<!-- \/ Yoast SEO plugin. -->","yoast_head_json":{"title":"Forsche mit uns - Leopard Ecology &amp; Conservation","robots":{"index":"index","follow":"follow","max-snippet":"max-snippet:-1","max-image-preview":"max-image-preview:large","max-video-preview":"max-video-preview:-1"},"canonical":"https:\/\/www.leopard.ch\/index.php\/unterstutze-uns\/spenden_und_helfen\/werde-teil-des-lec-teams\/forsche-mit-uns\/","og_locale":"en_US","og_type":"article","og_title":"Forsche mit uns - Leopard Ecology &amp; Conservation","og_description":"Im Laufe der Jahre haben viele Studierende einen wertvollen Beitrag an die Arbeit von Leopard Ecology &amp; Conservation geleistet, indem sie an Kurzzeitprojekten gearbeitet haben, die unsere l\u00e4ngerfristigen Forschungs- und Naturschutzziele unterst\u00fctzen und erg\u00e4nzen. Wenn Sie an einem gemeinsamen Projekt interessiert sind, lesen Sie bitte die folgenden Richtlinien. Was wir bieten LEC ist selbst keine [&hellip;]","og_url":"https:\/\/www.leopard.ch\/index.php\/unterstutze-uns\/spenden_und_helfen\/werde-teil-des-lec-teams\/forsche-mit-uns\/","og_site_name":"Leopard Ecology &amp; Conservation","article_modified_time":"2024-07-29T13:37:57+00:00","og_image":[{"width":2560,"height":552,"url":"https:\/\/www.leopard.ch\/wp-content\/uploads\/2024\/07\/IMG_1226_long_narrow_2mb-scaled.jpg","type":"image\/jpeg"}],"twitter_card":"summary_large_image","twitter_misc":{"Est. reading time":"3 minutes"},"schema":{"@context":"https:\/\/schema.org","@graph":[{"@type":"WebPage","@id":"https:\/\/www.leopard.ch\/index.php\/unterstutze-uns\/spenden_und_helfen\/werde-teil-des-lec-teams\/forsche-mit-uns\/","url":"https:\/\/www.leopard.ch\/index.php\/unterstutze-uns\/spenden_und_helfen\/werde-teil-des-lec-teams\/forsche-mit-uns\/","name":"Forsche mit uns - Leopard Ecology &amp; Conservation","isPartOf":{"@id":"https:\/\/www.leopard.ch\/#website"},"primaryImageOfPage":{"@id":"https:\/\/www.leopard.ch\/index.php\/unterstutze-uns\/spenden_und_helfen\/werde-teil-des-lec-teams\/forsche-mit-uns\/#primaryimage"},"image":{"@id":"https:\/\/www.leopard.ch\/index.php\/unterstutze-uns\/spenden_und_helfen\/werde-teil-des-lec-teams\/forsche-mit-uns\/#primaryimage"},"thumbnailUrl":"https:\/\/www.leopard.ch\/wp-content\/uploads\/2024\/07\/IMG_1226_long_narrow_2mb-scaled.jpg","datePublished":"2021-06-03T15:09:00+00:00","dateModified":"2024-07-29T13:37:57+00:00","breadcrumb":{"@id":"https:\/\/www.leopard.ch\/index.php\/unterstutze-uns\/spenden_und_helfen\/werde-teil-des-lec-teams\/forsche-mit-uns\/#breadcrumb"},"inLanguage":"en-US","potentialAction":[{"@type":"ReadAction","target":["https:\/\/www.leopard.ch\/index.php\/unterstutze-uns\/spenden_und_helfen\/werde-teil-des-lec-teams\/forsche-mit-uns\/"]}]},{"@type":"ImageObject","inLanguage":"en-US","@id":"https:\/\/www.leopard.ch\/index.php\/unterstutze-uns\/spenden_und_helfen\/werde-teil-des-lec-teams\/forsche-mit-uns\/#primaryimage","url":"https:\/\/www.leopard.ch\/wp-content\/uploads\/2024\/07\/IMG_1226_long_narrow_2mb-scaled.jpg","contentUrl":"https:\/\/www.leopard.ch\/wp-content\/uploads\/2024\/07\/IMG_1226_long_narrow_2mb-scaled.jpg","width":2560,"height":552},{"@type":"BreadcrumbList","@id":"https:\/\/www.leopard.ch\/index.php\/unterstutze-uns\/spenden_und_helfen\/werde-teil-des-lec-teams\/forsche-mit-uns\/#breadcrumb","itemListElement":[{"@type":"ListItem","position":1,"name":"Home","item":"https:\/\/www.leopard.ch\/"},{"@type":"ListItem","position":2,"name":"Unterst\u00fctze uns!","item":"https:\/\/www.leopard.ch\/index.php\/unterstutze-uns\/"},{"@type":"ListItem","position":3,"name":"Spenden &#038; Helfen","item":"https:\/\/www.leopard.ch\/index.php\/unterstutze-uns\/spenden_und_helfen\/"},{"@type":"ListItem","position":4,"name":"Werde Teil des LEC Teams","item":"https:\/\/www.leopard.ch\/index.php\/unterstutze-uns\/spenden_und_helfen\/werde-teil-des-lec-teams\/"},{"@type":"ListItem","position":5,"name":"Forsche mit uns"}]},{"@type":"WebSite","@id":"https:\/\/www.leopard.ch\/#website","url":"https:\/\/www.leopard.ch\/","name":"Leopard Ecology &amp; Conservation","description":"Leopard and Lion Research","publisher":{"@id":"https:\/\/www.leopard.ch\/#organization"},"potentialAction":[{"@type":"SearchAction","target":{"@type":"EntryPoint","urlTemplate":"https:\/\/www.leopard.ch\/?s={search_term_string}"},"query-input":{"@type":"PropertyValueSpecification","valueRequired":true,"valueName":"search_term_string"}}],"inLanguage":"en-US"},{"@type":"Organization","@id":"https:\/\/www.leopard.ch\/#organization","name":"Leopard Ecology &amp; Conservation","url":"https:\/\/www.leopard.ch\/","logo":{"@type":"ImageObject","inLanguage":"en-US","@id":"https:\/\/www.leopard.ch\/#\/schema\/logo\/image\/","url":"https:\/\/www.leopard.ch\/wp-content\/uploads\/2020\/10\/LECLogo_5cm_300dpi_.png","contentUrl":"https:\/\/www.leopard.ch\/wp-content\/uploads\/2020\/10\/LECLogo_5cm_300dpi_.png","width":250,"height":250,"caption":"Leopard Ecology &amp; Conservation"},"image":{"@id":"https:\/\/www.leopard.ch\/#\/schema\/logo\/image\/"}}]}},"_links":{"self":[{"href":"https:\/\/www.leopard.ch\/index.php\/wp-json\/wp\/v2\/pages\/1987","targetHints":{"allow":["GET"]}}],"collection":[{"href":"https:\/\/www.leopard.ch\/index.php\/wp-json\/wp\/v2\/pages"}],"about":[{"href":"https:\/\/www.leopard.ch\/index.php\/wp-json\/wp\/v2\/types\/page"}],"author":[{"embeddable":true,"href":"https:\/\/www.leopard.ch\/index.php\/wp-json\/wp\/v2\/users\/3"}],"replies":[{"embeddable":true,"href":"https:\/\/www.leopard.ch\/index.php\/wp-json\/wp\/v2\/comments?post=1987"}],"version-history":[{"count":3,"href":"https:\/\/www.leopard.ch\/index.php\/wp-json\/wp\/v2\/pages\/1987\/revisions"}],"predecessor-version":[{"id":2013,"href":"https:\/\/www.leopard.ch\/index.php\/wp-json\/wp\/v2\/pages\/1987\/revisions\/2013"}],"up":[{"embeddable":true,"href":"https:\/\/www.leopard.ch\/index.php\/wp-json\/wp\/v2\/pages\/1983"}],"wp:featuredmedia":[{"embeddable":true,"href":"https:\/\/www.leopard.ch\/index.php\/wp-json\/wp\/v2\/media\/1946"}],"wp:attachment":[{"href":"https:\/\/www.leopard.ch\/index.php\/wp-json\/wp\/v2\/media?parent=1987"}],"curies":[{"name":"wp","href":"https:\/\/api.w.org\/{rel}","templated":true}]}}