{"id":1976,"date":"2024-06-25T16:10:47","date_gmt":"2024-06-25T14:10:47","guid":{"rendered":"https:\/\/www.leopard.ch\/?page_id=1976"},"modified":"2024-07-29T12:55:09","modified_gmt":"2024-07-29T10:55:09","slug":"jetzt-spenden","status":"publish","type":"page","link":"https:\/\/www.leopard.ch\/index.php\/jetzt-spenden\/","title":{"rendered":"Jetzt spenden!"},"content":{"rendered":"\n<p>Unterst\u00fctzen Sie uns mit Ihrer Spende! Mit Ihrer Hilfe setzt sich LEC direkt vor Ort in Botswana f\u00fcr den Schutz der Leoparden und L\u00f6wen ein.<\/p>\n\n\n\n<div class=\"wp-block-columns is-layout-flex wp-container-core-columns-is-layout-9d6595d7 wp-block-columns-is-layout-flex\">\n<div class=\"wp-block-column is-layout-flow wp-block-column-is-layout-flow\"><!-- Begin PayPal Donations by https:\/\/www.tipsandtricks-hq.com\/paypal-donations-widgets-plugin -->\n\n<form action=\"https:\/\/www.paypal.com\/cgi-bin\/webscr\" method=\"post\">\n    <div class=\"paypal-donations\">\n        <input type=\"hidden\" name=\"cmd\" value=\"_donations\" \/>\n        <input type=\"hidden\" name=\"bn\" value=\"TipsandTricks_SP\" \/>\n        <input type=\"hidden\" name=\"business\" value=\"p.schiess@leopardecology.com\" \/>\n        <input type=\"hidden\" name=\"item_name\" value=\"Support Leopard Ecology &amp; Conservation\" \/>\n        <input type=\"hidden\" name=\"rm\" value=\"0\" \/>\n        <input type=\"hidden\" name=\"currency_code\" value=\"CHF\" \/>\n        <input type=\"image\" style=\"cursor: pointer;\" src=\"https:\/\/www.leopard.ch\/wp-content\/uploads\/2020\/11\/paypal-donate-button-high-quality-png.png\" name=\"submit\" alt=\"PayPal - The safer, easier way to pay online.\" \/>\n        <img loading=\"lazy\" decoding=\"async\" alt=\"\" src=\"https:\/\/www.paypalobjects.com\/en_US\/i\/scr\/pixel.gif\" width=\"1\" height=\"1\" \/>\n    <\/div>\n<\/form>\n<!-- End PayPal Donations -->\n\n\n\n\n<figure class=\"wp-block-image size-large is-resized\"><img loading=\"lazy\" decoding=\"async\" width=\"557\" height=\"550\" src=\"https:\/\/www.leopard.ch\/wp-content\/uploads\/2024\/07\/image.png\" alt=\"\" class=\"wp-image-1968\" style=\"aspect-ratio:1.0127272727272727;width:223px;height:auto\" srcset=\"https:\/\/www.leopard.ch\/wp-content\/uploads\/2024\/07\/image.png 557w, https:\/\/www.leopard.ch\/wp-content\/uploads\/2024\/07\/image-300x296.png 300w\" sizes=\"auto, (max-width: 557px) 100vw, 557px\" \/><\/figure>\n<\/div>\n\n\n\n<div class=\"wp-block-column is-layout-flow wp-block-column-is-layout-flow\">\n<h4 class=\"wp-block-heading\" style=\"font-size:18px;font-style:normal;font-weight:600\">Sie k\u00f6nnen Ihre Spenden auch direkt auf die folgenden Konten \u00fcberweisen:<\/h4>\n\n\n\n<p>African Cats &amp; Conservation Foundation<br>UBS AG, CH \u2013 8098 Z\u00fcrich<br>IBAN: CH82 0023 3233 6262 7901 X<br>BIC: UBSWCHZH80A<\/p>\n\n\n\n<p>Leopard Ecology &amp; Conservation Trust<br>First National Bank Gaborone<br>Broadhurst Branch, Botswana<br>Swift: FIRNBWGX <br>Branch Code: 281267<br>Account: 62609104427<\/p>\n<\/div>\n<\/div>\n","protected":false},"excerpt":{"rendered":"<p>Unterst\u00fctzen Sie uns mit Ihrer Spende! Mit Ihrer Hilfe setzt sich LEC direkt vor Ort in Botswana f\u00fcr den Schutz der Leoparden und L\u00f6wen ein. Sie k\u00f6nnen Ihre Spenden auch direkt auf die folgenden Konten \u00fcberweisen: African Cats &amp; Conservation FoundationUBS AG, CH \u2013 8098 Z\u00fcrichIBAN: CH82 0023 3233 6262 7901 XBIC: UBSWCHZH80A Leopard Ecology [&hellip;]<\/p>\n","protected":false},"author":3,"featured_media":1846,"parent":0,"menu_order":0,"comment_status":"closed","ping_status":"closed","template":"","meta":{"footnotes":""},"class_list":["post-1976","page","type-page","status-publish","has-post-thumbnail","czr-hentry"],"yoast_head":"<!-- This site is optimized with the Yoast SEO plugin v27.4 - https:\/\/yoast.com\/product\/yoast-seo-wordpress\/ -->\n<title>Jetzt spenden! - Leopard Ecology &amp; Conservation<\/title>\n<meta name=\"robots\" content=\"index, follow, max-snippet:-1, max-image-preview:large, max-video-preview:-1\" \/>\n<link rel=\"canonical\" href=\"https:\/\/www.leopard.ch\/index.php\/jetzt-spenden\/\" \/>\n<meta property=\"og:locale\" content=\"en_US\" \/>\n<meta property=\"og:type\" content=\"article\" \/>\n<meta property=\"og:title\" content=\"Jetzt spenden! - Leopard Ecology &amp; Conservation\" \/>\n<meta property=\"og:description\" content=\"Unterst\u00fctzen Sie uns mit Ihrer Spende! Mit Ihrer Hilfe setzt sich LEC direkt vor Ort in Botswana f\u00fcr den Schutz der Leoparden und L\u00f6wen ein. Sie k\u00f6nnen Ihre Spenden auch direkt auf die folgenden Konten \u00fcberweisen: African Cats &amp; Conservation FoundationUBS AG, CH \u2013 8098 Z\u00fcrichIBAN: CH82 0023 3233 6262 7901 XBIC: UBSWCHZH80A Leopard Ecology [&hellip;]\" \/>\n<meta property=\"og:url\" content=\"https:\/\/www.leopard.ch\/index.php\/jetzt-spenden\/\" \/>\n<meta property=\"og:site_name\" content=\"Leopard Ecology &amp; Conservation\" \/>\n<meta property=\"article:modified_time\" content=\"2024-07-29T10:55:09+00:00\" \/>\n<meta property=\"og:image\" content=\"https:\/\/www.leopard.ch\/wp-content\/uploads\/2024\/06\/AA-28-Large.jpeg\" \/>\n\t<meta property=\"og:image:width\" content=\"1280\" \/>\n\t<meta property=\"og:image:height\" content=\"848\" \/>\n\t<meta property=\"og:image:type\" content=\"image\/jpeg\" \/>\n<meta name=\"twitter:card\" content=\"summary_large_image\" \/>\n<meta name=\"twitter:label1\" content=\"Est. reading time\" \/>\n\t<meta name=\"twitter:data1\" content=\"1 minute\" \/>\n<script type=\"application\/ld+json\" class=\"yoast-schema-graph\">{\"@context\":\"https:\\\/\\\/schema.org\",\"@graph\":[{\"@type\":\"WebPage\",\"@id\":\"https:\\\/\\\/www.leopard.ch\\\/index.php\\\/jetzt-spenden\\\/\",\"url\":\"https:\\\/\\\/www.leopard.ch\\\/index.php\\\/jetzt-spenden\\\/\",\"name\":\"Jetzt spenden! - Leopard Ecology &amp; Conservation\",\"isPartOf\":{\"@id\":\"https:\\\/\\\/www.leopard.ch\\\/#website\"},\"primaryImageOfPage\":{\"@id\":\"https:\\\/\\\/www.leopard.ch\\\/index.php\\\/jetzt-spenden\\\/#primaryimage\"},\"image\":{\"@id\":\"https:\\\/\\\/www.leopard.ch\\\/index.php\\\/jetzt-spenden\\\/#primaryimage\"},\"thumbnailUrl\":\"https:\\\/\\\/www.leopard.ch\\\/wp-content\\\/uploads\\\/2024\\\/06\\\/AA-28-Large.jpeg\",\"datePublished\":\"2024-06-25T14:10:47+00:00\",\"dateModified\":\"2024-07-29T10:55:09+00:00\",\"breadcrumb\":{\"@id\":\"https:\\\/\\\/www.leopard.ch\\\/index.php\\\/jetzt-spenden\\\/#breadcrumb\"},\"inLanguage\":\"en-US\",\"potentialAction\":[{\"@type\":\"ReadAction\",\"target\":[\"https:\\\/\\\/www.leopard.ch\\\/index.php\\\/jetzt-spenden\\\/\"]}]},{\"@type\":\"ImageObject\",\"inLanguage\":\"en-US\",\"@id\":\"https:\\\/\\\/www.leopard.ch\\\/index.php\\\/jetzt-spenden\\\/#primaryimage\",\"url\":\"https:\\\/\\\/www.leopard.ch\\\/wp-content\\\/uploads\\\/2024\\\/06\\\/AA-28-Large.jpeg\",\"contentUrl\":\"https:\\\/\\\/www.leopard.ch\\\/wp-content\\\/uploads\\\/2024\\\/06\\\/AA-28-Large.jpeg\",\"width\":1280,\"height\":848},{\"@type\":\"BreadcrumbList\",\"@id\":\"https:\\\/\\\/www.leopard.ch\\\/index.php\\\/jetzt-spenden\\\/#breadcrumb\",\"itemListElement\":[{\"@type\":\"ListItem\",\"position\":1,\"name\":\"Home\",\"item\":\"https:\\\/\\\/www.leopard.ch\\\/\"},{\"@type\":\"ListItem\",\"position\":2,\"name\":\"Jetzt spenden!\"}]},{\"@type\":\"WebSite\",\"@id\":\"https:\\\/\\\/www.leopard.ch\\\/#website\",\"url\":\"https:\\\/\\\/www.leopard.ch\\\/\",\"name\":\"Leopard Ecology &amp; Conservation\",\"description\":\"Leopard and Lion Research\",\"publisher\":{\"@id\":\"https:\\\/\\\/www.leopard.ch\\\/#organization\"},\"potentialAction\":[{\"@type\":\"SearchAction\",\"target\":{\"@type\":\"EntryPoint\",\"urlTemplate\":\"https:\\\/\\\/www.leopard.ch\\\/?s={search_term_string}\"},\"query-input\":{\"@type\":\"PropertyValueSpecification\",\"valueRequired\":true,\"valueName\":\"search_term_string\"}}],\"inLanguage\":\"en-US\"},{\"@type\":\"Organization\",\"@id\":\"https:\\\/\\\/www.leopard.ch\\\/#organization\",\"name\":\"Leopard Ecology &amp; Conservation\",\"url\":\"https:\\\/\\\/www.leopard.ch\\\/\",\"logo\":{\"@type\":\"ImageObject\",\"inLanguage\":\"en-US\",\"@id\":\"https:\\\/\\\/www.leopard.ch\\\/#\\\/schema\\\/logo\\\/image\\\/\",\"url\":\"https:\\\/\\\/www.leopard.ch\\\/wp-content\\\/uploads\\\/2020\\\/10\\\/LECLogo_5cm_300dpi_.png\",\"contentUrl\":\"https:\\\/\\\/www.leopard.ch\\\/wp-content\\\/uploads\\\/2020\\\/10\\\/LECLogo_5cm_300dpi_.png\",\"width\":250,\"height\":250,\"caption\":\"Leopard Ecology &amp; Conservation\"},\"image\":{\"@id\":\"https:\\\/\\\/www.leopard.ch\\\/#\\\/schema\\\/logo\\\/image\\\/\"}}]}<\/script>\n<!-- \/ Yoast SEO plugin. -->","yoast_head_json":{"title":"Jetzt spenden! - Leopard Ecology &amp; Conservation","robots":{"index":"index","follow":"follow","max-snippet":"max-snippet:-1","max-image-preview":"max-image-preview:large","max-video-preview":"max-video-preview:-1"},"canonical":"https:\/\/www.leopard.ch\/index.php\/jetzt-spenden\/","og_locale":"en_US","og_type":"article","og_title":"Jetzt spenden! - Leopard Ecology &amp; Conservation","og_description":"Unterst\u00fctzen Sie uns mit Ihrer Spende! Mit Ihrer Hilfe setzt sich LEC direkt vor Ort in Botswana f\u00fcr den Schutz der Leoparden und L\u00f6wen ein. Sie k\u00f6nnen Ihre Spenden auch direkt auf die folgenden Konten \u00fcberweisen: African Cats &amp; Conservation FoundationUBS AG, CH \u2013 8098 Z\u00fcrichIBAN: CH82 0023 3233 6262 7901 XBIC: UBSWCHZH80A Leopard Ecology [&hellip;]","og_url":"https:\/\/www.leopard.ch\/index.php\/jetzt-spenden\/","og_site_name":"Leopard Ecology &amp; Conservation","article_modified_time":"2024-07-29T10:55:09+00:00","og_image":[{"width":1280,"height":848,"url":"https:\/\/www.leopard.ch\/wp-content\/uploads\/2024\/06\/AA-28-Large.jpeg","type":"image\/jpeg"}],"twitter_card":"summary_large_image","twitter_misc":{"Est. reading time":"1 minute"},"schema":{"@context":"https:\/\/schema.org","@graph":[{"@type":"WebPage","@id":"https:\/\/www.leopard.ch\/index.php\/jetzt-spenden\/","url":"https:\/\/www.leopard.ch\/index.php\/jetzt-spenden\/","name":"Jetzt spenden! - Leopard Ecology &amp; Conservation","isPartOf":{"@id":"https:\/\/www.leopard.ch\/#website"},"primaryImageOfPage":{"@id":"https:\/\/www.leopard.ch\/index.php\/jetzt-spenden\/#primaryimage"},"image":{"@id":"https:\/\/www.leopard.ch\/index.php\/jetzt-spenden\/#primaryimage"},"thumbnailUrl":"https:\/\/www.leopard.ch\/wp-content\/uploads\/2024\/06\/AA-28-Large.jpeg","datePublished":"2024-06-25T14:10:47+00:00","dateModified":"2024-07-29T10:55:09+00:00","breadcrumb":{"@id":"https:\/\/www.leopard.ch\/index.php\/jetzt-spenden\/#breadcrumb"},"inLanguage":"en-US","potentialAction":[{"@type":"ReadAction","target":["https:\/\/www.leopard.ch\/index.php\/jetzt-spenden\/"]}]},{"@type":"ImageObject","inLanguage":"en-US","@id":"https:\/\/www.leopard.ch\/index.php\/jetzt-spenden\/#primaryimage","url":"https:\/\/www.leopard.ch\/wp-content\/uploads\/2024\/06\/AA-28-Large.jpeg","contentUrl":"https:\/\/www.leopard.ch\/wp-content\/uploads\/2024\/06\/AA-28-Large.jpeg","width":1280,"height":848},{"@type":"BreadcrumbList","@id":"https:\/\/www.leopard.ch\/index.php\/jetzt-spenden\/#breadcrumb","itemListElement":[{"@type":"ListItem","position":1,"name":"Home","item":"https:\/\/www.leopard.ch\/"},{"@type":"ListItem","position":2,"name":"Jetzt spenden!"}]},{"@type":"WebSite","@id":"https:\/\/www.leopard.ch\/#website","url":"https:\/\/www.leopard.ch\/","name":"Leopard Ecology &amp; Conservation","description":"Leopard and Lion Research","publisher":{"@id":"https:\/\/www.leopard.ch\/#organization"},"potentialAction":[{"@type":"SearchAction","target":{"@type":"EntryPoint","urlTemplate":"https:\/\/www.leopard.ch\/?s={search_term_string}"},"query-input":{"@type":"PropertyValueSpecification","valueRequired":true,"valueName":"search_term_string"}}],"inLanguage":"en-US"},{"@type":"Organization","@id":"https:\/\/www.leopard.ch\/#organization","name":"Leopard Ecology &amp; Conservation","url":"https:\/\/www.leopard.ch\/","logo":{"@type":"ImageObject","inLanguage":"en-US","@id":"https:\/\/www.leopard.ch\/#\/schema\/logo\/image\/","url":"https:\/\/www.leopard.ch\/wp-content\/uploads\/2020\/10\/LECLogo_5cm_300dpi_.png","contentUrl":"https:\/\/www.leopard.ch\/wp-content\/uploads\/2020\/10\/LECLogo_5cm_300dpi_.png","width":250,"height":250,"caption":"Leopard Ecology &amp; Conservation"},"image":{"@id":"https:\/\/www.leopard.ch\/#\/schema\/logo\/image\/"}}]}},"_links":{"self":[{"href":"https:\/\/www.leopard.ch\/index.php\/wp-json\/wp\/v2\/pages\/1976","targetHints":{"allow":["GET"]}}],"collection":[{"href":"https:\/\/www.leopard.ch\/index.php\/wp-json\/wp\/v2\/pages"}],"about":[{"href":"https:\/\/www.leopard.ch\/index.php\/wp-json\/wp\/v2\/types\/page"}],"author":[{"embeddable":true,"href":"https:\/\/www.leopard.ch\/index.php\/wp-json\/wp\/v2\/users\/3"}],"replies":[{"embeddable":true,"href":"https:\/\/www.leopard.ch\/index.php\/wp-json\/wp\/v2\/comments?post=1976"}],"version-history":[{"count":1,"href":"https:\/\/www.leopard.ch\/index.php\/wp-json\/wp\/v2\/pages\/1976\/revisions"}],"predecessor-version":[{"id":1977,"href":"https:\/\/www.leopard.ch\/index.php\/wp-json\/wp\/v2\/pages\/1976\/revisions\/1977"}],"wp:featuredmedia":[{"embeddable":true,"href":"https:\/\/www.leopard.ch\/index.php\/wp-json\/wp\/v2\/media\/1846"}],"wp:attachment":[{"href":"https:\/\/www.leopard.ch\/index.php\/wp-json\/wp\/v2\/media?parent=1976"}],"curies":[{"name":"wp","href":"https:\/\/api.w.org\/{rel}","templated":true}]}}