{"id":184,"date":"2017-05-16T08:30:17","date_gmt":"2017-05-16T08:30:17","guid":{"rendered":"https:\/\/leopard.ch\/?page_id=184"},"modified":"2020-11-30T10:38:50","modified_gmt":"2020-11-30T08:38:50","slug":"forschungsstation","status":"publish","type":"page","link":"https:\/\/www.leopard.ch\/index.php\/uber-uns\/forschungsstation\/","title":{"rendered":"Unsere Forschungsstation"},"content":{"rendered":"\n<p>Unsere Forschungsstation liegt ungef\u00e4hr 100 Meter ausserhalb des eigentlichen Khutse Game Reserve, in der N\u00e4he des Haupttors und des Aussenpostens des Departments of Wildlife. Neben den Wildh\u00fctern (Ranger) sind unsere n\u00e4chsten Nachbarn die Bewohner des <strong>Dorfes Kaudwane<\/strong>, das sich etwa f\u00fcnf Kilometer entfernt befindet. Dort gibt es einen kleinen Laden mit einer sehr geringen Auswahl an Produkten. Um uns mit Lebensmitteln, Toilettenartikeln und anderen Dingen sowie mit Material f\u00fcr unsere Forschung oder mit Ersatzteilen zu versorgen, m\u00fcssen wir nach Gaborone, die 200 Kilometer s\u00fcdlich gelegene Hauptstadt Botswanas, fahren. Die Fahrt wird zur H\u00e4lfte auf Naturstrassen, zur H\u00e4lfte auf Teerstrassen absolviert und dauert je nachdem zwischen dreieinhalb und sechs Stunden.<\/p>\n\n\n\n<p>Das Camp ist das <strong>Zuhause <\/strong>von Monika Schiess-Meier, unseren Wissenschaftlern, dem Campmanager, dem Veranwortlichen f\u00fcr das Ausbildungsprogramm sowie von Studenten und Freiwilligen. Ein grosses Team von geschulten Angestellten, gr\u00f6sstenteils aus Kaudwane, sorgt f\u00fcr reibungsloses Funktionieren der Infrastruktur und Fahrzeuge und pflegt unseren Garten. Ausserdem sind sie zum Teil in unsere verschiedenen Forschungsvorhaben involviert. Zum Team geh\u00f6ren auch mehrere F\u00e4hrtenleser, aus dem Volk der San. Mit ihren ausserordentlichen F\u00e4higkeiten und Ortskenntnissen tragen sie einen wichtigen Teil zu unseren Forschungsarbeiten bei und erstaunen uns immer wieder mit spannenden Details, die sie aus der Natur lesen k\u00f6nnen.<\/p>\n\n\n\n<p>Unsere Forschungsstation ist gut und umweltvertr\u00e4glich ausgestattet. Es ist keine permanente Einrichtung: Alle Aktivit\u00e4ten finden in <strong>Zelten<\/strong> statt. Wir haben ein gut eingerichtetes K\u00fcchenzelt mit K\u00fchl- und Gefrierschr\u00e4nken, ein B\u00fcrozelt mit all den Dingen, die man in einem B\u00fcro normalerweise auch findet, n\u00e4mlich Computer, Drucker und Kopierer. Es gibt Schlafzelte mit komfortablen Betten und elektrischem Licht, wundervolle dachlose Duschen und sogar Toiletten mit Sp\u00fclung. Wir verf\u00fcgen \u00fcber einen sch\u00f6nen K\u00fcchengarten mit Fischteich. Die Elektrizit\u00e4t f\u00fcr alle Ger\u00e4te stammt von Sonnenkollektoren. Auch das Wasser wird mit Sonnenenergie erw\u00e4rmt; f\u00fcr die Gartenbew\u00e4sserung sammeln wir Regenwasser.<\/p>\n\n\n\n<p>Das Camp ist von einem <strong>elektrischen Zaun<\/strong> aus zwei Dr\u00e4hten umgeben, Strom erzeugt die Sonne. Damit halten wir frei grasendes Vieh sowie Pferde und Esel vom Camp fern. Allerdings vermag er das Wild nicht abzuschrecken. Wir bekommen n\u00e4mlich regelm\u00e4ssig Besuch von Hy\u00e4nen und Schakalen; eine Kolonie von Erdh\u00f6rnchen und Ratten (<em>Damara mole rats<\/em>) leben im Camp, und wir sehen immer wieder verschiedenste Arten von Schlangen und V\u00f6geln. Auch haben wir im oder um das Camp herum schon Geparde, Springb\u00f6cke, Strausse und Elenantilopen sowie Honigdachse gesichtet beziehungsweise deren Spuren entdeckt.<\/p>\n\n\n\n<div class=\"wp-block-image\"><figure class=\"alignleft\"><img decoding=\"async\" src=\"https:\/\/leopard.ch\/wp-content\/uploads\/2017\/11\/LECcamp3.jpg\" alt=\"\" class=\"wp-image-395\"\/><\/figure><\/div>\n","protected":false},"excerpt":{"rendered":"<p>Unsere Forschungsstation liegt ungef\u00e4hr 100 Meter ausserhalb des eigentlichen Khutse Game Reserve, in der N\u00e4he des Haupttors und des Aussenpostens des Departments of Wildlife. Neben den Wildh\u00fctern (Ranger) sind unsere n\u00e4chsten Nachbarn die Bewohner des Dorfes Kaudwane, das sich etwa f\u00fcnf Kilometer entfernt befindet. Dort gibt es einen kleinen Laden mit einer sehr geringen Auswahl [&hellip;]<\/p>\n","protected":false},"author":2,"featured_media":951,"parent":67,"menu_order":5,"comment_status":"closed","ping_status":"closed","template":"","meta":{"footnotes":""},"class_list":["post-184","page","type-page","status-publish","has-post-thumbnail","czr-hentry"],"yoast_head":"<!-- This site is optimized with the Yoast SEO plugin v27.3 - https:\/\/yoast.com\/product\/yoast-seo-wordpress\/ -->\n<title>Unsere Forschungsstation - Leopard Ecology &amp; Conservation<\/title>\n<meta name=\"robots\" content=\"index, follow, max-snippet:-1, max-image-preview:large, max-video-preview:-1\" \/>\n<link rel=\"canonical\" href=\"https:\/\/www.leopard.ch\/index.php\/uber-uns\/forschungsstation\/\" \/>\n<meta property=\"og:locale\" content=\"en_US\" \/>\n<meta property=\"og:type\" content=\"article\" \/>\n<meta property=\"og:title\" content=\"Unsere Forschungsstation - Leopard Ecology &amp; Conservation\" \/>\n<meta property=\"og:description\" content=\"Unsere Forschungsstation liegt ungef\u00e4hr 100 Meter ausserhalb des eigentlichen Khutse Game Reserve, in der N\u00e4he des Haupttors und des Aussenpostens des Departments of Wildlife. Neben den Wildh\u00fctern (Ranger) sind unsere n\u00e4chsten Nachbarn die Bewohner des Dorfes Kaudwane, das sich etwa f\u00fcnf Kilometer entfernt befindet. Dort gibt es einen kleinen Laden mit einer sehr geringen Auswahl [&hellip;]\" \/>\n<meta property=\"og:url\" content=\"https:\/\/www.leopard.ch\/index.php\/uber-uns\/forschungsstation\/\" \/>\n<meta property=\"og:site_name\" content=\"Leopard Ecology &amp; Conservation\" \/>\n<meta property=\"article:modified_time\" content=\"2020-11-30T08:38:50+00:00\" \/>\n<meta property=\"og:image\" content=\"https:\/\/www.leopard.ch\/wp-content\/uploads\/2020\/11\/Garten_crop.jpg\" \/>\n\t<meta property=\"og:image:width\" content=\"1152\" \/>\n\t<meta property=\"og:image:height\" content=\"501\" \/>\n\t<meta property=\"og:image:type\" content=\"image\/jpeg\" \/>\n<meta name=\"twitter:card\" content=\"summary_large_image\" \/>\n<meta name=\"twitter:label1\" content=\"Est. reading time\" \/>\n\t<meta name=\"twitter:data1\" content=\"2 minutes\" \/>\n<script type=\"application\/ld+json\" class=\"yoast-schema-graph\">{\"@context\":\"https:\\\/\\\/schema.org\",\"@graph\":[{\"@type\":\"WebPage\",\"@id\":\"https:\\\/\\\/www.leopard.ch\\\/index.php\\\/uber-uns\\\/forschungsstation\\\/\",\"url\":\"https:\\\/\\\/www.leopard.ch\\\/index.php\\\/uber-uns\\\/forschungsstation\\\/\",\"name\":\"Unsere Forschungsstation - Leopard Ecology &amp; Conservation\",\"isPartOf\":{\"@id\":\"https:\\\/\\\/www.leopard.ch\\\/#website\"},\"primaryImageOfPage\":{\"@id\":\"https:\\\/\\\/www.leopard.ch\\\/index.php\\\/uber-uns\\\/forschungsstation\\\/#primaryimage\"},\"image\":{\"@id\":\"https:\\\/\\\/www.leopard.ch\\\/index.php\\\/uber-uns\\\/forschungsstation\\\/#primaryimage\"},\"thumbnailUrl\":\"https:\\\/\\\/www.leopard.ch\\\/wp-content\\\/uploads\\\/2020\\\/11\\\/Garten_crop.jpg\",\"datePublished\":\"2017-05-16T08:30:17+00:00\",\"dateModified\":\"2020-11-30T08:38:50+00:00\",\"breadcrumb\":{\"@id\":\"https:\\\/\\\/www.leopard.ch\\\/index.php\\\/uber-uns\\\/forschungsstation\\\/#breadcrumb\"},\"inLanguage\":\"en-US\",\"potentialAction\":[{\"@type\":\"ReadAction\",\"target\":[\"https:\\\/\\\/www.leopard.ch\\\/index.php\\\/uber-uns\\\/forschungsstation\\\/\"]}]},{\"@type\":\"ImageObject\",\"inLanguage\":\"en-US\",\"@id\":\"https:\\\/\\\/www.leopard.ch\\\/index.php\\\/uber-uns\\\/forschungsstation\\\/#primaryimage\",\"url\":\"https:\\\/\\\/www.leopard.ch\\\/wp-content\\\/uploads\\\/2020\\\/11\\\/Garten_crop.jpg\",\"contentUrl\":\"https:\\\/\\\/www.leopard.ch\\\/wp-content\\\/uploads\\\/2020\\\/11\\\/Garten_crop.jpg\",\"width\":1152,\"height\":501,\"caption\":\"OLYMPUS DIGITAL CAMERA\"},{\"@type\":\"BreadcrumbList\",\"@id\":\"https:\\\/\\\/www.leopard.ch\\\/index.php\\\/uber-uns\\\/forschungsstation\\\/#breadcrumb\",\"itemListElement\":[{\"@type\":\"ListItem\",\"position\":1,\"name\":\"Home\",\"item\":\"https:\\\/\\\/www.leopard.ch\\\/\"},{\"@type\":\"ListItem\",\"position\":2,\"name\":\"\u00dcber uns\",\"item\":\"https:\\\/\\\/www.leopard.ch\\\/index.php\\\/uber-uns\\\/\"},{\"@type\":\"ListItem\",\"position\":3,\"name\":\"Unsere Forschungsstation\"}]},{\"@type\":\"WebSite\",\"@id\":\"https:\\\/\\\/www.leopard.ch\\\/#website\",\"url\":\"https:\\\/\\\/www.leopard.ch\\\/\",\"name\":\"Leopard Ecology &amp; Conservation\",\"description\":\"Leopard and Lion Research\",\"publisher\":{\"@id\":\"https:\\\/\\\/www.leopard.ch\\\/#organization\"},\"potentialAction\":[{\"@type\":\"SearchAction\",\"target\":{\"@type\":\"EntryPoint\",\"urlTemplate\":\"https:\\\/\\\/www.leopard.ch\\\/?s={search_term_string}\"},\"query-input\":{\"@type\":\"PropertyValueSpecification\",\"valueRequired\":true,\"valueName\":\"search_term_string\"}}],\"inLanguage\":\"en-US\"},{\"@type\":\"Organization\",\"@id\":\"https:\\\/\\\/www.leopard.ch\\\/#organization\",\"name\":\"Leopard Ecology &amp; Conservation\",\"url\":\"https:\\\/\\\/www.leopard.ch\\\/\",\"logo\":{\"@type\":\"ImageObject\",\"inLanguage\":\"en-US\",\"@id\":\"https:\\\/\\\/www.leopard.ch\\\/#\\\/schema\\\/logo\\\/image\\\/\",\"url\":\"https:\\\/\\\/www.leopard.ch\\\/wp-content\\\/uploads\\\/2020\\\/10\\\/LECLogo_5cm_300dpi_.png\",\"contentUrl\":\"https:\\\/\\\/www.leopard.ch\\\/wp-content\\\/uploads\\\/2020\\\/10\\\/LECLogo_5cm_300dpi_.png\",\"width\":250,\"height\":250,\"caption\":\"Leopard Ecology &amp; Conservation\"},\"image\":{\"@id\":\"https:\\\/\\\/www.leopard.ch\\\/#\\\/schema\\\/logo\\\/image\\\/\"}}]}<\/script>\n<!-- \/ Yoast SEO plugin. -->","yoast_head_json":{"title":"Unsere Forschungsstation - Leopard Ecology &amp; Conservation","robots":{"index":"index","follow":"follow","max-snippet":"max-snippet:-1","max-image-preview":"max-image-preview:large","max-video-preview":"max-video-preview:-1"},"canonical":"https:\/\/www.leopard.ch\/index.php\/uber-uns\/forschungsstation\/","og_locale":"en_US","og_type":"article","og_title":"Unsere Forschungsstation - Leopard Ecology &amp; Conservation","og_description":"Unsere Forschungsstation liegt ungef\u00e4hr 100 Meter ausserhalb des eigentlichen Khutse Game Reserve, in der N\u00e4he des Haupttors und des Aussenpostens des Departments of Wildlife. Neben den Wildh\u00fctern (Ranger) sind unsere n\u00e4chsten Nachbarn die Bewohner des Dorfes Kaudwane, das sich etwa f\u00fcnf Kilometer entfernt befindet. Dort gibt es einen kleinen Laden mit einer sehr geringen Auswahl [&hellip;]","og_url":"https:\/\/www.leopard.ch\/index.php\/uber-uns\/forschungsstation\/","og_site_name":"Leopard Ecology &amp; Conservation","article_modified_time":"2020-11-30T08:38:50+00:00","og_image":[{"width":1152,"height":501,"url":"https:\/\/www.leopard.ch\/wp-content\/uploads\/2020\/11\/Garten_crop.jpg","type":"image\/jpeg"}],"twitter_card":"summary_large_image","twitter_misc":{"Est. reading time":"2 minutes"},"schema":{"@context":"https:\/\/schema.org","@graph":[{"@type":"WebPage","@id":"https:\/\/www.leopard.ch\/index.php\/uber-uns\/forschungsstation\/","url":"https:\/\/www.leopard.ch\/index.php\/uber-uns\/forschungsstation\/","name":"Unsere Forschungsstation - Leopard Ecology &amp; Conservation","isPartOf":{"@id":"https:\/\/www.leopard.ch\/#website"},"primaryImageOfPage":{"@id":"https:\/\/www.leopard.ch\/index.php\/uber-uns\/forschungsstation\/#primaryimage"},"image":{"@id":"https:\/\/www.leopard.ch\/index.php\/uber-uns\/forschungsstation\/#primaryimage"},"thumbnailUrl":"https:\/\/www.leopard.ch\/wp-content\/uploads\/2020\/11\/Garten_crop.jpg","datePublished":"2017-05-16T08:30:17+00:00","dateModified":"2020-11-30T08:38:50+00:00","breadcrumb":{"@id":"https:\/\/www.leopard.ch\/index.php\/uber-uns\/forschungsstation\/#breadcrumb"},"inLanguage":"en-US","potentialAction":[{"@type":"ReadAction","target":["https:\/\/www.leopard.ch\/index.php\/uber-uns\/forschungsstation\/"]}]},{"@type":"ImageObject","inLanguage":"en-US","@id":"https:\/\/www.leopard.ch\/index.php\/uber-uns\/forschungsstation\/#primaryimage","url":"https:\/\/www.leopard.ch\/wp-content\/uploads\/2020\/11\/Garten_crop.jpg","contentUrl":"https:\/\/www.leopard.ch\/wp-content\/uploads\/2020\/11\/Garten_crop.jpg","width":1152,"height":501,"caption":"OLYMPUS DIGITAL CAMERA"},{"@type":"BreadcrumbList","@id":"https:\/\/www.leopard.ch\/index.php\/uber-uns\/forschungsstation\/#breadcrumb","itemListElement":[{"@type":"ListItem","position":1,"name":"Home","item":"https:\/\/www.leopard.ch\/"},{"@type":"ListItem","position":2,"name":"\u00dcber uns","item":"https:\/\/www.leopard.ch\/index.php\/uber-uns\/"},{"@type":"ListItem","position":3,"name":"Unsere Forschungsstation"}]},{"@type":"WebSite","@id":"https:\/\/www.leopard.ch\/#website","url":"https:\/\/www.leopard.ch\/","name":"Leopard Ecology &amp; Conservation","description":"Leopard and Lion Research","publisher":{"@id":"https:\/\/www.leopard.ch\/#organization"},"potentialAction":[{"@type":"SearchAction","target":{"@type":"EntryPoint","urlTemplate":"https:\/\/www.leopard.ch\/?s={search_term_string}"},"query-input":{"@type":"PropertyValueSpecification","valueRequired":true,"valueName":"search_term_string"}}],"inLanguage":"en-US"},{"@type":"Organization","@id":"https:\/\/www.leopard.ch\/#organization","name":"Leopard Ecology &amp; Conservation","url":"https:\/\/www.leopard.ch\/","logo":{"@type":"ImageObject","inLanguage":"en-US","@id":"https:\/\/www.leopard.ch\/#\/schema\/logo\/image\/","url":"https:\/\/www.leopard.ch\/wp-content\/uploads\/2020\/10\/LECLogo_5cm_300dpi_.png","contentUrl":"https:\/\/www.leopard.ch\/wp-content\/uploads\/2020\/10\/LECLogo_5cm_300dpi_.png","width":250,"height":250,"caption":"Leopard Ecology &amp; Conservation"},"image":{"@id":"https:\/\/www.leopard.ch\/#\/schema\/logo\/image\/"}}]}},"_links":{"self":[{"href":"https:\/\/www.leopard.ch\/index.php\/wp-json\/wp\/v2\/pages\/184","targetHints":{"allow":["GET"]}}],"collection":[{"href":"https:\/\/www.leopard.ch\/index.php\/wp-json\/wp\/v2\/pages"}],"about":[{"href":"https:\/\/www.leopard.ch\/index.php\/wp-json\/wp\/v2\/types\/page"}],"author":[{"embeddable":true,"href":"https:\/\/www.leopard.ch\/index.php\/wp-json\/wp\/v2\/users\/2"}],"replies":[{"embeddable":true,"href":"https:\/\/www.leopard.ch\/index.php\/wp-json\/wp\/v2\/comments?post=184"}],"version-history":[{"count":2,"href":"https:\/\/www.leopard.ch\/index.php\/wp-json\/wp\/v2\/pages\/184\/revisions"}],"predecessor-version":[{"id":952,"href":"https:\/\/www.leopard.ch\/index.php\/wp-json\/wp\/v2\/pages\/184\/revisions\/952"}],"up":[{"embeddable":true,"href":"https:\/\/www.leopard.ch\/index.php\/wp-json\/wp\/v2\/pages\/67"}],"wp:featuredmedia":[{"embeddable":true,"href":"https:\/\/www.leopard.ch\/index.php\/wp-json\/wp\/v2\/media\/951"}],"wp:attachment":[{"href":"https:\/\/www.leopard.ch\/index.php\/wp-json\/wp\/v2\/media?parent=184"}],"curies":[{"name":"wp","href":"https:\/\/api.w.org\/{rel}","templated":true}]}}