{"id":178,"date":"2017-05-16T08:28:39","date_gmt":"2017-05-16T08:28:39","guid":{"rendered":"https:\/\/leopard.ch\/?page_id=178"},"modified":"2025-07-22T15:07:06","modified_gmt":"2025-07-22T13:07:06","slug":"unsere-partner","status":"publish","type":"page","link":"https:\/\/www.leopard.ch\/index.php\/uber-uns\/unsere-partner\/","title":{"rendered":"Unsere Partner"},"content":{"rendered":"\n<p>Dank vielen&nbsp;Menschen und Institutionen, die LEC seit dem Projektbeginn unterst\u00fctzt haben, konnten wir unsere nachhaltige Arbeit verfolgen und uns als renommiertes Naturschutzprojekt in Botswana etablieren.<\/p>\n\n\n\n<figure class=\"wp-block-pullquote\"><blockquote><p><strong>Wir danken herzlich all unseren Partner und G\u00f6nnern!<\/strong><\/p><\/blockquote><\/figure>\n\n\n\n<p><em><br><\/em><\/p>\n\n\n\n<p><\/p>\n\n\n\n<p><\/p>\n\n\n\n<h6 class=\"wp-block-heading\">Folgend einige Partner mit denen wir eng zusammen arbeiten<\/h6>\n\n\n\n<p>ACACF &#8211; African Cats &amp; Conservation Foundation<\/p>\n\n\n\n<hr class=\"wp-block-separator has-css-opacity\"\/>\n\n\n\n<h6 class=\"wp-block-heading\">LEC pflegt ein gutes und intensives Arbeitsverh\u00e4ltnis mit den Beh\u00f6rden in Botswana. Die Beh\u00f6rden stellen uns u.a. die Forschungsbewilligungen aus, die wir f\u00fcr unsere Arbeit ben\u00f6tigen.<\/h6>\n\n\n\n<p>Ministry of Environment, Wildlife and Tourism, Botswana<br>Department of Wildlife and National Parks, Botswana<br>Department of Veterinary Services, Botswana<br>Department of Forestry and Range Resources, Botswana<br>Department of Animal Production, Botswana<br>Department of Wildlife and National Parks<\/p>\n\n\n\n<hr class=\"wp-block-separator has-css-opacity\"\/>\n\n\n\n<h6 class=\"wp-block-heading\">LEC arbeitet mit vielen lokalen Institutionen in Botswana zusammen:<\/h6>\n\n\n\n<p>Community of Kaudwane<br>Kaudwane Primary School<br>Khutse Leopard Trust, Botswana<br>Cheetah Conservation Botswana<br>Kalahari Research and Conservation<br>Tau Consultants<br>Anthony and Virginia Johnson, Lesegolame, Grundy\u2019s and Old Tati Game Ranches<br>BirdLife Botswana<br>Kalahari Conservation Society<br>University of Botswana Wildlife and Environmental Conservation Club<br>Village Extension Team and Village Development Committee (Kaudwane)<br>Thapong Visual Arts Centre<br>Kuanghoo Community Trust<br>JICA, Botswana and Forestry Department<\/p>\n\n\n\n<hr class=\"wp-block-separator has-css-opacity\"\/>\n\n\n\n<h6 class=\"wp-block-heading\">Dank der Zusammenarbeit mit universit\u00e4ren Partnern k\u00f6nnen wir qualitativ hoch stehende wissenschaftliche Arbeit erreichen. Hier einige unserer Partner in diesem Bereich:<\/h6>\n\n\n\n<p>Department of Evolutionary Biology and&nbsp;Environmental Studies, University of Zurich, Switzerland<br>Vetsuisse Faculty, University of Zurich, Switzerland<br>Department of Geography, GIS Unit, University of Zurich, Switzerland<br>Botswana College of Agriculture, Botswana<br>WildCRU, University of Oxford<br>Environmental Research &#8211; Doctoral Training Partnership, University of Oxford<br>Department of Economic Sciences, Georg August University G\u00f6ttingen, Germany<br>National Zoological Gardens of South Africa<\/p>\n\n\n\n<p class=\"has-white-color has-text-color has-link-color wp-elements-74172d91cdbeea3e759f6017f397fb2b\">Abstand<\/p>\n\n\n\n<figure class=\"wp-block-image size-full\"><img loading=\"lazy\" decoding=\"async\" width=\"4202\" height=\"1705\" src=\"https:\/\/www.leopard.ch\/wp-content\/uploads\/2025\/07\/Logos_Website_2025_07_22.png\" alt=\"\" class=\"wp-image-2219\" srcset=\"https:\/\/www.leopard.ch\/wp-content\/uploads\/2025\/07\/Logos_Website_2025_07_22.png 4202w, https:\/\/www.leopard.ch\/wp-content\/uploads\/2025\/07\/Logos_Website_2025_07_22-300x122.png 300w, https:\/\/www.leopard.ch\/wp-content\/uploads\/2025\/07\/Logos_Website_2025_07_22-1024x415.png 1024w, https:\/\/www.leopard.ch\/wp-content\/uploads\/2025\/07\/Logos_Website_2025_07_22-768x312.png 768w, https:\/\/www.leopard.ch\/wp-content\/uploads\/2025\/07\/Logos_Website_2025_07_22-1536x623.png 1536w, https:\/\/www.leopard.ch\/wp-content\/uploads\/2025\/07\/Logos_Website_2025_07_22-2048x831.png 2048w\" sizes=\"auto, (max-width: 4202px) 100vw, 4202px\" \/><\/figure>\n","protected":false},"excerpt":{"rendered":"<p>Dank vielen&nbsp;Menschen und Institutionen, die LEC seit dem Projektbeginn unterst\u00fctzt haben, konnten wir unsere nachhaltige Arbeit verfolgen und uns als renommiertes Naturschutzprojekt in Botswana etablieren. Wir danken herzlich all unseren Partner und G\u00f6nnern! Folgend einige Partner mit denen wir eng zusammen arbeiten ACACF &#8211; African Cats &amp; Conservation Foundation LEC pflegt ein gutes und intensives [&hellip;]<\/p>\n","protected":false},"author":2,"featured_media":0,"parent":67,"menu_order":3,"comment_status":"closed","ping_status":"closed","template":"","meta":{"footnotes":""},"class_list":["post-178","page","type-page","status-publish","czr-hentry"],"yoast_head":"<!-- This site is optimized with the Yoast SEO plugin v27.4 - https:\/\/yoast.com\/product\/yoast-seo-wordpress\/ -->\n<title>Unsere Partner - Leopard Ecology &amp; Conservation<\/title>\n<meta name=\"robots\" content=\"index, follow, max-snippet:-1, max-image-preview:large, max-video-preview:-1\" \/>\n<link rel=\"canonical\" href=\"https:\/\/www.leopard.ch\/index.php\/uber-uns\/unsere-partner\/\" \/>\n<meta property=\"og:locale\" content=\"en_US\" \/>\n<meta property=\"og:type\" content=\"article\" \/>\n<meta property=\"og:title\" content=\"Unsere Partner - Leopard Ecology &amp; Conservation\" \/>\n<meta property=\"og:description\" content=\"Dank vielen&nbsp;Menschen und Institutionen, die LEC seit dem Projektbeginn unterst\u00fctzt haben, konnten wir unsere nachhaltige Arbeit verfolgen und uns als renommiertes Naturschutzprojekt in Botswana etablieren. Wir danken herzlich all unseren Partner und G\u00f6nnern! Folgend einige Partner mit denen wir eng zusammen arbeiten ACACF &#8211; African Cats &amp; Conservation Foundation LEC pflegt ein gutes und intensives [&hellip;]\" \/>\n<meta property=\"og:url\" content=\"https:\/\/www.leopard.ch\/index.php\/uber-uns\/unsere-partner\/\" \/>\n<meta property=\"og:site_name\" content=\"Leopard Ecology &amp; Conservation\" \/>\n<meta property=\"article:modified_time\" content=\"2025-07-22T13:07:06+00:00\" \/>\n<meta property=\"og:image\" content=\"https:\/\/www.leopard.ch\/wp-content\/uploads\/2025\/07\/Logos_Website_2025_07_22.png\" \/>\n<meta name=\"twitter:card\" content=\"summary_large_image\" \/>\n<meta name=\"twitter:label1\" content=\"Est. reading time\" \/>\n\t<meta name=\"twitter:data1\" content=\"2 minutes\" \/>\n<script type=\"application\/ld+json\" class=\"yoast-schema-graph\">{\"@context\":\"https:\\\/\\\/schema.org\",\"@graph\":[{\"@type\":\"WebPage\",\"@id\":\"https:\\\/\\\/www.leopard.ch\\\/index.php\\\/uber-uns\\\/unsere-partner\\\/\",\"url\":\"https:\\\/\\\/www.leopard.ch\\\/index.php\\\/uber-uns\\\/unsere-partner\\\/\",\"name\":\"Unsere Partner - Leopard Ecology &amp; Conservation\",\"isPartOf\":{\"@id\":\"https:\\\/\\\/www.leopard.ch\\\/#website\"},\"primaryImageOfPage\":{\"@id\":\"https:\\\/\\\/www.leopard.ch\\\/index.php\\\/uber-uns\\\/unsere-partner\\\/#primaryimage\"},\"image\":{\"@id\":\"https:\\\/\\\/www.leopard.ch\\\/index.php\\\/uber-uns\\\/unsere-partner\\\/#primaryimage\"},\"thumbnailUrl\":\"https:\\\/\\\/www.leopard.ch\\\/wp-content\\\/uploads\\\/2025\\\/07\\\/Logos_Website_2025_07_22.png\",\"datePublished\":\"2017-05-16T08:28:39+00:00\",\"dateModified\":\"2025-07-22T13:07:06+00:00\",\"breadcrumb\":{\"@id\":\"https:\\\/\\\/www.leopard.ch\\\/index.php\\\/uber-uns\\\/unsere-partner\\\/#breadcrumb\"},\"inLanguage\":\"en-US\",\"potentialAction\":[{\"@type\":\"ReadAction\",\"target\":[\"https:\\\/\\\/www.leopard.ch\\\/index.php\\\/uber-uns\\\/unsere-partner\\\/\"]}]},{\"@type\":\"ImageObject\",\"inLanguage\":\"en-US\",\"@id\":\"https:\\\/\\\/www.leopard.ch\\\/index.php\\\/uber-uns\\\/unsere-partner\\\/#primaryimage\",\"url\":\"https:\\\/\\\/www.leopard.ch\\\/wp-content\\\/uploads\\\/2025\\\/07\\\/Logos_Website_2025_07_22.png\",\"contentUrl\":\"https:\\\/\\\/www.leopard.ch\\\/wp-content\\\/uploads\\\/2025\\\/07\\\/Logos_Website_2025_07_22.png\",\"width\":4202,\"height\":1705},{\"@type\":\"BreadcrumbList\",\"@id\":\"https:\\\/\\\/www.leopard.ch\\\/index.php\\\/uber-uns\\\/unsere-partner\\\/#breadcrumb\",\"itemListElement\":[{\"@type\":\"ListItem\",\"position\":1,\"name\":\"Home\",\"item\":\"https:\\\/\\\/www.leopard.ch\\\/\"},{\"@type\":\"ListItem\",\"position\":2,\"name\":\"\u00dcber uns\",\"item\":\"https:\\\/\\\/www.leopard.ch\\\/index.php\\\/uber-uns\\\/\"},{\"@type\":\"ListItem\",\"position\":3,\"name\":\"Unsere Partner\"}]},{\"@type\":\"WebSite\",\"@id\":\"https:\\\/\\\/www.leopard.ch\\\/#website\",\"url\":\"https:\\\/\\\/www.leopard.ch\\\/\",\"name\":\"Leopard Ecology &amp; Conservation\",\"description\":\"Leopard and Lion Research\",\"publisher\":{\"@id\":\"https:\\\/\\\/www.leopard.ch\\\/#organization\"},\"potentialAction\":[{\"@type\":\"SearchAction\",\"target\":{\"@type\":\"EntryPoint\",\"urlTemplate\":\"https:\\\/\\\/www.leopard.ch\\\/?s={search_term_string}\"},\"query-input\":{\"@type\":\"PropertyValueSpecification\",\"valueRequired\":true,\"valueName\":\"search_term_string\"}}],\"inLanguage\":\"en-US\"},{\"@type\":\"Organization\",\"@id\":\"https:\\\/\\\/www.leopard.ch\\\/#organization\",\"name\":\"Leopard Ecology &amp; Conservation\",\"url\":\"https:\\\/\\\/www.leopard.ch\\\/\",\"logo\":{\"@type\":\"ImageObject\",\"inLanguage\":\"en-US\",\"@id\":\"https:\\\/\\\/www.leopard.ch\\\/#\\\/schema\\\/logo\\\/image\\\/\",\"url\":\"https:\\\/\\\/www.leopard.ch\\\/wp-content\\\/uploads\\\/2020\\\/10\\\/LECLogo_5cm_300dpi_.png\",\"contentUrl\":\"https:\\\/\\\/www.leopard.ch\\\/wp-content\\\/uploads\\\/2020\\\/10\\\/LECLogo_5cm_300dpi_.png\",\"width\":250,\"height\":250,\"caption\":\"Leopard Ecology &amp; Conservation\"},\"image\":{\"@id\":\"https:\\\/\\\/www.leopard.ch\\\/#\\\/schema\\\/logo\\\/image\\\/\"}}]}<\/script>\n<!-- \/ Yoast SEO plugin. -->","yoast_head_json":{"title":"Unsere Partner - Leopard Ecology &amp; Conservation","robots":{"index":"index","follow":"follow","max-snippet":"max-snippet:-1","max-image-preview":"max-image-preview:large","max-video-preview":"max-video-preview:-1"},"canonical":"https:\/\/www.leopard.ch\/index.php\/uber-uns\/unsere-partner\/","og_locale":"en_US","og_type":"article","og_title":"Unsere Partner - Leopard Ecology &amp; Conservation","og_description":"Dank vielen&nbsp;Menschen und Institutionen, die LEC seit dem Projektbeginn unterst\u00fctzt haben, konnten wir unsere nachhaltige Arbeit verfolgen und uns als renommiertes Naturschutzprojekt in Botswana etablieren. Wir danken herzlich all unseren Partner und G\u00f6nnern! Folgend einige Partner mit denen wir eng zusammen arbeiten ACACF &#8211; African Cats &amp; Conservation Foundation LEC pflegt ein gutes und intensives [&hellip;]","og_url":"https:\/\/www.leopard.ch\/index.php\/uber-uns\/unsere-partner\/","og_site_name":"Leopard Ecology &amp; Conservation","article_modified_time":"2025-07-22T13:07:06+00:00","og_image":[{"url":"https:\/\/www.leopard.ch\/wp-content\/uploads\/2025\/07\/Logos_Website_2025_07_22.png","type":"","width":"","height":""}],"twitter_card":"summary_large_image","twitter_misc":{"Est. reading time":"2 minutes"},"schema":{"@context":"https:\/\/schema.org","@graph":[{"@type":"WebPage","@id":"https:\/\/www.leopard.ch\/index.php\/uber-uns\/unsere-partner\/","url":"https:\/\/www.leopard.ch\/index.php\/uber-uns\/unsere-partner\/","name":"Unsere Partner - Leopard Ecology &amp; Conservation","isPartOf":{"@id":"https:\/\/www.leopard.ch\/#website"},"primaryImageOfPage":{"@id":"https:\/\/www.leopard.ch\/index.php\/uber-uns\/unsere-partner\/#primaryimage"},"image":{"@id":"https:\/\/www.leopard.ch\/index.php\/uber-uns\/unsere-partner\/#primaryimage"},"thumbnailUrl":"https:\/\/www.leopard.ch\/wp-content\/uploads\/2025\/07\/Logos_Website_2025_07_22.png","datePublished":"2017-05-16T08:28:39+00:00","dateModified":"2025-07-22T13:07:06+00:00","breadcrumb":{"@id":"https:\/\/www.leopard.ch\/index.php\/uber-uns\/unsere-partner\/#breadcrumb"},"inLanguage":"en-US","potentialAction":[{"@type":"ReadAction","target":["https:\/\/www.leopard.ch\/index.php\/uber-uns\/unsere-partner\/"]}]},{"@type":"ImageObject","inLanguage":"en-US","@id":"https:\/\/www.leopard.ch\/index.php\/uber-uns\/unsere-partner\/#primaryimage","url":"https:\/\/www.leopard.ch\/wp-content\/uploads\/2025\/07\/Logos_Website_2025_07_22.png","contentUrl":"https:\/\/www.leopard.ch\/wp-content\/uploads\/2025\/07\/Logos_Website_2025_07_22.png","width":4202,"height":1705},{"@type":"BreadcrumbList","@id":"https:\/\/www.leopard.ch\/index.php\/uber-uns\/unsere-partner\/#breadcrumb","itemListElement":[{"@type":"ListItem","position":1,"name":"Home","item":"https:\/\/www.leopard.ch\/"},{"@type":"ListItem","position":2,"name":"\u00dcber uns","item":"https:\/\/www.leopard.ch\/index.php\/uber-uns\/"},{"@type":"ListItem","position":3,"name":"Unsere Partner"}]},{"@type":"WebSite","@id":"https:\/\/www.leopard.ch\/#website","url":"https:\/\/www.leopard.ch\/","name":"Leopard Ecology &amp; Conservation","description":"Leopard and Lion Research","publisher":{"@id":"https:\/\/www.leopard.ch\/#organization"},"potentialAction":[{"@type":"SearchAction","target":{"@type":"EntryPoint","urlTemplate":"https:\/\/www.leopard.ch\/?s={search_term_string}"},"query-input":{"@type":"PropertyValueSpecification","valueRequired":true,"valueName":"search_term_string"}}],"inLanguage":"en-US"},{"@type":"Organization","@id":"https:\/\/www.leopard.ch\/#organization","name":"Leopard Ecology &amp; Conservation","url":"https:\/\/www.leopard.ch\/","logo":{"@type":"ImageObject","inLanguage":"en-US","@id":"https:\/\/www.leopard.ch\/#\/schema\/logo\/image\/","url":"https:\/\/www.leopard.ch\/wp-content\/uploads\/2020\/10\/LECLogo_5cm_300dpi_.png","contentUrl":"https:\/\/www.leopard.ch\/wp-content\/uploads\/2020\/10\/LECLogo_5cm_300dpi_.png","width":250,"height":250,"caption":"Leopard Ecology &amp; Conservation"},"image":{"@id":"https:\/\/www.leopard.ch\/#\/schema\/logo\/image\/"}}]}},"_links":{"self":[{"href":"https:\/\/www.leopard.ch\/index.php\/wp-json\/wp\/v2\/pages\/178","targetHints":{"allow":["GET"]}}],"collection":[{"href":"https:\/\/www.leopard.ch\/index.php\/wp-json\/wp\/v2\/pages"}],"about":[{"href":"https:\/\/www.leopard.ch\/index.php\/wp-json\/wp\/v2\/types\/page"}],"author":[{"embeddable":true,"href":"https:\/\/www.leopard.ch\/index.php\/wp-json\/wp\/v2\/users\/2"}],"replies":[{"embeddable":true,"href":"https:\/\/www.leopard.ch\/index.php\/wp-json\/wp\/v2\/comments?post=178"}],"version-history":[{"count":6,"href":"https:\/\/www.leopard.ch\/index.php\/wp-json\/wp\/v2\/pages\/178\/revisions"}],"predecessor-version":[{"id":2221,"href":"https:\/\/www.leopard.ch\/index.php\/wp-json\/wp\/v2\/pages\/178\/revisions\/2221"}],"up":[{"embeddable":true,"href":"https:\/\/www.leopard.ch\/index.php\/wp-json\/wp\/v2\/pages\/67"}],"wp:attachment":[{"href":"https:\/\/www.leopard.ch\/index.php\/wp-json\/wp\/v2\/media?parent=178"}],"curies":[{"name":"wp","href":"https:\/\/api.w.org\/{rel}","templated":true}]}}