{"id":176,"date":"2017-05-16T08:27:34","date_gmt":"2017-05-16T08:27:34","guid":{"rendered":"https:\/\/leopard.ch\/?page_id=176"},"modified":"2025-04-29T16:18:16","modified_gmt":"2025-04-29T14:18:16","slug":"team","status":"publish","type":"page","link":"https:\/\/www.leopard.ch\/index.php\/uber-uns\/team\/","title":{"rendered":"Unser Team"},"content":{"rendered":"\n<p>Naturschutzarbeit muss der Bev\u00f6lkerung vor Ort direkt zu Gute kommen. Aus diesem Grund bietet LEC den Menschen aus der Umgebung, Arbeitsm\u00f6glichkeiten an. Erg\u00e4nzt wird das lokale Team durch&nbsp;Spezialisten, die sich um die verschiedenen Aspekte des professionellen Projektmanagement k\u00fcmmern, und durch internationale Wissenschaftler.<\/p>\n\n\n\n<p><\/p>\n\n\n\n<figure class=\"wp-block-pullquote\"><blockquote><p><em>Ein Traum, den man alleine tr\u00e4umt ist nur ein Traum. Ein Traum, den man zusammen tr\u00e4umt wird Wirklichkeit. <\/em><\/p><\/blockquote><\/figure>\n\n\n\n<div class=\"wp-block-columns is-layout-flex wp-container-core-columns-is-layout-9d6595d7 wp-block-columns-is-layout-flex\">\n<div class=\"wp-block-column is-layout-flow wp-block-column-is-layout-flow\" style=\"flex-basis:33.33%\">\n<h5 class=\"wp-block-heading\">LEC Projektleitung und Projektmanagement<\/h5>\n<\/div>\n\n\n\n<div class=\"wp-block-column is-layout-flow wp-block-column-is-layout-flow\" style=\"flex-basis:66.66%\">\n<p><strong>Monika Schiess-Meier<\/strong>, Gesch\u00e4ftsf\u00fchrerin und Gr\u00fcnderin<br><strong>Dr. Stephanie Kalberer<\/strong>, Co-Gesch\u00e4ftsf\u00fchrerin<br><strong>Dr. Genevieve Finerty<\/strong>, Leitung Forschung<br><strong>Dr. Shannon Finnegan<\/strong>, Wissenschaftliche Projektkoordination<br><strong>Fabian Haas<\/strong>, Leitung Gesellschaft &amp; Bildung<br><strong><strong>Kebaabetswe Alfred Mosweu<\/strong>,<\/strong> Gesellschaft &amp; Bildung Programmkoordination<br><strong>Phana Segametsi Kegakilwe<\/strong>, Leitung Administration<\/p>\n<\/div>\n<\/div>\n\n\n\n<div class=\"wp-block-columns is-layout-flex wp-container-core-columns-is-layout-9d6595d7 wp-block-columns-is-layout-flex\">\n<div class=\"wp-block-column is-layout-flow wp-block-column-is-layout-flow\" style=\"flex-basis:33.33%\">\n<h5 class=\"wp-block-heading\">Administration<\/h5>\n<\/div>\n\n\n\n<div class=\"wp-block-column is-layout-flow wp-block-column-is-layout-flow\" style=\"flex-basis:66.66%\">\n<p><strong>Phana Segametsi Kegakilwe<\/strong>, Leitung Administration<br><strong>Lebogang Sophie Seolwana-Rampepele<\/strong>, Buchhaltung und Administration<br><strong>Kefilwe Mumsy Mokgwathi<\/strong>, Assistentin Administration und Bildungsprogramm<br><strong>Kevin Ndove,<\/strong> Assistent Administration<\/p>\n<\/div>\n<\/div>\n\n\n\n<div class=\"wp-block-columns is-layout-flex wp-container-core-columns-is-layout-9d6595d7 wp-block-columns-is-layout-flex\">\n<div class=\"wp-block-column is-layout-flow wp-block-column-is-layout-flow\" style=\"flex-basis:33.33%\">\n<h5 class=\"wp-block-heading\">Forschung<\/h5>\n<\/div>\n\n\n\n<div class=\"wp-block-column is-layout-flow wp-block-column-is-layout-flow\" style=\"flex-basis:66.66%\">\n<p><strong>Dr. Genevieve\u00a0Finerty<\/strong>, Leitung Forschung<br><strong>Dr.<\/strong> <strong>Shannon Finnegan,<\/strong> Wissenschaftliche Projektkoordination<br><strong>Alessandro Araldi<\/strong>, Wissenschaftlicher Mitarbeiter<br><strong>Webster Mwaanga<\/strong>, Wissenschaftlicher Mitarbeiter &#8211; Monitoring der Leopardenpopulation<br><strong>Pogiso Ithuteng<\/strong>, Wissenschaftlicher Mitarbeiter &#8211; F\u00e4hrtenleser und Mensch-Wildtier-Coexistenz<br><strong>Seitshiro Pule<\/strong>, Assistent f\u00fcr Forschungsadministration<br><strong>Tebelelo Gabaikanye<\/strong>, Wissenschaftliche Assistentin<br><strong>Trevor Balone<\/strong>, Wissenschaftlicher Assistent<br><strong>Sokwa Pudidaroma<\/strong>, F\u00e4hrtenleser<br><strong>Phalatsa Nkadima<\/strong>, F\u00e4hrtenleser<br><strong>Mosepele Mamou<\/strong>, F\u00e4hrtenleser<br><strong>Supula Monnaanoka<\/strong>, F\u00e4hrtenleser<br><strong>Meno Tshiama<\/strong>, F\u00e4hrtenleser<br><strong>Mpho Tshiama<\/strong>, F\u00e4hrtenleser<br><strong>Moisapodi Gana<\/strong>, F\u00e4hrtenleser<\/p>\n<\/div>\n<\/div>\n\n\n\n<div class=\"wp-block-columns is-layout-flex wp-container-core-columns-is-layout-9d6595d7 wp-block-columns-is-layout-flex\">\n<div class=\"wp-block-column is-layout-flow wp-block-column-is-layout-flow\" style=\"flex-basis:33.33%\">\n<h5 class=\"wp-block-heading\">Bildungsprogramm<\/h5>\n<\/div>\n\n\n\n<div class=\"wp-block-column is-layout-flow wp-block-column-is-layout-flow\" style=\"flex-basis:66.66%\">\n<p><strong>Fabian Haas, <\/strong>Leitung Gesellschaft &amp; Bildung<br><strong><strong>Kebaabetswe Alfred Mosweu<\/strong>, <\/strong>Gesellschaft &amp; Bildung Programmkoordination<br><strong>Mphoeng Ofitlhile<\/strong>, Gesellschaft- &amp; Bildungsprogrammverantwortlicher<br><strong>Obakeng John Obotseng<\/strong>, Mitarbeiter Bildung <br><strong>Tshoganetso Ernest Gagosimologe, <\/strong>Assistent Bildungsprogramm<strong><br>Kefilwe Mumsy Mokgwathi<\/strong>, Assistentin Administration und Bildungsprogramm<\/p>\n<\/div>\n<\/div>\n\n\n\n<div class=\"wp-block-columns is-layout-flex wp-container-core-columns-is-layout-9d6595d7 wp-block-columns-is-layout-flex\">\n<div class=\"wp-block-column is-layout-flow wp-block-column-is-layout-flow\" style=\"flex-basis:33.33%\">\n<h5 class=\"wp-block-heading\">Feldstation<\/h5>\n<\/div>\n\n\n\n<div class=\"wp-block-column is-layout-flow wp-block-column-is-layout-flow\" style=\"flex-basis:66.66%\">\n<p><strong>Mompoloki Banophi<\/strong>, Camp Manager<br><strong>Kobe Majafe<\/strong>, Campunterhalt<br><strong>Goitseone Ithuteng<\/strong>, Logistik \/ Camp Administration<br><strong>Komano Motsididi,<\/strong>&nbsp;Assistentin Camp Administration und Bildungsprogramm<br><strong>Neo Mosikare<\/strong>, K\u00f6chin<br><strong>Sebakeng Gabotshwanelwe<\/strong>, W\u00e4scherei<br><strong>Masente Ithuteng<\/strong>, Automechanikassistent<br><\/p>\n<\/div>\n<\/div>\n\n\n\n<div class=\"wp-block-columns is-layout-flex wp-container-core-columns-is-layout-9d6595d7 wp-block-columns-is-layout-flex\">\n<div class=\"wp-block-column is-layout-flow wp-block-column-is-layout-flow\" style=\"flex-basis:33.33%\">\n<h5 class=\"wp-block-heading\">Support<\/h5>\n<\/div>\n\n\n\n<div class=\"wp-block-column is-layout-flow wp-block-column-is-layout-flow\" style=\"flex-basis:66.66%\">\n<p><strong>Marianne K\u00f6pfler<\/strong>, Projektadministration, Schweiz<br><strong>Philipp Schiess,<\/strong> IT<\/p>\n<\/div>\n<\/div>\n","protected":false},"excerpt":{"rendered":"<p>Naturschutzarbeit muss der Bev\u00f6lkerung vor Ort direkt zu Gute kommen. Aus diesem Grund bietet LEC den Menschen aus der Umgebung, Arbeitsm\u00f6glichkeiten an. Erg\u00e4nzt wird das lokale Team durch&nbsp;Spezialisten, die sich um die verschiedenen Aspekte des professionellen Projektmanagement k\u00fcmmern, und durch internationale Wissenschaftler. Ein Traum, den man alleine tr\u00e4umt ist nur ein Traum. Ein Traum, den [&hellip;]<\/p>\n","protected":false},"author":2,"featured_media":1218,"parent":67,"menu_order":2,"comment_status":"closed","ping_status":"closed","template":"","meta":{"footnotes":""},"class_list":["post-176","page","type-page","status-publish","has-post-thumbnail","czr-hentry"],"yoast_head":"<!-- This site is optimized with the Yoast SEO plugin v27.3 - https:\/\/yoast.com\/product\/yoast-seo-wordpress\/ -->\n<title>Unser Team - Leopard Ecology &amp; Conservation<\/title>\n<meta name=\"robots\" content=\"index, follow, max-snippet:-1, max-image-preview:large, max-video-preview:-1\" \/>\n<link rel=\"canonical\" href=\"https:\/\/www.leopard.ch\/index.php\/uber-uns\/team\/\" \/>\n<meta property=\"og:locale\" content=\"en_US\" \/>\n<meta property=\"og:type\" content=\"article\" \/>\n<meta property=\"og:title\" content=\"Unser Team - Leopard Ecology &amp; Conservation\" \/>\n<meta property=\"og:description\" content=\"Naturschutzarbeit muss der Bev\u00f6lkerung vor Ort direkt zu Gute kommen. Aus diesem Grund bietet LEC den Menschen aus der Umgebung, Arbeitsm\u00f6glichkeiten an. Erg\u00e4nzt wird das lokale Team durch&nbsp;Spezialisten, die sich um die verschiedenen Aspekte des professionellen Projektmanagement k\u00fcmmern, und durch internationale Wissenschaftler. Ein Traum, den man alleine tr\u00e4umt ist nur ein Traum. Ein Traum, den [&hellip;]\" \/>\n<meta property=\"og:url\" content=\"https:\/\/www.leopard.ch\/index.php\/uber-uns\/team\/\" \/>\n<meta property=\"og:site_name\" content=\"Leopard Ecology &amp; Conservation\" \/>\n<meta property=\"article:modified_time\" content=\"2025-04-29T14:18:16+00:00\" \/>\n<meta property=\"og:image\" content=\"https:\/\/www.leopard.ch\/wp-content\/uploads\/2020\/11\/Staff-e1742563562158.jpg\" \/>\n\t<meta property=\"og:image:width\" content=\"876\" \/>\n\t<meta property=\"og:image:height\" content=\"211\" \/>\n\t<meta property=\"og:image:type\" content=\"image\/jpeg\" \/>\n<meta name=\"twitter:card\" content=\"summary_large_image\" \/>\n<meta name=\"twitter:label1\" content=\"Est. reading time\" \/>\n\t<meta name=\"twitter:data1\" content=\"2 minutes\" \/>\n<script type=\"application\/ld+json\" class=\"yoast-schema-graph\">{\"@context\":\"https:\\\/\\\/schema.org\",\"@graph\":[{\"@type\":\"WebPage\",\"@id\":\"https:\\\/\\\/www.leopard.ch\\\/index.php\\\/uber-uns\\\/team\\\/\",\"url\":\"https:\\\/\\\/www.leopard.ch\\\/index.php\\\/uber-uns\\\/team\\\/\",\"name\":\"Unser Team - Leopard Ecology &amp; Conservation\",\"isPartOf\":{\"@id\":\"https:\\\/\\\/www.leopard.ch\\\/#website\"},\"primaryImageOfPage\":{\"@id\":\"https:\\\/\\\/www.leopard.ch\\\/index.php\\\/uber-uns\\\/team\\\/#primaryimage\"},\"image\":{\"@id\":\"https:\\\/\\\/www.leopard.ch\\\/index.php\\\/uber-uns\\\/team\\\/#primaryimage\"},\"thumbnailUrl\":\"https:\\\/\\\/www.leopard.ch\\\/wp-content\\\/uploads\\\/2020\\\/11\\\/Staff-e1742563562158.jpg\",\"datePublished\":\"2017-05-16T08:27:34+00:00\",\"dateModified\":\"2025-04-29T14:18:16+00:00\",\"breadcrumb\":{\"@id\":\"https:\\\/\\\/www.leopard.ch\\\/index.php\\\/uber-uns\\\/team\\\/#breadcrumb\"},\"inLanguage\":\"en-US\",\"potentialAction\":[{\"@type\":\"ReadAction\",\"target\":[\"https:\\\/\\\/www.leopard.ch\\\/index.php\\\/uber-uns\\\/team\\\/\"]}]},{\"@type\":\"ImageObject\",\"inLanguage\":\"en-US\",\"@id\":\"https:\\\/\\\/www.leopard.ch\\\/index.php\\\/uber-uns\\\/team\\\/#primaryimage\",\"url\":\"https:\\\/\\\/www.leopard.ch\\\/wp-content\\\/uploads\\\/2020\\\/11\\\/Staff-e1742563562158.jpg\",\"contentUrl\":\"https:\\\/\\\/www.leopard.ch\\\/wp-content\\\/uploads\\\/2020\\\/11\\\/Staff-e1742563562158.jpg\",\"width\":876,\"height\":211},{\"@type\":\"BreadcrumbList\",\"@id\":\"https:\\\/\\\/www.leopard.ch\\\/index.php\\\/uber-uns\\\/team\\\/#breadcrumb\",\"itemListElement\":[{\"@type\":\"ListItem\",\"position\":1,\"name\":\"Home\",\"item\":\"https:\\\/\\\/www.leopard.ch\\\/\"},{\"@type\":\"ListItem\",\"position\":2,\"name\":\"\u00dcber uns\",\"item\":\"https:\\\/\\\/www.leopard.ch\\\/index.php\\\/uber-uns\\\/\"},{\"@type\":\"ListItem\",\"position\":3,\"name\":\"Unser Team\"}]},{\"@type\":\"WebSite\",\"@id\":\"https:\\\/\\\/www.leopard.ch\\\/#website\",\"url\":\"https:\\\/\\\/www.leopard.ch\\\/\",\"name\":\"Leopard Ecology &amp; Conservation\",\"description\":\"Leopard and Lion Research\",\"publisher\":{\"@id\":\"https:\\\/\\\/www.leopard.ch\\\/#organization\"},\"potentialAction\":[{\"@type\":\"SearchAction\",\"target\":{\"@type\":\"EntryPoint\",\"urlTemplate\":\"https:\\\/\\\/www.leopard.ch\\\/?s={search_term_string}\"},\"query-input\":{\"@type\":\"PropertyValueSpecification\",\"valueRequired\":true,\"valueName\":\"search_term_string\"}}],\"inLanguage\":\"en-US\"},{\"@type\":\"Organization\",\"@id\":\"https:\\\/\\\/www.leopard.ch\\\/#organization\",\"name\":\"Leopard Ecology &amp; Conservation\",\"url\":\"https:\\\/\\\/www.leopard.ch\\\/\",\"logo\":{\"@type\":\"ImageObject\",\"inLanguage\":\"en-US\",\"@id\":\"https:\\\/\\\/www.leopard.ch\\\/#\\\/schema\\\/logo\\\/image\\\/\",\"url\":\"https:\\\/\\\/www.leopard.ch\\\/wp-content\\\/uploads\\\/2020\\\/10\\\/LECLogo_5cm_300dpi_.png\",\"contentUrl\":\"https:\\\/\\\/www.leopard.ch\\\/wp-content\\\/uploads\\\/2020\\\/10\\\/LECLogo_5cm_300dpi_.png\",\"width\":250,\"height\":250,\"caption\":\"Leopard Ecology &amp; Conservation\"},\"image\":{\"@id\":\"https:\\\/\\\/www.leopard.ch\\\/#\\\/schema\\\/logo\\\/image\\\/\"}}]}<\/script>\n<!-- \/ Yoast SEO plugin. -->","yoast_head_json":{"title":"Unser Team - Leopard Ecology &amp; Conservation","robots":{"index":"index","follow":"follow","max-snippet":"max-snippet:-1","max-image-preview":"max-image-preview:large","max-video-preview":"max-video-preview:-1"},"canonical":"https:\/\/www.leopard.ch\/index.php\/uber-uns\/team\/","og_locale":"en_US","og_type":"article","og_title":"Unser Team - Leopard Ecology &amp; Conservation","og_description":"Naturschutzarbeit muss der Bev\u00f6lkerung vor Ort direkt zu Gute kommen. Aus diesem Grund bietet LEC den Menschen aus der Umgebung, Arbeitsm\u00f6glichkeiten an. Erg\u00e4nzt wird das lokale Team durch&nbsp;Spezialisten, die sich um die verschiedenen Aspekte des professionellen Projektmanagement k\u00fcmmern, und durch internationale Wissenschaftler. Ein Traum, den man alleine tr\u00e4umt ist nur ein Traum. Ein Traum, den [&hellip;]","og_url":"https:\/\/www.leopard.ch\/index.php\/uber-uns\/team\/","og_site_name":"Leopard Ecology &amp; Conservation","article_modified_time":"2025-04-29T14:18:16+00:00","og_image":[{"width":876,"height":211,"url":"https:\/\/www.leopard.ch\/wp-content\/uploads\/2020\/11\/Staff-e1742563562158.jpg","type":"image\/jpeg"}],"twitter_card":"summary_large_image","twitter_misc":{"Est. reading time":"2 minutes"},"schema":{"@context":"https:\/\/schema.org","@graph":[{"@type":"WebPage","@id":"https:\/\/www.leopard.ch\/index.php\/uber-uns\/team\/","url":"https:\/\/www.leopard.ch\/index.php\/uber-uns\/team\/","name":"Unser Team - Leopard Ecology &amp; Conservation","isPartOf":{"@id":"https:\/\/www.leopard.ch\/#website"},"primaryImageOfPage":{"@id":"https:\/\/www.leopard.ch\/index.php\/uber-uns\/team\/#primaryimage"},"image":{"@id":"https:\/\/www.leopard.ch\/index.php\/uber-uns\/team\/#primaryimage"},"thumbnailUrl":"https:\/\/www.leopard.ch\/wp-content\/uploads\/2020\/11\/Staff-e1742563562158.jpg","datePublished":"2017-05-16T08:27:34+00:00","dateModified":"2025-04-29T14:18:16+00:00","breadcrumb":{"@id":"https:\/\/www.leopard.ch\/index.php\/uber-uns\/team\/#breadcrumb"},"inLanguage":"en-US","potentialAction":[{"@type":"ReadAction","target":["https:\/\/www.leopard.ch\/index.php\/uber-uns\/team\/"]}]},{"@type":"ImageObject","inLanguage":"en-US","@id":"https:\/\/www.leopard.ch\/index.php\/uber-uns\/team\/#primaryimage","url":"https:\/\/www.leopard.ch\/wp-content\/uploads\/2020\/11\/Staff-e1742563562158.jpg","contentUrl":"https:\/\/www.leopard.ch\/wp-content\/uploads\/2020\/11\/Staff-e1742563562158.jpg","width":876,"height":211},{"@type":"BreadcrumbList","@id":"https:\/\/www.leopard.ch\/index.php\/uber-uns\/team\/#breadcrumb","itemListElement":[{"@type":"ListItem","position":1,"name":"Home","item":"https:\/\/www.leopard.ch\/"},{"@type":"ListItem","position":2,"name":"\u00dcber uns","item":"https:\/\/www.leopard.ch\/index.php\/uber-uns\/"},{"@type":"ListItem","position":3,"name":"Unser Team"}]},{"@type":"WebSite","@id":"https:\/\/www.leopard.ch\/#website","url":"https:\/\/www.leopard.ch\/","name":"Leopard Ecology &amp; Conservation","description":"Leopard and Lion Research","publisher":{"@id":"https:\/\/www.leopard.ch\/#organization"},"potentialAction":[{"@type":"SearchAction","target":{"@type":"EntryPoint","urlTemplate":"https:\/\/www.leopard.ch\/?s={search_term_string}"},"query-input":{"@type":"PropertyValueSpecification","valueRequired":true,"valueName":"search_term_string"}}],"inLanguage":"en-US"},{"@type":"Organization","@id":"https:\/\/www.leopard.ch\/#organization","name":"Leopard Ecology &amp; Conservation","url":"https:\/\/www.leopard.ch\/","logo":{"@type":"ImageObject","inLanguage":"en-US","@id":"https:\/\/www.leopard.ch\/#\/schema\/logo\/image\/","url":"https:\/\/www.leopard.ch\/wp-content\/uploads\/2020\/10\/LECLogo_5cm_300dpi_.png","contentUrl":"https:\/\/www.leopard.ch\/wp-content\/uploads\/2020\/10\/LECLogo_5cm_300dpi_.png","width":250,"height":250,"caption":"Leopard Ecology &amp; Conservation"},"image":{"@id":"https:\/\/www.leopard.ch\/#\/schema\/logo\/image\/"}}]}},"_links":{"self":[{"href":"https:\/\/www.leopard.ch\/index.php\/wp-json\/wp\/v2\/pages\/176","targetHints":{"allow":["GET"]}}],"collection":[{"href":"https:\/\/www.leopard.ch\/index.php\/wp-json\/wp\/v2\/pages"}],"about":[{"href":"https:\/\/www.leopard.ch\/index.php\/wp-json\/wp\/v2\/types\/page"}],"author":[{"embeddable":true,"href":"https:\/\/www.leopard.ch\/index.php\/wp-json\/wp\/v2\/users\/2"}],"replies":[{"embeddable":true,"href":"https:\/\/www.leopard.ch\/index.php\/wp-json\/wp\/v2\/comments?post=176"}],"version-history":[{"count":34,"href":"https:\/\/www.leopard.ch\/index.php\/wp-json\/wp\/v2\/pages\/176\/revisions"}],"predecessor-version":[{"id":2127,"href":"https:\/\/www.leopard.ch\/index.php\/wp-json\/wp\/v2\/pages\/176\/revisions\/2127"}],"up":[{"embeddable":true,"href":"https:\/\/www.leopard.ch\/index.php\/wp-json\/wp\/v2\/pages\/67"}],"wp:featuredmedia":[{"embeddable":true,"href":"https:\/\/www.leopard.ch\/index.php\/wp-json\/wp\/v2\/media\/1218"}],"wp:attachment":[{"href":"https:\/\/www.leopard.ch\/index.php\/wp-json\/wp\/v2\/media?parent=176"}],"curies":[{"name":"wp","href":"https:\/\/api.w.org\/{rel}","templated":true}]}}