{"id":162,"date":"2017-05-16T08:19:06","date_gmt":"2017-05-16T08:19:06","guid":{"rendered":"https:\/\/leopard.ch\/?page_id=162"},"modified":"2022-11-23T21:10:04","modified_gmt":"2022-11-23T19:10:04","slug":"unterstutze-uns","status":"publish","type":"page","link":"https:\/\/www.leopard.ch\/index.php\/unterstutze-uns\/","title":{"rendered":"Unterst\u00fctze uns!"},"content":{"rendered":"\n<h5 class=\"wp-block-heading\">Ich unterst\u00fctze die Arbeit von Leopard Ecology &amp; Conservation!<\/h5>\n\n\n\n<p>Mit Spenden setzt sich LEC in Projekten direkt vor Ort in Botswana f\u00fcr den Natur- und Umweltschutz ein, um das langfristige \u00dcberleben der Leoparden und L\u00f6wen zu sichern.<\/p>\n\n\n\n<hr class=\"wp-block-separator has-css-opacity\"\/>\n\n\n\n<h5 class=\"wp-block-heading\">Sichere Spende bequem online via PayPal<\/h5>\n\n\n<!-- Begin PayPal Donations by https:\/\/www.tipsandtricks-hq.com\/paypal-donations-widgets-plugin -->\n\n<form action=\"https:\/\/www.paypal.com\/cgi-bin\/webscr\" method=\"post\">\n    <div class=\"paypal-donations\">\n        <input type=\"hidden\" name=\"cmd\" value=\"_donations\" \/>\n        <input type=\"hidden\" name=\"bn\" value=\"TipsandTricks_SP\" \/>\n        <input type=\"hidden\" name=\"business\" value=\"p.schiess@leopardecology.com\" \/>\n        <input type=\"hidden\" name=\"item_name\" value=\"Support Leopard Ecology &amp; Conservation\" \/>\n        <input type=\"hidden\" name=\"rm\" value=\"0\" \/>\n        <input type=\"hidden\" name=\"currency_code\" value=\"CHF\" \/>\n        <input type=\"image\" style=\"cursor: pointer;\" src=\"https:\/\/www.leopard.ch\/wp-content\/uploads\/2020\/11\/paypal-donate-button-high-quality-png.png\" name=\"submit\" alt=\"PayPal - The safer, easier way to pay online.\" \/>\n        <img loading=\"lazy\" decoding=\"async\" alt=\"\" src=\"https:\/\/www.paypalobjects.com\/en_US\/i\/scr\/pixel.gif\" width=\"1\" height=\"1\" \/>\n    <\/div>\n<\/form>\n<!-- End PayPal Donations -->\n\n\n\n\n<hr class=\"wp-block-separator has-css-opacity\"\/>\n\n\n<div class=\"wp-block-image\">\n<figure class=\"alignleft size-full is-resized\"><img loading=\"lazy\" decoding=\"async\" src=\"https:\/\/www.leopard.ch\/wp-content\/uploads\/2022\/11\/QR-1.png\" alt=\"\" class=\"wp-image-1453\" width=\"301\" height=\"297\" srcset=\"https:\/\/www.leopard.ch\/wp-content\/uploads\/2022\/11\/QR-1.png 557w, https:\/\/www.leopard.ch\/wp-content\/uploads\/2022\/11\/QR-1-300x296.png 300w\" sizes=\"auto, (max-width: 301px) 100vw, 301px\" \/><\/figure>\n<\/div>\n\n\n<h5 class=\"wp-block-heading\">Spende per E-Banking &amp; Einzahlung<\/h5>\n\n\n\n<p>African Cats &amp; Conservation Foundation<br>UBS AG, CH &#8211; 8098 Z\u00fcrich<br>IBAN: CH82 0023 3233 6262 7901 X<br>BIC: UBSWCHZH80A<\/p>\n\n\n\n<p>Leopard Ecology &amp; Conservation Trust<br>First National Bank Gaborone<br>Broadhurst Branch, Botswana<br>Swift: FIRNBWGX Branch Code: 281267<br>Account: 62609104427<\/p>\n\n\n\n<p><\/p>\n\n\n\n<p><\/p>\n\n\n\n<p><\/p>\n\n\n\n<hr class=\"wp-block-separator has-css-opacity\"\/>\n\n\n\n<figure class=\"wp-block-gallery aligncenter has-nested-images columns-default is-cropped wp-block-gallery-1 is-layout-flex wp-block-gallery-is-layout-flex\">\n<figure class=\"wp-block-image size-large\"><img loading=\"lazy\" decoding=\"async\" width=\"615\" height=\"410\" data-id=\"833\" src=\"https:\/\/www.leopard.ch\/wp-content\/uploads\/2020\/11\/Leopard_Portrait.jpg\" alt=\"\" class=\"wp-image-833\" srcset=\"https:\/\/www.leopard.ch\/wp-content\/uploads\/2020\/11\/Leopard_Portrait.jpg 615w, https:\/\/www.leopard.ch\/wp-content\/uploads\/2020\/11\/Leopard_Portrait-300x200.jpg 300w\" sizes=\"auto, (max-width: 615px) 100vw, 615px\" \/><\/figure>\n\n\n\n<figure class=\"wp-block-image size-large\"><img loading=\"lazy\" decoding=\"async\" width=\"1024\" height=\"683\" data-id=\"841\" src=\"https:\/\/www.leopard.ch\/wp-content\/uploads\/2020\/11\/Leopardcub.jpg\" alt=\"\" class=\"wp-image-841\" srcset=\"https:\/\/www.leopard.ch\/wp-content\/uploads\/2020\/11\/Leopardcub.jpg 1024w, https:\/\/www.leopard.ch\/wp-content\/uploads\/2020\/11\/Leopardcub-300x200.jpg 300w, https:\/\/www.leopard.ch\/wp-content\/uploads\/2020\/11\/Leopardcub-768x512.jpg 768w\" sizes=\"auto, (max-width: 1024px) 100vw, 1024px\" \/><\/figure>\n\n\n\n<figure class=\"wp-block-image size-large\"><img loading=\"lazy\" decoding=\"async\" width=\"1024\" height=\"576\" data-id=\"843\" src=\"https:\/\/www.leopard.ch\/wp-content\/uploads\/2020\/11\/Lionportrait-1024x576.jpg\" alt=\"\" class=\"wp-image-843\" srcset=\"https:\/\/www.leopard.ch\/wp-content\/uploads\/2020\/11\/Lionportrait-1024x576.jpg 1024w, https:\/\/www.leopard.ch\/wp-content\/uploads\/2020\/11\/Lionportrait-300x169.jpg 300w, https:\/\/www.leopard.ch\/wp-content\/uploads\/2020\/11\/Lionportrait-768x432.jpg 768w, https:\/\/www.leopard.ch\/wp-content\/uploads\/2020\/11\/Lionportrait-528x297.jpg 528w, https:\/\/www.leopard.ch\/wp-content\/uploads\/2020\/11\/Lionportrait.jpg 1058w\" sizes=\"auto, (max-width: 1024px) 100vw, 1024px\" \/><\/figure>\n\n\n\n<figure class=\"wp-block-image size-large\"><img loading=\"lazy\" decoding=\"async\" width=\"1024\" height=\"360\" data-id=\"950\" src=\"https:\/\/www.leopard.ch\/wp-content\/uploads\/2020\/11\/Sturm_Baum_sab_crop-1024x360.jpg\" alt=\"\" class=\"wp-image-950\" srcset=\"https:\/\/www.leopard.ch\/wp-content\/uploads\/2020\/11\/Sturm_Baum_sab_crop-1024x360.jpg 1024w, https:\/\/www.leopard.ch\/wp-content\/uploads\/2020\/11\/Sturm_Baum_sab_crop-300x105.jpg 300w, https:\/\/www.leopard.ch\/wp-content\/uploads\/2020\/11\/Sturm_Baum_sab_crop-768x270.jpg 768w, https:\/\/www.leopard.ch\/wp-content\/uploads\/2020\/11\/Sturm_Baum_sab_crop.jpg 1286w\" sizes=\"auto, (max-width: 1024px) 100vw, 1024px\" \/><\/figure>\n\n\n\n<figure class=\"wp-block-image size-large\"><img loading=\"lazy\" decoding=\"async\" width=\"1024\" height=\"683\" data-id=\"986\" src=\"https:\/\/www.leopard.ch\/wp-content\/uploads\/2020\/11\/Ronja-mit-Jungen_ms-1024x683.jpg\" alt=\"\" class=\"wp-image-986\" srcset=\"https:\/\/www.leopard.ch\/wp-content\/uploads\/2020\/11\/Ronja-mit-Jungen_ms-1024x683.jpg 1024w, https:\/\/www.leopard.ch\/wp-content\/uploads\/2020\/11\/Ronja-mit-Jungen_ms-300x200.jpg 300w, https:\/\/www.leopard.ch\/wp-content\/uploads\/2020\/11\/Ronja-mit-Jungen_ms-768x512.jpg 768w, https:\/\/www.leopard.ch\/wp-content\/uploads\/2020\/11\/Ronja-mit-Jungen_ms-1536x1024.jpg 1536w, https:\/\/www.leopard.ch\/wp-content\/uploads\/2020\/11\/Ronja-mit-Jungen_ms.jpg 1899w\" sizes=\"auto, (max-width: 1024px) 100vw, 1024px\" \/><\/figure>\n\n\n\n<figure class=\"wp-block-image size-large\"><img loading=\"lazy\" decoding=\"async\" width=\"441\" height=\"314\" data-id=\"814\" src=\"https:\/\/www.leopard.ch\/wp-content\/uploads\/2020\/11\/Lowenmutter.jpg\" alt=\"\" class=\"wp-image-814\" srcset=\"https:\/\/www.leopard.ch\/wp-content\/uploads\/2020\/11\/Lowenmutter.jpg 441w, https:\/\/www.leopard.ch\/wp-content\/uploads\/2020\/11\/Lowenmutter-300x214.jpg 300w\" sizes=\"auto, (max-width: 441px) 100vw, 441px\" \/><\/figure>\n\n\n\n<figure class=\"wp-block-image size-large\"><img loading=\"lazy\" decoding=\"async\" width=\"878\" height=\"634\" data-id=\"812\" src=\"https:\/\/www.leopard.ch\/wp-content\/uploads\/2020\/11\/Junger-Leopard.jpg\" alt=\"\" class=\"wp-image-812\" srcset=\"https:\/\/www.leopard.ch\/wp-content\/uploads\/2020\/11\/Junger-Leopard.jpg 878w, https:\/\/www.leopard.ch\/wp-content\/uploads\/2020\/11\/Junger-Leopard-300x217.jpg 300w, https:\/\/www.leopard.ch\/wp-content\/uploads\/2020\/11\/Junger-Leopard-768x555.jpg 768w\" sizes=\"auto, (max-width: 878px) 100vw, 878px\" \/><\/figure>\n\n\n\n<figure class=\"wp-block-image size-large\"><img loading=\"lazy\" decoding=\"async\" width=\"512\" height=\"384\" data-id=\"819\" src=\"https:\/\/www.leopard.ch\/wp-content\/uploads\/2020\/11\/Hufpflege.jpg\" alt=\"\" class=\"wp-image-819\" srcset=\"https:\/\/www.leopard.ch\/wp-content\/uploads\/2020\/11\/Hufpflege.jpg 512w, https:\/\/www.leopard.ch\/wp-content\/uploads\/2020\/11\/Hufpflege-300x225.jpg 300w, https:\/\/www.leopard.ch\/wp-content\/uploads\/2020\/11\/Hufpflege-510x384.jpg 510w\" sizes=\"auto, (max-width: 512px) 100vw, 512px\" \/><\/figure>\n\n\n\n<figure class=\"wp-block-image size-large\"><img loading=\"lazy\" decoding=\"async\" width=\"1024\" height=\"768\" data-id=\"831\" src=\"https:\/\/www.leopard.ch\/wp-content\/uploads\/2020\/11\/Schulgarten_Kinder.jpg\" alt=\"\" class=\"wp-image-831\" srcset=\"https:\/\/www.leopard.ch\/wp-content\/uploads\/2020\/11\/Schulgarten_Kinder.jpg 1024w, https:\/\/www.leopard.ch\/wp-content\/uploads\/2020\/11\/Schulgarten_Kinder-300x225.jpg 300w, https:\/\/www.leopard.ch\/wp-content\/uploads\/2020\/11\/Schulgarten_Kinder-768x576.jpg 768w\" sizes=\"auto, (max-width: 1024px) 100vw, 1024px\" \/><\/figure>\n\n\n\n<figure class=\"wp-block-image size-large\"><img loading=\"lazy\" decoding=\"async\" width=\"1024\" height=\"683\" data-id=\"1425\" src=\"https:\/\/www.leopard.ch\/wp-content\/uploads\/2022\/05\/KPS_alfred-1024x683.jpg\" alt=\"\" class=\"wp-image-1425\" srcset=\"https:\/\/www.leopard.ch\/wp-content\/uploads\/2022\/05\/KPS_alfred-1024x683.jpg 1024w, https:\/\/www.leopard.ch\/wp-content\/uploads\/2022\/05\/KPS_alfred-300x200.jpg 300w, https:\/\/www.leopard.ch\/wp-content\/uploads\/2022\/05\/KPS_alfred-768x512.jpg 768w, https:\/\/www.leopard.ch\/wp-content\/uploads\/2022\/05\/KPS_alfred-1536x1025.jpg 1536w, https:\/\/www.leopard.ch\/wp-content\/uploads\/2022\/05\/KPS_alfred.jpg 2000w\" sizes=\"auto, (max-width: 1024px) 100vw, 1024px\" \/><\/figure>\n\n\n\n<figure class=\"wp-block-image size-large\"><img loading=\"lazy\" decoding=\"async\" width=\"651\" height=\"663\" data-id=\"1232\" src=\"https:\/\/www.leopard.ch\/wp-content\/uploads\/2020\/11\/Leopard-mit-Dorn_DM.jpg\" alt=\"\" class=\"wp-image-1232\" srcset=\"https:\/\/www.leopard.ch\/wp-content\/uploads\/2020\/11\/Leopard-mit-Dorn_DM.jpg 651w, https:\/\/www.leopard.ch\/wp-content\/uploads\/2020\/11\/Leopard-mit-Dorn_DM-295x300.jpg 295w\" sizes=\"auto, (max-width: 651px) 100vw, 651px\" \/><\/figure>\n\n\n\n<figure class=\"wp-block-image size-large\"><img loading=\"lazy\" decoding=\"async\" width=\"1024\" height=\"678\" data-id=\"1083\" src=\"https:\/\/www.leopard.ch\/wp-content\/uploads\/2020\/11\/Tracker_Arbeit-2-1024x678.jpg\" alt=\"\" class=\"wp-image-1083\" srcset=\"https:\/\/www.leopard.ch\/wp-content\/uploads\/2020\/11\/Tracker_Arbeit-2-1024x678.jpg 1024w, https:\/\/www.leopard.ch\/wp-content\/uploads\/2020\/11\/Tracker_Arbeit-2-300x199.jpg 300w, https:\/\/www.leopard.ch\/wp-content\/uploads\/2020\/11\/Tracker_Arbeit-2-768x509.jpg 768w, https:\/\/www.leopard.ch\/wp-content\/uploads\/2020\/11\/Tracker_Arbeit-2.jpg 1306w\" sizes=\"auto, (max-width: 1024px) 100vw, 1024px\" \/><\/figure>\n<\/figure>\n","protected":false},"excerpt":{"rendered":"<p>Ich unterst\u00fctze die Arbeit von Leopard Ecology &amp; Conservation! Mit Spenden setzt sich LEC in Projekten direkt vor Ort in Botswana f\u00fcr den Natur- und Umweltschutz ein, um das langfristige \u00dcberleben der Leoparden und L\u00f6wen zu sichern. Sichere Spende bequem online via PayPal Spende per E-Banking &amp; Einzahlung African Cats &amp; Conservation FoundationUBS AG, CH [&hellip;]<\/p>\n","protected":false},"author":2,"featured_media":1173,"parent":0,"menu_order":10,"comment_status":"closed","ping_status":"closed","template":"","meta":{"footnotes":""},"class_list":["post-162","page","type-page","status-publish","has-post-thumbnail","czr-hentry"],"yoast_head":"<!-- This site is optimized with the Yoast SEO plugin v27.4 - https:\/\/yoast.com\/product\/yoast-seo-wordpress\/ -->\n<title>Unterst\u00fctze uns! - Leopard Ecology &amp; Conservation<\/title>\n<meta name=\"robots\" content=\"index, follow, max-snippet:-1, max-image-preview:large, max-video-preview:-1\" \/>\n<link rel=\"canonical\" href=\"https:\/\/www.leopard.ch\/index.php\/unterstutze-uns\/\" \/>\n<meta property=\"og:locale\" content=\"en_US\" \/>\n<meta property=\"og:type\" content=\"article\" \/>\n<meta property=\"og:title\" content=\"Unterst\u00fctze uns! - Leopard Ecology &amp; Conservation\" \/>\n<meta property=\"og:description\" content=\"Ich unterst\u00fctze die Arbeit von Leopard Ecology &amp; Conservation! Mit Spenden setzt sich LEC in Projekten direkt vor Ort in Botswana f\u00fcr den Natur- und Umweltschutz ein, um das langfristige \u00dcberleben der Leoparden und L\u00f6wen zu sichern. Sichere Spende bequem online via PayPal Spende per E-Banking &amp; Einzahlung African Cats &amp; Conservation FoundationUBS AG, CH [&hellip;]\" \/>\n<meta property=\"og:url\" content=\"https:\/\/www.leopard.ch\/index.php\/unterstutze-uns\/\" \/>\n<meta property=\"og:site_name\" content=\"Leopard Ecology &amp; Conservation\" \/>\n<meta property=\"article:modified_time\" content=\"2022-11-23T19:10:04+00:00\" \/>\n<meta property=\"og:image\" content=\"https:\/\/www.leopard.ch\/wp-content\/uploads\/2020\/11\/hidden-lioness_long.jpg\" \/>\n\t<meta property=\"og:image:width\" content=\"1296\" \/>\n\t<meta property=\"og:image:height\" content=\"537\" \/>\n\t<meta property=\"og:image:type\" content=\"image\/jpeg\" \/>\n<meta name=\"twitter:card\" content=\"summary_large_image\" \/>\n<meta name=\"twitter:label1\" content=\"Est. reading time\" \/>\n\t<meta name=\"twitter:data1\" content=\"3 minutes\" \/>\n<script type=\"application\/ld+json\" class=\"yoast-schema-graph\">{\"@context\":\"https:\\\/\\\/schema.org\",\"@graph\":[{\"@type\":\"WebPage\",\"@id\":\"https:\\\/\\\/www.leopard.ch\\\/index.php\\\/unterstutze-uns\\\/\",\"url\":\"https:\\\/\\\/www.leopard.ch\\\/index.php\\\/unterstutze-uns\\\/\",\"name\":\"Unterst\u00fctze uns! - Leopard Ecology &amp; Conservation\",\"isPartOf\":{\"@id\":\"https:\\\/\\\/www.leopard.ch\\\/#website\"},\"primaryImageOfPage\":{\"@id\":\"https:\\\/\\\/www.leopard.ch\\\/index.php\\\/unterstutze-uns\\\/#primaryimage\"},\"image\":{\"@id\":\"https:\\\/\\\/www.leopard.ch\\\/index.php\\\/unterstutze-uns\\\/#primaryimage\"},\"thumbnailUrl\":\"https:\\\/\\\/www.leopard.ch\\\/wp-content\\\/uploads\\\/2020\\\/11\\\/hidden-lioness_long.jpg\",\"datePublished\":\"2017-05-16T08:19:06+00:00\",\"dateModified\":\"2022-11-23T19:10:04+00:00\",\"breadcrumb\":{\"@id\":\"https:\\\/\\\/www.leopard.ch\\\/index.php\\\/unterstutze-uns\\\/#breadcrumb\"},\"inLanguage\":\"en-US\",\"potentialAction\":[{\"@type\":\"ReadAction\",\"target\":[\"https:\\\/\\\/www.leopard.ch\\\/index.php\\\/unterstutze-uns\\\/\"]}]},{\"@type\":\"ImageObject\",\"inLanguage\":\"en-US\",\"@id\":\"https:\\\/\\\/www.leopard.ch\\\/index.php\\\/unterstutze-uns\\\/#primaryimage\",\"url\":\"https:\\\/\\\/www.leopard.ch\\\/wp-content\\\/uploads\\\/2020\\\/11\\\/hidden-lioness_long.jpg\",\"contentUrl\":\"https:\\\/\\\/www.leopard.ch\\\/wp-content\\\/uploads\\\/2020\\\/11\\\/hidden-lioness_long.jpg\",\"width\":1296,\"height\":537},{\"@type\":\"BreadcrumbList\",\"@id\":\"https:\\\/\\\/www.leopard.ch\\\/index.php\\\/unterstutze-uns\\\/#breadcrumb\",\"itemListElement\":[{\"@type\":\"ListItem\",\"position\":1,\"name\":\"Home\",\"item\":\"https:\\\/\\\/www.leopard.ch\\\/\"},{\"@type\":\"ListItem\",\"position\":2,\"name\":\"Unterst\u00fctze uns!\"}]},{\"@type\":\"WebSite\",\"@id\":\"https:\\\/\\\/www.leopard.ch\\\/#website\",\"url\":\"https:\\\/\\\/www.leopard.ch\\\/\",\"name\":\"Leopard Ecology &amp; Conservation\",\"description\":\"Leopard and Lion Research\",\"publisher\":{\"@id\":\"https:\\\/\\\/www.leopard.ch\\\/#organization\"},\"potentialAction\":[{\"@type\":\"SearchAction\",\"target\":{\"@type\":\"EntryPoint\",\"urlTemplate\":\"https:\\\/\\\/www.leopard.ch\\\/?s={search_term_string}\"},\"query-input\":{\"@type\":\"PropertyValueSpecification\",\"valueRequired\":true,\"valueName\":\"search_term_string\"}}],\"inLanguage\":\"en-US\"},{\"@type\":\"Organization\",\"@id\":\"https:\\\/\\\/www.leopard.ch\\\/#organization\",\"name\":\"Leopard Ecology &amp; Conservation\",\"url\":\"https:\\\/\\\/www.leopard.ch\\\/\",\"logo\":{\"@type\":\"ImageObject\",\"inLanguage\":\"en-US\",\"@id\":\"https:\\\/\\\/www.leopard.ch\\\/#\\\/schema\\\/logo\\\/image\\\/\",\"url\":\"https:\\\/\\\/www.leopard.ch\\\/wp-content\\\/uploads\\\/2020\\\/10\\\/LECLogo_5cm_300dpi_.png\",\"contentUrl\":\"https:\\\/\\\/www.leopard.ch\\\/wp-content\\\/uploads\\\/2020\\\/10\\\/LECLogo_5cm_300dpi_.png\",\"width\":250,\"height\":250,\"caption\":\"Leopard Ecology &amp; Conservation\"},\"image\":{\"@id\":\"https:\\\/\\\/www.leopard.ch\\\/#\\\/schema\\\/logo\\\/image\\\/\"}}]}<\/script>\n<!-- \/ Yoast SEO plugin. -->","yoast_head_json":{"title":"Unterst\u00fctze uns! - Leopard Ecology &amp; Conservation","robots":{"index":"index","follow":"follow","max-snippet":"max-snippet:-1","max-image-preview":"max-image-preview:large","max-video-preview":"max-video-preview:-1"},"canonical":"https:\/\/www.leopard.ch\/index.php\/unterstutze-uns\/","og_locale":"en_US","og_type":"article","og_title":"Unterst\u00fctze uns! - Leopard Ecology &amp; Conservation","og_description":"Ich unterst\u00fctze die Arbeit von Leopard Ecology &amp; Conservation! Mit Spenden setzt sich LEC in Projekten direkt vor Ort in Botswana f\u00fcr den Natur- und Umweltschutz ein, um das langfristige \u00dcberleben der Leoparden und L\u00f6wen zu sichern. Sichere Spende bequem online via PayPal Spende per E-Banking &amp; Einzahlung African Cats &amp; Conservation FoundationUBS AG, CH [&hellip;]","og_url":"https:\/\/www.leopard.ch\/index.php\/unterstutze-uns\/","og_site_name":"Leopard Ecology &amp; Conservation","article_modified_time":"2022-11-23T19:10:04+00:00","og_image":[{"width":1296,"height":537,"url":"https:\/\/www.leopard.ch\/wp-content\/uploads\/2020\/11\/hidden-lioness_long.jpg","type":"image\/jpeg"}],"twitter_card":"summary_large_image","twitter_misc":{"Est. reading time":"3 minutes"},"schema":{"@context":"https:\/\/schema.org","@graph":[{"@type":"WebPage","@id":"https:\/\/www.leopard.ch\/index.php\/unterstutze-uns\/","url":"https:\/\/www.leopard.ch\/index.php\/unterstutze-uns\/","name":"Unterst\u00fctze uns! - Leopard Ecology &amp; Conservation","isPartOf":{"@id":"https:\/\/www.leopard.ch\/#website"},"primaryImageOfPage":{"@id":"https:\/\/www.leopard.ch\/index.php\/unterstutze-uns\/#primaryimage"},"image":{"@id":"https:\/\/www.leopard.ch\/index.php\/unterstutze-uns\/#primaryimage"},"thumbnailUrl":"https:\/\/www.leopard.ch\/wp-content\/uploads\/2020\/11\/hidden-lioness_long.jpg","datePublished":"2017-05-16T08:19:06+00:00","dateModified":"2022-11-23T19:10:04+00:00","breadcrumb":{"@id":"https:\/\/www.leopard.ch\/index.php\/unterstutze-uns\/#breadcrumb"},"inLanguage":"en-US","potentialAction":[{"@type":"ReadAction","target":["https:\/\/www.leopard.ch\/index.php\/unterstutze-uns\/"]}]},{"@type":"ImageObject","inLanguage":"en-US","@id":"https:\/\/www.leopard.ch\/index.php\/unterstutze-uns\/#primaryimage","url":"https:\/\/www.leopard.ch\/wp-content\/uploads\/2020\/11\/hidden-lioness_long.jpg","contentUrl":"https:\/\/www.leopard.ch\/wp-content\/uploads\/2020\/11\/hidden-lioness_long.jpg","width":1296,"height":537},{"@type":"BreadcrumbList","@id":"https:\/\/www.leopard.ch\/index.php\/unterstutze-uns\/#breadcrumb","itemListElement":[{"@type":"ListItem","position":1,"name":"Home","item":"https:\/\/www.leopard.ch\/"},{"@type":"ListItem","position":2,"name":"Unterst\u00fctze uns!"}]},{"@type":"WebSite","@id":"https:\/\/www.leopard.ch\/#website","url":"https:\/\/www.leopard.ch\/","name":"Leopard Ecology &amp; Conservation","description":"Leopard and Lion Research","publisher":{"@id":"https:\/\/www.leopard.ch\/#organization"},"potentialAction":[{"@type":"SearchAction","target":{"@type":"EntryPoint","urlTemplate":"https:\/\/www.leopard.ch\/?s={search_term_string}"},"query-input":{"@type":"PropertyValueSpecification","valueRequired":true,"valueName":"search_term_string"}}],"inLanguage":"en-US"},{"@type":"Organization","@id":"https:\/\/www.leopard.ch\/#organization","name":"Leopard Ecology &amp; Conservation","url":"https:\/\/www.leopard.ch\/","logo":{"@type":"ImageObject","inLanguage":"en-US","@id":"https:\/\/www.leopard.ch\/#\/schema\/logo\/image\/","url":"https:\/\/www.leopard.ch\/wp-content\/uploads\/2020\/10\/LECLogo_5cm_300dpi_.png","contentUrl":"https:\/\/www.leopard.ch\/wp-content\/uploads\/2020\/10\/LECLogo_5cm_300dpi_.png","width":250,"height":250,"caption":"Leopard Ecology &amp; Conservation"},"image":{"@id":"https:\/\/www.leopard.ch\/#\/schema\/logo\/image\/"}}]}},"_links":{"self":[{"href":"https:\/\/www.leopard.ch\/index.php\/wp-json\/wp\/v2\/pages\/162","targetHints":{"allow":["GET"]}}],"collection":[{"href":"https:\/\/www.leopard.ch\/index.php\/wp-json\/wp\/v2\/pages"}],"about":[{"href":"https:\/\/www.leopard.ch\/index.php\/wp-json\/wp\/v2\/types\/page"}],"author":[{"embeddable":true,"href":"https:\/\/www.leopard.ch\/index.php\/wp-json\/wp\/v2\/users\/2"}],"replies":[{"embeddable":true,"href":"https:\/\/www.leopard.ch\/index.php\/wp-json\/wp\/v2\/comments?post=162"}],"version-history":[{"count":23,"href":"https:\/\/www.leopard.ch\/index.php\/wp-json\/wp\/v2\/pages\/162\/revisions"}],"predecessor-version":[{"id":1475,"href":"https:\/\/www.leopard.ch\/index.php\/wp-json\/wp\/v2\/pages\/162\/revisions\/1475"}],"wp:featuredmedia":[{"embeddable":true,"href":"https:\/\/www.leopard.ch\/index.php\/wp-json\/wp\/v2\/media\/1173"}],"wp:attachment":[{"href":"https:\/\/www.leopard.ch\/index.php\/wp-json\/wp\/v2\/media?parent=162"}],"curies":[{"name":"wp","href":"https:\/\/api.w.org\/{rel}","templated":true}]}}