{"id":120,"date":"2017-03-06T08:42:00","date_gmt":"2017-03-06T08:42:00","guid":{"rendered":"https:\/\/leopard.ch\/?page_id=120"},"modified":"2020-11-30T10:38:31","modified_gmt":"2020-11-30T08:38:31","slug":"die-kalahari-unser-studiengebiet","status":"publish","type":"page","link":"https:\/\/www.leopard.ch\/index.php\/uber-uns\/die-kalahari-unser-studiengebiet\/","title":{"rendered":"Unser Studiengebiet &#8211; die Kalahari"},"content":{"rendered":"\n<p>Leopard Ecology &amp; Conservation arbeitet in der Region des Khutse und des Central Kalahari Game Reserve sowie in der Umgebung des Dorfes Kaudwane.<\/p>\n\n\n\n<hr class=\"wp-block-separator\"\/>\n\n\n\n<div class=\"wp-block-columns are-vertically-aligned-top is-layout-flex wp-container-core-columns-is-layout-9d6595d7 wp-block-columns-is-layout-flex\">\n<div class=\"wp-block-column is-vertically-aligned-top is-layout-flow wp-block-column-is-layout-flow\" style=\"flex-basis:33.33%\">\n<h4 class=\"wp-block-heading\">Kalahari-\u00d6kosystem<\/h4>\n\n\n\n<hr class=\"wp-block-separator\"\/>\n\n\n\n<div class=\"wp-block-image\"><figure class=\"aligncenter size-large\"><img loading=\"lazy\" decoding=\"async\" width=\"1024\" height=\"641\" src=\"https:\/\/www.leopard.ch\/wp-content\/uploads\/2020\/11\/Landschaft_Khutse-1024x641.jpg\" alt=\"\" class=\"wp-image-817\" srcset=\"https:\/\/www.leopard.ch\/wp-content\/uploads\/2020\/11\/Landschaft_Khutse-1024x641.jpg 1024w, https:\/\/www.leopard.ch\/wp-content\/uploads\/2020\/11\/Landschaft_Khutse-300x188.jpg 300w, https:\/\/www.leopard.ch\/wp-content\/uploads\/2020\/11\/Landschaft_Khutse-768x480.jpg 768w, https:\/\/www.leopard.ch\/wp-content\/uploads\/2020\/11\/Landschaft_Khutse.jpg 1103w\" sizes=\"auto, (max-width: 1024px) 100vw, 1024px\" \/><\/figure><\/div>\n\n\n\n<p><\/p>\n<\/div>\n\n\n\n<div class=\"wp-block-column is-vertically-aligned-top is-layout-flow wp-block-column-is-layout-flow\" style=\"flex-basis:66.66%\">\n<ul class=\"wp-block-list\"><li> <strong>Studiengebiet:<\/strong> 15 000 km<sup>2<\/sup> <\/li><li><strong>Kalahari-\u00d6kosystem<\/strong>: Khutse und Central Kalahari Game Reserve (rund 55&#8217;000 km<sup>2<\/sup>), zentraler Bereich des Kalahari-\u00d6kosystems; es macht einen grossen Teil Botswanas aus und erstreckt sich bis Namibia und S\u00fcdafrika<\/li><li>Trockensavanne: Gr\u00e4ser und Str\u00e4ucher (oft als W\u00fcste bezeichnet)<\/li><li><strong>J\u00e4hrlicher Regenfall:<\/strong> 150 bis 400 mm, wobei der Regen meist in heftigen Schauern von bis zu 100 mm in 30 Minuten niederprasselt (November bis M\u00e4rz). <\/li><li><strong>Temperaturen: <\/strong>Kurz vor Beginn der Regenzeit im Oktober\/November erreichen die Temperaturen H\u00f6chstwerte von bis zu 55\u00b0 Celsius. Im Winter, also im Juni\/Juli, kann das Thermometer sogar auf unter 0\u00b0 Celsius fallen. <\/li><li>Der sandige, sehr durchl\u00e4ssige, N\u00e4hrstoff arme Boden, die geringen, pl\u00f6tzlichen und starken Regenf\u00e4lle sowie die extremen Temperaturen machen die Kalahari zu einem schwierigen Lebensraum f\u00fcr Mensch und Tier.<\/li><\/ul>\n<\/div>\n<\/div>\n\n\n\n<div class=\"wp-block-columns is-layout-flex wp-container-core-columns-is-layout-9d6595d7 wp-block-columns-is-layout-flex\">\n<div class=\"wp-block-column is-layout-flow wp-block-column-is-layout-flow\" style=\"flex-basis:33.33%\">\n<h4 class=\"wp-block-heading\">Volk der San<\/h4>\n\n\n\n<hr class=\"wp-block-separator\"\/>\n\n\n\n<figure class=\"wp-block-image size-large\"><img loading=\"lazy\" decoding=\"async\" width=\"1024\" height=\"575\" src=\"https:\/\/www.leopard.ch\/wp-content\/uploads\/2020\/11\/staff_san-1024x575.jpg\" alt=\"\" class=\"wp-image-1095\" srcset=\"https:\/\/www.leopard.ch\/wp-content\/uploads\/2020\/11\/staff_san-1024x575.jpg 1024w, https:\/\/www.leopard.ch\/wp-content\/uploads\/2020\/11\/staff_san-300x169.jpg 300w, https:\/\/www.leopard.ch\/wp-content\/uploads\/2020\/11\/staff_san-768x432.jpg 768w, https:\/\/www.leopard.ch\/wp-content\/uploads\/2020\/11\/staff_san-528x297.jpg 528w, https:\/\/www.leopard.ch\/wp-content\/uploads\/2020\/11\/staff_san.jpg 1050w\" sizes=\"auto, (max-width: 1024px) 100vw, 1024px\" \/><figcaption>San Tracker at LEC.<\/figcaption><\/figure>\n<\/div>\n\n\n\n<div class=\"wp-block-column is-layout-flow wp-block-column-is-layout-flow\" style=\"flex-basis:66.66%\">\n<ul class=\"wp-block-list\"><li><strong>Volk der San<\/strong>: seit rund 20&#8217;000 Jahren in der Kalahari. <\/li><li><strong>Bedeutung San:<\/strong> \u201ejene, die etwas vom Boden auflesen\u201c. <\/li><li><strong>St\u00e4mme:<\/strong> u.a. Batshila, G\/\/ana und Naro. <\/li><li><strong>Nomadische Lebensweise: <\/strong>Bis in die 1980er beziehungsweise 1990er Jahre lebten sie als Nomaden in kleinen Familienverb\u00e4nden als J\u00e4ger und Sammler. Aufgrund des niederschlagsarmen Umfeldes, in dem sie leben, haben sie gelernt, die meiste Zeit des Jahres ohne Oberfl\u00e4chenwasser auszukommen.<\/li><li><strong>Feste Siedlungen: <\/strong>Heute leben die San mehrheitlich in festen Siedlungen, so wie im Dorf Kaudwane. Zurzeit gibt es noch acht San-Siedlungen innerhalb des Central Kalahari Game Reserves. Dort versuchen sie ihre traditionelle Lebensweise zu bewahren, obwohl sie inzwischen \u00fcber einige moderne Extras wie Fahrzeuge, Vieh (Pferde, Esel und Ziegen) und in einigen F\u00e4llen \u00fcber Bohrl\u00f6cher verf\u00fcgen.<\/li><\/ul>\n\n\n\n<p><\/p>\n<\/div>\n<\/div>\n\n\n\n<div class=\"wp-block-columns is-layout-flex wp-container-core-columns-is-layout-9d6595d7 wp-block-columns-is-layout-flex\">\n<div class=\"wp-block-column is-layout-flow wp-block-column-is-layout-flow\" style=\"flex-basis:33.33%\">\n<h4 class=\"wp-block-heading\">Pans<\/h4>\n\n\n\n<hr class=\"wp-block-separator\"\/>\n\n\n\n<div class=\"wp-block-image\"><figure class=\"aligncenter size-large\"><img loading=\"lazy\" decoding=\"async\" width=\"1024\" height=\"680\" src=\"https:\/\/www.leopard.ch\/wp-content\/uploads\/2020\/11\/Sturm_sab-1-1024x680.jpg\" alt=\"\" class=\"wp-image-1099\" srcset=\"https:\/\/www.leopard.ch\/wp-content\/uploads\/2020\/11\/Sturm_sab-1-1024x680.jpg 1024w, https:\/\/www.leopard.ch\/wp-content\/uploads\/2020\/11\/Sturm_sab-1-300x199.jpg 300w, https:\/\/www.leopard.ch\/wp-content\/uploads\/2020\/11\/Sturm_sab-1-768x510.jpg 768w, https:\/\/www.leopard.ch\/wp-content\/uploads\/2020\/11\/Sturm_sab-1.jpg 1286w\" sizes=\"auto, (max-width: 1024px) 100vw, 1024px\" \/><\/figure><\/div>\n<\/div>\n\n\n\n<div class=\"wp-block-column is-layout-flow wp-block-column-is-layout-flow\" style=\"flex-basis:66.66%\">\n<p>In der vorwiegend sandigen Kalahari gibt es entlang der alten fossilen Flussbetten sogenannte <strong>\u201ePfannen\u201c (pans)<\/strong>. Hier ist der Boden mineralstoffreich und lehmig. Dadurch wird das Wasser zur\u00fcckgehalten und es entstehen nat\u00fcrliche Wasserl\u00f6cher, wo Tiere neben n\u00e4hrstoffreichem Gras und Salz auch l\u00e4nger Wasser vorfinden als anderswo. Die Pans \u00fcben somit eine grosse Anziehungskraft auf die heimischen Tiere, aber auch f\u00fcr die Menschen, aus.<\/p>\n<\/div>\n<\/div>\n\n\n\n<div class=\"wp-block-columns are-vertically-aligned-top is-layout-flex wp-container-core-columns-is-layout-9d6595d7 wp-block-columns-is-layout-flex\">\n<div class=\"wp-block-column is-vertically-aligned-top is-layout-flow wp-block-column-is-layout-flow\" style=\"flex-basis:33.33%\">\n<h4 class=\"wp-block-heading\">Fauna und Flora<\/h4>\n\n\n\n<hr class=\"wp-block-separator\"\/>\n\n\n\n<figure class=\"wp-block-image size-large\"><img loading=\"lazy\" decoding=\"async\" width=\"982\" height=\"694\" src=\"https:\/\/www.leopard.ch\/wp-content\/uploads\/2020\/11\/yellow-flower.jpg\" alt=\"\" class=\"wp-image-1096\" srcset=\"https:\/\/www.leopard.ch\/wp-content\/uploads\/2020\/11\/yellow-flower.jpg 982w, https:\/\/www.leopard.ch\/wp-content\/uploads\/2020\/11\/yellow-flower-300x212.jpg 300w, https:\/\/www.leopard.ch\/wp-content\/uploads\/2020\/11\/yellow-flower-768x543.jpg 768w\" sizes=\"auto, (max-width: 982px) 100vw, 982px\" \/><\/figure>\n\n\n\n<figure class=\"wp-block-image size-large\"><img loading=\"lazy\" decoding=\"async\" width=\"910\" height=\"610\" src=\"https:\/\/www.leopard.ch\/wp-content\/uploads\/2020\/11\/ostrich-family.jpg\" alt=\"\" class=\"wp-image-1097\" srcset=\"https:\/\/www.leopard.ch\/wp-content\/uploads\/2020\/11\/ostrich-family.jpg 910w, https:\/\/www.leopard.ch\/wp-content\/uploads\/2020\/11\/ostrich-family-300x201.jpg 300w, https:\/\/www.leopard.ch\/wp-content\/uploads\/2020\/11\/ostrich-family-768x515.jpg 768w\" sizes=\"auto, (max-width: 910px) 100vw, 910px\" \/><\/figure>\n<\/div>\n\n\n\n<div class=\"wp-block-column is-vertically-aligned-top is-layout-flow wp-block-column-is-layout-flow\" style=\"flex-basis:66.66%\">\n<ul class=\"wp-block-list\"><li>speziell angepasste <strong>Fauna und Flora<\/strong> etabliert, wie sie anderswo in Afrika selten zu finden ist (z.B. Spiessbock (<em>Oryx gazella<\/em>), Springbock (<em>Antidorcas marsupialis<\/em>), L\u00f6ffelhund (<em>Otocyon megalotis<\/em>) und auch der Ochsenfrosch (<em>Pyxicephalus adspersus<\/em>))<\/li><li>Die gr\u00f6sstenteils unber\u00fchrten Gegenden sind auch Heimat von Raubtieren wie L\u00f6wen (<em>Panthers leo<\/em>), Leoparden (<em>Panthera pardus<\/em>), Geparden (<em>Acinonyx jubatus<\/em>), Afrikanischen Wildhunden (<em>Lycaon pictus<\/em>), Braunen Hy\u00e4nen (<em>Hyaena brunnea<\/em>), Karakalen (<em>Caracal caracal<\/em>) und Schabrackenschakalen (<em>Canis mesomelas<\/em>).<\/li><li>besondere <strong>Baumarten <\/strong>wie die Kameldornakazie (camel thorn,<em>Vachellia erioloba<\/em>), den Sch\u00e4ferbaum (Shepherd\u2019s tree (<em>Boscia albitrunca<\/em>) und den \u201cKalahari Apfelblattbaum\u201d (Kalahari apple-leaf, <em>Philenoptera nelsii<\/em>)<\/li><li>Besonders ist auch die <strong>Vogelwelt<\/strong>: Der Strauss (<em>Struthio camelus<\/em>) und der schwerste fliegende Vogel, die Riesentrappe (Kori Bustard, <em>Ardeotis kori<\/em>) , sowie viele verschiedene Raubv\u00f6gel leben hier.<\/li><\/ul>\n<\/div>\n<\/div>\n\n\n\n<p><\/p>\n","protected":false},"excerpt":{"rendered":"<p>Leopard Ecology &amp; Conservation arbeitet in der Region des Khutse und des Central Kalahari Game Reserve sowie in der Umgebung des Dorfes Kaudwane. Kalahari-\u00d6kosystem Studiengebiet: 15 000 km2 Kalahari-\u00d6kosystem: Khutse und Central Kalahari Game Reserve (rund 55&#8217;000 km2), zentraler Bereich des Kalahari-\u00d6kosystems; es macht einen grossen Teil Botswanas aus und erstreckt sich bis Namibia und [&hellip;]<\/p>\n","protected":false},"author":2,"featured_media":950,"parent":67,"menu_order":4,"comment_status":"closed","ping_status":"closed","template":"","meta":{"footnotes":""},"class_list":["post-120","page","type-page","status-publish","has-post-thumbnail","czr-hentry"],"yoast_head":"<!-- This site is optimized with the Yoast SEO plugin v27.3 - https:\/\/yoast.com\/product\/yoast-seo-wordpress\/ -->\n<title>Unser Studiengebiet - die Kalahari - Leopard Ecology &amp; Conservation<\/title>\n<meta name=\"robots\" content=\"index, follow, max-snippet:-1, max-image-preview:large, max-video-preview:-1\" \/>\n<link rel=\"canonical\" href=\"https:\/\/www.leopard.ch\/index.php\/uber-uns\/die-kalahari-unser-studiengebiet\/\" \/>\n<meta property=\"og:locale\" content=\"en_US\" \/>\n<meta property=\"og:type\" content=\"article\" \/>\n<meta property=\"og:title\" content=\"Unser Studiengebiet - die Kalahari - Leopard Ecology &amp; Conservation\" \/>\n<meta property=\"og:description\" content=\"Leopard Ecology &amp; Conservation arbeitet in der Region des Khutse und des Central Kalahari Game Reserve sowie in der Umgebung des Dorfes Kaudwane. Kalahari-\u00d6kosystem Studiengebiet: 15 000 km2 Kalahari-\u00d6kosystem: Khutse und Central Kalahari Game Reserve (rund 55&#8217;000 km2), zentraler Bereich des Kalahari-\u00d6kosystems; es macht einen grossen Teil Botswanas aus und erstreckt sich bis Namibia und [&hellip;]\" \/>\n<meta property=\"og:url\" content=\"https:\/\/www.leopard.ch\/index.php\/uber-uns\/die-kalahari-unser-studiengebiet\/\" \/>\n<meta property=\"og:site_name\" content=\"Leopard Ecology &amp; Conservation\" \/>\n<meta property=\"article:modified_time\" content=\"2020-11-30T08:38:31+00:00\" \/>\n<meta property=\"og:image\" content=\"https:\/\/www.leopard.ch\/wp-content\/uploads\/2020\/11\/Sturm_Baum_sab_crop.jpg\" \/>\n\t<meta property=\"og:image:width\" content=\"1286\" \/>\n\t<meta property=\"og:image:height\" content=\"452\" \/>\n\t<meta property=\"og:image:type\" content=\"image\/jpeg\" \/>\n<meta name=\"twitter:card\" content=\"summary_large_image\" \/>\n<meta name=\"twitter:label1\" content=\"Est. reading time\" \/>\n\t<meta name=\"twitter:data1\" content=\"2 minutes\" \/>\n<script type=\"application\/ld+json\" class=\"yoast-schema-graph\">{\"@context\":\"https:\\\/\\\/schema.org\",\"@graph\":[{\"@type\":\"WebPage\",\"@id\":\"https:\\\/\\\/www.leopard.ch\\\/index.php\\\/uber-uns\\\/die-kalahari-unser-studiengebiet\\\/\",\"url\":\"https:\\\/\\\/www.leopard.ch\\\/index.php\\\/uber-uns\\\/die-kalahari-unser-studiengebiet\\\/\",\"name\":\"Unser Studiengebiet - die Kalahari - Leopard Ecology &amp; Conservation\",\"isPartOf\":{\"@id\":\"https:\\\/\\\/www.leopard.ch\\\/#website\"},\"primaryImageOfPage\":{\"@id\":\"https:\\\/\\\/www.leopard.ch\\\/index.php\\\/uber-uns\\\/die-kalahari-unser-studiengebiet\\\/#primaryimage\"},\"image\":{\"@id\":\"https:\\\/\\\/www.leopard.ch\\\/index.php\\\/uber-uns\\\/die-kalahari-unser-studiengebiet\\\/#primaryimage\"},\"thumbnailUrl\":\"https:\\\/\\\/www.leopard.ch\\\/wp-content\\\/uploads\\\/2020\\\/11\\\/Sturm_Baum_sab_crop.jpg\",\"datePublished\":\"2017-03-06T08:42:00+00:00\",\"dateModified\":\"2020-11-30T08:38:31+00:00\",\"breadcrumb\":{\"@id\":\"https:\\\/\\\/www.leopard.ch\\\/index.php\\\/uber-uns\\\/die-kalahari-unser-studiengebiet\\\/#breadcrumb\"},\"inLanguage\":\"en-US\",\"potentialAction\":[{\"@type\":\"ReadAction\",\"target\":[\"https:\\\/\\\/www.leopard.ch\\\/index.php\\\/uber-uns\\\/die-kalahari-unser-studiengebiet\\\/\"]}]},{\"@type\":\"ImageObject\",\"inLanguage\":\"en-US\",\"@id\":\"https:\\\/\\\/www.leopard.ch\\\/index.php\\\/uber-uns\\\/die-kalahari-unser-studiengebiet\\\/#primaryimage\",\"url\":\"https:\\\/\\\/www.leopard.ch\\\/wp-content\\\/uploads\\\/2020\\\/11\\\/Sturm_Baum_sab_crop.jpg\",\"contentUrl\":\"https:\\\/\\\/www.leopard.ch\\\/wp-content\\\/uploads\\\/2020\\\/11\\\/Sturm_Baum_sab_crop.jpg\",\"width\":1286,\"height\":452},{\"@type\":\"BreadcrumbList\",\"@id\":\"https:\\\/\\\/www.leopard.ch\\\/index.php\\\/uber-uns\\\/die-kalahari-unser-studiengebiet\\\/#breadcrumb\",\"itemListElement\":[{\"@type\":\"ListItem\",\"position\":1,\"name\":\"Home\",\"item\":\"https:\\\/\\\/www.leopard.ch\\\/\"},{\"@type\":\"ListItem\",\"position\":2,\"name\":\"\u00dcber uns\",\"item\":\"https:\\\/\\\/www.leopard.ch\\\/index.php\\\/uber-uns\\\/\"},{\"@type\":\"ListItem\",\"position\":3,\"name\":\"Unser Studiengebiet &#8211; die Kalahari\"}]},{\"@type\":\"WebSite\",\"@id\":\"https:\\\/\\\/www.leopard.ch\\\/#website\",\"url\":\"https:\\\/\\\/www.leopard.ch\\\/\",\"name\":\"Leopard Ecology &amp; Conservation\",\"description\":\"Leopard and Lion Research\",\"publisher\":{\"@id\":\"https:\\\/\\\/www.leopard.ch\\\/#organization\"},\"potentialAction\":[{\"@type\":\"SearchAction\",\"target\":{\"@type\":\"EntryPoint\",\"urlTemplate\":\"https:\\\/\\\/www.leopard.ch\\\/?s={search_term_string}\"},\"query-input\":{\"@type\":\"PropertyValueSpecification\",\"valueRequired\":true,\"valueName\":\"search_term_string\"}}],\"inLanguage\":\"en-US\"},{\"@type\":\"Organization\",\"@id\":\"https:\\\/\\\/www.leopard.ch\\\/#organization\",\"name\":\"Leopard Ecology &amp; Conservation\",\"url\":\"https:\\\/\\\/www.leopard.ch\\\/\",\"logo\":{\"@type\":\"ImageObject\",\"inLanguage\":\"en-US\",\"@id\":\"https:\\\/\\\/www.leopard.ch\\\/#\\\/schema\\\/logo\\\/image\\\/\",\"url\":\"https:\\\/\\\/www.leopard.ch\\\/wp-content\\\/uploads\\\/2020\\\/10\\\/LECLogo_5cm_300dpi_.png\",\"contentUrl\":\"https:\\\/\\\/www.leopard.ch\\\/wp-content\\\/uploads\\\/2020\\\/10\\\/LECLogo_5cm_300dpi_.png\",\"width\":250,\"height\":250,\"caption\":\"Leopard Ecology &amp; Conservation\"},\"image\":{\"@id\":\"https:\\\/\\\/www.leopard.ch\\\/#\\\/schema\\\/logo\\\/image\\\/\"}}]}<\/script>\n<!-- \/ Yoast SEO plugin. -->","yoast_head_json":{"title":"Unser Studiengebiet - die Kalahari - Leopard Ecology &amp; Conservation","robots":{"index":"index","follow":"follow","max-snippet":"max-snippet:-1","max-image-preview":"max-image-preview:large","max-video-preview":"max-video-preview:-1"},"canonical":"https:\/\/www.leopard.ch\/index.php\/uber-uns\/die-kalahari-unser-studiengebiet\/","og_locale":"en_US","og_type":"article","og_title":"Unser Studiengebiet - die Kalahari - Leopard Ecology &amp; Conservation","og_description":"Leopard Ecology &amp; Conservation arbeitet in der Region des Khutse und des Central Kalahari Game Reserve sowie in der Umgebung des Dorfes Kaudwane. Kalahari-\u00d6kosystem Studiengebiet: 15 000 km2 Kalahari-\u00d6kosystem: Khutse und Central Kalahari Game Reserve (rund 55&#8217;000 km2), zentraler Bereich des Kalahari-\u00d6kosystems; es macht einen grossen Teil Botswanas aus und erstreckt sich bis Namibia und [&hellip;]","og_url":"https:\/\/www.leopard.ch\/index.php\/uber-uns\/die-kalahari-unser-studiengebiet\/","og_site_name":"Leopard Ecology &amp; Conservation","article_modified_time":"2020-11-30T08:38:31+00:00","og_image":[{"width":1286,"height":452,"url":"https:\/\/www.leopard.ch\/wp-content\/uploads\/2020\/11\/Sturm_Baum_sab_crop.jpg","type":"image\/jpeg"}],"twitter_card":"summary_large_image","twitter_misc":{"Est. reading time":"2 minutes"},"schema":{"@context":"https:\/\/schema.org","@graph":[{"@type":"WebPage","@id":"https:\/\/www.leopard.ch\/index.php\/uber-uns\/die-kalahari-unser-studiengebiet\/","url":"https:\/\/www.leopard.ch\/index.php\/uber-uns\/die-kalahari-unser-studiengebiet\/","name":"Unser Studiengebiet - die Kalahari - Leopard Ecology &amp; Conservation","isPartOf":{"@id":"https:\/\/www.leopard.ch\/#website"},"primaryImageOfPage":{"@id":"https:\/\/www.leopard.ch\/index.php\/uber-uns\/die-kalahari-unser-studiengebiet\/#primaryimage"},"image":{"@id":"https:\/\/www.leopard.ch\/index.php\/uber-uns\/die-kalahari-unser-studiengebiet\/#primaryimage"},"thumbnailUrl":"https:\/\/www.leopard.ch\/wp-content\/uploads\/2020\/11\/Sturm_Baum_sab_crop.jpg","datePublished":"2017-03-06T08:42:00+00:00","dateModified":"2020-11-30T08:38:31+00:00","breadcrumb":{"@id":"https:\/\/www.leopard.ch\/index.php\/uber-uns\/die-kalahari-unser-studiengebiet\/#breadcrumb"},"inLanguage":"en-US","potentialAction":[{"@type":"ReadAction","target":["https:\/\/www.leopard.ch\/index.php\/uber-uns\/die-kalahari-unser-studiengebiet\/"]}]},{"@type":"ImageObject","inLanguage":"en-US","@id":"https:\/\/www.leopard.ch\/index.php\/uber-uns\/die-kalahari-unser-studiengebiet\/#primaryimage","url":"https:\/\/www.leopard.ch\/wp-content\/uploads\/2020\/11\/Sturm_Baum_sab_crop.jpg","contentUrl":"https:\/\/www.leopard.ch\/wp-content\/uploads\/2020\/11\/Sturm_Baum_sab_crop.jpg","width":1286,"height":452},{"@type":"BreadcrumbList","@id":"https:\/\/www.leopard.ch\/index.php\/uber-uns\/die-kalahari-unser-studiengebiet\/#breadcrumb","itemListElement":[{"@type":"ListItem","position":1,"name":"Home","item":"https:\/\/www.leopard.ch\/"},{"@type":"ListItem","position":2,"name":"\u00dcber uns","item":"https:\/\/www.leopard.ch\/index.php\/uber-uns\/"},{"@type":"ListItem","position":3,"name":"Unser Studiengebiet &#8211; die Kalahari"}]},{"@type":"WebSite","@id":"https:\/\/www.leopard.ch\/#website","url":"https:\/\/www.leopard.ch\/","name":"Leopard Ecology &amp; Conservation","description":"Leopard and Lion Research","publisher":{"@id":"https:\/\/www.leopard.ch\/#organization"},"potentialAction":[{"@type":"SearchAction","target":{"@type":"EntryPoint","urlTemplate":"https:\/\/www.leopard.ch\/?s={search_term_string}"},"query-input":{"@type":"PropertyValueSpecification","valueRequired":true,"valueName":"search_term_string"}}],"inLanguage":"en-US"},{"@type":"Organization","@id":"https:\/\/www.leopard.ch\/#organization","name":"Leopard Ecology &amp; Conservation","url":"https:\/\/www.leopard.ch\/","logo":{"@type":"ImageObject","inLanguage":"en-US","@id":"https:\/\/www.leopard.ch\/#\/schema\/logo\/image\/","url":"https:\/\/www.leopard.ch\/wp-content\/uploads\/2020\/10\/LECLogo_5cm_300dpi_.png","contentUrl":"https:\/\/www.leopard.ch\/wp-content\/uploads\/2020\/10\/LECLogo_5cm_300dpi_.png","width":250,"height":250,"caption":"Leopard Ecology &amp; Conservation"},"image":{"@id":"https:\/\/www.leopard.ch\/#\/schema\/logo\/image\/"}}]}},"_links":{"self":[{"href":"https:\/\/www.leopard.ch\/index.php\/wp-json\/wp\/v2\/pages\/120","targetHints":{"allow":["GET"]}}],"collection":[{"href":"https:\/\/www.leopard.ch\/index.php\/wp-json\/wp\/v2\/pages"}],"about":[{"href":"https:\/\/www.leopard.ch\/index.php\/wp-json\/wp\/v2\/types\/page"}],"author":[{"embeddable":true,"href":"https:\/\/www.leopard.ch\/index.php\/wp-json\/wp\/v2\/users\/2"}],"replies":[{"embeddable":true,"href":"https:\/\/www.leopard.ch\/index.php\/wp-json\/wp\/v2\/comments?post=120"}],"version-history":[{"count":14,"href":"https:\/\/www.leopard.ch\/index.php\/wp-json\/wp\/v2\/pages\/120\/revisions"}],"predecessor-version":[{"id":1165,"href":"https:\/\/www.leopard.ch\/index.php\/wp-json\/wp\/v2\/pages\/120\/revisions\/1165"}],"up":[{"embeddable":true,"href":"https:\/\/www.leopard.ch\/index.php\/wp-json\/wp\/v2\/pages\/67"}],"wp:featuredmedia":[{"embeddable":true,"href":"https:\/\/www.leopard.ch\/index.php\/wp-json\/wp\/v2\/media\/950"}],"wp:attachment":[{"href":"https:\/\/www.leopard.ch\/index.php\/wp-json\/wp\/v2\/media?parent=120"}],"curies":[{"name":"wp","href":"https:\/\/api.w.org\/{rel}","templated":true}]}}