{"id":117,"date":"2017-03-06T08:40:48","date_gmt":"2017-03-06T08:40:48","guid":{"rendered":"https:\/\/leopard.ch\/?page_id=117"},"modified":"2025-11-28T14:11:30","modified_gmt":"2025-11-28T12:11:30","slug":"projekte-im-nachbardorf-kaudwane","status":"publish","type":"page","link":"https:\/\/www.leopard.ch\/index.php\/bildung\/projekte-im-nachbardorf-kaudwane\/","title":{"rendered":"Gesellschaftliches Engagement in Kaudwane und Umgebung"},"content":{"rendered":"\n<p>Das Dorf Kaudwane liegt nur f\u00fcnf Kilometer vom Zugang zum Khutse Game Reserve und von unserem Camp entfernt. Die Mehrheit der Bev\u00f6lkerung geh\u00f6rt zur San-Gemeinschaft. Die San haben eine lange Geschichte als Nomaden, weshalb Landwirtschaft und Nutztierhaltung nicht zu ihrer traditionellen Lebensweise geh\u00f6ren.<\/p>\n\n\n\n<p>Mit unseren Projekten in Kaudwane m\u00f6chten wir einerseits grunds\u00e4tzlich ein st\u00e4rkeres Bewusstsein in Umwelt- und Tierschutzthemen f\u00f6rdern und andererseits auch engagierten Personen neue Perspektiven anbieten. Besonderes Augenmerk gilt der jungen Generation, denn sie tr\u00e4gt die Verantwortung f\u00fcr die Zukunft des Naturschutzes. Jedes unserer Projekte bringt konkrete Vorteile f\u00fcr die Gemeinschaft und schafft Raum f\u00fcr Zusammenarbeit, Lernen und Vertrauen.<\/p>\n\n\n\n<p>Projekte in und um Kaudwane, die unser Community &amp; Education Department vor Ort umsetzt:<\/p>\n\n\n\n<ul class=\"wp-block-list\">\n<li><a href=\"https:\/\/www.leopard.ch\/index.php\/bildung\/projekte-im-nachbardorf-kaudwane\/community-conservation-club\/\">Community Conservation Club<\/a><\/li>\n\n\n\n<li>Internationaler Tag des Naturschutzes<\/li>\n\n\n\n<li><a href=\"https:\/\/www.leopard.ch\/index.php\/bildung\/projekte-im-nachbardorf-kaudwane\/schulausfluge\/\">Schulausflug<\/a> ins Khutse Game Reserve<\/li>\n\n\n\n<li>Preisverleihungsfeier f\u00fcr Sch\u00fclerinnen und Sch\u00fcler der Kaudwane Primary School<\/li>\n\n\n\n<li>Club f\u00fcr Umweltbildung<\/li>\n\n\n\n<li>Lebensraumaufwertung durch Wiederaufforstung und Einsatz von Saatkugeln<\/li>\n\n\n\n<li>Tag der Kulturen und Traditionen<\/li>\n<\/ul>\n","protected":false},"excerpt":{"rendered":"<p>Das Dorf Kaudwane liegt nur f\u00fcnf Kilometer vom Zugang zum Khutse Game Reserve und von unserem Camp entfernt. Die Mehrheit der Bev\u00f6lkerung geh\u00f6rt zur San-Gemeinschaft. Die San haben eine lange Geschichte als Nomaden, weshalb Landwirtschaft und Nutztierhaltung nicht zu ihrer traditionellen Lebensweise geh\u00f6ren. Mit unseren Projekten in Kaudwane m\u00f6chten wir einerseits grunds\u00e4tzlich ein st\u00e4rkeres Bewusstsein [&hellip;]<\/p>\n","protected":false},"author":2,"featured_media":831,"parent":261,"menu_order":2,"comment_status":"closed","ping_status":"closed","template":"","meta":{"footnotes":""},"class_list":["post-117","page","type-page","status-publish","has-post-thumbnail","czr-hentry"],"yoast_head":"<!-- This site is optimized with the Yoast SEO plugin v27.4 - https:\/\/yoast.com\/product\/yoast-seo-wordpress\/ -->\n<title>Gesellschaftliches Engagement in Kaudwane und Umgebung - Leopard Ecology &amp; Conservation<\/title>\n<meta name=\"robots\" content=\"index, follow, max-snippet:-1, max-image-preview:large, max-video-preview:-1\" \/>\n<link rel=\"canonical\" href=\"https:\/\/www.leopard.ch\/index.php\/bildung\/projekte-im-nachbardorf-kaudwane\/\" \/>\n<meta property=\"og:locale\" content=\"en_US\" \/>\n<meta property=\"og:type\" content=\"article\" \/>\n<meta property=\"og:title\" content=\"Gesellschaftliches Engagement in Kaudwane und Umgebung - Leopard Ecology &amp; Conservation\" \/>\n<meta property=\"og:description\" content=\"Das Dorf Kaudwane liegt nur f\u00fcnf Kilometer vom Zugang zum Khutse Game Reserve und von unserem Camp entfernt. Die Mehrheit der Bev\u00f6lkerung geh\u00f6rt zur San-Gemeinschaft. Die San haben eine lange Geschichte als Nomaden, weshalb Landwirtschaft und Nutztierhaltung nicht zu ihrer traditionellen Lebensweise geh\u00f6ren. Mit unseren Projekten in Kaudwane m\u00f6chten wir einerseits grunds\u00e4tzlich ein st\u00e4rkeres Bewusstsein [&hellip;]\" \/>\n<meta property=\"og:url\" content=\"https:\/\/www.leopard.ch\/index.php\/bildung\/projekte-im-nachbardorf-kaudwane\/\" \/>\n<meta property=\"og:site_name\" content=\"Leopard Ecology &amp; Conservation\" \/>\n<meta property=\"article:modified_time\" content=\"2025-11-28T12:11:30+00:00\" \/>\n<meta property=\"og:image\" content=\"https:\/\/www.leopard.ch\/wp-content\/uploads\/2020\/11\/Schulgarten_Kinder.jpg\" \/>\n\t<meta property=\"og:image:width\" content=\"1024\" \/>\n\t<meta property=\"og:image:height\" content=\"768\" \/>\n\t<meta property=\"og:image:type\" content=\"image\/jpeg\" \/>\n<meta name=\"twitter:card\" content=\"summary_large_image\" \/>\n<meta name=\"twitter:label1\" content=\"Est. reading time\" \/>\n\t<meta name=\"twitter:data1\" content=\"1 minute\" \/>\n<script type=\"application\/ld+json\" class=\"yoast-schema-graph\">{\"@context\":\"https:\\\/\\\/schema.org\",\"@graph\":[{\"@type\":\"WebPage\",\"@id\":\"https:\\\/\\\/www.leopard.ch\\\/index.php\\\/bildung\\\/projekte-im-nachbardorf-kaudwane\\\/\",\"url\":\"https:\\\/\\\/www.leopard.ch\\\/index.php\\\/bildung\\\/projekte-im-nachbardorf-kaudwane\\\/\",\"name\":\"Gesellschaftliches Engagement in Kaudwane und Umgebung - Leopard Ecology &amp; Conservation\",\"isPartOf\":{\"@id\":\"https:\\\/\\\/www.leopard.ch\\\/#website\"},\"primaryImageOfPage\":{\"@id\":\"https:\\\/\\\/www.leopard.ch\\\/index.php\\\/bildung\\\/projekte-im-nachbardorf-kaudwane\\\/#primaryimage\"},\"image\":{\"@id\":\"https:\\\/\\\/www.leopard.ch\\\/index.php\\\/bildung\\\/projekte-im-nachbardorf-kaudwane\\\/#primaryimage\"},\"thumbnailUrl\":\"https:\\\/\\\/www.leopard.ch\\\/wp-content\\\/uploads\\\/2020\\\/11\\\/Schulgarten_Kinder.jpg\",\"datePublished\":\"2017-03-06T08:40:48+00:00\",\"dateModified\":\"2025-11-28T12:11:30+00:00\",\"breadcrumb\":{\"@id\":\"https:\\\/\\\/www.leopard.ch\\\/index.php\\\/bildung\\\/projekte-im-nachbardorf-kaudwane\\\/#breadcrumb\"},\"inLanguage\":\"en-US\",\"potentialAction\":[{\"@type\":\"ReadAction\",\"target\":[\"https:\\\/\\\/www.leopard.ch\\\/index.php\\\/bildung\\\/projekte-im-nachbardorf-kaudwane\\\/\"]}]},{\"@type\":\"ImageObject\",\"inLanguage\":\"en-US\",\"@id\":\"https:\\\/\\\/www.leopard.ch\\\/index.php\\\/bildung\\\/projekte-im-nachbardorf-kaudwane\\\/#primaryimage\",\"url\":\"https:\\\/\\\/www.leopard.ch\\\/wp-content\\\/uploads\\\/2020\\\/11\\\/Schulgarten_Kinder.jpg\",\"contentUrl\":\"https:\\\/\\\/www.leopard.ch\\\/wp-content\\\/uploads\\\/2020\\\/11\\\/Schulgarten_Kinder.jpg\",\"width\":1024,\"height\":768},{\"@type\":\"BreadcrumbList\",\"@id\":\"https:\\\/\\\/www.leopard.ch\\\/index.php\\\/bildung\\\/projekte-im-nachbardorf-kaudwane\\\/#breadcrumb\",\"itemListElement\":[{\"@type\":\"ListItem\",\"position\":1,\"name\":\"Home\",\"item\":\"https:\\\/\\\/www.leopard.ch\\\/\"},{\"@type\":\"ListItem\",\"position\":2,\"name\":\"Bildung &amp; Gesellschaftliches Engagement\",\"item\":\"https:\\\/\\\/www.leopard.ch\\\/index.php\\\/bildung\\\/\"},{\"@type\":\"ListItem\",\"position\":3,\"name\":\"Gesellschaftliches Engagement in Kaudwane und Umgebung\"}]},{\"@type\":\"WebSite\",\"@id\":\"https:\\\/\\\/www.leopard.ch\\\/#website\",\"url\":\"https:\\\/\\\/www.leopard.ch\\\/\",\"name\":\"Leopard Ecology &amp; Conservation\",\"description\":\"Leopard and Lion Research\",\"publisher\":{\"@id\":\"https:\\\/\\\/www.leopard.ch\\\/#organization\"},\"potentialAction\":[{\"@type\":\"SearchAction\",\"target\":{\"@type\":\"EntryPoint\",\"urlTemplate\":\"https:\\\/\\\/www.leopard.ch\\\/?s={search_term_string}\"},\"query-input\":{\"@type\":\"PropertyValueSpecification\",\"valueRequired\":true,\"valueName\":\"search_term_string\"}}],\"inLanguage\":\"en-US\"},{\"@type\":\"Organization\",\"@id\":\"https:\\\/\\\/www.leopard.ch\\\/#organization\",\"name\":\"Leopard Ecology &amp; Conservation\",\"url\":\"https:\\\/\\\/www.leopard.ch\\\/\",\"logo\":{\"@type\":\"ImageObject\",\"inLanguage\":\"en-US\",\"@id\":\"https:\\\/\\\/www.leopard.ch\\\/#\\\/schema\\\/logo\\\/image\\\/\",\"url\":\"https:\\\/\\\/www.leopard.ch\\\/wp-content\\\/uploads\\\/2020\\\/10\\\/LECLogo_5cm_300dpi_.png\",\"contentUrl\":\"https:\\\/\\\/www.leopard.ch\\\/wp-content\\\/uploads\\\/2020\\\/10\\\/LECLogo_5cm_300dpi_.png\",\"width\":250,\"height\":250,\"caption\":\"Leopard Ecology &amp; Conservation\"},\"image\":{\"@id\":\"https:\\\/\\\/www.leopard.ch\\\/#\\\/schema\\\/logo\\\/image\\\/\"}}]}<\/script>\n<!-- \/ Yoast SEO plugin. -->","yoast_head_json":{"title":"Gesellschaftliches Engagement in Kaudwane und Umgebung - Leopard Ecology &amp; Conservation","robots":{"index":"index","follow":"follow","max-snippet":"max-snippet:-1","max-image-preview":"max-image-preview:large","max-video-preview":"max-video-preview:-1"},"canonical":"https:\/\/www.leopard.ch\/index.php\/bildung\/projekte-im-nachbardorf-kaudwane\/","og_locale":"en_US","og_type":"article","og_title":"Gesellschaftliches Engagement in Kaudwane und Umgebung - Leopard Ecology &amp; Conservation","og_description":"Das Dorf Kaudwane liegt nur f\u00fcnf Kilometer vom Zugang zum Khutse Game Reserve und von unserem Camp entfernt. Die Mehrheit der Bev\u00f6lkerung geh\u00f6rt zur San-Gemeinschaft. Die San haben eine lange Geschichte als Nomaden, weshalb Landwirtschaft und Nutztierhaltung nicht zu ihrer traditionellen Lebensweise geh\u00f6ren. Mit unseren Projekten in Kaudwane m\u00f6chten wir einerseits grunds\u00e4tzlich ein st\u00e4rkeres Bewusstsein [&hellip;]","og_url":"https:\/\/www.leopard.ch\/index.php\/bildung\/projekte-im-nachbardorf-kaudwane\/","og_site_name":"Leopard Ecology &amp; Conservation","article_modified_time":"2025-11-28T12:11:30+00:00","og_image":[{"width":1024,"height":768,"url":"https:\/\/www.leopard.ch\/wp-content\/uploads\/2020\/11\/Schulgarten_Kinder.jpg","type":"image\/jpeg"}],"twitter_card":"summary_large_image","twitter_misc":{"Est. reading time":"1 minute"},"schema":{"@context":"https:\/\/schema.org","@graph":[{"@type":"WebPage","@id":"https:\/\/www.leopard.ch\/index.php\/bildung\/projekte-im-nachbardorf-kaudwane\/","url":"https:\/\/www.leopard.ch\/index.php\/bildung\/projekte-im-nachbardorf-kaudwane\/","name":"Gesellschaftliches Engagement in Kaudwane und Umgebung - Leopard Ecology &amp; Conservation","isPartOf":{"@id":"https:\/\/www.leopard.ch\/#website"},"primaryImageOfPage":{"@id":"https:\/\/www.leopard.ch\/index.php\/bildung\/projekte-im-nachbardorf-kaudwane\/#primaryimage"},"image":{"@id":"https:\/\/www.leopard.ch\/index.php\/bildung\/projekte-im-nachbardorf-kaudwane\/#primaryimage"},"thumbnailUrl":"https:\/\/www.leopard.ch\/wp-content\/uploads\/2020\/11\/Schulgarten_Kinder.jpg","datePublished":"2017-03-06T08:40:48+00:00","dateModified":"2025-11-28T12:11:30+00:00","breadcrumb":{"@id":"https:\/\/www.leopard.ch\/index.php\/bildung\/projekte-im-nachbardorf-kaudwane\/#breadcrumb"},"inLanguage":"en-US","potentialAction":[{"@type":"ReadAction","target":["https:\/\/www.leopard.ch\/index.php\/bildung\/projekte-im-nachbardorf-kaudwane\/"]}]},{"@type":"ImageObject","inLanguage":"en-US","@id":"https:\/\/www.leopard.ch\/index.php\/bildung\/projekte-im-nachbardorf-kaudwane\/#primaryimage","url":"https:\/\/www.leopard.ch\/wp-content\/uploads\/2020\/11\/Schulgarten_Kinder.jpg","contentUrl":"https:\/\/www.leopard.ch\/wp-content\/uploads\/2020\/11\/Schulgarten_Kinder.jpg","width":1024,"height":768},{"@type":"BreadcrumbList","@id":"https:\/\/www.leopard.ch\/index.php\/bildung\/projekte-im-nachbardorf-kaudwane\/#breadcrumb","itemListElement":[{"@type":"ListItem","position":1,"name":"Home","item":"https:\/\/www.leopard.ch\/"},{"@type":"ListItem","position":2,"name":"Bildung &amp; Gesellschaftliches Engagement","item":"https:\/\/www.leopard.ch\/index.php\/bildung\/"},{"@type":"ListItem","position":3,"name":"Gesellschaftliches Engagement in Kaudwane und Umgebung"}]},{"@type":"WebSite","@id":"https:\/\/www.leopard.ch\/#website","url":"https:\/\/www.leopard.ch\/","name":"Leopard Ecology &amp; Conservation","description":"Leopard and Lion Research","publisher":{"@id":"https:\/\/www.leopard.ch\/#organization"},"potentialAction":[{"@type":"SearchAction","target":{"@type":"EntryPoint","urlTemplate":"https:\/\/www.leopard.ch\/?s={search_term_string}"},"query-input":{"@type":"PropertyValueSpecification","valueRequired":true,"valueName":"search_term_string"}}],"inLanguage":"en-US"},{"@type":"Organization","@id":"https:\/\/www.leopard.ch\/#organization","name":"Leopard Ecology &amp; Conservation","url":"https:\/\/www.leopard.ch\/","logo":{"@type":"ImageObject","inLanguage":"en-US","@id":"https:\/\/www.leopard.ch\/#\/schema\/logo\/image\/","url":"https:\/\/www.leopard.ch\/wp-content\/uploads\/2020\/10\/LECLogo_5cm_300dpi_.png","contentUrl":"https:\/\/www.leopard.ch\/wp-content\/uploads\/2020\/10\/LECLogo_5cm_300dpi_.png","width":250,"height":250,"caption":"Leopard Ecology &amp; Conservation"},"image":{"@id":"https:\/\/www.leopard.ch\/#\/schema\/logo\/image\/"}}]}},"_links":{"self":[{"href":"https:\/\/www.leopard.ch\/index.php\/wp-json\/wp\/v2\/pages\/117","targetHints":{"allow":["GET"]}}],"collection":[{"href":"https:\/\/www.leopard.ch\/index.php\/wp-json\/wp\/v2\/pages"}],"about":[{"href":"https:\/\/www.leopard.ch\/index.php\/wp-json\/wp\/v2\/types\/page"}],"author":[{"embeddable":true,"href":"https:\/\/www.leopard.ch\/index.php\/wp-json\/wp\/v2\/users\/2"}],"replies":[{"embeddable":true,"href":"https:\/\/www.leopard.ch\/index.php\/wp-json\/wp\/v2\/comments?post=117"}],"version-history":[{"count":10,"href":"https:\/\/www.leopard.ch\/index.php\/wp-json\/wp\/v2\/pages\/117\/revisions"}],"predecessor-version":[{"id":2619,"href":"https:\/\/www.leopard.ch\/index.php\/wp-json\/wp\/v2\/pages\/117\/revisions\/2619"}],"up":[{"embeddable":true,"href":"https:\/\/www.leopard.ch\/index.php\/wp-json\/wp\/v2\/pages\/261"}],"wp:featuredmedia":[{"embeddable":true,"href":"https:\/\/www.leopard.ch\/index.php\/wp-json\/wp\/v2\/media\/831"}],"wp:attachment":[{"href":"https:\/\/www.leopard.ch\/index.php\/wp-json\/wp\/v2\/media?parent=117"}],"curies":[{"name":"wp","href":"https:\/\/api.w.org\/{rel}","templated":true}]}}