{"id":115,"date":"2017-03-06T08:39:11","date_gmt":"2017-03-06T08:39:11","guid":{"rendered":"https:\/\/leopard.ch\/?page_id=115"},"modified":"2025-08-08T15:12:22","modified_gmt":"2025-08-08T13:12:22","slug":"okosystem-projekte","status":"publish","type":"page","link":"https:\/\/www.leopard.ch\/index.php\/forschung\/okosystem-projekte\/","title":{"rendered":"Kalahari \u00d6kosystem"},"content":{"rendered":"\n<div class=\"wp-block-columns is-layout-flex wp-container-core-columns-is-layout-9d6595d7 wp-block-columns-is-layout-flex\">\n<div class=\"wp-block-column is-layout-flow wp-block-column-is-layout-flow\" style=\"flex-basis:33.33%\">\n<h5 class=\"wp-block-heading\">Was ist ein Habitat?<\/h5>\n\n\n\n<figure class=\"wp-block-image size-large\"><img loading=\"lazy\" decoding=\"async\" width=\"1024\" height=\"641\" src=\"https:\/\/www.leopard.ch\/wp-content\/uploads\/2020\/11\/Landschaft_Khutse-1024x641.jpg\" alt=\"\" class=\"wp-image-817\" srcset=\"https:\/\/www.leopard.ch\/wp-content\/uploads\/2020\/11\/Landschaft_Khutse-1024x641.jpg 1024w, https:\/\/www.leopard.ch\/wp-content\/uploads\/2020\/11\/Landschaft_Khutse-300x188.jpg 300w, https:\/\/www.leopard.ch\/wp-content\/uploads\/2020\/11\/Landschaft_Khutse-768x480.jpg 768w, https:\/\/www.leopard.ch\/wp-content\/uploads\/2020\/11\/Landschaft_Khutse.jpg 1103w\" sizes=\"auto, (max-width: 1024px) 100vw, 1024px\" \/><figcaption>Khutse Game Reserve.<\/figcaption><\/figure>\n<\/div>\n\n\n\n<div class=\"wp-block-column is-layout-flow wp-block-column-is-layout-flow\" style=\"flex-basis:66.66%\">\n<h5 class=\"wp-block-heading\"><\/h5>\n\n\n\n<p>Das Habitat ist der Lebensraum einer Tier- oder Pflanzenart, der durch spezifische abiotische (z.\u202fB. Wetter, Bodenbeschaffenheit) und biotische (z.\u202fB. Vegetation, Futtervorkommen) definiert ist. Aufgrund dieser Charakteristika muss ein Tier, das in einem bestimmten Lebensraum lebt, bestimmte Voraussetzungen erf\u00fcllen. Diese sind etwa K\u00f6rperbau, physiologische Voraussetzungen oder Verhaltensanpassungen. Die Interaktionen von Tieren mit ihrem Habitat sind komplex.<\/p>\n\n\n\n<p><\/p>\n<\/div>\n<\/div>\n\n\n\n<h2 class=\"wp-block-heading\">Kalahari  &amp; Khutse Game Reserve<\/h2>\n\n\n\n<h5 class=\"wp-block-heading\">Wasserl\u00f6cher<\/h5>\n\n\n\n<p>Im trockenen Klima der Kalahari-Halbw\u00fcste ist die Zahl der Tiere, die dort leben, durch den Mangel an Wasser begrenzt. <strong>Wasserl\u00f6cher <\/strong>(nat\u00fcrliche wie auch k\u00fcnstliche) sind deshalb besondere Anziehungspunkte in dieser kargen Landschaft.<\/p>\n\n\n\n<p>Um dieses einzigartige \u00d6kosystem zu verstehen, erforschen wir wie und wann die verschiedenen Tierarten diese wichtige Ressource nutzen. So sammeln wir Daten \u00fcber das Verhalten der Leoparden und L\u00f6wen sowie ihren Beutetieren an den Wasserl\u00f6chern. Dazu nutzen wir einerseits die Methode der Direktbeobachtungen vor Ort aber andererseits auch indirekte Methoden wie zum Beispiel Kamerafallen oder GPS Halsb\u00e4nder. Die kombinierten Resultate aus diesen Daten werden uns wertvolle Einblicke in die Nutzung der Wasserl\u00f6cher liefern.<\/p>\n\n\n\n<h5 class=\"wp-block-heading\">Wirksamer Naturschutz<\/h5>\n\n\n\n<p>Mittel f\u00fcr den Naturschutz wie Geld, Raum und Arbeitskraft sind begrenzt. Daher ist es umso wichtiger, diese sinnvoll einzusetzen und <strong>wirksamen Naturschutz <\/strong>zu betreiben. Dazu ist es unumg\u00e4nglich zu wissen, wie verschiedene Tierarten, die ihnen zur Verf\u00fcgung stehenden Ressourcen wie Futter oder Habitatstypen nutzen.<\/p>\n\n\n\n<p>Mittels den Daten, die wir von Tieren mit GPS-Sendern erhalten, k\u00f6nnen wir Orte identifizieren, wo unsere Leoparden oder L\u00f6wen m\u00f6glicherweise <strong>Beute <\/strong>gemacht haben. Wir fahren dann zu diesen Orten und k\u00f6nnen so feststellen, wo welches Beutetier gerissen wurde. Sp\u00e4ter k\u00f6nnen wir mit der Analyse der gesammelten Daten die Pr\u00e4ferenzen f\u00fcr Beute und Jagdorte ermitteln. Schliesslich k\u00f6nnen wir daraus Empfehlungen erarbeiten, welche Gebiete besonderen Schutz bed\u00fcrfen, um das \u00dcberleben der Tiere auch in Zukunft zu sichern.<\/p>\n","protected":false},"excerpt":{"rendered":"<p>Was ist ein Habitat? Das Habitat ist der Lebensraum einer Tier- oder Pflanzenart, der durch spezifische abiotische (z.\u202fB. Wetter, Bodenbeschaffenheit) und biotische (z.\u202fB. Vegetation, Futtervorkommen) definiert ist. Aufgrund dieser Charakteristika muss ein Tier, das in einem bestimmten Lebensraum lebt, bestimmte Voraussetzungen erf\u00fcllen. Diese sind etwa K\u00f6rperbau, physiologische Voraussetzungen oder Verhaltensanpassungen. Die Interaktionen von Tieren mit [&hellip;]<\/p>\n","protected":false},"author":2,"featured_media":957,"parent":259,"menu_order":3,"comment_status":"closed","ping_status":"closed","template":"","meta":{"footnotes":""},"class_list":["post-115","page","type-page","status-publish","has-post-thumbnail","czr-hentry"],"yoast_head":"<!-- This site is optimized with the Yoast SEO plugin v27.4 - https:\/\/yoast.com\/product\/yoast-seo-wordpress\/ -->\n<title>Kalahari \u00d6kosystem - Leopard Ecology &amp; Conservation<\/title>\n<meta name=\"robots\" content=\"index, follow, max-snippet:-1, max-image-preview:large, max-video-preview:-1\" \/>\n<link rel=\"canonical\" href=\"https:\/\/www.leopard.ch\/index.php\/forschung\/okosystem-projekte\/\" \/>\n<meta property=\"og:locale\" content=\"en_US\" \/>\n<meta property=\"og:type\" content=\"article\" \/>\n<meta property=\"og:title\" content=\"Kalahari \u00d6kosystem - Leopard Ecology &amp; Conservation\" \/>\n<meta property=\"og:description\" content=\"Was ist ein Habitat? Das Habitat ist der Lebensraum einer Tier- oder Pflanzenart, der durch spezifische abiotische (z.\u202fB. Wetter, Bodenbeschaffenheit) und biotische (z.\u202fB. Vegetation, Futtervorkommen) definiert ist. Aufgrund dieser Charakteristika muss ein Tier, das in einem bestimmten Lebensraum lebt, bestimmte Voraussetzungen erf\u00fcllen. Diese sind etwa K\u00f6rperbau, physiologische Voraussetzungen oder Verhaltensanpassungen. Die Interaktionen von Tieren mit [&hellip;]\" \/>\n<meta property=\"og:url\" content=\"https:\/\/www.leopard.ch\/index.php\/forschung\/okosystem-projekte\/\" \/>\n<meta property=\"og:site_name\" content=\"Leopard Ecology &amp; Conservation\" \/>\n<meta property=\"article:modified_time\" content=\"2025-08-08T13:12:22+00:00\" \/>\n<meta property=\"og:image\" content=\"https:\/\/www.leopard.ch\/wp-content\/uploads\/2020\/11\/Baum_SAB2.jpg\" \/>\n\t<meta property=\"og:image:width\" content=\"1800\" \/>\n\t<meta property=\"og:image:height\" content=\"844\" \/>\n\t<meta property=\"og:image:type\" content=\"image\/jpeg\" \/>\n<meta name=\"twitter:card\" content=\"summary_large_image\" \/>\n<meta name=\"twitter:label1\" content=\"Est. reading time\" \/>\n\t<meta name=\"twitter:data1\" content=\"2 minutes\" \/>\n<script type=\"application\/ld+json\" class=\"yoast-schema-graph\">{\"@context\":\"https:\\\/\\\/schema.org\",\"@graph\":[{\"@type\":\"WebPage\",\"@id\":\"https:\\\/\\\/www.leopard.ch\\\/index.php\\\/forschung\\\/okosystem-projekte\\\/\",\"url\":\"https:\\\/\\\/www.leopard.ch\\\/index.php\\\/forschung\\\/okosystem-projekte\\\/\",\"name\":\"Kalahari \u00d6kosystem - Leopard Ecology &amp; Conservation\",\"isPartOf\":{\"@id\":\"https:\\\/\\\/www.leopard.ch\\\/#website\"},\"primaryImageOfPage\":{\"@id\":\"https:\\\/\\\/www.leopard.ch\\\/index.php\\\/forschung\\\/okosystem-projekte\\\/#primaryimage\"},\"image\":{\"@id\":\"https:\\\/\\\/www.leopard.ch\\\/index.php\\\/forschung\\\/okosystem-projekte\\\/#primaryimage\"},\"thumbnailUrl\":\"https:\\\/\\\/www.leopard.ch\\\/wp-content\\\/uploads\\\/2020\\\/11\\\/Baum_SAB2.jpg\",\"datePublished\":\"2017-03-06T08:39:11+00:00\",\"dateModified\":\"2025-08-08T13:12:22+00:00\",\"breadcrumb\":{\"@id\":\"https:\\\/\\\/www.leopard.ch\\\/index.php\\\/forschung\\\/okosystem-projekte\\\/#breadcrumb\"},\"inLanguage\":\"en-US\",\"potentialAction\":[{\"@type\":\"ReadAction\",\"target\":[\"https:\\\/\\\/www.leopard.ch\\\/index.php\\\/forschung\\\/okosystem-projekte\\\/\"]}]},{\"@type\":\"ImageObject\",\"inLanguage\":\"en-US\",\"@id\":\"https:\\\/\\\/www.leopard.ch\\\/index.php\\\/forschung\\\/okosystem-projekte\\\/#primaryimage\",\"url\":\"https:\\\/\\\/www.leopard.ch\\\/wp-content\\\/uploads\\\/2020\\\/11\\\/Baum_SAB2.jpg\",\"contentUrl\":\"https:\\\/\\\/www.leopard.ch\\\/wp-content\\\/uploads\\\/2020\\\/11\\\/Baum_SAB2.jpg\",\"width\":1800,\"height\":844},{\"@type\":\"BreadcrumbList\",\"@id\":\"https:\\\/\\\/www.leopard.ch\\\/index.php\\\/forschung\\\/okosystem-projekte\\\/#breadcrumb\",\"itemListElement\":[{\"@type\":\"ListItem\",\"position\":1,\"name\":\"Home\",\"item\":\"https:\\\/\\\/www.leopard.ch\\\/\"},{\"@type\":\"ListItem\",\"position\":2,\"name\":\"Forschung\",\"item\":\"https:\\\/\\\/www.leopard.ch\\\/index.php\\\/forschung\\\/\"},{\"@type\":\"ListItem\",\"position\":3,\"name\":\"Kalahari \u00d6kosystem\"}]},{\"@type\":\"WebSite\",\"@id\":\"https:\\\/\\\/www.leopard.ch\\\/#website\",\"url\":\"https:\\\/\\\/www.leopard.ch\\\/\",\"name\":\"Leopard Ecology &amp; Conservation\",\"description\":\"Leopard and Lion Research\",\"publisher\":{\"@id\":\"https:\\\/\\\/www.leopard.ch\\\/#organization\"},\"potentialAction\":[{\"@type\":\"SearchAction\",\"target\":{\"@type\":\"EntryPoint\",\"urlTemplate\":\"https:\\\/\\\/www.leopard.ch\\\/?s={search_term_string}\"},\"query-input\":{\"@type\":\"PropertyValueSpecification\",\"valueRequired\":true,\"valueName\":\"search_term_string\"}}],\"inLanguage\":\"en-US\"},{\"@type\":\"Organization\",\"@id\":\"https:\\\/\\\/www.leopard.ch\\\/#organization\",\"name\":\"Leopard Ecology &amp; Conservation\",\"url\":\"https:\\\/\\\/www.leopard.ch\\\/\",\"logo\":{\"@type\":\"ImageObject\",\"inLanguage\":\"en-US\",\"@id\":\"https:\\\/\\\/www.leopard.ch\\\/#\\\/schema\\\/logo\\\/image\\\/\",\"url\":\"https:\\\/\\\/www.leopard.ch\\\/wp-content\\\/uploads\\\/2020\\\/10\\\/LECLogo_5cm_300dpi_.png\",\"contentUrl\":\"https:\\\/\\\/www.leopard.ch\\\/wp-content\\\/uploads\\\/2020\\\/10\\\/LECLogo_5cm_300dpi_.png\",\"width\":250,\"height\":250,\"caption\":\"Leopard Ecology &amp; Conservation\"},\"image\":{\"@id\":\"https:\\\/\\\/www.leopard.ch\\\/#\\\/schema\\\/logo\\\/image\\\/\"}}]}<\/script>\n<!-- \/ Yoast SEO plugin. -->","yoast_head_json":{"title":"Kalahari \u00d6kosystem - Leopard Ecology &amp; Conservation","robots":{"index":"index","follow":"follow","max-snippet":"max-snippet:-1","max-image-preview":"max-image-preview:large","max-video-preview":"max-video-preview:-1"},"canonical":"https:\/\/www.leopard.ch\/index.php\/forschung\/okosystem-projekte\/","og_locale":"en_US","og_type":"article","og_title":"Kalahari \u00d6kosystem - Leopard Ecology &amp; Conservation","og_description":"Was ist ein Habitat? Das Habitat ist der Lebensraum einer Tier- oder Pflanzenart, der durch spezifische abiotische (z.\u202fB. Wetter, Bodenbeschaffenheit) und biotische (z.\u202fB. Vegetation, Futtervorkommen) definiert ist. Aufgrund dieser Charakteristika muss ein Tier, das in einem bestimmten Lebensraum lebt, bestimmte Voraussetzungen erf\u00fcllen. Diese sind etwa K\u00f6rperbau, physiologische Voraussetzungen oder Verhaltensanpassungen. Die Interaktionen von Tieren mit [&hellip;]","og_url":"https:\/\/www.leopard.ch\/index.php\/forschung\/okosystem-projekte\/","og_site_name":"Leopard Ecology &amp; Conservation","article_modified_time":"2025-08-08T13:12:22+00:00","og_image":[{"width":1800,"height":844,"url":"https:\/\/www.leopard.ch\/wp-content\/uploads\/2020\/11\/Baum_SAB2.jpg","type":"image\/jpeg"}],"twitter_card":"summary_large_image","twitter_misc":{"Est. reading time":"2 minutes"},"schema":{"@context":"https:\/\/schema.org","@graph":[{"@type":"WebPage","@id":"https:\/\/www.leopard.ch\/index.php\/forschung\/okosystem-projekte\/","url":"https:\/\/www.leopard.ch\/index.php\/forschung\/okosystem-projekte\/","name":"Kalahari \u00d6kosystem - Leopard Ecology &amp; Conservation","isPartOf":{"@id":"https:\/\/www.leopard.ch\/#website"},"primaryImageOfPage":{"@id":"https:\/\/www.leopard.ch\/index.php\/forschung\/okosystem-projekte\/#primaryimage"},"image":{"@id":"https:\/\/www.leopard.ch\/index.php\/forschung\/okosystem-projekte\/#primaryimage"},"thumbnailUrl":"https:\/\/www.leopard.ch\/wp-content\/uploads\/2020\/11\/Baum_SAB2.jpg","datePublished":"2017-03-06T08:39:11+00:00","dateModified":"2025-08-08T13:12:22+00:00","breadcrumb":{"@id":"https:\/\/www.leopard.ch\/index.php\/forschung\/okosystem-projekte\/#breadcrumb"},"inLanguage":"en-US","potentialAction":[{"@type":"ReadAction","target":["https:\/\/www.leopard.ch\/index.php\/forschung\/okosystem-projekte\/"]}]},{"@type":"ImageObject","inLanguage":"en-US","@id":"https:\/\/www.leopard.ch\/index.php\/forschung\/okosystem-projekte\/#primaryimage","url":"https:\/\/www.leopard.ch\/wp-content\/uploads\/2020\/11\/Baum_SAB2.jpg","contentUrl":"https:\/\/www.leopard.ch\/wp-content\/uploads\/2020\/11\/Baum_SAB2.jpg","width":1800,"height":844},{"@type":"BreadcrumbList","@id":"https:\/\/www.leopard.ch\/index.php\/forschung\/okosystem-projekte\/#breadcrumb","itemListElement":[{"@type":"ListItem","position":1,"name":"Home","item":"https:\/\/www.leopard.ch\/"},{"@type":"ListItem","position":2,"name":"Forschung","item":"https:\/\/www.leopard.ch\/index.php\/forschung\/"},{"@type":"ListItem","position":3,"name":"Kalahari \u00d6kosystem"}]},{"@type":"WebSite","@id":"https:\/\/www.leopard.ch\/#website","url":"https:\/\/www.leopard.ch\/","name":"Leopard Ecology &amp; Conservation","description":"Leopard and Lion Research","publisher":{"@id":"https:\/\/www.leopard.ch\/#organization"},"potentialAction":[{"@type":"SearchAction","target":{"@type":"EntryPoint","urlTemplate":"https:\/\/www.leopard.ch\/?s={search_term_string}"},"query-input":{"@type":"PropertyValueSpecification","valueRequired":true,"valueName":"search_term_string"}}],"inLanguage":"en-US"},{"@type":"Organization","@id":"https:\/\/www.leopard.ch\/#organization","name":"Leopard Ecology &amp; Conservation","url":"https:\/\/www.leopard.ch\/","logo":{"@type":"ImageObject","inLanguage":"en-US","@id":"https:\/\/www.leopard.ch\/#\/schema\/logo\/image\/","url":"https:\/\/www.leopard.ch\/wp-content\/uploads\/2020\/10\/LECLogo_5cm_300dpi_.png","contentUrl":"https:\/\/www.leopard.ch\/wp-content\/uploads\/2020\/10\/LECLogo_5cm_300dpi_.png","width":250,"height":250,"caption":"Leopard Ecology &amp; Conservation"},"image":{"@id":"https:\/\/www.leopard.ch\/#\/schema\/logo\/image\/"}}]}},"_links":{"self":[{"href":"https:\/\/www.leopard.ch\/index.php\/wp-json\/wp\/v2\/pages\/115","targetHints":{"allow":["GET"]}}],"collection":[{"href":"https:\/\/www.leopard.ch\/index.php\/wp-json\/wp\/v2\/pages"}],"about":[{"href":"https:\/\/www.leopard.ch\/index.php\/wp-json\/wp\/v2\/types\/page"}],"author":[{"embeddable":true,"href":"https:\/\/www.leopard.ch\/index.php\/wp-json\/wp\/v2\/users\/2"}],"replies":[{"embeddable":true,"href":"https:\/\/www.leopard.ch\/index.php\/wp-json\/wp\/v2\/comments?post=115"}],"version-history":[{"count":4,"href":"https:\/\/www.leopard.ch\/index.php\/wp-json\/wp\/v2\/pages\/115\/revisions"}],"predecessor-version":[{"id":2322,"href":"https:\/\/www.leopard.ch\/index.php\/wp-json\/wp\/v2\/pages\/115\/revisions\/2322"}],"up":[{"embeddable":true,"href":"https:\/\/www.leopard.ch\/index.php\/wp-json\/wp\/v2\/pages\/259"}],"wp:featuredmedia":[{"embeddable":true,"href":"https:\/\/www.leopard.ch\/index.php\/wp-json\/wp\/v2\/media\/957"}],"wp:attachment":[{"href":"https:\/\/www.leopard.ch\/index.php\/wp-json\/wp\/v2\/media?parent=115"}],"curies":[{"name":"wp","href":"https:\/\/api.w.org\/{rel}","templated":true}]}}