{"id":114,"date":"2017-03-06T08:37:36","date_gmt":"2017-03-06T08:37:36","guid":{"rendered":"https:\/\/leopard.ch\/?page_id=112"},"modified":"2026-01-06T17:16:44","modified_gmt":"2026-01-06T15:16:44","slug":"ausbildungsprogramm","status":"publish","type":"page","link":"https:\/\/www.leopard.ch\/index.php\/bildung\/ausbildungsprogramm\/","title":{"rendered":"Ausbildungsprogramme &#8211; Act Now for Tomorrow"},"content":{"rendered":"\n<div class=\"wp-block-columns is-layout-flex wp-container-core-columns-is-layout-9d6595d7 wp-block-columns-is-layout-flex\">\n<div class=\"wp-block-column is-layout-flow wp-block-column-is-layout-flow\" style=\"flex-basis:100%\">\n<h5 class=\"wp-block-heading\">Mit Bildung zum Naturschutz<\/h5>\n\n\n\n<p>Mit unseren Bildungsprojekten unter dem Motto &#8220;Act Now for Tomorrow &#8211; Handle heute f\u00fcr morgen&#8221; will LEC ein Werkzeug entwickeln, das nachhaltige und breit abgest\u00fctzte Landnutzung erlaubt. Zentral dabei ist die Ausbildung und Aufkl\u00e4rung der Bev\u00f6lkerung, so dass die Menschen schliesslich sachkundig und effektiv mit den vorhandenen Ressourcen umgehen.<\/p>\n\n\n\n<p>Ausbildung ist ein wichtiger Teil unserer Arbeit. Unser langfristiges Engagement im Bildungsbereich hat eine starke Grundlage geschaffen, um das Zusammenleben von Menschen und Wildtieren zu f\u00f6rdern. Dabei legen wir den Fokus auf wichtige Themen wie Nutztiermanagement, Konflikt\u00fcberwachung, Wahrnehmung von Raubtieren, Tierwohl und Krankheitspr\u00e4vention. Durch Schulungen und praktische Hilfsmittel unterst\u00fctzen wir Landwirte und Nutztierhalter dabei, ihr Land und ihre Tiere wirkungsvoll zu bewirtschaften, nachhaltige Methoden anzuwenden und Konflikte mit Wildtieren zu reduzieren. In den letzten Jahren haben wir unsere Arbeit mit verschiedenen Initiativen erweitert \u2013 von vertieften Umfragen zur Wahrnehmung von Raubtieren und Workshops f\u00fcr Landwirte bis hin zu regelm\u00e4ssigem Unterricht an Cattle Posts sowie tier\u00e4rztlichen Partnerschaften f\u00fcr Hunde- und Katzenimpfungen und Kastrationen.<\/p>\n\n\n\n<p>Das Ausbildungsprogramm, das 2008 gestartet wurde, besch\u00e4ftigt heute f\u00fcnf Mitarbeitende, die mit Landwirten, Nutztierhaltern sowie der lokalen Bev\u00f6lkerung von Kaudwane an verschiedenen Projekten arbeiten. Neben den sachbezogenen Erfolgen ist LEC stolz auf das Vertrauensverh\u00e4ltnis, das mit unseren lokalen Partnern aufgebaut wurde.<\/p>\n<\/div>\n<\/div>\n\n\n\n<div class=\"wp-block-media-text is-stacked-on-mobile\" style=\"grid-template-columns:63% auto\"><figure class=\"wp-block-media-text__media\"><img loading=\"lazy\" decoding=\"async\" width=\"1024\" height=\"724\" src=\"https:\/\/www.leopard.ch\/wp-content\/uploads\/2025\/11\/LEC_study_area_2024-1-1024x724.jpg\" alt=\"\" class=\"wp-image-2605 size-full\" srcset=\"https:\/\/www.leopard.ch\/wp-content\/uploads\/2025\/11\/LEC_study_area_2024-1-1024x724.jpg 1024w, https:\/\/www.leopard.ch\/wp-content\/uploads\/2025\/11\/LEC_study_area_2024-1-300x212.jpg 300w, https:\/\/www.leopard.ch\/wp-content\/uploads\/2025\/11\/LEC_study_area_2024-1-768x543.jpg 768w, https:\/\/www.leopard.ch\/wp-content\/uploads\/2025\/11\/LEC_study_area_2024-1-1536x1086.jpg 1536w, https:\/\/www.leopard.ch\/wp-content\/uploads\/2025\/11\/LEC_study_area_2024-1-2048x1448.jpg 2048w\" sizes=\"auto, (max-width: 1024px) 100vw, 1024px\" \/><\/figure><div class=\"wp-block-media-text__content\">\n<p>Unser Arbeitsgebiet liegt im Kweneng District, direkt angrenzend an das Khutse Game Reserve. Dort konzentriert sich LEC auf sieben Cattle Posts \u2013 Ditampane\/Mosime, Kungwane, Mahuhumo, Makakamara, Mangadiele, Moilwane und Mokujwane \u2013 sowie auf das Dorf Kaudwane.<\/p>\n<\/div><\/div>\n\n\n\n<h5 class=\"wp-block-heading\">Unser Ausbildungsprogramm beinhaltet folgende Themen<\/h5>\n\n\n\n<ul class=\"wp-block-list\">\n<li>Unterricht an den Cattle Posts zu Themen wie Krankheitspr\u00e4vention und -kontrolle, F\u00fctterung in Trockenzeiten, Nutzung und Sauberkeit der Kraals, Weidenutzung und einfache Massnahmen zur Reduktion von Raubtierrisiken.<\/li>\n\n\n\n<li>Workshops an den Cattle Posts gemeinsam mit lokalen Akteuren, um Wissen und Forschungsergebnisse zu teilen und Herausforderungen gemeinsam zu l\u00f6sen.<\/li>\n\n\n\n<li><a href=\"https:\/\/www.leopard.ch\/index.php\/bildung\/ausbildungsprogramm\/hufpflege\/\">Hufpflege<\/a>, da \u00fcberwachsene Hufe Schmerzen und eingeschr\u00e4nkte Beweglichkeit verursachen, was Tiere zu leichteren Zielen f\u00fcr Raubtiere macht.<\/li>\n\n\n\n<li><a href=\"https:\/\/www.leopard.ch\/index.php\/bildung\/ausbildungsprogramm\/pferdegesundheit\/\">Gesundheitskontrollen von Pferden<\/a>, denn gesunde Pferde erm\u00f6glichen bessere Bewachung und rechtzeitiges Einkraalen der Nutztiere und senken so Verluste durch Raubtiere.<\/li>\n\n\n\n<li><a href=\"https:\/\/www.leopard.ch\/index.php\/bildung\/ausbildungsprogramm\/impf-und-kastrationskampagne\/\">Sterilisation und Impfung von Katzen und Hunden<\/a>: Impfungen senken das Risiko von Tollwut und anderer Krankheits\u00fcbertragungen zwischen Haustieren, Menschen und Wildtieren. Sterilisation hilft, die Anzahl der Hunde zu regulieren und die Ausbreitung von Krankheiten zu begrenzen.<\/li>\n\n\n\n<li><a href=\"https:\/\/www.leopard.ch\/index.php\/bildung\/ausbildungsprogramm\/farmers-workshop\/\">Workshops f\u00fcr Landwirte und Nutztierhalter<\/a>, um Kapazit\u00e4ten aufzubauen und die Zusammenarbeit mit den Akteuren zu st\u00e4rken.<\/li>\n\n\n\n<li>Monitoring zur Mensch-Wildtier-Koexistenz, um zu erfassen, wann und wo Viehverluste auftreten.<\/li>\n\n\n\n<li>Pilotprojekte zur Mensch-Wildtier-Koexistenz, um Werkzeuge, Methoden und Ans\u00e4tze zu testen, die speziell auf unsere Region angepasst sind und Nutztierverluste reduzieren sowie das Zusammenleben verbessern k\u00f6nnen.<\/li>\n<\/ul>\n","protected":false},"excerpt":{"rendered":"<p>Mit Bildung zum Naturschutz Mit unseren Bildungsprojekten unter dem Motto &#8220;Act Now for Tomorrow &#8211; Handle heute f\u00fcr morgen&#8221; will LEC ein Werkzeug entwickeln, das nachhaltige und breit abgest\u00fctzte Landnutzung erlaubt. Zentral dabei ist die Ausbildung und Aufkl\u00e4rung der Bev\u00f6lkerung, so dass die Menschen schliesslich sachkundig und effektiv mit den vorhandenen Ressourcen umgehen. Ausbildung ist [&hellip;]<\/p>\n","protected":false},"author":2,"featured_media":960,"parent":261,"menu_order":0,"comment_status":"closed","ping_status":"closed","template":"","meta":{"footnotes":""},"class_list":["post-114","page","type-page","status-publish","has-post-thumbnail","czr-hentry"],"yoast_head":"<!-- This site is optimized with the Yoast SEO plugin v27.4 - https:\/\/yoast.com\/product\/yoast-seo-wordpress\/ -->\n<title>Ausbildungsprogramme - Act Now for Tomorrow - Leopard Ecology &amp; Conservation<\/title>\n<meta name=\"robots\" content=\"index, follow, max-snippet:-1, max-image-preview:large, max-video-preview:-1\" \/>\n<link rel=\"canonical\" href=\"https:\/\/www.leopard.ch\/index.php\/bildung\/ausbildungsprogramm\/\" \/>\n<meta property=\"og:locale\" content=\"en_US\" \/>\n<meta property=\"og:type\" content=\"article\" \/>\n<meta property=\"og:title\" content=\"Ausbildungsprogramme - Act Now for Tomorrow - Leopard Ecology &amp; Conservation\" \/>\n<meta property=\"og:description\" content=\"Mit Bildung zum Naturschutz Mit unseren Bildungsprojekten unter dem Motto &#8220;Act Now for Tomorrow &#8211; Handle heute f\u00fcr morgen&#8221; will LEC ein Werkzeug entwickeln, das nachhaltige und breit abgest\u00fctzte Landnutzung erlaubt. Zentral dabei ist die Ausbildung und Aufkl\u00e4rung der Bev\u00f6lkerung, so dass die Menschen schliesslich sachkundig und effektiv mit den vorhandenen Ressourcen umgehen. Ausbildung ist [&hellip;]\" \/>\n<meta property=\"og:url\" content=\"https:\/\/www.leopard.ch\/index.php\/bildung\/ausbildungsprogramm\/\" \/>\n<meta property=\"og:site_name\" content=\"Leopard Ecology &amp; Conservation\" \/>\n<meta property=\"article:modified_time\" content=\"2026-01-06T15:16:44+00:00\" \/>\n<meta property=\"og:image\" content=\"https:\/\/www.leopard.ch\/wp-content\/uploads\/2020\/11\/local-farmers_2.jpg\" \/>\n\t<meta property=\"og:image:width\" content=\"985\" \/>\n\t<meta property=\"og:image:height\" content=\"657\" \/>\n\t<meta property=\"og:image:type\" content=\"image\/jpeg\" \/>\n<meta name=\"twitter:card\" content=\"summary_large_image\" \/>\n<meta name=\"twitter:label1\" content=\"Est. reading time\" \/>\n\t<meta name=\"twitter:data1\" content=\"3 minutes\" \/>\n<script type=\"application\/ld+json\" class=\"yoast-schema-graph\">{\"@context\":\"https:\\\/\\\/schema.org\",\"@graph\":[{\"@type\":\"WebPage\",\"@id\":\"https:\\\/\\\/www.leopard.ch\\\/index.php\\\/bildung\\\/ausbildungsprogramm\\\/\",\"url\":\"https:\\\/\\\/www.leopard.ch\\\/index.php\\\/bildung\\\/ausbildungsprogramm\\\/\",\"name\":\"Ausbildungsprogramme - Act Now for Tomorrow - Leopard Ecology &amp; Conservation\",\"isPartOf\":{\"@id\":\"https:\\\/\\\/www.leopard.ch\\\/#website\"},\"primaryImageOfPage\":{\"@id\":\"https:\\\/\\\/www.leopard.ch\\\/index.php\\\/bildung\\\/ausbildungsprogramm\\\/#primaryimage\"},\"image\":{\"@id\":\"https:\\\/\\\/www.leopard.ch\\\/index.php\\\/bildung\\\/ausbildungsprogramm\\\/#primaryimage\"},\"thumbnailUrl\":\"https:\\\/\\\/www.leopard.ch\\\/wp-content\\\/uploads\\\/2020\\\/11\\\/local-farmers_2.jpg\",\"datePublished\":\"2017-03-06T08:37:36+00:00\",\"dateModified\":\"2026-01-06T15:16:44+00:00\",\"breadcrumb\":{\"@id\":\"https:\\\/\\\/www.leopard.ch\\\/index.php\\\/bildung\\\/ausbildungsprogramm\\\/#breadcrumb\"},\"inLanguage\":\"en-US\",\"potentialAction\":[{\"@type\":\"ReadAction\",\"target\":[\"https:\\\/\\\/www.leopard.ch\\\/index.php\\\/bildung\\\/ausbildungsprogramm\\\/\"]}]},{\"@type\":\"ImageObject\",\"inLanguage\":\"en-US\",\"@id\":\"https:\\\/\\\/www.leopard.ch\\\/index.php\\\/bildung\\\/ausbildungsprogramm\\\/#primaryimage\",\"url\":\"https:\\\/\\\/www.leopard.ch\\\/wp-content\\\/uploads\\\/2020\\\/11\\\/local-farmers_2.jpg\",\"contentUrl\":\"https:\\\/\\\/www.leopard.ch\\\/wp-content\\\/uploads\\\/2020\\\/11\\\/local-farmers_2.jpg\",\"width\":985,\"height\":657},{\"@type\":\"BreadcrumbList\",\"@id\":\"https:\\\/\\\/www.leopard.ch\\\/index.php\\\/bildung\\\/ausbildungsprogramm\\\/#breadcrumb\",\"itemListElement\":[{\"@type\":\"ListItem\",\"position\":1,\"name\":\"Home\",\"item\":\"https:\\\/\\\/www.leopard.ch\\\/\"},{\"@type\":\"ListItem\",\"position\":2,\"name\":\"Bildung &amp; Gesellschaftliches Engagement\",\"item\":\"https:\\\/\\\/www.leopard.ch\\\/index.php\\\/bildung\\\/\"},{\"@type\":\"ListItem\",\"position\":3,\"name\":\"Ausbildungsprogramme &#8211; Act Now for Tomorrow\"}]},{\"@type\":\"WebSite\",\"@id\":\"https:\\\/\\\/www.leopard.ch\\\/#website\",\"url\":\"https:\\\/\\\/www.leopard.ch\\\/\",\"name\":\"Leopard Ecology &amp; Conservation\",\"description\":\"Leopard and Lion Research\",\"publisher\":{\"@id\":\"https:\\\/\\\/www.leopard.ch\\\/#organization\"},\"potentialAction\":[{\"@type\":\"SearchAction\",\"target\":{\"@type\":\"EntryPoint\",\"urlTemplate\":\"https:\\\/\\\/www.leopard.ch\\\/?s={search_term_string}\"},\"query-input\":{\"@type\":\"PropertyValueSpecification\",\"valueRequired\":true,\"valueName\":\"search_term_string\"}}],\"inLanguage\":\"en-US\"},{\"@type\":\"Organization\",\"@id\":\"https:\\\/\\\/www.leopard.ch\\\/#organization\",\"name\":\"Leopard Ecology &amp; Conservation\",\"url\":\"https:\\\/\\\/www.leopard.ch\\\/\",\"logo\":{\"@type\":\"ImageObject\",\"inLanguage\":\"en-US\",\"@id\":\"https:\\\/\\\/www.leopard.ch\\\/#\\\/schema\\\/logo\\\/image\\\/\",\"url\":\"https:\\\/\\\/www.leopard.ch\\\/wp-content\\\/uploads\\\/2020\\\/10\\\/LECLogo_5cm_300dpi_.png\",\"contentUrl\":\"https:\\\/\\\/www.leopard.ch\\\/wp-content\\\/uploads\\\/2020\\\/10\\\/LECLogo_5cm_300dpi_.png\",\"width\":250,\"height\":250,\"caption\":\"Leopard Ecology &amp; Conservation\"},\"image\":{\"@id\":\"https:\\\/\\\/www.leopard.ch\\\/#\\\/schema\\\/logo\\\/image\\\/\"}}]}<\/script>\n<!-- \/ Yoast SEO plugin. -->","yoast_head_json":{"title":"Ausbildungsprogramme - Act Now for Tomorrow - Leopard Ecology &amp; Conservation","robots":{"index":"index","follow":"follow","max-snippet":"max-snippet:-1","max-image-preview":"max-image-preview:large","max-video-preview":"max-video-preview:-1"},"canonical":"https:\/\/www.leopard.ch\/index.php\/bildung\/ausbildungsprogramm\/","og_locale":"en_US","og_type":"article","og_title":"Ausbildungsprogramme - Act Now for Tomorrow - Leopard Ecology &amp; Conservation","og_description":"Mit Bildung zum Naturschutz Mit unseren Bildungsprojekten unter dem Motto &#8220;Act Now for Tomorrow &#8211; Handle heute f\u00fcr morgen&#8221; will LEC ein Werkzeug entwickeln, das nachhaltige und breit abgest\u00fctzte Landnutzung erlaubt. Zentral dabei ist die Ausbildung und Aufkl\u00e4rung der Bev\u00f6lkerung, so dass die Menschen schliesslich sachkundig und effektiv mit den vorhandenen Ressourcen umgehen. Ausbildung ist [&hellip;]","og_url":"https:\/\/www.leopard.ch\/index.php\/bildung\/ausbildungsprogramm\/","og_site_name":"Leopard Ecology &amp; Conservation","article_modified_time":"2026-01-06T15:16:44+00:00","og_image":[{"width":985,"height":657,"url":"https:\/\/www.leopard.ch\/wp-content\/uploads\/2020\/11\/local-farmers_2.jpg","type":"image\/jpeg"}],"twitter_card":"summary_large_image","twitter_misc":{"Est. reading time":"3 minutes"},"schema":{"@context":"https:\/\/schema.org","@graph":[{"@type":"WebPage","@id":"https:\/\/www.leopard.ch\/index.php\/bildung\/ausbildungsprogramm\/","url":"https:\/\/www.leopard.ch\/index.php\/bildung\/ausbildungsprogramm\/","name":"Ausbildungsprogramme - Act Now for Tomorrow - Leopard Ecology &amp; Conservation","isPartOf":{"@id":"https:\/\/www.leopard.ch\/#website"},"primaryImageOfPage":{"@id":"https:\/\/www.leopard.ch\/index.php\/bildung\/ausbildungsprogramm\/#primaryimage"},"image":{"@id":"https:\/\/www.leopard.ch\/index.php\/bildung\/ausbildungsprogramm\/#primaryimage"},"thumbnailUrl":"https:\/\/www.leopard.ch\/wp-content\/uploads\/2020\/11\/local-farmers_2.jpg","datePublished":"2017-03-06T08:37:36+00:00","dateModified":"2026-01-06T15:16:44+00:00","breadcrumb":{"@id":"https:\/\/www.leopard.ch\/index.php\/bildung\/ausbildungsprogramm\/#breadcrumb"},"inLanguage":"en-US","potentialAction":[{"@type":"ReadAction","target":["https:\/\/www.leopard.ch\/index.php\/bildung\/ausbildungsprogramm\/"]}]},{"@type":"ImageObject","inLanguage":"en-US","@id":"https:\/\/www.leopard.ch\/index.php\/bildung\/ausbildungsprogramm\/#primaryimage","url":"https:\/\/www.leopard.ch\/wp-content\/uploads\/2020\/11\/local-farmers_2.jpg","contentUrl":"https:\/\/www.leopard.ch\/wp-content\/uploads\/2020\/11\/local-farmers_2.jpg","width":985,"height":657},{"@type":"BreadcrumbList","@id":"https:\/\/www.leopard.ch\/index.php\/bildung\/ausbildungsprogramm\/#breadcrumb","itemListElement":[{"@type":"ListItem","position":1,"name":"Home","item":"https:\/\/www.leopard.ch\/"},{"@type":"ListItem","position":2,"name":"Bildung &amp; Gesellschaftliches Engagement","item":"https:\/\/www.leopard.ch\/index.php\/bildung\/"},{"@type":"ListItem","position":3,"name":"Ausbildungsprogramme &#8211; Act Now for Tomorrow"}]},{"@type":"WebSite","@id":"https:\/\/www.leopard.ch\/#website","url":"https:\/\/www.leopard.ch\/","name":"Leopard Ecology &amp; Conservation","description":"Leopard and Lion Research","publisher":{"@id":"https:\/\/www.leopard.ch\/#organization"},"potentialAction":[{"@type":"SearchAction","target":{"@type":"EntryPoint","urlTemplate":"https:\/\/www.leopard.ch\/?s={search_term_string}"},"query-input":{"@type":"PropertyValueSpecification","valueRequired":true,"valueName":"search_term_string"}}],"inLanguage":"en-US"},{"@type":"Organization","@id":"https:\/\/www.leopard.ch\/#organization","name":"Leopard Ecology &amp; Conservation","url":"https:\/\/www.leopard.ch\/","logo":{"@type":"ImageObject","inLanguage":"en-US","@id":"https:\/\/www.leopard.ch\/#\/schema\/logo\/image\/","url":"https:\/\/www.leopard.ch\/wp-content\/uploads\/2020\/10\/LECLogo_5cm_300dpi_.png","contentUrl":"https:\/\/www.leopard.ch\/wp-content\/uploads\/2020\/10\/LECLogo_5cm_300dpi_.png","width":250,"height":250,"caption":"Leopard Ecology &amp; Conservation"},"image":{"@id":"https:\/\/www.leopard.ch\/#\/schema\/logo\/image\/"}}]}},"_links":{"self":[{"href":"https:\/\/www.leopard.ch\/index.php\/wp-json\/wp\/v2\/pages\/114","targetHints":{"allow":["GET"]}}],"collection":[{"href":"https:\/\/www.leopard.ch\/index.php\/wp-json\/wp\/v2\/pages"}],"about":[{"href":"https:\/\/www.leopard.ch\/index.php\/wp-json\/wp\/v2\/types\/page"}],"author":[{"embeddable":true,"href":"https:\/\/www.leopard.ch\/index.php\/wp-json\/wp\/v2\/users\/2"}],"replies":[{"embeddable":true,"href":"https:\/\/www.leopard.ch\/index.php\/wp-json\/wp\/v2\/comments?post=114"}],"version-history":[{"count":17,"href":"https:\/\/www.leopard.ch\/index.php\/wp-json\/wp\/v2\/pages\/114\/revisions"}],"predecessor-version":[{"id":2624,"href":"https:\/\/www.leopard.ch\/index.php\/wp-json\/wp\/v2\/pages\/114\/revisions\/2624"}],"up":[{"embeddable":true,"href":"https:\/\/www.leopard.ch\/index.php\/wp-json\/wp\/v2\/pages\/261"}],"wp:featuredmedia":[{"embeddable":true,"href":"https:\/\/www.leopard.ch\/index.php\/wp-json\/wp\/v2\/media\/960"}],"wp:attachment":[{"href":"https:\/\/www.leopard.ch\/index.php\/wp-json\/wp\/v2\/media?parent=114"}],"curies":[{"name":"wp","href":"https:\/\/api.w.org\/{rel}","templated":true}]}}