{"id":113,"date":"2017-03-06T08:35:56","date_gmt":"2017-03-06T08:35:56","guid":{"rendered":"https:\/\/leopard.ch\/?page_id=109"},"modified":"2025-08-08T15:13:43","modified_gmt":"2025-08-08T13:13:43","slug":"lowen-forschung","status":"publish","type":"page","link":"https:\/\/www.leopard.ch\/index.php\/forschung\/tierarten-im-fokus\/lowen-forschung\/","title":{"rendered":"L\u00f6wen"},"content":{"rendered":"\n<div class=\"wp-block-columns is-layout-flex wp-container-core-columns-is-layout-9d6595d7 wp-block-columns-is-layout-flex\">\n<div class=\"wp-block-column is-layout-flow wp-block-column-is-layout-flow\" style=\"flex-basis:33.33%\">\n<h5 class=\"wp-block-heading\">Steckbrief: L\u00f6we<\/h5>\n\n\n\n<figure class=\"wp-block-image size-large\"><img loading=\"lazy\" decoding=\"async\" width=\"877\" height=\"585\" src=\"https:\/\/www.leopard.ch\/wp-content\/uploads\/2020\/11\/Lowenbaby_pse.jpg\" alt=\"\" class=\"wp-image-827\" srcset=\"https:\/\/www.leopard.ch\/wp-content\/uploads\/2020\/11\/Lowenbaby_pse.jpg 877w, https:\/\/www.leopard.ch\/wp-content\/uploads\/2020\/11\/Lowenbaby_pse-300x200.jpg 300w, https:\/\/www.leopard.ch\/wp-content\/uploads\/2020\/11\/Lowenbaby_pse-768x512.jpg 768w\" sizes=\"auto, (max-width: 877px) 100vw, 877px\" \/><figcaption>L\u00f6wen Junges.<\/figcaption><\/figure>\n<\/div>\n\n\n\n<div class=\"wp-block-column is-layout-flow wp-block-column-is-layout-flow\" style=\"flex-basis:66.66%\">\n<h5 class=\"wp-block-heading\"><\/h5>\n\n\n\n<ul class=\"wp-block-list\"><li>Wissenschaftlicher Name: <em>Panthera leo<\/em><\/li><li>Gef\u00e4hrdung: gef\u00e4hrdet (\u201cvulnerable\u201d nach IUCN; Rote Liste der bedrohten Arten)<\/li><li>Verbreitung: In den letzten zwanzig Jahren, was etwa drei L\u00f6wengenerationen entspricht, nahmen die Populationen weltweit um 50\u221285% ab. Das fr\u00fchere Verbreitungsgebiet erstreckte sich von Vorderasien und Indien \u00fcber ganz Afrika. Heute kommen L\u00f6wen nur noch in Teilen Ost- und S\u00fcdafrikas und in kleinen Teilen Indiens vor.<\/li><li>Lebensweise: gr\u00f6ssere Rudel, auch tagaktiv, laute Vokalisation<\/li><li>Territorium: von 20 km2 (in Kenia) bis \u00fcber 4500 km2 (Botswana)<\/li><\/ul>\n<\/div>\n<\/div>\n\n\n\n<hr class=\"wp-block-separator\"\/>\n\n\n\n<h2 class=\"wp-block-heading\">L\u00f6wen in der Kalahari<\/h2>\n\n\n\n<p>Neben den Leoparden geh\u00f6ren auch die L\u00f6wen (<em>Panthera leo<\/em>) zu unseren Studientieren. Als die gr\u00f6ssten Raubtiere der Kalahari besitzen sie eine Schl\u00fcsselfunktion und sind damit ideale Indikatoren f\u00fcr die Gesundheit des \u00d6kosystems. Daher ist die \u00dcberwachung der L\u00f6wenpopulationen von entscheidender Bedeutung.<\/p>\n\n\n\n<h5 class=\"wp-block-heading\">GPS Tacking &amp; L\u00f6wen Population<\/h5>\n\n\n\n<p>Mithilfe von <strong>GPS-Sendehalsb\u00e4ndern<\/strong> finden wir in unsere Studientiere in unserem Studiengebiet. Wir beobachten die besenderten L\u00f6wen meist zusammen mit ihrem Rudel und sammeln so Daten dar\u00fcber, wer mit wem zusammen lebt, welche L\u00f6win wann, wie viele Junge bekommt und ob diese \u00fcberleben. Auch k\u00f6nnen wir anhand der Beobachtungen und der gesammelten Proben Aussagen zum Gesundheitsstatus der L\u00f6wenpopulation machen. Zurzeit tragen mehrere L\u00f6winnen und L\u00f6wen ein Halsband. Wir versuchen jeweils Individuen aus verschiedenen Rudeln zu besendern, da uns diese Tiere dann jeweils zu ihren Gruppen f\u00fchren und wir somit Daten von mehreren Tieren sammeln k\u00f6nnen. Dank diesen Daten k\u00f6nnen wir auch eine viel genauere Sch\u00e4tzung der Gr\u00f6sse der Population machen als durch blosse Sichtungen m\u00f6glich w\u00e4re.<\/p>\n\n\n\n<p>Die Daten, die einerseits direkt im Halsband gespeichert werden und andererseits via Satellit an uns geschickt werden, zeigen uns, wie die L\u00f6wen den Raum nutzen, der ihnen zur Verf\u00fcgung steht. So zeigte sich, dass die L\u00f6wen in unserem Studiengebiet \u00fcber die gr\u00f6ssten Streifgebiete verf\u00fcgen, die \u00fcberhaupt f\u00fcr L\u00f6wen bekannt sind. Weiter konnten wir feststellen, dass erwachsene L\u00f6wen in der Kalahari meist alleine oder zu zwei unterwegs sind. Ab und an treffen wir Dreiergruppen noch gr\u00f6ssere <strong>Gruppen <\/strong>sind aber kaum anzutreffen.<\/p>\n\n\n\n<h5 class=\"wp-block-heading\">Zahl der L\u00f6wen nimmt ab<\/h5>\n\n\n\n<p>Neben unseren allgemeinen \u00f6kologischen Fragestellungen, gibt es einen weiteren wichtigen Grund, warum wir die L\u00f6wenpopulation in Khutse und im s\u00fcdlichen Central Kalahari Game Reserve untersuchen. In den letzten Jahrzehnten hat die <strong>Zahl der L\u00f6wen stetig abgenommen<\/strong>. In den Jahren unserer Forschungst\u00e4tigkeit in Khutse mussten wir schon zweimal eine dramatische Abnahme der Zahl der Tiere feststellen. Wir sch\u00e4tzen, dass die jetzige L\u00f6wenpopulation nur noch die H\u00e4lfte der Population von 2005 umfasst. In Zahlen bedeutet das, dass die Anzahl der L\u00f6wen von 60 Tieren auf rund 30 gesunken ist. Diese <strong>Abnahme<\/strong> h\u00e4ngt einerseits mit dem episodischen Auftreten einer Krankheit zusammen, andererseits spielt auch die Konfliktsituation zwischen Mensch und L\u00f6we eine gewichtige Rolle. Wir beobachten daher beide Situationen intensiv und hoffen, mit unseren Forschungsergebnissen die Situation der L\u00f6wen in der Kalahari positiv zu beeinflussen.<\/p>\n","protected":false},"excerpt":{"rendered":"<p>Steckbrief: L\u00f6we Wissenschaftlicher Name: Panthera leo Gef\u00e4hrdung: gef\u00e4hrdet (\u201cvulnerable\u201d nach IUCN; Rote Liste der bedrohten Arten) Verbreitung: In den letzten zwanzig Jahren, was etwa drei L\u00f6wengenerationen entspricht, nahmen die Populationen weltweit um 50\u221285% ab. Das fr\u00fchere Verbreitungsgebiet erstreckte sich von Vorderasien und Indien \u00fcber ganz Afrika. Heute kommen L\u00f6wen nur noch in Teilen Ost- und [&hellip;]<\/p>\n","protected":false},"author":2,"featured_media":825,"parent":2305,"menu_order":2,"comment_status":"closed","ping_status":"closed","template":"","meta":{"footnotes":""},"class_list":["post-113","page","type-page","status-publish","has-post-thumbnail","czr-hentry"],"yoast_head":"<!-- This site is optimized with the Yoast SEO plugin v27.3 - https:\/\/yoast.com\/product\/yoast-seo-wordpress\/ -->\n<title>L\u00f6wen - Leopard Ecology &amp; Conservation<\/title>\n<meta name=\"robots\" content=\"index, follow, max-snippet:-1, max-image-preview:large, max-video-preview:-1\" \/>\n<link rel=\"canonical\" href=\"https:\/\/www.leopard.ch\/index.php\/forschung\/tierarten-im-fokus\/lowen-forschung\/\" \/>\n<meta property=\"og:locale\" content=\"en_US\" \/>\n<meta property=\"og:type\" content=\"article\" \/>\n<meta property=\"og:title\" content=\"L\u00f6wen - Leopard Ecology &amp; Conservation\" \/>\n<meta property=\"og:description\" content=\"Steckbrief: L\u00f6we Wissenschaftlicher Name: Panthera leo Gef\u00e4hrdung: gef\u00e4hrdet (\u201cvulnerable\u201d nach IUCN; Rote Liste der bedrohten Arten) Verbreitung: In den letzten zwanzig Jahren, was etwa drei L\u00f6wengenerationen entspricht, nahmen die Populationen weltweit um 50\u221285% ab. Das fr\u00fchere Verbreitungsgebiet erstreckte sich von Vorderasien und Indien \u00fcber ganz Afrika. Heute kommen L\u00f6wen nur noch in Teilen Ost- und [&hellip;]\" \/>\n<meta property=\"og:url\" content=\"https:\/\/www.leopard.ch\/index.php\/forschung\/tierarten-im-fokus\/lowen-forschung\/\" \/>\n<meta property=\"og:site_name\" content=\"Leopard Ecology &amp; Conservation\" \/>\n<meta property=\"article:modified_time\" content=\"2025-08-08T13:13:43+00:00\" \/>\n<meta property=\"og:image\" content=\"https:\/\/www.leopard.ch\/wp-content\/uploads\/2020\/11\/Lowenjunge_be.jpg\" \/>\n\t<meta property=\"og:image:width\" content=\"922\" \/>\n\t<meta property=\"og:image:height\" content=\"614\" \/>\n\t<meta property=\"og:image:type\" content=\"image\/jpeg\" \/>\n<meta name=\"twitter:card\" content=\"summary_large_image\" \/>\n<meta name=\"twitter:label1\" content=\"Est. reading time\" \/>\n\t<meta name=\"twitter:data1\" content=\"3 minutes\" \/>\n<script type=\"application\/ld+json\" class=\"yoast-schema-graph\">{\"@context\":\"https:\\\/\\\/schema.org\",\"@graph\":[{\"@type\":\"WebPage\",\"@id\":\"https:\\\/\\\/www.leopard.ch\\\/index.php\\\/forschung\\\/tierarten-im-fokus\\\/lowen-forschung\\\/\",\"url\":\"https:\\\/\\\/www.leopard.ch\\\/index.php\\\/forschung\\\/tierarten-im-fokus\\\/lowen-forschung\\\/\",\"name\":\"L\u00f6wen - Leopard Ecology &amp; Conservation\",\"isPartOf\":{\"@id\":\"https:\\\/\\\/www.leopard.ch\\\/#website\"},\"primaryImageOfPage\":{\"@id\":\"https:\\\/\\\/www.leopard.ch\\\/index.php\\\/forschung\\\/tierarten-im-fokus\\\/lowen-forschung\\\/#primaryimage\"},\"image\":{\"@id\":\"https:\\\/\\\/www.leopard.ch\\\/index.php\\\/forschung\\\/tierarten-im-fokus\\\/lowen-forschung\\\/#primaryimage\"},\"thumbnailUrl\":\"https:\\\/\\\/www.leopard.ch\\\/wp-content\\\/uploads\\\/2020\\\/11\\\/Lowenjunge_be.jpg\",\"datePublished\":\"2017-03-06T08:35:56+00:00\",\"dateModified\":\"2025-08-08T13:13:43+00:00\",\"breadcrumb\":{\"@id\":\"https:\\\/\\\/www.leopard.ch\\\/index.php\\\/forschung\\\/tierarten-im-fokus\\\/lowen-forschung\\\/#breadcrumb\"},\"inLanguage\":\"en-US\",\"potentialAction\":[{\"@type\":\"ReadAction\",\"target\":[\"https:\\\/\\\/www.leopard.ch\\\/index.php\\\/forschung\\\/tierarten-im-fokus\\\/lowen-forschung\\\/\"]}]},{\"@type\":\"ImageObject\",\"inLanguage\":\"en-US\",\"@id\":\"https:\\\/\\\/www.leopard.ch\\\/index.php\\\/forschung\\\/tierarten-im-fokus\\\/lowen-forschung\\\/#primaryimage\",\"url\":\"https:\\\/\\\/www.leopard.ch\\\/wp-content\\\/uploads\\\/2020\\\/11\\\/Lowenjunge_be.jpg\",\"contentUrl\":\"https:\\\/\\\/www.leopard.ch\\\/wp-content\\\/uploads\\\/2020\\\/11\\\/Lowenjunge_be.jpg\",\"width\":922,\"height\":614},{\"@type\":\"BreadcrumbList\",\"@id\":\"https:\\\/\\\/www.leopard.ch\\\/index.php\\\/forschung\\\/tierarten-im-fokus\\\/lowen-forschung\\\/#breadcrumb\",\"itemListElement\":[{\"@type\":\"ListItem\",\"position\":1,\"name\":\"Home\",\"item\":\"https:\\\/\\\/www.leopard.ch\\\/\"},{\"@type\":\"ListItem\",\"position\":2,\"name\":\"Forschung\",\"item\":\"https:\\\/\\\/www.leopard.ch\\\/index.php\\\/forschung\\\/\"},{\"@type\":\"ListItem\",\"position\":3,\"name\":\"Tierarten im Fokus\",\"item\":\"https:\\\/\\\/www.leopard.ch\\\/index.php\\\/forschung\\\/tierarten-im-fokus\\\/\"},{\"@type\":\"ListItem\",\"position\":4,\"name\":\"L\u00f6wen\"}]},{\"@type\":\"WebSite\",\"@id\":\"https:\\\/\\\/www.leopard.ch\\\/#website\",\"url\":\"https:\\\/\\\/www.leopard.ch\\\/\",\"name\":\"Leopard Ecology &amp; Conservation\",\"description\":\"Leopard and Lion Research\",\"publisher\":{\"@id\":\"https:\\\/\\\/www.leopard.ch\\\/#organization\"},\"potentialAction\":[{\"@type\":\"SearchAction\",\"target\":{\"@type\":\"EntryPoint\",\"urlTemplate\":\"https:\\\/\\\/www.leopard.ch\\\/?s={search_term_string}\"},\"query-input\":{\"@type\":\"PropertyValueSpecification\",\"valueRequired\":true,\"valueName\":\"search_term_string\"}}],\"inLanguage\":\"en-US\"},{\"@type\":\"Organization\",\"@id\":\"https:\\\/\\\/www.leopard.ch\\\/#organization\",\"name\":\"Leopard Ecology &amp; Conservation\",\"url\":\"https:\\\/\\\/www.leopard.ch\\\/\",\"logo\":{\"@type\":\"ImageObject\",\"inLanguage\":\"en-US\",\"@id\":\"https:\\\/\\\/www.leopard.ch\\\/#\\\/schema\\\/logo\\\/image\\\/\",\"url\":\"https:\\\/\\\/www.leopard.ch\\\/wp-content\\\/uploads\\\/2020\\\/10\\\/LECLogo_5cm_300dpi_.png\",\"contentUrl\":\"https:\\\/\\\/www.leopard.ch\\\/wp-content\\\/uploads\\\/2020\\\/10\\\/LECLogo_5cm_300dpi_.png\",\"width\":250,\"height\":250,\"caption\":\"Leopard Ecology &amp; Conservation\"},\"image\":{\"@id\":\"https:\\\/\\\/www.leopard.ch\\\/#\\\/schema\\\/logo\\\/image\\\/\"}}]}<\/script>\n<!-- \/ Yoast SEO plugin. -->","yoast_head_json":{"title":"L\u00f6wen - Leopard Ecology &amp; Conservation","robots":{"index":"index","follow":"follow","max-snippet":"max-snippet:-1","max-image-preview":"max-image-preview:large","max-video-preview":"max-video-preview:-1"},"canonical":"https:\/\/www.leopard.ch\/index.php\/forschung\/tierarten-im-fokus\/lowen-forschung\/","og_locale":"en_US","og_type":"article","og_title":"L\u00f6wen - Leopard Ecology &amp; Conservation","og_description":"Steckbrief: L\u00f6we Wissenschaftlicher Name: Panthera leo Gef\u00e4hrdung: gef\u00e4hrdet (\u201cvulnerable\u201d nach IUCN; Rote Liste der bedrohten Arten) Verbreitung: In den letzten zwanzig Jahren, was etwa drei L\u00f6wengenerationen entspricht, nahmen die Populationen weltweit um 50\u221285% ab. Das fr\u00fchere Verbreitungsgebiet erstreckte sich von Vorderasien und Indien \u00fcber ganz Afrika. Heute kommen L\u00f6wen nur noch in Teilen Ost- und [&hellip;]","og_url":"https:\/\/www.leopard.ch\/index.php\/forschung\/tierarten-im-fokus\/lowen-forschung\/","og_site_name":"Leopard Ecology &amp; Conservation","article_modified_time":"2025-08-08T13:13:43+00:00","og_image":[{"width":922,"height":614,"url":"https:\/\/www.leopard.ch\/wp-content\/uploads\/2020\/11\/Lowenjunge_be.jpg","type":"image\/jpeg"}],"twitter_card":"summary_large_image","twitter_misc":{"Est. reading time":"3 minutes"},"schema":{"@context":"https:\/\/schema.org","@graph":[{"@type":"WebPage","@id":"https:\/\/www.leopard.ch\/index.php\/forschung\/tierarten-im-fokus\/lowen-forschung\/","url":"https:\/\/www.leopard.ch\/index.php\/forschung\/tierarten-im-fokus\/lowen-forschung\/","name":"L\u00f6wen - Leopard Ecology &amp; Conservation","isPartOf":{"@id":"https:\/\/www.leopard.ch\/#website"},"primaryImageOfPage":{"@id":"https:\/\/www.leopard.ch\/index.php\/forschung\/tierarten-im-fokus\/lowen-forschung\/#primaryimage"},"image":{"@id":"https:\/\/www.leopard.ch\/index.php\/forschung\/tierarten-im-fokus\/lowen-forschung\/#primaryimage"},"thumbnailUrl":"https:\/\/www.leopard.ch\/wp-content\/uploads\/2020\/11\/Lowenjunge_be.jpg","datePublished":"2017-03-06T08:35:56+00:00","dateModified":"2025-08-08T13:13:43+00:00","breadcrumb":{"@id":"https:\/\/www.leopard.ch\/index.php\/forschung\/tierarten-im-fokus\/lowen-forschung\/#breadcrumb"},"inLanguage":"en-US","potentialAction":[{"@type":"ReadAction","target":["https:\/\/www.leopard.ch\/index.php\/forschung\/tierarten-im-fokus\/lowen-forschung\/"]}]},{"@type":"ImageObject","inLanguage":"en-US","@id":"https:\/\/www.leopard.ch\/index.php\/forschung\/tierarten-im-fokus\/lowen-forschung\/#primaryimage","url":"https:\/\/www.leopard.ch\/wp-content\/uploads\/2020\/11\/Lowenjunge_be.jpg","contentUrl":"https:\/\/www.leopard.ch\/wp-content\/uploads\/2020\/11\/Lowenjunge_be.jpg","width":922,"height":614},{"@type":"BreadcrumbList","@id":"https:\/\/www.leopard.ch\/index.php\/forschung\/tierarten-im-fokus\/lowen-forschung\/#breadcrumb","itemListElement":[{"@type":"ListItem","position":1,"name":"Home","item":"https:\/\/www.leopard.ch\/"},{"@type":"ListItem","position":2,"name":"Forschung","item":"https:\/\/www.leopard.ch\/index.php\/forschung\/"},{"@type":"ListItem","position":3,"name":"Tierarten im Fokus","item":"https:\/\/www.leopard.ch\/index.php\/forschung\/tierarten-im-fokus\/"},{"@type":"ListItem","position":4,"name":"L\u00f6wen"}]},{"@type":"WebSite","@id":"https:\/\/www.leopard.ch\/#website","url":"https:\/\/www.leopard.ch\/","name":"Leopard Ecology &amp; Conservation","description":"Leopard and Lion Research","publisher":{"@id":"https:\/\/www.leopard.ch\/#organization"},"potentialAction":[{"@type":"SearchAction","target":{"@type":"EntryPoint","urlTemplate":"https:\/\/www.leopard.ch\/?s={search_term_string}"},"query-input":{"@type":"PropertyValueSpecification","valueRequired":true,"valueName":"search_term_string"}}],"inLanguage":"en-US"},{"@type":"Organization","@id":"https:\/\/www.leopard.ch\/#organization","name":"Leopard Ecology &amp; Conservation","url":"https:\/\/www.leopard.ch\/","logo":{"@type":"ImageObject","inLanguage":"en-US","@id":"https:\/\/www.leopard.ch\/#\/schema\/logo\/image\/","url":"https:\/\/www.leopard.ch\/wp-content\/uploads\/2020\/10\/LECLogo_5cm_300dpi_.png","contentUrl":"https:\/\/www.leopard.ch\/wp-content\/uploads\/2020\/10\/LECLogo_5cm_300dpi_.png","width":250,"height":250,"caption":"Leopard Ecology &amp; Conservation"},"image":{"@id":"https:\/\/www.leopard.ch\/#\/schema\/logo\/image\/"}}]}},"_links":{"self":[{"href":"https:\/\/www.leopard.ch\/index.php\/wp-json\/wp\/v2\/pages\/113","targetHints":{"allow":["GET"]}}],"collection":[{"href":"https:\/\/www.leopard.ch\/index.php\/wp-json\/wp\/v2\/pages"}],"about":[{"href":"https:\/\/www.leopard.ch\/index.php\/wp-json\/wp\/v2\/types\/page"}],"author":[{"embeddable":true,"href":"https:\/\/www.leopard.ch\/index.php\/wp-json\/wp\/v2\/users\/2"}],"replies":[{"embeddable":true,"href":"https:\/\/www.leopard.ch\/index.php\/wp-json\/wp\/v2\/comments?post=113"}],"version-history":[{"count":4,"href":"https:\/\/www.leopard.ch\/index.php\/wp-json\/wp\/v2\/pages\/113\/revisions"}],"predecessor-version":[{"id":1003,"href":"https:\/\/www.leopard.ch\/index.php\/wp-json\/wp\/v2\/pages\/113\/revisions\/1003"}],"up":[{"embeddable":true,"href":"https:\/\/www.leopard.ch\/index.php\/wp-json\/wp\/v2\/pages\/2305"}],"wp:featuredmedia":[{"embeddable":true,"href":"https:\/\/www.leopard.ch\/index.php\/wp-json\/wp\/v2\/media\/825"}],"wp:attachment":[{"href":"https:\/\/www.leopard.ch\/index.php\/wp-json\/wp\/v2\/media?parent=113"}],"curies":[{"name":"wp","href":"https:\/\/api.w.org\/{rel}","templated":true}]}}