{"id":112,"date":"2017-03-06T08:32:15","date_gmt":"2017-03-06T08:32:15","guid":{"rendered":"https:\/\/leopard.ch\/?page_id=105"},"modified":"2025-08-08T15:13:36","modified_gmt":"2025-08-08T13:13:36","slug":"leoparden-forschung","status":"publish","type":"page","link":"https:\/\/www.leopard.ch\/index.php\/forschung\/tierarten-im-fokus\/leoparden-forschung\/","title":{"rendered":"Leoparden"},"content":{"rendered":"\n<div class=\"wp-block-columns is-layout-flex wp-container-core-columns-is-layout-9d6595d7 wp-block-columns-is-layout-flex\">\n<div class=\"wp-block-column is-layout-flow wp-block-column-is-layout-flow\" style=\"flex-basis:33.33%\">\n<h5 class=\"wp-block-heading\">Steckbrief: Leopard<\/h5>\n\n\n\n<figure class=\"wp-block-image size-large\"><img loading=\"lazy\" decoding=\"async\" width=\"1024\" height=\"683\" src=\"https:\/\/www.leopard.ch\/wp-content\/uploads\/2020\/11\/Ronja-mit-Jungen_ms-1024x683.jpg\" alt=\"\" class=\"wp-image-986\" srcset=\"https:\/\/www.leopard.ch\/wp-content\/uploads\/2020\/11\/Ronja-mit-Jungen_ms-1024x683.jpg 1024w, https:\/\/www.leopard.ch\/wp-content\/uploads\/2020\/11\/Ronja-mit-Jungen_ms-300x200.jpg 300w, https:\/\/www.leopard.ch\/wp-content\/uploads\/2020\/11\/Ronja-mit-Jungen_ms-768x512.jpg 768w, https:\/\/www.leopard.ch\/wp-content\/uploads\/2020\/11\/Ronja-mit-Jungen_ms-1536x1024.jpg 1536w, https:\/\/www.leopard.ch\/wp-content\/uploads\/2020\/11\/Ronja-mit-Jungen_ms.jpg 1899w\" sizes=\"auto, (max-width: 1024px) 100vw, 1024px\" \/><figcaption>Leopardin Ronja mit ihren Jungen.<\/figcaption><\/figure>\n<\/div>\n\n\n\n<div class=\"wp-block-column is-layout-flow wp-block-column-is-layout-flow\" style=\"flex-basis:66.66%\">\n<h5 class=\"wp-block-heading\"><\/h5>\n\n\n\n<ul class=\"wp-block-list\"><li>Wissenschaftlicher Name: <em>Panthera pardus<\/em><\/li><li>Gef\u00e4hrdung: \u201cnear threatened\u201d (IUCN; Rote Liste der bedrohten Arten)<\/li><li>Verbreitung: Fr\u00fcher waren Leoparden \u00fcber ganz Afrika und grosse Teile Asiens verteilt. Heute leben die Grosskatzen haupts\u00e4chlich in Afrika s\u00fcdlich der Sahara. In Botswana kommen sie grossr\u00e4umig vor.<\/li><li>Lebensweise: Einzelg\u00e4nger, nachtaktiv, scheu, passt sich unterschiedlichsten Lebensbedingungen an, Vorkommen auch nahe bei Wohnsiedlungen<\/li><li>Territorium: von 18 km2 (in Kenia) bis \u00fcber 1000 km2 (Botswana)<\/li><\/ul>\n\n\n\n<p><\/p>\n<\/div>\n<\/div>\n\n\n\n<hr class=\"wp-block-separator\"\/>\n\n\n\n<h3 class=\"wp-block-heading\">Leoparden in der Kalahari<\/h3>\n\n\n\n<p>Seit dem Jahr 2000 studiert das Team von Leopard Ecology &amp; Conservation die Leoparden der&nbsp;zentralen Kalahari.<\/p>\n\n\n\n<h5 class=\"wp-block-heading\">Leopardendichte<\/h5>\n\n\n\n<p><span style=\"font-size: inherit;\">Verglichen mit anderen \u00d6kosystemen, in denen Leoparden leben, ist die <strong>Leopardendichte<\/strong> in unserem Studiengebiet extrem niedrig. Die karge Landschaft der Kalahari bietet nur Nahrung f\u00fcr einige wenige Pflanzenfresser respektive Beutetiere. Zur Zeit scheint die Anzahl der Leoparden relativ stabil, die Situation kann sich aber schnell \u00e4ndern. Um das \u00dcberleben der Leoparden in diesem Habitat zu sichern, untersuchen wir die grundlegenden \u00f6kologischen Bedingungen unter den die Leoparden leben, versuchen ihre Bed\u00fcrfnisse sowie potenzielle Bedrohungen zu identifizieren.<\/span><\/p>\n\n\n\n<h5 class=\"wp-block-heading\">Nahrungsangebot &amp; Jagd<\/h5>\n\n\n\n<p>Ein Schl\u00fcsselfaktor ist das <strong>Nahrungsangebot<\/strong>. Deshalb studieren wir intensiv das Jagdverhalten der Leoparden, d.h. wie, wo, wann und was sie jagen. Wir untersuchen auch die Pflanzenfresser und wo sie bevorzugt vorkommen, was uns schliesslich zum Studium der Vegetation f\u00fchrt.<\/p>\n\n\n\n<p>Landschaft und Vegetation bieten den Leoparden Deckung und spielen daher bei der <strong>Jagd <\/strong>eine zentrale Rolle. Wir schauen uns an, wie die Leoparden den ihnen zur Verf\u00fcgung stehenden Raum nutzen und wie sie ihn mit Konkurrenten \u2013 andere Leoparden und L\u00f6wen \u2013 teilen. Da sich alle Faktoren gegenseitig beeinflussen, k\u00f6nnen wir diese Dynamik erst verstehen, wenn wir ein m\u00f6glichst komplettes Bild erarbeitet haben. Dies wiederum wird uns dabei helfen, Empfehlungen zu formulieren, wie Leoparden und anderen Tierarten in der Kalahari gesch\u00fctzt werden k\u00f6nnen.<\/p>\n\n\n\n<h5 class=\"wp-block-heading\">Konflikt mit Bauern<\/h5>\n\n\n\n<p>In unserem Studiengebiet sind Leoparden verschiedensten Gefahren ausgesetzt. Diese sind mehrheitlich menschlichen Ursprungs. Vor allem <strong>ausserhalb der gesch\u00fctzten Gebiete<\/strong> geraten Leoparden mit Bauern in Konflikt, wenn sie anstatt Wildtieren Vieh reissen.<\/p>\n\n\n\n<p>Eine in einem solchen Fall \u00fcblicherweise benutzte Methode besteht darin, die \u201eProblem\u201c-Leoparden einzufangen und in den gesch\u00fctzten Gebieten <strong>wieder auszusetzen<\/strong>. Wir untersuchen die Wirksamkeit dieses Verfahrens, indem wir solche Tiere mit Sendehalsb\u00e4ndern versehen und ihr Verhalten verfolgen. Gleichzeitig schulen wir die Farmer, wie sie ihr Vieh besser vor den Angriffen von Raubtieren sch\u00fctzen k\u00f6nnen. So hoffen wir, den Konflikt zwischen Mensch und Tier zu reduzieren.<\/p>\n\n\n\n<h5 class=\"wp-block-heading\">Krankheiten<\/h5>\n\n\n\n<p><strong>Krankheiten<\/strong> sind ebenfalls eine Bedrohung. Leoparden sind zahlreichen Erregern ausgesetzt. Diese stammen oft vom Vieh, das innerhalb der Naturschutzgebiete weidet. Aus diesem Grund behalten wir den Gesundheitszustand der Tiere im Auge und untersuchen allf\u00e4llige Krankheiten, um die Einfl\u00fcsse kennenzulernen, die diese auf die Leoparden Populationen haben k\u00f6nnen.<\/p>\n","protected":false},"excerpt":{"rendered":"<p>Steckbrief: Leopard Wissenschaftlicher Name: Panthera pardus Gef\u00e4hrdung: \u201cnear threatened\u201d (IUCN; Rote Liste der bedrohten Arten) Verbreitung: Fr\u00fcher waren Leoparden \u00fcber ganz Afrika und grosse Teile Asiens verteilt. Heute leben die Grosskatzen haupts\u00e4chlich in Afrika s\u00fcdlich der Sahara. In Botswana kommen sie grossr\u00e4umig vor. Lebensweise: Einzelg\u00e4nger, nachtaktiv, scheu, passt sich unterschiedlichsten Lebensbedingungen an, Vorkommen auch nahe [&hellip;]<\/p>\n","protected":false},"author":2,"featured_media":1220,"parent":2305,"menu_order":1,"comment_status":"closed","ping_status":"closed","template":"","meta":{"footnotes":""},"class_list":["post-112","page","type-page","status-publish","has-post-thumbnail","czr-hentry"],"yoast_head":"<!-- This site is optimized with the Yoast SEO plugin v27.3 - https:\/\/yoast.com\/product\/yoast-seo-wordpress\/ -->\n<title>Leoparden - Leopard Ecology &amp; Conservation<\/title>\n<meta name=\"robots\" content=\"index, follow, max-snippet:-1, max-image-preview:large, max-video-preview:-1\" \/>\n<link rel=\"canonical\" href=\"https:\/\/www.leopard.ch\/index.php\/forschung\/tierarten-im-fokus\/leoparden-forschung\/\" \/>\n<meta property=\"og:locale\" content=\"en_US\" \/>\n<meta property=\"og:type\" content=\"article\" \/>\n<meta property=\"og:title\" content=\"Leoparden - Leopard Ecology &amp; Conservation\" \/>\n<meta property=\"og:description\" content=\"Steckbrief: Leopard Wissenschaftlicher Name: Panthera pardus Gef\u00e4hrdung: \u201cnear threatened\u201d (IUCN; Rote Liste der bedrohten Arten) Verbreitung: Fr\u00fcher waren Leoparden \u00fcber ganz Afrika und grosse Teile Asiens verteilt. Heute leben die Grosskatzen haupts\u00e4chlich in Afrika s\u00fcdlich der Sahara. In Botswana kommen sie grossr\u00e4umig vor. Lebensweise: Einzelg\u00e4nger, nachtaktiv, scheu, passt sich unterschiedlichsten Lebensbedingungen an, Vorkommen auch nahe [&hellip;]\" \/>\n<meta property=\"og:url\" content=\"https:\/\/www.leopard.ch\/index.php\/forschung\/tierarten-im-fokus\/leoparden-forschung\/\" \/>\n<meta property=\"og:site_name\" content=\"Leopard Ecology &amp; Conservation\" \/>\n<meta property=\"article:modified_time\" content=\"2025-08-08T13:13:36+00:00\" \/>\n<meta property=\"og:image\" content=\"https:\/\/www.leopard.ch\/wp-content\/uploads\/2020\/11\/cub_portrait_long.jpg\" \/>\n\t<meta property=\"og:image:width\" content=\"1257\" \/>\n\t<meta property=\"og:image:height\" content=\"547\" \/>\n\t<meta property=\"og:image:type\" content=\"image\/jpeg\" \/>\n<meta name=\"twitter:card\" content=\"summary_large_image\" \/>\n<meta name=\"twitter:label1\" content=\"Est. reading time\" \/>\n\t<meta name=\"twitter:data1\" content=\"2 minutes\" \/>\n<script type=\"application\/ld+json\" class=\"yoast-schema-graph\">{\"@context\":\"https:\\\/\\\/schema.org\",\"@graph\":[{\"@type\":\"WebPage\",\"@id\":\"https:\\\/\\\/www.leopard.ch\\\/index.php\\\/forschung\\\/tierarten-im-fokus\\\/leoparden-forschung\\\/\",\"url\":\"https:\\\/\\\/www.leopard.ch\\\/index.php\\\/forschung\\\/tierarten-im-fokus\\\/leoparden-forschung\\\/\",\"name\":\"Leoparden - Leopard Ecology &amp; Conservation\",\"isPartOf\":{\"@id\":\"https:\\\/\\\/www.leopard.ch\\\/#website\"},\"primaryImageOfPage\":{\"@id\":\"https:\\\/\\\/www.leopard.ch\\\/index.php\\\/forschung\\\/tierarten-im-fokus\\\/leoparden-forschung\\\/#primaryimage\"},\"image\":{\"@id\":\"https:\\\/\\\/www.leopard.ch\\\/index.php\\\/forschung\\\/tierarten-im-fokus\\\/leoparden-forschung\\\/#primaryimage\"},\"thumbnailUrl\":\"https:\\\/\\\/www.leopard.ch\\\/wp-content\\\/uploads\\\/2020\\\/11\\\/cub_portrait_long.jpg\",\"datePublished\":\"2017-03-06T08:32:15+00:00\",\"dateModified\":\"2025-08-08T13:13:36+00:00\",\"breadcrumb\":{\"@id\":\"https:\\\/\\\/www.leopard.ch\\\/index.php\\\/forschung\\\/tierarten-im-fokus\\\/leoparden-forschung\\\/#breadcrumb\"},\"inLanguage\":\"en-US\",\"potentialAction\":[{\"@type\":\"ReadAction\",\"target\":[\"https:\\\/\\\/www.leopard.ch\\\/index.php\\\/forschung\\\/tierarten-im-fokus\\\/leoparden-forschung\\\/\"]}]},{\"@type\":\"ImageObject\",\"inLanguage\":\"en-US\",\"@id\":\"https:\\\/\\\/www.leopard.ch\\\/index.php\\\/forschung\\\/tierarten-im-fokus\\\/leoparden-forschung\\\/#primaryimage\",\"url\":\"https:\\\/\\\/www.leopard.ch\\\/wp-content\\\/uploads\\\/2020\\\/11\\\/cub_portrait_long.jpg\",\"contentUrl\":\"https:\\\/\\\/www.leopard.ch\\\/wp-content\\\/uploads\\\/2020\\\/11\\\/cub_portrait_long.jpg\",\"width\":1257,\"height\":547},{\"@type\":\"BreadcrumbList\",\"@id\":\"https:\\\/\\\/www.leopard.ch\\\/index.php\\\/forschung\\\/tierarten-im-fokus\\\/leoparden-forschung\\\/#breadcrumb\",\"itemListElement\":[{\"@type\":\"ListItem\",\"position\":1,\"name\":\"Home\",\"item\":\"https:\\\/\\\/www.leopard.ch\\\/\"},{\"@type\":\"ListItem\",\"position\":2,\"name\":\"Forschung\",\"item\":\"https:\\\/\\\/www.leopard.ch\\\/index.php\\\/forschung\\\/\"},{\"@type\":\"ListItem\",\"position\":3,\"name\":\"Tierarten im Fokus\",\"item\":\"https:\\\/\\\/www.leopard.ch\\\/index.php\\\/forschung\\\/tierarten-im-fokus\\\/\"},{\"@type\":\"ListItem\",\"position\":4,\"name\":\"Leoparden\"}]},{\"@type\":\"WebSite\",\"@id\":\"https:\\\/\\\/www.leopard.ch\\\/#website\",\"url\":\"https:\\\/\\\/www.leopard.ch\\\/\",\"name\":\"Leopard Ecology &amp; Conservation\",\"description\":\"Leopard and Lion Research\",\"publisher\":{\"@id\":\"https:\\\/\\\/www.leopard.ch\\\/#organization\"},\"potentialAction\":[{\"@type\":\"SearchAction\",\"target\":{\"@type\":\"EntryPoint\",\"urlTemplate\":\"https:\\\/\\\/www.leopard.ch\\\/?s={search_term_string}\"},\"query-input\":{\"@type\":\"PropertyValueSpecification\",\"valueRequired\":true,\"valueName\":\"search_term_string\"}}],\"inLanguage\":\"en-US\"},{\"@type\":\"Organization\",\"@id\":\"https:\\\/\\\/www.leopard.ch\\\/#organization\",\"name\":\"Leopard Ecology &amp; Conservation\",\"url\":\"https:\\\/\\\/www.leopard.ch\\\/\",\"logo\":{\"@type\":\"ImageObject\",\"inLanguage\":\"en-US\",\"@id\":\"https:\\\/\\\/www.leopard.ch\\\/#\\\/schema\\\/logo\\\/image\\\/\",\"url\":\"https:\\\/\\\/www.leopard.ch\\\/wp-content\\\/uploads\\\/2020\\\/10\\\/LECLogo_5cm_300dpi_.png\",\"contentUrl\":\"https:\\\/\\\/www.leopard.ch\\\/wp-content\\\/uploads\\\/2020\\\/10\\\/LECLogo_5cm_300dpi_.png\",\"width\":250,\"height\":250,\"caption\":\"Leopard Ecology &amp; Conservation\"},\"image\":{\"@id\":\"https:\\\/\\\/www.leopard.ch\\\/#\\\/schema\\\/logo\\\/image\\\/\"}}]}<\/script>\n<!-- \/ Yoast SEO plugin. -->","yoast_head_json":{"title":"Leoparden - Leopard Ecology &amp; Conservation","robots":{"index":"index","follow":"follow","max-snippet":"max-snippet:-1","max-image-preview":"max-image-preview:large","max-video-preview":"max-video-preview:-1"},"canonical":"https:\/\/www.leopard.ch\/index.php\/forschung\/tierarten-im-fokus\/leoparden-forschung\/","og_locale":"en_US","og_type":"article","og_title":"Leoparden - Leopard Ecology &amp; Conservation","og_description":"Steckbrief: Leopard Wissenschaftlicher Name: Panthera pardus Gef\u00e4hrdung: \u201cnear threatened\u201d (IUCN; Rote Liste der bedrohten Arten) Verbreitung: Fr\u00fcher waren Leoparden \u00fcber ganz Afrika und grosse Teile Asiens verteilt. Heute leben die Grosskatzen haupts\u00e4chlich in Afrika s\u00fcdlich der Sahara. In Botswana kommen sie grossr\u00e4umig vor. Lebensweise: Einzelg\u00e4nger, nachtaktiv, scheu, passt sich unterschiedlichsten Lebensbedingungen an, Vorkommen auch nahe [&hellip;]","og_url":"https:\/\/www.leopard.ch\/index.php\/forschung\/tierarten-im-fokus\/leoparden-forschung\/","og_site_name":"Leopard Ecology &amp; Conservation","article_modified_time":"2025-08-08T13:13:36+00:00","og_image":[{"width":1257,"height":547,"url":"https:\/\/www.leopard.ch\/wp-content\/uploads\/2020\/11\/cub_portrait_long.jpg","type":"image\/jpeg"}],"twitter_card":"summary_large_image","twitter_misc":{"Est. reading time":"2 minutes"},"schema":{"@context":"https:\/\/schema.org","@graph":[{"@type":"WebPage","@id":"https:\/\/www.leopard.ch\/index.php\/forschung\/tierarten-im-fokus\/leoparden-forschung\/","url":"https:\/\/www.leopard.ch\/index.php\/forschung\/tierarten-im-fokus\/leoparden-forschung\/","name":"Leoparden - Leopard Ecology &amp; Conservation","isPartOf":{"@id":"https:\/\/www.leopard.ch\/#website"},"primaryImageOfPage":{"@id":"https:\/\/www.leopard.ch\/index.php\/forschung\/tierarten-im-fokus\/leoparden-forschung\/#primaryimage"},"image":{"@id":"https:\/\/www.leopard.ch\/index.php\/forschung\/tierarten-im-fokus\/leoparden-forschung\/#primaryimage"},"thumbnailUrl":"https:\/\/www.leopard.ch\/wp-content\/uploads\/2020\/11\/cub_portrait_long.jpg","datePublished":"2017-03-06T08:32:15+00:00","dateModified":"2025-08-08T13:13:36+00:00","breadcrumb":{"@id":"https:\/\/www.leopard.ch\/index.php\/forschung\/tierarten-im-fokus\/leoparden-forschung\/#breadcrumb"},"inLanguage":"en-US","potentialAction":[{"@type":"ReadAction","target":["https:\/\/www.leopard.ch\/index.php\/forschung\/tierarten-im-fokus\/leoparden-forschung\/"]}]},{"@type":"ImageObject","inLanguage":"en-US","@id":"https:\/\/www.leopard.ch\/index.php\/forschung\/tierarten-im-fokus\/leoparden-forschung\/#primaryimage","url":"https:\/\/www.leopard.ch\/wp-content\/uploads\/2020\/11\/cub_portrait_long.jpg","contentUrl":"https:\/\/www.leopard.ch\/wp-content\/uploads\/2020\/11\/cub_portrait_long.jpg","width":1257,"height":547},{"@type":"BreadcrumbList","@id":"https:\/\/www.leopard.ch\/index.php\/forschung\/tierarten-im-fokus\/leoparden-forschung\/#breadcrumb","itemListElement":[{"@type":"ListItem","position":1,"name":"Home","item":"https:\/\/www.leopard.ch\/"},{"@type":"ListItem","position":2,"name":"Forschung","item":"https:\/\/www.leopard.ch\/index.php\/forschung\/"},{"@type":"ListItem","position":3,"name":"Tierarten im Fokus","item":"https:\/\/www.leopard.ch\/index.php\/forschung\/tierarten-im-fokus\/"},{"@type":"ListItem","position":4,"name":"Leoparden"}]},{"@type":"WebSite","@id":"https:\/\/www.leopard.ch\/#website","url":"https:\/\/www.leopard.ch\/","name":"Leopard Ecology &amp; Conservation","description":"Leopard and Lion Research","publisher":{"@id":"https:\/\/www.leopard.ch\/#organization"},"potentialAction":[{"@type":"SearchAction","target":{"@type":"EntryPoint","urlTemplate":"https:\/\/www.leopard.ch\/?s={search_term_string}"},"query-input":{"@type":"PropertyValueSpecification","valueRequired":true,"valueName":"search_term_string"}}],"inLanguage":"en-US"},{"@type":"Organization","@id":"https:\/\/www.leopard.ch\/#organization","name":"Leopard Ecology &amp; Conservation","url":"https:\/\/www.leopard.ch\/","logo":{"@type":"ImageObject","inLanguage":"en-US","@id":"https:\/\/www.leopard.ch\/#\/schema\/logo\/image\/","url":"https:\/\/www.leopard.ch\/wp-content\/uploads\/2020\/10\/LECLogo_5cm_300dpi_.png","contentUrl":"https:\/\/www.leopard.ch\/wp-content\/uploads\/2020\/10\/LECLogo_5cm_300dpi_.png","width":250,"height":250,"caption":"Leopard Ecology &amp; Conservation"},"image":{"@id":"https:\/\/www.leopard.ch\/#\/schema\/logo\/image\/"}}]}},"_links":{"self":[{"href":"https:\/\/www.leopard.ch\/index.php\/wp-json\/wp\/v2\/pages\/112","targetHints":{"allow":["GET"]}}],"collection":[{"href":"https:\/\/www.leopard.ch\/index.php\/wp-json\/wp\/v2\/pages"}],"about":[{"href":"https:\/\/www.leopard.ch\/index.php\/wp-json\/wp\/v2\/types\/page"}],"author":[{"embeddable":true,"href":"https:\/\/www.leopard.ch\/index.php\/wp-json\/wp\/v2\/users\/2"}],"replies":[{"embeddable":true,"href":"https:\/\/www.leopard.ch\/index.php\/wp-json\/wp\/v2\/comments?post=112"}],"version-history":[{"count":16,"href":"https:\/\/www.leopard.ch\/index.php\/wp-json\/wp\/v2\/pages\/112\/revisions"}],"predecessor-version":[{"id":1153,"href":"https:\/\/www.leopard.ch\/index.php\/wp-json\/wp\/v2\/pages\/112\/revisions\/1153"}],"up":[{"embeddable":true,"href":"https:\/\/www.leopard.ch\/index.php\/wp-json\/wp\/v2\/pages\/2305"}],"wp:featuredmedia":[{"embeddable":true,"href":"https:\/\/www.leopard.ch\/index.php\/wp-json\/wp\/v2\/media\/1220"}],"wp:attachment":[{"href":"https:\/\/www.leopard.ch\/index.php\/wp-json\/wp\/v2\/media?parent=112"}],"curies":[{"name":"wp","href":"https:\/\/api.w.org\/{rel}","templated":true}]}}